{"id":13605,"date":"2020-07-16T00:37:07","date_gmt":"2020-07-15T21:37:07","guid":{"rendered":"http:\/\/sarimelekler.biz\/?page_id=13605"},"modified":"2020-08-25T16:14:49","modified_gmt":"2020-08-25T13:14:49","slug":"sultanlar-ligi","status":"publish","type":"page","link":"https:\/\/sarimelekler.biz\/?page_id=13605","title":{"rendered":"Sultanlar Ligi"},"content":{"rendered":"\n<h1 style=\"text-align: center;\"><span style=\"font-family: 'times new roman', times, serif;\"><strong>Vestel Ven\u00fcs Sultanlar Ligi\u00a0<\/strong><\/span><\/h1>\n\n\t\t<style type=\"text\/css\">\n\t\t\t#gallery-1 {\n\t\t\t\tmargin: auto;\n\t\t\t}\n\t\t\t#gallery-1 .gallery-item {\n\t\t\t\tfloat: left;\n\t\t\t\tmargin-top: 10px;\n\t\t\t\ttext-align: center;\n\t\t\t\twidth: 100%;\n\t\t\t}\n\t\t\t#gallery-1 img {\n\t\t\t\tborder: 2px solid #cfcfcf;\n\t\t\t}\n\t\t\t#gallery-1 .gallery-caption {\n\t\t\t\tmargin-left: 0;\n\t\t\t}\n\t\t\t\/* see gallery_shortcode() in wp-includes\/media.php *\/\n\t\t<\/style>\n\t\t<div data-carousel-extra='{&quot;blog_id&quot;:1,&quot;permalink&quot;:&quot;https:\/\/sarimelekler.biz\/?page_id=13605&quot;}' id='gallery-1' class='gallery galleryid-13605 gallery-columns-1 gallery-size-medium'><dl class='gallery-item'>\n\t\t\t<dt class='gallery-icon landscape'>\n\t\t\t\t<a href='https:\/\/sarimelekler.biz\/?attachment_id=4314'><img loading=\"lazy\" decoding=\"async\" width=\"300\" height=\"212\" src=\"https:\/\/sarimelekler.biz\/wp-content\/uploads\/2017\/10\/Vestel-Venus-Sultanlar-Ligi-300x212.jpg\" class=\"attachment-medium size-medium\" alt=\"\" srcset=\"https:\/\/sarimelekler.biz\/wp-content\/uploads\/2017\/10\/Vestel-Venus-Sultanlar-Ligi-300x212.jpg 300w, https:\/\/sarimelekler.biz\/wp-content\/uploads\/2017\/10\/Vestel-Venus-Sultanlar-Ligi-768x543.jpg 768w, https:\/\/sarimelekler.biz\/wp-content\/uploads\/2017\/10\/Vestel-Venus-Sultanlar-Ligi-1024x724.jpg 1024w, https:\/\/sarimelekler.biz\/wp-content\/uploads\/2017\/10\/Vestel-Venus-Sultanlar-Ligi-150x106.jpg 150w\" sizes=\"auto, (max-width: 300px) 100vw, 300px\" data-attachment-id=\"4314\" data-permalink=\"https:\/\/sarimelekler.biz\/?attachment_id=4314\" data-orig-file=\"https:\/\/sarimelekler.biz\/wp-content\/uploads\/2017\/10\/Vestel-Venus-Sultanlar-Ligi.jpg\" data-orig-size=\"3508,2480\" data-comments-opened=\"0\" data-image-meta=\"{&quot;aperture&quot;:&quot;0&quot;,&quot;credit&quot;:&quot;&quot;,&quot;camera&quot;:&quot;&quot;,&quot;caption&quot;:&quot;&quot;,&quot;created_timestamp&quot;:&quot;0&quot;,&quot;copyright&quot;:&quot;&quot;,&quot;focal_length&quot;:&quot;0&quot;,&quot;iso&quot;:&quot;0&quot;,&quot;shutter_speed&quot;:&quot;0&quot;,&quot;title&quot;:&quot;&quot;,&quot;orientation&quot;:&quot;0&quot;}\" data-image-title=\"Vestel-Venus-Sultanlar-Ligi\" data-image-description=\"\" data-image-caption=\"\" data-large-file=\"https:\/\/sarimelekler.biz\/wp-content\/uploads\/2017\/10\/Vestel-Venus-Sultanlar-Ligi-1024x724.jpg\" \/><\/a>\n\t\t\t<\/dt><\/dl><br style=\"clear: both\" \/>\n\t\t<\/div>\n\n<p>Puan Durumu ve Fikst\u00fcr<br \/><a href=\"http:\/\/tvf-web.dataproject.com\/CompetitionStandings.aspx?ID=42&amp;PID=85\" target=\"_blank\" rel=\"noopener noreferrer\">TVF<\/a> &#8211; <a href=\"http:\/\/tvf-web.dataproject.com\/CompetitionMatches.aspx?ID=42&amp;PID=85\" target=\"_blank\" rel=\"noopener noreferrer\">TVF<\/a><\/p>\n<p><a href=\"https:\/\/sarimelekler.biz\/?cat=6\" target=\"_blank\" rel=\"noopener noreferrer\">Haber Kategorisi T\u00fcm Yaz\u0131lar<\/a><\/p>\n<p>1.Hafta\u00a0 12.10.2019<br \/>Fenerbah\u00e7e Opet:3 \u2013 T\u00fcrk Hava Yollar\u0131:2<br \/>25 \u2013 18, 25 \u2013 15, 22 \u2013 25, 18 \u2013 25, 15 \u2013 9<br \/><a href=\"https:\/\/sarimelekler.biz\/?p=12010\" target=\"_blank\" rel=\"noopener noreferrer\">Sitemiz Ma\u00e7 Yaz\u0131s\u0131<\/a><br \/>Video: <a href=\"https:\/\/www.youtube.com\/watch?v=eGAl5UZOTfw\" target=\"_blank\" rel=\"noopener noreferrer\">1<\/a><\/p>\n<p>2.Hafta 16.10.2019<br \/>Be\u015fikta\u015f:0 \u2013 Fenerbah\u00e7e Opet:3<br \/>21 \u2013 25, 13 \u2013 25, 13 \u2013 25<br \/><a href=\"https:\/\/sarimelekler.biz\/?p=12069\" target=\"_blank\" rel=\"noopener noreferrer\">Sitemiz Ma\u00e7 Yaz\u0131s\u0131<\/a><br \/>Video: <a href=\"https:\/\/www.youtube.com\/watch?v=9XEiZ9BPTjw\" target=\"_blank\" rel=\"noopener noreferrer\">1<\/a><\/p>\n<p>3.Hafta 19.10.2019<br \/>Fenerbah\u00e7e Opet:3 \u2013 AG Ye\u015filyurt:0<br \/>25 \u2013 11, 25 \u2013 17, 25 \u2013 10<br \/><a href=\"https:\/\/sarimelekler.biz\/?p=12115\" target=\"_blank\" rel=\"noopener noreferrer\">Sitemiz Ma\u00e7 Yaz\u0131s\u0131<\/a><br \/>Video: Canl\u0131 Tv Yay\u0131n\u0131 Olmad\u0131, TVF Taraf\u0131ndan Video Kayd\u0131 Yay\u0131nlanmad\u0131.\u00a0<\/p>\n<p>4.Hafta 25.10.2019\u00a0<br \/>Galatasaray HDI Sigorta:3 \u2013 Fenerbah\u00e7e Opet:1<br \/>11 \u2013 25, 25 \u2013 18, 25 \u2013 18, 25 \u2013 18<br \/><a href=\"https:\/\/sarimelekler.biz\/?p=12152\" target=\"_blank\" rel=\"noopener noreferrer\">Sitemiz Ma\u00e7 Yaz\u0131s\u0131<\/a><br \/>Video: <a href=\"https:\/\/www.youtube.com\/watch?v=ijHLYCf62V4\" target=\"_blank\" rel=\"noopener noreferrer\">1<\/a><\/p>\n<p>5.Hafta 29.10.2019\u00a0<br \/>Fenerbah\u00e7e Opet:3 \u2013 Vak\u0131fbank:0<br \/>25 \u2013 18, 25 \u2013 20, 25 \u2013 22<br \/><a href=\"https:\/\/sarimelekler.biz\/?p=12183\" target=\"_blank\" rel=\"noopener noreferrer\">Sitemiz Ma\u00e7 Yaz\u0131s\u0131<\/a><br \/>Video: <a href=\"https:\/\/www.youtube.com\/watch?v=1S4lIOE2fhQ\" target=\"_blank\" rel=\"noopener noreferrer\">1<\/a><\/p>\n<p>6.Hafta 02.11.2019<br \/>Eczac\u0131ba\u015f\u0131 Vitra:3 \u2013 Fenerbah\u00e7e Opet:2\u00a0<br \/>23 \u2013 25, 26 \u2013 24, 25 \u2013 19, 25 \u2013 21, 15 \u2013 12<br \/><a href=\"https:\/\/sarimelekler.biz\/?p=12234\" target=\"_blank\" rel=\"noopener noreferrer\">Sitemiz Ma\u00e7 Yaz\u0131s\u0131<\/a><br \/>Video: <a href=\"https:\/\/www.youtube.com\/watch?v=62Kv_BeP9gI\" target=\"_blank\" rel=\"noopener noreferrer\">1<\/a><\/p>\n<p>7.Hafta 09.11.2019\u00a0<br \/>Fenerbah\u00e7e Opet:3 \u2013 Beylikd\u00fcz\u00fc Voleybol \u0130htisas:0<br \/>25 \u2013 12, 25 \u2013 15, 25 \u2013 8\u00a0<br \/><a href=\"https:\/\/sarimelekler.biz\/?p=12307\" target=\"_blank\" rel=\"noopener noreferrer\">Sitemiz Ma\u00e7 Yaz\u0131s\u0131<\/a><br \/>Video: Canl\u0131 Tv Yay\u0131n\u0131 Olmad\u0131, TVF Taraf\u0131ndan Video Kayd\u0131 Yay\u0131nlanmad\u0131.\u00a0<\/p>\n<p>8.Hafta 13.11.2019\u00a0<br \/>Ayd\u0131n B\u015eB:0 \u2013 Fenerbah\u00e7e Opet:3 \u00a0<br \/>20 \u2013 25, 16 \u2013 25, 23 \u2013 25<br \/><a href=\"https:\/\/sarimelekler.biz\/?p=12338\" target=\"_blank\" rel=\"noopener noreferrer\">Sitemiz Ma\u00e7 Yaz\u0131s\u0131<\/a><br \/>Video: <a href=\"https:\/\/www.youtube.com\/watch?v=DwRGwImi1pM\" target=\"_blank\" rel=\"noopener noreferrer\">1<\/a><\/p>\n<p>9.Hafta 16.11.2019\u00a0<br \/>Fenerbah\u00e7e Opet:3 \u2013 Nil\u00fcfer Belediyespor:0<br \/>25 \u2013 16, 25 \u2013 22, 25 \u2013 21<br \/><a href=\"https:\/\/sarimelekler.biz\/?p=12362\" target=\"_blank\" rel=\"noopener noreferrer\">Sitemiz Ma\u00e7 Yaz\u0131s\u0131<\/a><br \/>Video: Canl\u0131 Tv Yay\u0131n\u0131 Olmad\u0131, TVF Taraf\u0131ndan Video Kayd\u0131 Yay\u0131nlanmad\u0131.\u00a0<\/p>\n<p>10.Hafta 24.11.2019\u00a0<br \/>PTT Spor:2 \u2013 Fenerbah\u00e7e Opet:3 <br \/>25 \u2013 22, 18 \u2013 25, 26 \u2013 28, 26 \u2013 24, 13 \u2013 15<br \/><a href=\"https:\/\/sarimelekler.biz\/?p=12449\" target=\"_blank\" rel=\"noopener noreferrer\">Sitemiz Ma\u00e7 Yaz\u0131s\u0131<\/a><br \/>Video: Canl\u0131 Tv Yay\u0131n\u0131 Olmad\u0131, TVF Taraf\u0131ndan Video Kayd\u0131 Yay\u0131nlanmad\u0131.\u00a0<\/p>\n<p>11.Hafta 30.11.2019<br \/>Fenerbah\u00e7e Opet:3 \u2013 Karayollar\u0131:0<br \/>25 \u2013 12, 25 \u2013 16, 25 \u2013 19<br \/><a href=\"https:\/\/sarimelekler.biz\/?p=12522\" target=\"_blank\" rel=\"noopener noreferrer\">Sitemiz Ma\u00e7 Yaz\u0131s\u0131<\/a><br \/>Video: <a href=\"https:\/\/www.youtube.com\/watch?v=PQ_Fbxgf_g8\" target=\"_blank\" rel=\"noopener noreferrer\">1<\/a><\/p>\n<p>12.Hafta 17.01.2020\u00a0<br \/>T\u00fcrk Hava Yollar\u0131:0 \u2013 Fenerbah\u00e7e Opet:3<br \/>23 \u2013 25, 15 \u2013 25, 14 \u2013 25<br \/><a href=\"https:\/\/sarimelekler.biz\/?p=12717\" target=\"_blank\" rel=\"noopener noreferrer\">Sitemiz Ma\u00e7 Yaz\u0131s\u0131<\/a><br \/>Video: <a href=\"https:\/\/www.youtube.com\/watch?v=mlGauFsIEqk\" target=\"_blank\" rel=\"noopener noreferrer\">1<\/a><\/p>\n<p>13.Hafta 25.01.2020\u00a0<br \/>Fenerbah\u00e7e Opet:3 \u2013 Be\u015fikta\u015f:0\u00a0<br \/>25 \u2013 12, 25 \u2013 17 ve 25 \u2013 8<br \/><a href=\"https:\/\/sarimelekler.biz\/?p=12790\" target=\"_blank\" rel=\"noopener noreferrer\">Sitemiz Ma\u00e7 Yaz\u0131s\u0131<\/a><br \/>Video: Canl\u0131 Tv Yay\u0131n\u0131 Olmad\u0131, TVF Taraf\u0131ndan Video Kayd\u0131 Yay\u0131nlanmad\u0131.\u00a0<\/p>\n<p>14.Hafta 31.01.2020 \u00a0<br \/>AG Ye\u015filyurt:0 \u2013 Fenerbah\u00e7e Opet:3<br \/>7 \u2013 25, 7 \u2013 25, 16 \u2013 25<br \/><a href=\"https:\/\/sarimelekler.biz\/?p=12857\" target=\"_blank\" rel=\"noopener noreferrer\">Sitemiz Ma\u00e7 Yaz\u0131s\u0131<\/a><br \/>Video: Canl\u0131 Tv Yay\u0131n\u0131 Olmad\u0131, TVF Taraf\u0131ndan Video Kayd\u0131 Yay\u0131nlanmad\u0131.\u00a0<\/p>\n<p>15.Hafta 09.02.2020\u00a0<br \/>Fenerbah\u00e7e Opet:3 \u2013 Galatasaray HDI Sigorta:0<br \/>25 \u2013 21, 25 \u2013 23, 25 \u2013 20<br \/><a href=\"https:\/\/sarimelekler.biz\/?p=12932\" target=\"_blank\" rel=\"noopener noreferrer\">Sitemiz Ma\u00e7 Yaz\u0131s\u0131<\/a><br \/>Video: <a href=\"https:\/\/www.youtube.com\/watch?v=Ba32XOc7Ovk\" target=\"_blank\" rel=\"noopener noreferrer\">1<\/a><\/p>\n<p>16.Hafta 12.02.2020 \u00a0<br \/>Vak\u0131fbank:3 \u2013 Fenerbah\u00e7e Opet:1<br \/>24 \u2013 26, 25 \u2013 17, 25 \u2013 18,\u00a0 25 \u2013 21<br \/><a href=\"https:\/\/sarimelekler.biz\/?p=12995\" target=\"_blank\" rel=\"noopener noreferrer\">Sitemiz Ma\u00e7 Yaz\u0131s\u0131<\/a><br \/>Video: <a href=\"https:\/\/www.youtube.com\/watch?v=5I12LWl5bf4\" target=\"_blank\" rel=\"noopener noreferrer\">1<\/a><\/p>\n<p>17.Hafta 15.02.2020\u00a0<br \/>Fenerbah\u00e7e Opet:2 \u2013 Eczac\u0131ba\u015f\u0131 Vitra:3<br \/>17 \u2013 25, 25 \u2013 23, 10 \u2013 25, 25 \u2013 19, 10 \u2013 15<br \/><a href=\"https:\/\/sarimelekler.biz\/?p=13021\" target=\"_blank\" rel=\"noopener noreferrer\">Sitemiz Ma\u00e7 Yaz\u0131s\u0131<\/a><br \/>Video: <a href=\"https:\/\/www.youtube.com\/watch?v=0Pgf-5tk3MM\" target=\"_blank\" rel=\"noopener noreferrer\">1<\/a><\/p>\n<p>18.Hafta 22.02.2020\u00a0<br \/>Beylikd\u00fcz\u00fc Voleybol \u0130htisas:0 \u2013 Fenerbah\u00e7e Opet:3<br \/>6 \u2013 25, 8 \u2013 25, 11 \u2013 25<br \/><a href=\"https:\/\/sarimelekler.biz\/?p=13112\" target=\"_blank\" rel=\"noopener noreferrer\">Sitemiz Ma\u00e7 Yaz\u0131s\u0131<\/a><br \/>Video: Canl\u0131 Tv Yay\u0131n\u0131 Olmad\u0131, TVF Taraf\u0131ndan Video Kayd\u0131 Yay\u0131nlanmad\u0131.\u00a0<\/p>\n<p>19.Hafta 25.02.2020\u00a0<br \/>Fenerbah\u00e7e Opet:3 \u2013 Ayd\u0131n B\u015eB:1<br \/>21 \u2013 25, 25 \u2013 20, 25 \u2013 16, 25 \u2013 18<br \/><a href=\"https:\/\/sarimelekler.biz\/?p=13140\" target=\"_blank\" rel=\"noopener noreferrer\">Sitemiz Ma\u00e7 Yaz\u0131s\u0131<\/a><br \/>Video: Canl\u0131 Tv Yay\u0131n\u0131 Olmad\u0131, TVF Taraf\u0131ndan Video Kayd\u0131 Yay\u0131nlanmad\u0131.\u00a0<\/p>\n<p>20.Hafta 01.03.2020\u00a0<br \/>Nil\u00fcfer Belediyespor:0\u00a0 \u2013 Fenerbah\u00e7e Opet:3<br \/>19 \u2013 25, 15 \u2013 25, 16 \u2013 25<br \/><a href=\"https:\/\/sarimelekler.biz\/?p=13188\" target=\"_blank\" rel=\"noopener noreferrer\">Sitemiz Ma\u00e7 Yaz\u0131s\u0131<\/a><br \/>Video: Canl\u0131 Tv Yay\u0131n\u0131 Olmad\u0131, TVF Taraf\u0131ndan Video Kayd\u0131 Yay\u0131nlanmad\u0131.\u00a0<\/p>\n<p>21.Hafta 08.03.2020\u00a0<br \/>Fenerbah\u00e7e Opet:3 \u2013 PTT Spor:0<br \/>25 \u2013 15, 25 \u2013 12 ve 25 \u2013 19<br \/><a href=\"https:\/\/sarimelekler.biz\/?p=13234\" target=\"_blank\" rel=\"noopener noreferrer\">Sitemiz Ma\u00e7 Yaz\u0131s\u0131<\/a><br \/>Video: Canl\u0131 Tv Yay\u0131n\u0131 Olmad\u0131, TVF Taraf\u0131ndan Video Kayd\u0131 Yay\u0131nlanmad\u0131.\u00a0<\/p>\n<p>22.Hafta 13.03.2020<br \/>Karayollar\u0131:2 \u2013 Fenerbah\u00e7e:3<br \/>25 \u2013 27, 25 \u2013 23, 25 \u2013 18, 20 \u2013 25, 4 \u2013 15<br \/><a href=\"https:\/\/sarimelekler.biz\/?p=13338\" target=\"_blank\" rel=\"noopener noreferrer\">Sitemiz Ma\u00e7 Yaz\u0131s\u0131<\/a><br \/>Video: <a href=\"https:\/\/www.youtube.com\/watch?v=ErzCV6batT8\" target=\"_blank\" rel=\"noopener noreferrer\">1<\/a><\/p>\n<p style=\"text-align: justify;\">T\u00fcrkiye Cumhuriyeti Gen\u00e7lik ve Spor Bakan\u0131 Sn. Mehmet Muharrem Kasapo\u011flu\u2019nun ev sahipli\u011finde 19.03.2020 g\u00fcn\u00fc Ankara\u2019da yap\u0131lan toplant\u0131 sonucunda, COVID-19 salg\u0131n\u0131na kar\u015f\u0131 al\u0131nan tedbirler kapsam\u0131nda t\u00fcm voleybol ma\u00e7lar\u0131n\u0131n s\u00fcresiz olarak ertelendi\u011fi a\u00e7\u0131klanm\u0131\u015f, yakla\u015f\u0131k 53 g\u00fcnde tak\u0131mlar antrenmanlar\u0131na evlerinden \u00c7evrimi\u00e7i olarak s\u00fcrd\u00fcrd\u00fckten sonra <a href=\"https:\/\/www.tvf.org.tr\/duyurular\/kamuoyu-duyurusu-4\/\" target=\"_blank\" rel=\"noopener noreferrer\">11.05.2020 g\u00fcn\u00fc T\u00fcrkiye Voleybol Federasyonu taraf\u0131ndan<\/a>; erkek ve kad\u0131n liglerinin mevcut haliyle tescil edildi\u011fi ve 22 haftal\u0131k normal sezonu oynanan liglerin play-off turunun oynanmayaca\u011f\u0131 \u015eampiyon ve k\u00fcme d\u00fc\u015fen tak\u0131mlar\u0131n olmayaca\u011f\u0131 a\u00e7\u0131klanarak ligler sonland\u0131r\u0131ld\u0131. Fenerbah\u00e7e Opet Kad\u0131n Voleybol tak\u0131m\u0131m\u0131z ligde 22 ma\u00e7ta 18 galibiyet ve 4 ma\u011flubiyet alarak toplad\u0131\u011f\u0131 53 puanla ligi \u00fc\u00e7\u00fcnc\u00fc s\u0131rada tamamlad\u0131, lig 3.\u2019l\u00fc\u011f\u00fc tescil edildi.<\/p>\n\n\t\t<style type=\"text\/css\">\n\t\t\t#gallery-2 {\n\t\t\t\tmargin: auto;\n\t\t\t}\n\t\t\t#gallery-2 .gallery-item {\n\t\t\t\tfloat: left;\n\t\t\t\tmargin-top: 10px;\n\t\t\t\ttext-align: center;\n\t\t\t\twidth: 100%;\n\t\t\t}\n\t\t\t#gallery-2 img {\n\t\t\t\tborder: 2px solid #cfcfcf;\n\t\t\t}\n\t\t\t#gallery-2 .gallery-caption {\n\t\t\t\tmargin-left: 0;\n\t\t\t}\n\t\t\t\/* see gallery_shortcode() in wp-includes\/media.php *\/\n\t\t<\/style>\n\t\t<div data-carousel-extra='{&quot;blog_id&quot;:1,&quot;permalink&quot;:&quot;https:\/\/sarimelekler.biz\/?page_id=13605&quot;}' id='gallery-2' class='gallery galleryid-13605 gallery-columns-1 gallery-size-large'><dl class='gallery-item'>\n\t\t\t<dt class='gallery-icon landscape'>\n\t\t\t\t<a href='https:\/\/sarimelekler.biz\/?attachment_id=13625'><img loading=\"lazy\" decoding=\"async\" width=\"860\" height=\"622\" src=\"https:\/\/sarimelekler.biz\/wp-content\/uploads\/2020\/07\/19-20-Lig-Sonu-Puan-Durumu-1024x741.jpg\" class=\"attachment-large size-large\" alt=\"\" srcset=\"https:\/\/sarimelekler.biz\/wp-content\/uploads\/2020\/07\/19-20-Lig-Sonu-Puan-Durumu-1024x741.jpg 1024w, https:\/\/sarimelekler.biz\/wp-content\/uploads\/2020\/07\/19-20-Lig-Sonu-Puan-Durumu-300x217.jpg 300w, https:\/\/sarimelekler.biz\/wp-content\/uploads\/2020\/07\/19-20-Lig-Sonu-Puan-Durumu-768x556.jpg 768w, https:\/\/sarimelekler.biz\/wp-content\/uploads\/2020\/07\/19-20-Lig-Sonu-Puan-Durumu-150x109.jpg 150w, https:\/\/sarimelekler.biz\/wp-content\/uploads\/2020\/07\/19-20-Lig-Sonu-Puan-Durumu.jpg 1147w\" sizes=\"auto, (max-width: 860px) 100vw, 860px\" data-attachment-id=\"13625\" data-permalink=\"https:\/\/sarimelekler.biz\/?attachment_id=13625\" data-orig-file=\"https:\/\/sarimelekler.biz\/wp-content\/uploads\/2020\/07\/19-20-Lig-Sonu-Puan-Durumu.jpg\" data-orig-size=\"1147,830\" data-comments-opened=\"0\" data-image-meta=\"{&quot;aperture&quot;:&quot;0&quot;,&quot;credit&quot;:&quot;&quot;,&quot;camera&quot;:&quot;&quot;,&quot;caption&quot;:&quot;&quot;,&quot;created_timestamp&quot;:&quot;0&quot;,&quot;copyright&quot;:&quot;&quot;,&quot;focal_length&quot;:&quot;0&quot;,&quot;iso&quot;:&quot;0&quot;,&quot;shutter_speed&quot;:&quot;0&quot;,&quot;title&quot;:&quot;&quot;,&quot;orientation&quot;:&quot;0&quot;}\" data-image-title=\"19-20 Lig Sonu Puan Durumu\" data-image-description=\"\" data-image-caption=\"\" data-large-file=\"https:\/\/sarimelekler.biz\/wp-content\/uploads\/2020\/07\/19-20-Lig-Sonu-Puan-Durumu-1024x741.jpg\" \/><\/a>\n\t\t\t<\/dt><\/dl><br style=\"clear: both\" \/>\n\t\t<\/div>\n\n<p>\u00a0<\/p>\n<p>\u00a0<\/p>\n<p>\u00a0<\/p>\n","protected":false},"excerpt":{"rendered":"<p>Vestel Ven\u00fcs Sultanlar Ligi\u00a0 Puan Durumu ve Fikst\u00fcrTVF &#8211; TVF \u2026 <a class=\"continue-reading-link\" href=\"https:\/\/sarimelekler.biz\/?page_id=13605\">Okumaya Devam Et.. <span class=\"meta-nav\">&rarr; <\/span><\/a><\/p>\n","protected":false},"author":1,"featured_media":0,"parent":11627,"menu_order":0,"comment_status":"closed","ping_status":"closed","template":"","meta":{"_mc_calendar":[],"footnotes":""},"class_list":["post-13605","page","type-page","status-publish","hentry"],"jetpack_sharing_enabled":true,"jetpack_shortlink":"https:\/\/wp.me\/P8npUZ-3xr","jetpack-related-posts":[{"id":18330,"url":"https:\/\/sarimelekler.biz\/?page_id=18330","url_meta":{"origin":13605,"position":0},"title":"Sultanlar Ligi","author":"Edit\u00f6r","date":"10 Kas\u0131m 2022","format":false,"excerpt":"Misli.com Sultanlar Ligi\u00a0 Misli.com Sultanlar Ligi\u2019nde 1. devre kar\u015f\u0131la\u015fmalar\u0131 30 Ekim \u2013 25 Aral\u0131k 2022 tarihleri aras\u0131nda, 2. devre kar\u015f\u0131la\u015fmalar\u0131 7 Ocak \u2013 1 Nisan 2023 tarihleri aras\u0131nda oynanacak. Puan Durumu ve Fikst\u00fcrTVF\u00a0\u2013\u00a0TVF Haber Kategorisi T\u00fcm Yaz\u0131lar 1.Hafta\u00a0 02.11.2022 \u2013 17:30Fenerbah\u00e7e Opet:0 \u2013 Eczac\u0131ba\u015f\u0131 Dynavit:3\u00a0\u00a020-25, 18-25, 22-25Sitemiz Ma\u00e7 Yaz\u0131s\u0131Video:\u00a01 2.Hafta\u00a0\u2026","rel":"","context":"Benzer yaz\u0131","block_context":{"text":"Benzer yaz\u0131","link":""},"img":{"alt_text":"","src":"https:\/\/i0.wp.com\/sarimelekler.biz\/wp-content\/uploads\/2020\/09\/mislicom-300x187.png?resize=350%2C200&ssl=1","width":350,"height":200},"classes":[]},{"id":13757,"url":"https:\/\/sarimelekler.biz\/?page_id=13757","url_meta":{"origin":13605,"position":1},"title":"Sultanlar Ligi","author":"Edit\u00f6r","date":"24 A\u011fustos 2020","format":false,"excerpt":"Misli.com Sultanlar Ligi\u00a0 D\u00fcnya\u2019da ve \u00fclkemiz de g\u00f6r\u00fclen Koronavir\u00fcs salg\u0131n\u0131 nedeniyle 2019-2020 sezonu, 11.05.2020 g\u00fcn\u00fc T\u00fcrkiye Voleybol Federasyonu taraf\u0131ndan; erkek ve kad\u0131n liglerinin mevcut haliyle tescil edildi\u011fi ve 22 haftal\u0131k normal sezonu oynanan liglerin play-off turunun oynanmayaca\u011f\u0131 \u015eampiyon ve k\u00fcme d\u00fc\u015fen tak\u0131mlar\u0131n olmayaca\u011f\u0131 a\u00e7\u0131klanarak ligler sonland\u0131r\u0131lm\u0131\u015ft\u0131. Ayr\u0131ca yap\u0131lan a\u00e7\u0131klamada 2019-2020\u2026","rel":"","context":"Benzer yaz\u0131","block_context":{"text":"Benzer yaz\u0131","link":""},"img":{"alt_text":"","src":"https:\/\/i0.wp.com\/sarimelekler.biz\/wp-content\/uploads\/2020\/09\/mislicom-300x187.png?resize=350%2C200&ssl=1","width":350,"height":200},"classes":[]},{"id":16183,"url":"https:\/\/sarimelekler.biz\/?page_id=16183","url_meta":{"origin":13605,"position":2},"title":"Sultanlar Ligi","author":"Edit\u00f6r","date":"7 Ekim 2021","format":false,"excerpt":"Misli.com Sultanlar Ligi\u00a0 Misli.com Sultanlar Ligi\u2019nde 1. Devre kar\u015f\u0131la\u015fmalar\u0131 09 Ekim \u2013 11 Aral\u0131k 2021 tarihleri aras\u0131nda, 2. Devre kar\u015f\u0131la\u015fmalar\u0131 09 Ocak \u2013 03 Nisan 2022 tarihleri aras\u0131nda oynanacak. Puan Durumu ve Fikst\u00fcrTVF\u00a0\u2013\u00a0TVF Haber Kategorisi T\u00fcm Yaz\u0131lar \u00a0 1.Hafta\u00a0 08.10.2021Bolu Belediye Spor:0 \u2013 Fenerbah\u00e7e Opet:3\u00a016 \u2013 25, 17 \u2013 25,\u2026","rel":"","context":"Benzer yaz\u0131","block_context":{"text":"Benzer yaz\u0131","link":""},"img":{"alt_text":"","src":"https:\/\/i0.wp.com\/sarimelekler.biz\/wp-content\/uploads\/2020\/09\/mislicom-300x187.png?resize=350%2C200&ssl=1","width":350,"height":200},"classes":[]},{"id":7347,"url":"https:\/\/sarimelekler.biz\/?page_id=7347","url_meta":{"origin":13605,"position":3},"title":"Sultanlar Ligi","author":"Edit\u00f6r","date":"12 Kas\u0131m 2018","format":false,"excerpt":"Vestel Ven\u00fcs Sultanlar Ligi\u00a0 Puan Durumu ve Fikst\u00fcr TVF - TVF Haber Kategorisi T\u00fcm Yaz\u0131lar 1.Hafta 02.11.2018 Fenerbah\u00e7e:3 \u2013 Be\u015fikta\u015f:0 27 \u2013 25, 25 \u2013 20, 27 \u2013 25 Sitemiz Ma\u00e7 Yaz\u0131s\u0131 FB SK TVF Video: 1 2.Hafta 06.11.2018 Kamero\u011flu Beylikd\u00fcz\u00fc Voleybol \u0130htisas:1 \u2013 Fenerbah\u00e7e:3 32 \u2013 34, 18 \u2013\u2026","rel":"","context":"Benzer yaz\u0131","block_context":{"text":"Benzer yaz\u0131","link":""},"img":{"alt_text":"","src":"https:\/\/i0.wp.com\/sarimelekler.biz\/wp-content\/uploads\/2017\/10\/Vestel-Venus-Sultanlar-Ligi-300x212.jpg?resize=350%2C200&ssl=1","width":350,"height":200,"srcset":"https:\/\/i0.wp.com\/sarimelekler.biz\/wp-content\/uploads\/2017\/10\/Vestel-Venus-Sultanlar-Ligi-300x212.jpg?resize=350%2C200&ssl=1 1x, https:\/\/i0.wp.com\/sarimelekler.biz\/wp-content\/uploads\/2017\/10\/Vestel-Venus-Sultanlar-Ligi-300x212.jpg?resize=525%2C300&ssl=1 1.5x, https:\/\/i0.wp.com\/sarimelekler.biz\/wp-content\/uploads\/2017\/10\/Vestel-Venus-Sultanlar-Ligi-300x212.jpg?resize=700%2C400&ssl=1 2x, https:\/\/i0.wp.com\/sarimelekler.biz\/wp-content\/uploads\/2017\/10\/Vestel-Venus-Sultanlar-Ligi-300x212.jpg?resize=1050%2C600&ssl=1 3x, https:\/\/i0.wp.com\/sarimelekler.biz\/wp-content\/uploads\/2017\/10\/Vestel-Venus-Sultanlar-Ligi-300x212.jpg?resize=1400%2C800&ssl=1 4x"},"classes":[]},{"id":7498,"url":"https:\/\/sarimelekler.biz\/?page_id=7498","url_meta":{"origin":13605,"position":4},"title":"\u015eampiyonlar Ligi","author":"Edit\u00f6r","date":"21 Kas\u0131m 2018","format":false,"excerpt":"2019 Cev \u015eampiyonlar ligine Fenerbah\u00e7e Bayan Voleybol tak\u0131m\u0131m\u0131z 2017 \u2013 2018 sezonunu \u00fc\u00e7\u00fcnc\u00fc bitirdi\u011fi i\u00e7in \u00f6n eleme oynama hakk\u0131 kazanm\u0131\u015ft\u0131. Ancak CEV taraf\u0131ndan yap\u0131lan sistem de\u011fi\u015fikli\u011fi ile beraber tak\u0131m\u0131m\u0131z \u00f6n eleme oynamadan \u015eampiyonlar Ligine direk kat\u0131ld\u0131. Tak\u0131m\u0131m\u0131z \u015eampiyonlar liginde E Grubu\u2019nda Rusya\u2019dan Dinamo Moskova, Polonya'dan Chemik Police ve Romanya'dan CSM\u2026","rel":"","context":"Benzer yaz\u0131","block_context":{"text":"Benzer yaz\u0131","link":""},"img":{"alt_text":"","src":"https:\/\/i0.wp.com\/sarimelekler.biz\/wp-content\/uploads\/2017\/02\/CkzPqtsB-150x150.jpg?resize=350%2C200&ssl=1","width":350,"height":200},"classes":[]},{"id":13646,"url":"https:\/\/sarimelekler.biz\/?page_id=13646","url_meta":{"origin":13605,"position":5},"title":"\u015eampiyonlar Ligi","author":"Edit\u00f6r","date":"20 Temmuz 2020","format":false,"excerpt":"Fenerbah\u00e7e Kad\u0131n Voleybol tak\u0131m\u0131m\u0131z 2018 \u2013 2019 sezonunu \u00fc\u00e7\u00fcnc\u00fc bitirdi\u011fi i\u00e7in 2019-2020 Cev \u015eampiyonlar ligine kat\u0131l\u0131m hakk\u0131 kazand\u0131. Tak\u0131m\u0131m\u0131z \u015eampiyonlar ligi A Grubu\u2019nda Eczac\u0131ba\u015f\u0131 Vitra, Budowlani Lodz (Polonya) ve Salo (Finalndiya) ile e\u015fle\u015fti. CEV \u015eampiyonlar Ligi\u2019nde kad\u0131nlarda grup ma\u00e7lar\u0131, 19.11.2019 \u2013 18.02.2020, \u00e7eyrek finaller 03-12 Mart 2020, yar\u0131 finaller 24\u2026","rel":"","context":"Benzer yaz\u0131","block_context":{"text":"Benzer yaz\u0131","link":""},"img":{"alt_text":"","src":"https:\/\/i0.wp.com\/sarimelekler.biz\/wp-content\/uploads\/2017\/12\/Y%C4%B1ld%C4%B1z-150x150.png?resize=350%2C200&ssl=1","width":350,"height":200,"srcset":"https:\/\/i0.wp.com\/sarimelekler.biz\/wp-content\/uploads\/2017\/12\/Y%C4%B1ld%C4%B1z-150x150.png?resize=350%2C200&ssl=1 1x, https:\/\/i0.wp.com\/sarimelekler.biz\/wp-content\/uploads\/2017\/12\/Y%C4%B1ld%C4%B1z-150x150.png?resize=525%2C300&ssl=1 1.5x, https:\/\/i0.wp.com\/sarimelekler.biz\/wp-content\/uploads\/2017\/12\/Y%C4%B1ld%C4%B1z-150x150.png?resize=700%2C400&ssl=1 2x, https:\/\/i0.wp.com\/sarimelekler.biz\/wp-content\/uploads\/2017\/12\/Y%C4%B1ld%C4%B1z-150x150.png?resize=1050%2C600&ssl=1 3x, https:\/\/i0.wp.com\/sarimelekler.biz\/wp-content\/uploads\/2017\/12\/Y%C4%B1ld%C4%B1z-150x150.png?resize=1400%2C800&ssl=1 4x"},"classes":[]}],"_links":{"self":[{"href":"https:\/\/sarimelekler.biz\/index.php?rest_route=\/wp\/v2\/pages\/13605","targetHints":{"allow":["GET"]}}],"collection":[{"href":"https:\/\/sarimelekler.biz\/index.php?rest_route=\/wp\/v2\/pages"}],"about":[{"href":"https:\/\/sarimelekler.biz\/index.php?rest_route=\/wp\/v2\/types\/page"}],"author":[{"embeddable":true,"href":"https:\/\/sarimelekler.biz\/index.php?rest_route=\/wp\/v2\/users\/1"}],"replies":[{"embeddable":true,"href":"https:\/\/sarimelekler.biz\/index.php?rest_route=%2Fwp%2Fv2%2Fcomments&post=13605"}],"version-history":[{"count":29,"href":"https:\/\/sarimelekler.biz\/index.php?rest_route=\/wp\/v2\/pages\/13605\/revisions"}],"predecessor-version":[{"id":13772,"href":"https:\/\/sarimelekler.biz\/index.php?rest_route=\/wp\/v2\/pages\/13605\/revisions\/13772"}],"up":[{"embeddable":true,"href":"https:\/\/sarimelekler.biz\/index.php?rest_route=\/wp\/v2\/pages\/11627"}],"wp:attachment":[{"href":"https:\/\/sarimelekler.biz\/index.php?rest_route=%2Fwp%2Fv2%2Fmedia&parent=13605"}],"curies":[{"name":"wp","href":"https:\/\/api.w.org\/{rel}","templated":true}]}}