{"id":13646,"date":"2020-07-20T00:58:33","date_gmt":"2020-07-19T21:58:33","guid":{"rendered":"http:\/\/sarimelekler.biz\/?page_id=13646"},"modified":"2020-07-20T00:59:10","modified_gmt":"2020-07-19T21:59:10","slug":"sampiyonlar-ligi","status":"publish","type":"page","link":"https:\/\/sarimelekler.biz\/?page_id=13646","title":{"rendered":"\u015eampiyonlar Ligi"},"content":{"rendered":"<p style=\"text-align: justify;\">Fenerbah\u00e7e Kad\u0131n Voleybol tak\u0131m\u0131m\u0131z 2018 \u2013 2019 sezonunu \u00fc\u00e7\u00fcnc\u00fc bitirdi\u011fi i\u00e7in 2019-2020 Cev \u015eampiyonlar ligine kat\u0131l\u0131m hakk\u0131 kazand\u0131. Tak\u0131m\u0131m\u0131z \u015eampiyonlar ligi A Grubu\u2019nda Eczac\u0131ba\u015f\u0131 Vitra, Budowlani Lodz (Polonya) ve Salo (Finalndiya) ile <a href=\"https:\/\/sarimelekler.biz\/?p=12231\" target=\"_blank\" rel=\"noopener noreferrer\">e\u015fle\u015fti<\/a>. CEV \u015eampiyonlar Ligi\u2019nde kad\u0131nlarda grup ma\u00e7lar\u0131, 19.11.2019 \u2013 18.02.2020, \u00e7eyrek finaller 03-12 Mart 2020, yar\u0131 finaller 24 Mart-9 Nisan 2020, s\u00fcper finaller ise 16-17 May\u0131s 2020 tarihlerinde oynanmas\u0131 planland\u0131. \u015eampiyonlar ligi ma\u00e7lar\u0131n\u0131n yay\u0131n haklar\u0131 \u00fclkemizde <a href=\"https:\/\/www.dsmart.com.tr\/\" target=\"_blank\" rel=\"noopener noreferrer\">D-Smart<\/a> dijital yay\u0131n platformlar\u0131 taraf\u0131ndan sat\u0131n al\u0131nm\u0131\u015f ve ma\u00e7 yay\u0131nlar\u0131 smart spor kanallar\u0131ndan yap\u0131lmaktad\u0131r. Ayr\u0131ca ge\u00e7mi\u015f y\u0131llarda ma\u00e7lar\u0131n uluslararas\u0131 internet yay\u0131n hakk\u0131 <a href=\"https:\/\/www.laola1.tv\/en-int\/channel\/volleyball-cev-champions-league-women-livestream-video-for-free\" target=\"_blank\" rel=\"noopener noreferrer\">laola1.tv<\/a> isimli internet sitesinde olmas\u0131na ra\u011fmen bu sene bu site yay\u0131n haklar\u0131n\u0131 sat\u0131n alamad\u0131\u011f\u0131 i\u00e7in ma\u00e7 yay\u0131n\u0131 yapmamaktad\u0131r.\u00a0 Ma\u00e7lar\u0131n oynand\u0131\u011f\u0131 topun renkleri Sar\u0131-Ye\u015fil renklerdedir. \u015eampiyonlar ligi logosu formam\u0131z\u0131n sol taraf\u0131nda bulunmakta olup, \u00fczerinde tek y\u0131ld\u0131z 1 <a href=\"http:\/\/www.fbsk.org\/detay.asp?ContentID=28504\" target=\"_blank\" rel=\"noopener noreferrer\">\u015fampiyonlar ligi \u015fampiyonlu\u011fumuzu<\/a> simgelemektedir. Tak\u0131m\u0131m\u0131z bu sene lig ve kupa ma\u00e7lar\u0131 gibi \u015eampiyonlar Ligi ma\u00e7lar\u0131n\u0131 da\u00a0<a href=\"http:\/\/www.istanbulsporenvanteri.com\/tr\/tesisler\/tesisler-2\/burhan-felek-voleybol-salonu-593.html\" target=\"_blank\" rel=\"noopener noreferrer\">Burhan Felek Voleybol Salonunda<\/a> oynayacak. CEV ge\u00e7en sezon yapt\u0131\u011f\u0131 de\u011fi\u015fikli\u011fi bu sezonda devam ettirme karar\u0131 ald\u0131 ve d\u00f6rtl\u00fc final yerine tek final oynanaca\u011f\u0131n\u0131 a\u00e7\u0131klad\u0131. Buna g\u00f6re 20 tak\u0131m\u0131n d\u00f6rderli 5 grupta m\u00fccadele edece\u011fi CEV \u015eampiyonlar Ligi\u2019nde gruplar\u0131n\u0131 ilk s\u0131rada tamamlayan ekiplerle, en iyi 3 ikinci \u00e7eyrek finale y\u00fckselecek. \u00c7eyrek ve yar\u0131 finallerde \u00e7ift ma\u00e7l\u0131 eliminasyon sisteminin uygulanaca\u011f\u0131 turnuvan\u0131n finali 16 -17 May\u0131s 2020\u2019de oynanacak. Bu sistemin sa\u011flad\u0131\u011f\u0131 avantajlardan en \u00f6nemlisi ayn\u0131 \u00fclke tak\u0131mlar\u0131n\u0131n yar\u0131 finalde kar\u015f\u0131la\u015fma zorunlulu\u011funun ortadan kalkmas\u0131 oldu. Tak\u0131m\u0131m\u0131za bu zorlu yolda ba\u015far\u0131lar dileriz.<\/p>\n<p style=\"text-align: justify;\"><a href=\"https:\/\/www.cev.eu\/Competition-Area\/competition.aspx?ID=1196&amp;PID=1945\" target=\"_blank\" rel=\"noopener noreferrer\">\u015eampiyonlar Ligi Ma\u00e7 Takvimi ve Puan Durumu<\/a><\/p>\n<div class=\"tiled-gallery type-rectangular tiled-gallery-unresized\" data-original-width=\"860\" data-carousel-extra='{&quot;blog_id&quot;:1,&quot;permalink&quot;:&quot;https:\\\/\\\/sarimelekler.biz\\\/?page_id=13646&quot;,&quot;likes_blog_id&quot;:123791865}' itemscope itemtype=\"http:\/\/schema.org\/ImageGallery\" > <div class=\"gallery-row\" style=\"width: 860px; height: 614px;\" data-original-width=\"860\" data-original-height=\"614\" > <div class=\"gallery-group images-1\" style=\"width: 566px; height: 614px;\" data-original-width=\"566\" data-original-height=\"614\" > <div class=\"tiled-gallery-item tiled-gallery-item-large\" itemprop=\"associatedMedia\" itemscope itemtype=\"http:\/\/schema.org\/ImageObject\"> <a href=\"https:\/\/sarimelekler.biz\/?attachment_id=5172\" border=\"0\" itemprop=\"url\"> <meta itemprop=\"width\" content=\"562\"> <meta itemprop=\"height\" content=\"610\"> <img decoding=\"async\" class=\"\" data-attachment-id=\"5172\" data-orig-file=\"https:\/\/sarimelekler.biz\/wp-content\/uploads\/2017\/12\/Y\u0131ld\u0131z.png\" data-orig-size=\"2253,2445\" data-comments-opened=\"\" data-image-meta=\"{&quot;aperture&quot;:&quot;0&quot;,&quot;credit&quot;:&quot;&quot;,&quot;camera&quot;:&quot;&quot;,&quot;caption&quot;:&quot;&quot;,&quot;created_timestamp&quot;:&quot;0&quot;,&quot;copyright&quot;:&quot;&quot;,&quot;focal_length&quot;:&quot;0&quot;,&quot;iso&quot;:&quot;0&quot;,&quot;shutter_speed&quot;:&quot;0&quot;,&quot;title&quot;:&quot;&quot;,&quot;orientation&quot;:&quot;0&quot;}\" data-image-title=\"Y\u0131ld\u0131z\" data-image-description=\"\" data-medium-file=\"https:\/\/sarimelekler.biz\/wp-content\/uploads\/2017\/12\/Y\u0131ld\u0131z-276x300.png\" data-large-file=\"https:\/\/sarimelekler.biz\/wp-content\/uploads\/2017\/12\/Y\u0131ld\u0131z-944x1024.png\" src=\"https:\/\/i0.wp.com\/sarimelekler.biz\/wp-content\/uploads\/2017\/12\/Y%C4%B1ld%C4%B1z.png?w=562&#038;h=610&#038;ssl=1\" width=\"562\" height=\"610\" loading=\"lazy\" data-original-width=\"562\" data-original-height=\"610\" itemprop=\"http:\/\/schema.org\/image\" title=\"Y\u0131ld\u0131z\" alt=\"Eda Forma Y\u0131ld\u0131z - Logo\" style=\"width: 562px; height: 610px;\" \/> <\/a> <div class=\"tiled-gallery-caption\" itemprop=\"caption description\"> Eda Forma Y\u0131ld\u0131z &#8211; Logo <\/div> <\/div> <\/div> <!-- close group --> <div class=\"gallery-group images-2\" style=\"width: 294px; height: 614px;\" data-original-width=\"294\" data-original-height=\"614\" > <div class=\"tiled-gallery-item tiled-gallery-item-large\" itemprop=\"associatedMedia\" itemscope itemtype=\"http:\/\/schema.org\/ImageObject\"> <a href=\"https:\/\/sarimelekler.biz\/?attachment_id=2603\" border=\"0\" itemprop=\"url\"> <meta itemprop=\"width\" content=\"290\"> <meta itemprop=\"height\" content=\"290\"> <img decoding=\"async\" class=\"\" data-attachment-id=\"2603\" data-orig-file=\"https:\/\/sarimelekler.biz\/wp-content\/uploads\/2017\/02\/CkzPqtsB.jpg\" data-orig-size=\"512,512\" data-comments-opened=\"\" data-image-meta=\"{&quot;aperture&quot;:&quot;0&quot;,&quot;credit&quot;:&quot;&quot;,&quot;camera&quot;:&quot;&quot;,&quot;caption&quot;:&quot;&quot;,&quot;created_timestamp&quot;:&quot;0&quot;,&quot;copyright&quot;:&quot;&quot;,&quot;focal_length&quot;:&quot;0&quot;,&quot;iso&quot;:&quot;0&quot;,&quot;shutter_speed&quot;:&quot;0&quot;,&quot;title&quot;:&quot;&quot;,&quot;orientation&quot;:&quot;0&quot;}\" data-image-title=\"CEV logo\" data-image-description=\"\" data-medium-file=\"https:\/\/sarimelekler.biz\/wp-content\/uploads\/2017\/02\/CkzPqtsB-300x300.jpg\" data-large-file=\"https:\/\/sarimelekler.biz\/wp-content\/uploads\/2017\/02\/CkzPqtsB.jpg\" src=\"https:\/\/i0.wp.com\/sarimelekler.biz\/wp-content\/uploads\/2017\/02\/CkzPqtsB.jpg?w=290&#038;h=290&#038;crop=1&#038;ssl=1\" srcset=\"https:\/\/sarimelekler.biz\/wp-content\/uploads\/2017\/02\/CkzPqtsB.jpg 512w, https:\/\/sarimelekler.biz\/wp-content\/uploads\/2017\/02\/CkzPqtsB-150x150.jpg 150w, https:\/\/sarimelekler.biz\/wp-content\/uploads\/2017\/02\/CkzPqtsB-300x300.jpg 300w\" width=\"290\" height=\"290\" loading=\"lazy\" data-original-width=\"290\" data-original-height=\"290\" itemprop=\"http:\/\/schema.org\/image\" title=\"CEV logo\" alt=\"CEV logo\" style=\"width: 290px; height: 290px;\" \/> <\/a> <div class=\"tiled-gallery-caption\" itemprop=\"caption description\"> CEV logo <\/div> <\/div> <div class=\"tiled-gallery-item tiled-gallery-item-large\" itemprop=\"associatedMedia\" itemscope itemtype=\"http:\/\/schema.org\/ImageObject\"> <a href=\"https:\/\/sarimelekler.biz\/?attachment_id=2605\" border=\"0\" itemprop=\"url\"> <meta itemprop=\"width\" content=\"290\"> <meta itemprop=\"height\" content=\"316\"> <img decoding=\"async\" class=\"\" data-attachment-id=\"2605\" data-orig-file=\"https:\/\/sarimelekler.biz\/wp-content\/uploads\/2017\/02\/top.jpg\" data-orig-size=\"621,677\" data-comments-opened=\"\" data-image-meta=\"{&quot;aperture&quot;:&quot;0&quot;,&quot;credit&quot;:&quot;&quot;,&quot;camera&quot;:&quot;&quot;,&quot;caption&quot;:&quot;&quot;,&quot;created_timestamp&quot;:&quot;0&quot;,&quot;copyright&quot;:&quot;&quot;,&quot;focal_length&quot;:&quot;0&quot;,&quot;iso&quot;:&quot;0&quot;,&quot;shutter_speed&quot;:&quot;0&quot;,&quot;title&quot;:&quot;&quot;,&quot;orientation&quot;:&quot;0&quot;}\" data-image-title=\"\u015eampiyonlar Ligi Topu\" data-image-description=\"\" data-medium-file=\"https:\/\/sarimelekler.biz\/wp-content\/uploads\/2017\/02\/top-275x300.jpg\" data-large-file=\"https:\/\/sarimelekler.biz\/wp-content\/uploads\/2017\/02\/top.jpg\" src=\"https:\/\/i0.wp.com\/sarimelekler.biz\/wp-content\/uploads\/2017\/02\/top.jpg?w=290&#038;h=316&#038;ssl=1\" srcset=\"https:\/\/sarimelekler.biz\/wp-content\/uploads\/2017\/02\/top.jpg 621w, https:\/\/sarimelekler.biz\/wp-content\/uploads\/2017\/02\/top-275x300.jpg 275w, https:\/\/sarimelekler.biz\/wp-content\/uploads\/2017\/02\/top-138x150.jpg 138w\" width=\"290\" height=\"316\" loading=\"lazy\" data-original-width=\"290\" data-original-height=\"316\" itemprop=\"http:\/\/schema.org\/image\" title=\"\u015eampiyonlar Ligi Topu\" alt=\"\u015eampiyonlar Ligi Topu\" style=\"width: 290px; height: 316px;\" \/> <\/a> <div class=\"tiled-gallery-caption\" itemprop=\"caption description\"> \u015eampiyonlar Ligi Topu <\/div> <\/div> <\/div> <!-- close group --> <\/div> <!-- close row --> <\/div>\n<p style=\"text-align: justify;\"><a href=\"https:\/\/sarimelekler.biz\/?cat=1\" target=\"_blank\" rel=\"noopener noreferrer\">Haber Kategorisi T\u00fcm Yaz\u0131lar<\/a><\/p>\n<p>1.Hafta 19.11.2019<br \/>\nEczac\u0131ba\u015f\u0131 Vitra:3 \u2013 Fenerbah\u00e7e Opet:2<br \/>\n25 \u2013 23, 25 \u2013 18, 23 \u2013 25, 22 \u2013 25, 15 \u2013 10<br \/>\n<a href=\"https:\/\/sarimelekler.biz\/?p=12423\" target=\"_blank\" rel=\"noopener noreferrer\">Sitemiz Ma\u00e7 Yaz\u0131s\u0131<\/a><br \/>\n<a href=\"https:\/\/www.cev.eu\/Competition-Area\/MatchPage.aspx?mID=37476&amp;ID=1196&amp;CID=6609&amp;PID=1945\" target=\"_blank\" rel=\"noopener noreferrer\">CEV<\/a><\/p>\n<p>2.Hafta 28.11.2019<br \/>\nFenerbah\u00e7e Opet:3 \u2013 Budowlani Lodz:0<br \/>\n25 \u2013 20, 25 \u2013 12, 25 \u2013 13<br \/>\n<a href=\"https:\/\/sarimelekler.biz\/?p=12494\" target=\"_blank\" rel=\"noopener noreferrer\">Sitemiz Ma\u00e7 Yaz\u0131s\u0131<\/a><br \/>\n<a href=\"https:\/\/www.cev.eu\/Competition-Area\/MatchPage.aspx?mID=37479&amp;ID=1196&amp;CID=6609&amp;PID=1945\" target=\"_blank\" rel=\"noopener noreferrer\">CEV<\/a><\/p>\n<p>3.Hafta 18.12.2019<br \/>\nLP Salo:0 &#8211; Fenerbah\u00e7e Opet:3<br \/>\n0 \u2013 25, 16 \u2013 25, 14 \u2013 25<br \/>\n<a href=\"https:\/\/sarimelekler.biz\/?p=12610\" target=\"_blank\" rel=\"noopener noreferrer\">Sitemiz Ma\u00e7 Yaz\u0131s\u0131<\/a><br \/>\n<a href=\"https:\/\/www.cev.eu\/Competition-Area\/MatchPage.aspx?mID=37487&amp;ID=1196&amp;CID=6609&amp;PID=1945\" target=\"_blank\" rel=\"noopener noreferrer\">CEV<\/a><\/p>\n<p>4.Hafta 22.01.2020<br \/>\nBudowlani Lodz:0 \u2013 Fenerbah\u00e7e Opet:3<br \/>\n20 \u2013 25, 21 \u2013 25, 22 \u2013 25<br \/>\n<a href=\"https:\/\/sarimelekler.biz\/?p=12748\" target=\"_blank\" rel=\"noopener noreferrer\">Sitemiz Ma\u00e7 Yaz\u0131s\u0131<\/a><br \/>\n<a href=\"https:\/\/www.cev.eu\/Competition-Area\/MatchPage.aspx?mID=37483&amp;ID=1196&amp;CID=6609&amp;PID=1945\" target=\"_blank\" rel=\"noopener noreferrer\">CEV<\/a><\/p>\n<p>5.Hafta 06.02.2020<br \/>\nFenerbah\u00e7e Opet:2 \u2013 Eczac\u0131ba\u015f\u0131 Vitra:3<br \/>\n22 \u2013 25, 25 \u2013 16, 24 \u2013 26, 25 \u2013 20, 10 \u2013 15<br \/>\n<a href=\"https:\/\/sarimelekler.biz\/?p=12890\" target=\"_blank\" rel=\"noopener noreferrer\">Sitemiz Ma\u00e7 Yaz\u0131s\u0131<\/a><br \/>\n<a href=\"https:\/\/www.cev.eu\/Competition-Area\/MatchPage.aspx?mID=37484&amp;ID=1196&amp;CID=6609&amp;PID=1945\" target=\"_blank\" rel=\"noopener noreferrer\">CEV<\/a><\/p>\n<p>6.Hafta 18.02.2020<br \/>\nFenerbah\u00e7e Opet:3 &#8211; LP Salo:0<br \/>\n25 \u2013 17, 25 \u2013 12, 25 \u2013 14<br \/>\n<a href=\"https:\/\/sarimelekler.biz\/?p=13050\" target=\"_blank\" rel=\"noopener noreferrer\">Sitemiz Ma\u00e7 Yaz\u0131s\u0131<\/a><br \/>\n<a href=\"https:\/\/www.cev.eu\/Competition-Area\/MatchPage.aspx?mID=37481&amp;ID=1196&amp;CID=6609&amp;PID=1945\" target=\"_blank\" rel=\"noopener noreferrer\">CEV<\/a><\/p>\n<p><strong>\u00c7eyrek Final E\u015fle\u015fmesi<\/strong><br \/>\nFenerbah\u00e7e Opet &#8211; Igor Gorgonzola Novara<\/p>\n<p style=\"text-align: justify;\">D\u00fcnya genelini saran ve \u0130talya\u2019da da s\u0131k\u00e7a g\u00f6r\u00fclmeye ba\u015flayan Koronavir\u00fcs salg\u0131n\u0131 nedeniyle, Igor Gorgonzola Novara tak\u0131m\u0131yla e\u015fle\u015fen kul\u00fcb\u00fcm\u00fcz 03-12 Mart tarihlerinde oynanacak ma\u00e7lar\u0131n ertelenmesi i\u00e7in CEV\u2019e ba\u015fvurdu. CEV 01.03.2020 tarihinde yapt\u0131\u011f\u0131 a\u00e7\u0131klamada bu ma\u00e7lar\u0131n <a href=\"https:\/\/sarimelekler.biz\/?p=13181\" target=\"_blank\" rel=\"noopener noreferrer\">ertelendi\u011fini bildirdi.<\/a> CEV 06.03.2020 g\u00fcn\u00fc yapt\u0131\u011f\u0131 a\u00e7\u0131klamada ertelenen ma\u00e7lar\u0131 18-19 Mart tarihlerinde arka arkaya iki g\u00fcnde Slovenya\u2019n\u0131n Maribor \u015fehrinde oynataca\u011f\u0131 ve bu turun <a href=\"https:\/\/sarimelekler.biz\/?p=13232\" target=\"_blank\" rel=\"noopener noreferrer\">tamamlayaca\u011f\u0131n\u0131 duyurdu.<\/a> CEV 10.03.2020 g\u00fcn\u00fc yapt\u0131\u011f\u0131 a\u00e7\u0131klamada 18-19 Mart tarihlerinde Slovenya\u2019da oynanacak olan Fenerbah\u00e7e Opet \u2013 Igor Gorgonzola ma\u00e7\u0131n\u0131n Koronavir\u00fcs salg\u0131n\u0131 riski bulunmas\u0131 sebebiyle bir kez daha ileri bir tarihe <a href=\"https:\/\/sarimelekler.biz\/?p=13280\" target=\"_blank\" rel=\"noopener noreferrer\">ertelendi\u011fi duyuruldu.<\/a><\/p>\n<p style=\"text-align: justify;\">23.04.2020 g\u00fcn\u00fc CEV\u2019in resmi internet sitesinden yap\u0131lan a\u00e7\u0131klamada: COVID-19 pandemisi nedeniyle Erkek ve Kad\u0131nlarda \u00e7eyrek ve yar\u0131 final a\u015famalar\u0131nda bulunan \u015eampiyonlar Ligi, CEV Kupas\u0131 ve Challenge Kupas\u0131 Organizasyonlar\u0131 ile Milli Tak\u0131mlar kategorisinde bu y\u0131l (2020) i\u00e7erisinde d\u00fczenlenecek olan Alt\u0131n Lig ve G\u00fcm\u00fc\u015f Lig organizasyonlar\u0131n\u0131n <a href=\"https:\/\/sarimelekler.biz\/?p=13404\" target=\"_blank\" rel=\"noopener noreferrer\">iptal edildi\u011fi duyuruldu.<\/a><\/p>\n<p style=\"text-align: justify;\">B\u00f6ylelikle Sar\u0131 Melekler 2019 \u2013 2020 \u015eampiyonlar Ligini 6 ma\u00e7ta 4 galibiyet ve 2 ma\u011flubiyetle tamamlad\u0131.<\/p>\n<p><strong>Kaynaklar<\/strong><br \/>\n<strong><a href=\"http:\/\/www.cev.lu\/\" target=\"_blank\" rel=\"noopener noreferrer\">CEV:<\/a>\u00a0<\/strong>Avrupa Voleybol Federasyonu \u015eampiyonlar Ligi \u0130statistik sayfalar\u0131d\u0131r.<\/p>\n","protected":false},"excerpt":{"rendered":"<p>Fenerbah\u00e7e Kad\u0131n Voleybol tak\u0131m\u0131m\u0131z 2018 \u2013 2019 sezonunu \u00fc\u00e7\u00fcnc\u00fc bitirdi\u011fi \u2026 <a class=\"continue-reading-link\" href=\"https:\/\/sarimelekler.biz\/?page_id=13646\">Okumaya Devam Et.. <span class=\"meta-nav\">&rarr; <\/span><\/a><\/p>\n","protected":false},"author":1,"featured_media":0,"parent":11627,"menu_order":2,"comment_status":"closed","ping_status":"closed","template":"","meta":{"_mc_calendar":[],"footnotes":""},"class_list":["post-13646","page","type-page","status-publish","hentry"],"jetpack_sharing_enabled":true,"jetpack_shortlink":"https:\/\/wp.me\/P8npUZ-3y6","jetpack-related-posts":[{"id":5166,"url":"https:\/\/sarimelekler.biz\/?page_id=5166","url_meta":{"origin":13646,"position":0},"title":"\u015eampiyonlar Ligi","author":"Edit\u00f6r","date":"10 Aral\u0131k 2017","format":false,"excerpt":"2018 Cev \u015eampiyonlar ligine Fenerbah\u00e7e Bayan Voleybol tak\u0131m\u0131m\u0131z 2016 \u2013 2017 sezonunu \u015eampiyon bitirdi\u011fi i\u00e7in \u00f6n eleme oynamadan direk kat\u0131ld\u0131. Tak\u0131m\u0131m\u0131z \u015eampiyonlar liginde B Grubu\u2019nda \u0130talya\u2019n\u0131n Imoco Volley Conegliano, yine Italya\u2019nin, Igor Gorgonzola Novara ve \u00c7ekya\u2019n\u0131n Agel Prostejov tak\u0131mlari ile e\u015fle\u015fti. CEV \u015eampiyonlar Ligi\u2019nde grup ma\u00e7lar\u0131 12 Aral\u0131k'ta ba\u015flayacak ve\u2026","rel":"","context":"Benzer yaz\u0131","block_context":{"text":"Benzer yaz\u0131","link":""},"img":{"alt_text":"","src":"https:\/\/i0.wp.com\/sarimelekler.biz\/wp-content\/uploads\/2017\/02\/CkzPqtsB-150x150.jpg?resize=350%2C200&ssl=1","width":350,"height":200},"classes":[]},{"id":2561,"url":"https:\/\/sarimelekler.biz\/?page_id=2561","url_meta":{"origin":13646,"position":1},"title":"\u015eampiyonlar Ligi","author":"Edit\u00f6r","date":"15 \u015eubat 2017","format":false,"excerpt":"CEV \u015eAMP\u0130YONLAR L\u0130G\u0130 \u00a0 2017 Cev \u015eampiyonlar ligini Fenerbah\u00e7e Bayan Voleybol tak\u0131m\u0131m\u0131z 2015 \u2013 2016 sezonunu T\u00fcrkiye Ligini ikinci s\u0131rada bitirdi\u011fi i\u00e7in \u00f6n eleme oynamadan direk kat\u0131ld\u0131. \u015eampiyonlar liginde Fenerbah\u00e7emiz Azerbaycan\u2019\u0131n \u201cAzerrail BAK\u00dc\u201d, Fransa\u2019n\u0131n \u201cST-RAPHA\u00cbL Var VB\u201d ve Polonya\u2019n\u0131n \u201cTauron MKS D\u0104BROWA G\u00d3RNICZA\u201d tak\u0131lar\u0131yla C grubunda e\u015fle\u015fti. CEV \u015eampiyonlar Ligi\u2019nde\u2026","rel":"","context":"Benzer yaz\u0131","block_context":{"text":"Benzer yaz\u0131","link":""},"img":{"alt_text":"","src":"https:\/\/i0.wp.com\/sarimelekler.biz\/wp-content\/uploads\/2017\/02\/CkzPqtsB-150x150.jpg?resize=350%2C200&ssl=1","width":350,"height":200},"classes":[]},{"id":7498,"url":"https:\/\/sarimelekler.biz\/?page_id=7498","url_meta":{"origin":13646,"position":2},"title":"\u015eampiyonlar Ligi","author":"Edit\u00f6r","date":"21 Kas\u0131m 2018","format":false,"excerpt":"2019 Cev \u015eampiyonlar ligine Fenerbah\u00e7e Bayan Voleybol tak\u0131m\u0131m\u0131z 2017 \u2013 2018 sezonunu \u00fc\u00e7\u00fcnc\u00fc bitirdi\u011fi i\u00e7in \u00f6n eleme oynama hakk\u0131 kazanm\u0131\u015ft\u0131. Ancak CEV taraf\u0131ndan yap\u0131lan sistem de\u011fi\u015fikli\u011fi ile beraber tak\u0131m\u0131m\u0131z \u00f6n eleme oynamadan \u015eampiyonlar Ligine direk kat\u0131ld\u0131. Tak\u0131m\u0131m\u0131z \u015eampiyonlar liginde E Grubu\u2019nda Rusya\u2019dan Dinamo Moskova, Polonya'dan Chemik Police ve Romanya'dan CSM\u2026","rel":"","context":"Benzer yaz\u0131","block_context":{"text":"Benzer yaz\u0131","link":""},"img":{"alt_text":"","src":"https:\/\/i0.wp.com\/sarimelekler.biz\/wp-content\/uploads\/2017\/02\/CkzPqtsB-150x150.jpg?resize=350%2C200&ssl=1","width":350,"height":200},"classes":[]},{"id":18774,"url":"https:\/\/sarimelekler.biz\/?page_id=18774","url_meta":{"origin":13646,"position":3},"title":"\u015eampiyonlar Ligi","author":"Edit\u00f6r","date":"7 \u015eubat 2023","format":false,"excerpt":"\u00a0 Avrupa\u2019n\u0131n kul\u00fcpler d\u00fczeyindeki en prestijli organizasyonu olan CEV \u015eampiyonlar Ligi\u2019nde \u00fclkemizi kad\u0131nlarda temsil edecek olan Fenerbah\u00e7e Opet Kad\u0131n Voleybol Tak\u0131m\u0131m\u0131z, 20 tak\u0131m\u0131n m\u00fccadele edece\u011fi 2023 CEV \u015eampiyonlar Ligi\u2019nde D Grubunda yer ald\u0131. Tak\u0131m\u0131m\u0131z\u0131n grup a\u015famas\u0131ndaki rakipleri; Polonya\u2019dan LKS Commercecon Lodz, Almanya\u2019dan Allianz MTV Stuttgart ve Elemelerden gelen \u0130spanyol temsilcisi\u2026","rel":"","context":"Benzer yaz\u0131","block_context":{"text":"Benzer yaz\u0131","link":""},"img":{"alt_text":"","src":"https:\/\/i0.wp.com\/sarimelekler.biz\/wp-content\/uploads\/2023\/02\/Cev-2023-Logo-286x300.jpg?resize=350%2C200&ssl=1","width":350,"height":200,"srcset":"https:\/\/i0.wp.com\/sarimelekler.biz\/wp-content\/uploads\/2023\/02\/Cev-2023-Logo-286x300.jpg?resize=350%2C200&ssl=1 1x, https:\/\/i0.wp.com\/sarimelekler.biz\/wp-content\/uploads\/2023\/02\/Cev-2023-Logo-286x300.jpg?resize=525%2C300&ssl=1 1.5x, https:\/\/i0.wp.com\/sarimelekler.biz\/wp-content\/uploads\/2023\/02\/Cev-2023-Logo-286x300.jpg?resize=700%2C400&ssl=1 2x"},"classes":[]},{"id":11627,"url":"https:\/\/sarimelekler.biz\/?page_id=11627","url_meta":{"origin":13646,"position":4},"title":"2019-2020","author":"Edit\u00f6r","date":"9 Eyl\u00fcl 2019","format":false,"excerpt":"Bu sezon ile ilgili sitemizde bulabilece\u011finiz linkler: Kadro Vestel Ven\u00fcs Sultanlar Ligi Cev \u015eampiyonlar Ligi T\u00fcrkiye Kupas\u0131 (Kupa Voley)","rel":"","context":"Benzer yaz\u0131","block_context":{"text":"Benzer yaz\u0131","link":""},"img":{"alt_text":"","src":"","width":0,"height":0},"classes":[]},{"id":16,"url":"https:\/\/sarimelekler.biz\/?page_id=16","url_meta":{"origin":13646,"position":5},"title":"2010-2011","author":"Edit\u00f6r","date":"4 \u015eubat 2017","format":false,"excerpt":"Fenerbah\u00e7e Bayan Voleybol tak\u0131m\u0131m\u0131z bir \u00f6nceki sezon ba\u015far\u0131lar\u0131 tekrarlamak ve Avrupa \u015eampiyonlu\u011funu kazanabilmek amac\u0131yla 2010 \u2013 2011 sezonuna ba\u015flayan tak\u0131m\u0131m\u0131z \u00f6nceki sezondan kadrosunda bulunan Frauke Dirickx, Alice Blom, Cemre Erol, Merve Tan\u0131l ve antren\u00f6r\u00fcm\u00fcz Jan De Brandt ile yollar ayr\u0131ld\u0131. Bir voleybol efsanesi olan ve \u00fclkesi d\u0131\u015f\u0131nda sadece Fenerbah\u00e7e\u2019de forma\u2026","rel":"","context":"Benzer yaz\u0131","block_context":{"text":"Benzer yaz\u0131","link":""},"img":{"alt_text":"","src":"","width":0,"height":0},"classes":[]}],"_links":{"self":[{"href":"https:\/\/sarimelekler.biz\/index.php?rest_route=\/wp\/v2\/pages\/13646","targetHints":{"allow":["GET"]}}],"collection":[{"href":"https:\/\/sarimelekler.biz\/index.php?rest_route=\/wp\/v2\/pages"}],"about":[{"href":"https:\/\/sarimelekler.biz\/index.php?rest_route=\/wp\/v2\/types\/page"}],"author":[{"embeddable":true,"href":"https:\/\/sarimelekler.biz\/index.php?rest_route=\/wp\/v2\/users\/1"}],"replies":[{"embeddable":true,"href":"https:\/\/sarimelekler.biz\/index.php?rest_route=%2Fwp%2Fv2%2Fcomments&post=13646"}],"version-history":[{"count":11,"href":"https:\/\/sarimelekler.biz\/index.php?rest_route=\/wp\/v2\/pages\/13646\/revisions"}],"predecessor-version":[{"id":13659,"href":"https:\/\/sarimelekler.biz\/index.php?rest_route=\/wp\/v2\/pages\/13646\/revisions\/13659"}],"up":[{"embeddable":true,"href":"https:\/\/sarimelekler.biz\/index.php?rest_route=\/wp\/v2\/pages\/11627"}],"wp:attachment":[{"href":"https:\/\/sarimelekler.biz\/index.php?rest_route=%2Fwp%2Fv2%2Fmedia&parent=13646"}],"curies":[{"name":"wp","href":"https:\/\/api.w.org\/{rel}","templated":true}]}}