{"id":13727,"date":"2020-08-23T02:34:47","date_gmt":"2020-08-22T23:34:47","guid":{"rendered":"http:\/\/sarimelekler.biz\/?page_id=13727"},"modified":"2020-08-24T23:38:31","modified_gmt":"2020-08-24T20:38:31","slug":"kupa-voley","status":"publish","type":"page","link":"https:\/\/sarimelekler.biz\/?page_id=13727","title":{"rendered":"T\u00fcrkiye Kupas\u0131 (Kupa Voley)"},"content":{"rendered":"<p><img loading=\"lazy\" decoding=\"async\" data-attachment-id=\"11250\" data-permalink=\"https:\/\/sarimelekler.biz\/?attachment_id=11250\" data-orig-file=\"https:\/\/sarimelekler.biz\/wp-content\/uploads\/2019\/05\/18-19-T\u00fcrkiye-Kupas\u0131.jpg\" data-orig-size=\"1200,855\" data-comments-opened=\"0\" data-image-meta=\"{&quot;aperture&quot;:&quot;0&quot;,&quot;credit&quot;:&quot;&quot;,&quot;camera&quot;:&quot;&quot;,&quot;caption&quot;:&quot;&quot;,&quot;created_timestamp&quot;:&quot;0&quot;,&quot;copyright&quot;:&quot;&quot;,&quot;focal_length&quot;:&quot;0&quot;,&quot;iso&quot;:&quot;0&quot;,&quot;shutter_speed&quot;:&quot;0&quot;,&quot;title&quot;:&quot;&quot;,&quot;orientation&quot;:&quot;0&quot;}\" data-image-title=\"T\u00fcrkiye Kupas\u0131 Logo\" data-image-description=\"\" data-image-caption=\"\" data-large-file=\"https:\/\/sarimelekler.biz\/wp-content\/uploads\/2019\/05\/18-19-T\u00fcrkiye-Kupas\u0131-1024x730.jpg\" class=\"aligncenter wp-image-11250 size-large\" src=\"https:\/\/sarimelekler.biz\/wp-content\/uploads\/2019\/05\/18-19-T\u00fcrkiye-Kupas\u0131-1024x730.jpg\" alt=\"\" width=\"800\" height=\"570\" srcset=\"https:\/\/sarimelekler.biz\/wp-content\/uploads\/2019\/05\/18-19-T\u00fcrkiye-Kupas\u0131-1024x730.jpg 1024w, https:\/\/sarimelekler.biz\/wp-content\/uploads\/2019\/05\/18-19-T\u00fcrkiye-Kupas\u0131-300x214.jpg 300w, https:\/\/sarimelekler.biz\/wp-content\/uploads\/2019\/05\/18-19-T\u00fcrkiye-Kupas\u0131-768x547.jpg 768w, https:\/\/sarimelekler.biz\/wp-content\/uploads\/2019\/05\/18-19-T\u00fcrkiye-Kupas\u0131-150x107.jpg 150w, https:\/\/sarimelekler.biz\/wp-content\/uploads\/2019\/05\/18-19-T\u00fcrkiye-Kupas\u0131.jpg 1200w\" sizes=\"auto, (max-width: 800px) 100vw, 800px\" \/><\/p>\n<p style=\"text-align: justify;\">2019 \u2013 2020 sezonunda T\u00fcrkiye Kupas\u0131 \u201cAXA Sigorta Kupa Voley\u201d ismiyle d\u00fczenlenmi\u015ftir. 2019 \u2013 2020 Voleybol Sezonu Vestel Venus Sultanlar Ligi\u2019nde 1. devre kar\u015f\u0131la\u015fmalar\u0131n\u0131n sona ermesinin ard\u0131ndan, s\u0131ralamada ilk d\u00f6rt s\u0131rada yer alan <strong>Eczac\u0131ba\u015f\u0131 VitrA, Vak\u0131fBank, Fenerbah\u00e7e Opet<\/strong>\u00a0ve\u00a0<strong>Galatasaray HDI Sigorta<\/strong>\u00a0tak\u0131mlar\u0131, 2019 \u2013 2020 Voleybol Sezonu AXA Sigorta Kupa Voley kad\u0131nlar kategorisi kar\u015f\u0131la\u015fmalar\u0131na stat\u00fc gere\u011fi direkt olarak final etab\u0131ndan kat\u0131lacaklar.<\/p>\n<p style=\"text-align: justify;\">Geriye kalan s\u0131ralamada 5 ile 12\u2019nci s\u0131ra aras\u0131nda yer alan sekiz tak\u0131m \u00a0iki kar\u015f\u0131la\u015fma \u00fczerinden birbiriyle kendi sahalar\u0131nda kar\u015f\u0131la\u015facak. E\u015fle\u015fmedeki ilk kar\u015f\u0131la\u015fma, 1. devre sonunda olu\u015fan puan s\u0131ralamas\u0131nda rakibinin alt s\u0131ras\u0131nda yer alan tak\u0131m\u0131n sahas\u0131nda oynan\u0131r. \u0130ki ma\u00e7 sonunda puan \u00fcst\u00fcnl\u00fc\u011f\u00fc olan tak\u0131m final etab\u0131nda m\u00fccadele etmeye hak kazan\u0131r. \u0130kinci ma\u00e7\u0131n ard\u0131ndan puan e\u015fitli\u011fi s\u00f6z konusu olursa, ikinci ma\u00e7\u0131n oynand\u0131\u011f\u0131 salonda, kar\u015f\u0131la\u015fman\u0131n bitiminde 15 say\u0131 \u00fczerinden, \u201cAlt\u0131n Set\u201d oynan\u0131r. Alt\u0131n seti kazanan ekip, finallerdeki yerini al\u0131r.<br \/>\nTurnuvan\u0131n Final etab\u0131 02-03-04 Nisan 2020 tarihlerinde Gaziantep\u2019te d\u00fczenlenecektir.<\/p>\n<p style=\"text-align: justify;\"><strong>1.Tur Ma\u00e7lar\u0131<\/strong><br \/>\nKarayollar\u0131 \u2013 <strong>Atlasglobal Ye\u015filyurt<\/strong>: 3-0, 1-4<br \/>\nBe\u015fikta\u015f \u2013 <strong>T\u00fcrk Hava Yollar\u0131<\/strong>\u00a0: 0-3, 1-3<br \/>\n<strong>PTT<\/strong> \u2013 Ayd\u0131n B.\u015eehir Bld.: 3-1, 3-1<br \/>\nBeylikd\u00fcz\u00fc Vol. \u0130ht. \u2013 <strong>Nil\u00fcfer Bld.<\/strong>: 0-3, 0-3<\/p>\n<p style=\"text-align: justify;\"><strong>Final Etab\u0131: 02 Nisan 2020<\/strong><br \/>\nGalatasaray HDI Sigorta \u2013 Nil\u00fcfer Bld. \/ Saat: 12:00<br \/>\nEczac\u0131ba\u015f\u0131 Vitra \u2013 Atlasglobal Ye\u015filyurt \/ Saat: 15:00<br \/>\nVak\u0131fbank \u2013 T\u00fcrk Hava Yollar\u0131 \/ Saat: 17:30<br \/>\n<strong>Fenerbah\u00e7e Opet &#8211; PTT \/ Saat: 19:30<\/strong><\/p>\n<p style=\"text-align: justify;\">T\u00fcrkiye Cumhuriyeti Gen\u00e7lik ve Spor Bakan\u0131 Sn. Mehmet Muharrem Kasapo\u011flu\u2019nun ev sahipli\u011finde 19.03.2020 g\u00fcn\u00fc Ankara\u2019da yap\u0131lan toplant\u0131 sonucunda, COVID-19 salg\u0131n\u0131na kar\u015f\u0131 al\u0131nan tedbirler kapsam\u0131nda t\u00fcm voleybol ma\u00e7lar\u0131n\u0131n s\u00fcresiz olarak ertelendi\u011fi a\u00e7\u0131klanm\u0131\u015f, yakla\u015f\u0131k 53 g\u00fcnde tak\u0131mlar antrenmanlar\u0131na evlerinden \u00c7evrimi\u00e7i olarak s\u00fcrd\u00fcrd\u00fckten sonra 11.05.2020 g\u00fcn\u00fc T\u00fcrkiye Voleybol Federasyonu taraf\u0131ndan; erkek ve kad\u0131n liglerinin mevcut haliyle tescil edildi\u011fi ve 22 haftal\u0131k normal sezonu oynanan liglerin play-off turunun oynanmayaca\u011f\u0131 \u015eampiyon ve k\u00fcme d\u00fc\u015fen tak\u0131mlar\u0131n olmayaca\u011f\u0131 a\u00e7\u0131klanarak ligler sonland\u0131r\u0131ld\u0131. \u00a0Bu sebeple \u00a02019 \u2013 2020 Voleybol Sezonu AXA Sigorta Kupa Voley kad\u0131nlar kategorisinde Final etab\u0131 oynanamam\u0131\u015ft\u0131r.<\/p>\n","protected":false},"excerpt":{"rendered":"<p>2019 \u2013 2020 sezonunda T\u00fcrkiye Kupas\u0131 \u201cAXA Sigorta Kupa Voley\u201d \u2026 <a class=\"continue-reading-link\" href=\"https:\/\/sarimelekler.biz\/?page_id=13727\">Okumaya Devam Et.. <span class=\"meta-nav\">&rarr; <\/span><\/a><\/p>\n","protected":false},"author":1,"featured_media":0,"parent":11627,"menu_order":4,"comment_status":"closed","ping_status":"closed","template":"","meta":{"_mc_calendar":[],"footnotes":""},"class_list":["post-13727","page","type-page","status-publish","hentry"],"jetpack_sharing_enabled":true,"jetpack_shortlink":"https:\/\/wp.me\/P8npUZ-3zp","jetpack-related-posts":[{"id":7553,"url":"https:\/\/sarimelekler.biz\/?page_id=7553","url_meta":{"origin":13727,"position":0},"title":"T\u00fcrkiye Kupas\u0131 (Kupa Voley)","author":"Edit\u00f6r","date":"21 Kas\u0131m 2018","format":false,"excerpt":"2018 \u2013 2019 sezonunda T\u00fcrkiye Kupas\u0131 \u201cAXA Sigorta Kupa Voley\u201d ismiyle d\u00fczenlenmi\u015ftir. Vestel Venus Sultanlar Ligi\u2019nde 1. Yar\u0131 kar\u015f\u0131la\u015fmalar\u0131n\u0131n sona ermesinin ard\u0131ndan, s\u0131ralamada 5 ile 12\u2019nci s\u0131ra aras\u0131nda yer alan sekiz tak\u0131m Avrupa ma\u00e7lar\u0131 fikst\u00fcr\u00fc m\u00fcsaitli\u011fine g\u00f6re 2019 Ocak \u2013 \u015eubat ve Mart aylar\u0131nda iki kar\u015f\u0131la\u015fma \u00fczerinden birbiriyle kendi sahalar\u0131nda\u2026","rel":"","context":"Benzer yaz\u0131","block_context":{"text":"Benzer yaz\u0131","link":""},"img":{"alt_text":"","src":"","width":0,"height":0},"classes":[]},{"id":18829,"url":"https:\/\/sarimelekler.biz\/?page_id=18829","url_meta":{"origin":13727,"position":1},"title":"T\u00fcrkiye Kupas\u0131 (Kupa Voley)","author":"Edit\u00f6r","date":"11 \u015eubat 2023","format":false,"excerpt":"2022 \u2013 2023 T\u00fcrkiye Kupas\u0131 \u201cAXA Sigorta Kupa Voley D\u00fcnya Baltac\u0131o\u011flu \u00d6zel Sezonu\u201d ismi alt\u0131nda d\u00fczenlenmi\u015ftir. Axa Sigorta Kupa Voley m\u00fcsabakalar\u0131 2022-2023 sezonunda Sultanlar liginde bulunan 14 tak\u0131mla oynanacakt\u0131r. 2021-2022 sezon s\u0131ralamas\u0131na g\u00f6re (1. Vak\u0131fbank, 2.Fenerbah\u00e7e Opet hari\u00e7) di\u011fer tak\u0131mlar serpantin usul\u00fcne g\u00f6re 4\u2019erli 3 gruba ayr\u0131l\u0131r. Gruptaki tak\u0131mlar Federasyonca\u2026","rel":"","context":"Benzer yaz\u0131","block_context":{"text":"Benzer yaz\u0131","link":""},"img":{"alt_text":"","src":"https:\/\/i0.wp.com\/sarimelekler.biz\/wp-content\/uploads\/2023\/02\/Tr-Kupasi-2023-Logo-1024x663.jpg?resize=350%2C200&ssl=1","width":350,"height":200,"srcset":"https:\/\/i0.wp.com\/sarimelekler.biz\/wp-content\/uploads\/2023\/02\/Tr-Kupasi-2023-Logo-1024x663.jpg?resize=350%2C200&ssl=1 1x, https:\/\/i0.wp.com\/sarimelekler.biz\/wp-content\/uploads\/2023\/02\/Tr-Kupasi-2023-Logo-1024x663.jpg?resize=525%2C300&ssl=1 1.5x, https:\/\/i0.wp.com\/sarimelekler.biz\/wp-content\/uploads\/2023\/02\/Tr-Kupasi-2023-Logo-1024x663.jpg?resize=700%2C400&ssl=1 2x, https:\/\/i0.wp.com\/sarimelekler.biz\/wp-content\/uploads\/2023\/02\/Tr-Kupasi-2023-Logo-1024x663.jpg?resize=1050%2C600&ssl=1 3x"},"classes":[]},{"id":16187,"url":"https:\/\/sarimelekler.biz\/?page_id=16187","url_meta":{"origin":13727,"position":2},"title":"T\u00fcrkiye Kupas\u0131 (Kupa Voley)","author":"Edit\u00f6r","date":"7 Ekim 2021","format":false,"excerpt":"\u00a0 2021 \u2013 2022 T\u00fcrkiye Kupas\u0131 \u201cAxa Sigorta Kupa Voley\u201d ismi alt\u0131nda d\u00fczenlenmi\u015ftir. Axa Sigorta Kupa Voley m\u00fcsabakalar\u0131 2021-2022 sezonunda Sultanlar liginde bulunan 14 tak\u0131mla oynanacakt\u0131r. 2020-2021 sezon s\u0131ralamas\u0131na g\u00f6re (1. Vak\u0131fbank, 2.Fenerbah\u00e7e Opet hari\u00e7) di\u011fer tak\u0131mlar serpantin usul\u00fcne g\u00f6re 4\u2019erli 3 gruba ayr\u0131l\u0131r. Gruptaki tak\u0131mlar Federasyonca belirlenen illerde tek\u2026","rel":"","context":"Benzer yaz\u0131","block_context":{"text":"Benzer yaz\u0131","link":""},"img":{"alt_text":"","src":"https:\/\/i0.wp.com\/sarimelekler.biz\/wp-content\/uploads\/2022\/04\/03-21-22-TK-9.jpg?resize=350%2C200&ssl=1","width":350,"height":200,"srcset":"https:\/\/i0.wp.com\/sarimelekler.biz\/wp-content\/uploads\/2022\/04\/03-21-22-TK-9.jpg?resize=350%2C200&ssl=1 1x, https:\/\/i0.wp.com\/sarimelekler.biz\/wp-content\/uploads\/2022\/04\/03-21-22-TK-9.jpg?resize=525%2C300&ssl=1 1.5x, https:\/\/i0.wp.com\/sarimelekler.biz\/wp-content\/uploads\/2022\/04\/03-21-22-TK-9.jpg?resize=700%2C400&ssl=1 2x, https:\/\/i0.wp.com\/sarimelekler.biz\/wp-content\/uploads\/2022\/04\/03-21-22-TK-9.jpg?resize=1050%2C600&ssl=1 3x, https:\/\/i0.wp.com\/sarimelekler.biz\/wp-content\/uploads\/2022\/04\/03-21-22-TK-9.jpg?resize=1400%2C800&ssl=1 4x"},"classes":[]},{"id":13761,"url":"https:\/\/sarimelekler.biz\/?page_id=13761","url_meta":{"origin":13727,"position":3},"title":"T\u00fcrkiye Kupas\u0131 (Kupa Voley)","author":"Edit\u00f6r","date":"24 A\u011fustos 2020","format":false,"excerpt":"2019-2020 sezonu 22 haftal\u0131k normal sezon s\u0131ralamas\u0131 ve 1.Lig Yar\u0131 Final gruplar\u0131 1 ve 2.\u2019leri 4\u2019erli 4 gruba ayr\u0131l\u0131r. Gruptaki tak\u0131mlar Federasyonca belirlenen illerde tek devreli lig usul\u00fc turnuva ma\u00e7lar\u0131 oynarlar, Grup ma\u00e7lar\u0131 sonunda Gruplar\u0131nda 1. ve 2. olanlar \u00c7eyrek Finale y\u00fckselir. Gruplar\u0131n 1.\u00a0 ve\u00a0 2.\u2019leri\u00a0 toplam\u00a0 8\u00a0 tak\u0131m e\u015fle\u015ferek\u2026","rel":"","context":"Benzer yaz\u0131","block_context":{"text":"Benzer yaz\u0131","link":""},"img":{"alt_text":"","src":"https:\/\/i0.wp.com\/sarimelekler.biz\/wp-content\/uploads\/2020\/08\/kupa-volley.png?resize=350%2C200&ssl=1","width":350,"height":200,"srcset":"https:\/\/i0.wp.com\/sarimelekler.biz\/wp-content\/uploads\/2020\/08\/kupa-volley.png?resize=350%2C200&ssl=1 1x, https:\/\/i0.wp.com\/sarimelekler.biz\/wp-content\/uploads\/2020\/08\/kupa-volley.png?resize=525%2C300&ssl=1 1.5x"},"classes":[]},{"id":5236,"url":"https:\/\/sarimelekler.biz\/?page_id=5236","url_meta":{"origin":13727,"position":4},"title":"T\u00fcrkiye Kupas\u0131 (Kupa Voley)","author":"Edit\u00f6r","date":"21 Aral\u0131k 2017","format":false,"excerpt":"2017 \u2013 2018 sezonunda T\u00fcrkiye Kupas\u0131 \u201cKupa Voley\u201d ismiyle d\u00fczenlenmi\u015ftir. Vestel Venus Sultanlar Ligi\u2019nde 1. Yar\u0131 kar\u015f\u0131la\u015fmalar\u0131n\u0131n sona ermesinin ard\u0131ndan, s\u0131ralamada 5 ile 12\u2019nci s\u0131ra aras\u0131nda yer alan sekiz tak\u0131m 16.12.2017 ve 19.12.2017 tarihlerinde iki kar\u015f\u0131la\u015fma \u00fczerinden birbiriyle kendi sahalar\u0131nda kar\u015f\u0131la\u015fm\u0131\u015f buradan turu ge\u00e7en 4 tak\u0131mla lig s\u0131ralamas\u0131nda ilk 4\u2026","rel":"","context":"Benzer yaz\u0131","block_context":{"text":"Benzer yaz\u0131","link":""},"img":{"alt_text":"","src":"","width":0,"height":0},"classes":[]},{"id":2282,"url":"https:\/\/sarimelekler.biz\/?page_id=2282","url_meta":{"origin":13727,"position":5},"title":"T\u00fcrkiye Kupas\u0131 \u015eampiyonlu\u011fu","author":"Edit\u00f6r","date":"12 \u015eubat 2017","format":false,"excerpt":"2016 \u2013 2017 sezonunda T\u00fcrkiye Kupas\u0131 \u201cKupa Voley\u201d ismiyle 15-16-17\/01\/2017 tarihlerinde Ankara Ba\u015fkent Spor Salonu\u2019nda d\u00fczenlenmi\u015ftir. 15.01.2017 g\u00fcn\u00fc Kupa Voley \u00c7eyrek Final Ma\u00e7\u0131nda Sar\u0131yer Belediyesi tak\u0131m\u0131yla kar\u015f\u0131la\u015fan Fenerbah\u00e7e Bayan Voleybol Tak\u0131m\u0131m\u0131z ma\u00e7tan 25-11, 25-17, 25-20\u2019lik set skorlar\u0131yla 3-0 galip ayr\u0131ld\u0131. Ma\u00e7\u0131n en skorer oyuncusu kaydetti\u011fi 16 say\u0131yla Polen Uslupehlivan oldu.\u2026","rel":"","context":"Benzer yaz\u0131","block_context":{"text":"Benzer yaz\u0131","link":""},"img":{"alt_text":"","src":"https:\/\/i0.wp.com\/sarimelekler.biz\/wp-content\/uploads\/2017\/02\/haber_1484503527_15-300x143.jpg?resize=350%2C200&ssl=1","width":350,"height":200,"srcset":"https:\/\/i0.wp.com\/sarimelekler.biz\/wp-content\/uploads\/2017\/02\/haber_1484503527_15-300x143.jpg?resize=350%2C200&ssl=1 1x, https:\/\/i0.wp.com\/sarimelekler.biz\/wp-content\/uploads\/2017\/02\/haber_1484503527_15-300x143.jpg?resize=525%2C300&ssl=1 1.5x, https:\/\/i0.wp.com\/sarimelekler.biz\/wp-content\/uploads\/2017\/02\/haber_1484503527_15-300x143.jpg?resize=700%2C400&ssl=1 2x, https:\/\/i0.wp.com\/sarimelekler.biz\/wp-content\/uploads\/2017\/02\/haber_1484503527_15-300x143.jpg?resize=1050%2C600&ssl=1 3x, https:\/\/i0.wp.com\/sarimelekler.biz\/wp-content\/uploads\/2017\/02\/haber_1484503527_15-300x143.jpg?resize=1400%2C800&ssl=1 4x"},"classes":[]}],"_links":{"self":[{"href":"https:\/\/sarimelekler.biz\/index.php?rest_route=\/wp\/v2\/pages\/13727","targetHints":{"allow":["GET"]}}],"collection":[{"href":"https:\/\/sarimelekler.biz\/index.php?rest_route=\/wp\/v2\/pages"}],"about":[{"href":"https:\/\/sarimelekler.biz\/index.php?rest_route=\/wp\/v2\/types\/page"}],"author":[{"embeddable":true,"href":"https:\/\/sarimelekler.biz\/index.php?rest_route=\/wp\/v2\/users\/1"}],"replies":[{"embeddable":true,"href":"https:\/\/sarimelekler.biz\/index.php?rest_route=%2Fwp%2Fv2%2Fcomments&post=13727"}],"version-history":[{"count":4,"href":"https:\/\/sarimelekler.biz\/index.php?rest_route=\/wp\/v2\/pages\/13727\/revisions"}],"predecessor-version":[{"id":13763,"href":"https:\/\/sarimelekler.biz\/index.php?rest_route=\/wp\/v2\/pages\/13727\/revisions\/13763"}],"up":[{"embeddable":true,"href":"https:\/\/sarimelekler.biz\/index.php?rest_route=\/wp\/v2\/pages\/11627"}],"wp:attachment":[{"href":"https:\/\/sarimelekler.biz\/index.php?rest_route=%2Fwp%2Fv2%2Fmedia&parent=13727"}],"curies":[{"name":"wp","href":"https:\/\/api.w.org\/{rel}","templated":true}]}}