{"id":13742,"date":"2020-08-24T23:24:29","date_gmt":"2020-08-24T20:24:29","guid":{"rendered":"http:\/\/sarimelekler.biz\/?page_id=13742"},"modified":"2020-08-24T23:35:02","modified_gmt":"2020-08-24T20:35:02","slug":"kadro","status":"publish","type":"page","link":"https:\/\/sarimelekler.biz\/?page_id=13742","title":{"rendered":"Kadro"},"content":{"rendered":"\n\t\t<style type=\"text\/css\">\n\t\t\t#gallery-1 {\n\t\t\t\tmargin: auto;\n\t\t\t}\n\t\t\t#gallery-1 .gallery-item {\n\t\t\t\tfloat: left;\n\t\t\t\tmargin-top: 10px;\n\t\t\t\ttext-align: center;\n\t\t\t\twidth: 100%;\n\t\t\t}\n\t\t\t#gallery-1 img {\n\t\t\t\tborder: 2px solid #cfcfcf;\n\t\t\t}\n\t\t\t#gallery-1 .gallery-caption {\n\t\t\t\tmargin-left: 0;\n\t\t\t}\n\t\t\t\/* see gallery_shortcode() in wp-includes\/media.php *\/\n\t\t<\/style>\n\t\t<div data-carousel-extra='{&quot;blog_id&quot;:1,&quot;permalink&quot;:&quot;https:\/\/sarimelekler.biz\/?page_id=13742&quot;}' id='gallery-1' class='gallery galleryid-13742 gallery-columns-1 gallery-size-large'><dl class='gallery-item'>\n\t\t\t<dt class='gallery-icon landscape'>\n\t\t\t\t<a href='https:\/\/sarimelekler.biz\/?attachment_id=13745'><img loading=\"lazy\" decoding=\"async\" width=\"860\" height=\"257\" src=\"https:\/\/sarimelekler.biz\/wp-content\/uploads\/2020\/08\/20-21-Orta-Oyuncular-1024x306.png\" class=\"attachment-large size-large\" alt=\"\" srcset=\"https:\/\/sarimelekler.biz\/wp-content\/uploads\/2020\/08\/20-21-Orta-Oyuncular-1024x306.png 1024w, https:\/\/sarimelekler.biz\/wp-content\/uploads\/2020\/08\/20-21-Orta-Oyuncular-300x90.png 300w, https:\/\/sarimelekler.biz\/wp-content\/uploads\/2020\/08\/20-21-Orta-Oyuncular-768x230.png 768w, https:\/\/sarimelekler.biz\/wp-content\/uploads\/2020\/08\/20-21-Orta-Oyuncular-1536x459.png 1536w, https:\/\/sarimelekler.biz\/wp-content\/uploads\/2020\/08\/20-21-Orta-Oyuncular-150x45.png 150w, https:\/\/sarimelekler.biz\/wp-content\/uploads\/2020\/08\/20-21-Orta-Oyuncular.png 1683w\" sizes=\"auto, (max-width: 860px) 100vw, 860px\" data-attachment-id=\"13745\" data-permalink=\"https:\/\/sarimelekler.biz\/?attachment_id=13745\" data-orig-file=\"https:\/\/sarimelekler.biz\/wp-content\/uploads\/2020\/08\/20-21-Orta-Oyuncular.png\" data-orig-size=\"1683,503\" data-comments-opened=\"0\" data-image-meta=\"{&quot;aperture&quot;:&quot;0&quot;,&quot;credit&quot;:&quot;&quot;,&quot;camera&quot;:&quot;&quot;,&quot;caption&quot;:&quot;&quot;,&quot;created_timestamp&quot;:&quot;0&quot;,&quot;copyright&quot;:&quot;&quot;,&quot;focal_length&quot;:&quot;0&quot;,&quot;iso&quot;:&quot;0&quot;,&quot;shutter_speed&quot;:&quot;0&quot;,&quot;title&quot;:&quot;&quot;,&quot;orientation&quot;:&quot;0&quot;}\" data-image-title=\"20-21 &amp;#8211; Orta Oyuncular\" data-image-description=\"\" data-image-caption=\"\" data-large-file=\"https:\/\/sarimelekler.biz\/wp-content\/uploads\/2020\/08\/20-21-Orta-Oyuncular-1024x306.png\" \/><\/a>\n\t\t\t<\/dt><\/dl><br style=\"clear: both\" \/>\n\t\t<\/div>\n\n<p><strong>Orta Oyuncular<\/strong><\/p>\n\n\t\t<style type=\"text\/css\">\n\t\t\t#gallery-2 {\n\t\t\t\tmargin: auto;\n\t\t\t}\n\t\t\t#gallery-2 .gallery-item {\n\t\t\t\tfloat: left;\n\t\t\t\tmargin-top: 10px;\n\t\t\t\ttext-align: center;\n\t\t\t\twidth: 100%;\n\t\t\t}\n\t\t\t#gallery-2 img {\n\t\t\t\tborder: 2px solid #cfcfcf;\n\t\t\t}\n\t\t\t#gallery-2 .gallery-caption {\n\t\t\t\tmargin-left: 0;\n\t\t\t}\n\t\t\t\/* see gallery_shortcode() in wp-includes\/media.php *\/\n\t\t<\/style>\n\t\t<div data-carousel-extra='{&quot;blog_id&quot;:1,&quot;permalink&quot;:&quot;https:\/\/sarimelekler.biz\/?page_id=13742&quot;}' id='gallery-2' class='gallery galleryid-13742 gallery-columns-1 gallery-size-large'><dl class='gallery-item'>\n\t\t\t<dt class='gallery-icon landscape'>\n\t\t\t\t<a href='https:\/\/sarimelekler.biz\/?attachment_id=13751'><img loading=\"lazy\" decoding=\"async\" width=\"860\" height=\"333\" src=\"https:\/\/sarimelekler.biz\/wp-content\/uploads\/2020\/08\/20-21-Pas\u00f6rler-1024x396.png\" class=\"attachment-large size-large\" alt=\"\" srcset=\"https:\/\/sarimelekler.biz\/wp-content\/uploads\/2020\/08\/20-21-Pas\u00f6rler-1024x396.png 1024w, https:\/\/sarimelekler.biz\/wp-content\/uploads\/2020\/08\/20-21-Pas\u00f6rler-300x116.png 300w, https:\/\/sarimelekler.biz\/wp-content\/uploads\/2020\/08\/20-21-Pas\u00f6rler-768x297.png 768w, https:\/\/sarimelekler.biz\/wp-content\/uploads\/2020\/08\/20-21-Pas\u00f6rler-150x58.png 150w, https:\/\/sarimelekler.biz\/wp-content\/uploads\/2020\/08\/20-21-Pas\u00f6rler.png 1312w\" sizes=\"auto, (max-width: 860px) 100vw, 860px\" data-attachment-id=\"13751\" data-permalink=\"https:\/\/sarimelekler.biz\/?attachment_id=13751\" data-orig-file=\"https:\/\/sarimelekler.biz\/wp-content\/uploads\/2020\/08\/20-21-Pas\u00f6rler.png\" data-orig-size=\"1312,507\" data-comments-opened=\"0\" data-image-meta=\"{&quot;aperture&quot;:&quot;0&quot;,&quot;credit&quot;:&quot;&quot;,&quot;camera&quot;:&quot;&quot;,&quot;caption&quot;:&quot;&quot;,&quot;created_timestamp&quot;:&quot;0&quot;,&quot;copyright&quot;:&quot;&quot;,&quot;focal_length&quot;:&quot;0&quot;,&quot;iso&quot;:&quot;0&quot;,&quot;shutter_speed&quot;:&quot;0&quot;,&quot;title&quot;:&quot;&quot;,&quot;orientation&quot;:&quot;0&quot;}\" data-image-title=\"20-21 Pas\u00f6rler\" data-image-description=\"\" data-image-caption=\"\" data-large-file=\"https:\/\/sarimelekler.biz\/wp-content\/uploads\/2020\/08\/20-21-Pas\u00f6rler-1024x396.png\" \/><\/a>\n\t\t\t<\/dt><\/dl><br style=\"clear: both\" \/>\n\t\t<\/div>\n\n<p><strong>Pas\u00f6r Oyuncular<\/strong><\/p>\n\n\t\t<style type=\"text\/css\">\n\t\t\t#gallery-3 {\n\t\t\t\tmargin: auto;\n\t\t\t}\n\t\t\t#gallery-3 .gallery-item {\n\t\t\t\tfloat: left;\n\t\t\t\tmargin-top: 10px;\n\t\t\t\ttext-align: center;\n\t\t\t\twidth: 100%;\n\t\t\t}\n\t\t\t#gallery-3 img {\n\t\t\t\tborder: 2px solid #cfcfcf;\n\t\t\t}\n\t\t\t#gallery-3 .gallery-caption {\n\t\t\t\tmargin-left: 0;\n\t\t\t}\n\t\t\t\/* see gallery_shortcode() in wp-includes\/media.php *\/\n\t\t<\/style>\n\t\t<div data-carousel-extra='{&quot;blog_id&quot;:1,&quot;permalink&quot;:&quot;https:\/\/sarimelekler.biz\/?page_id=13742&quot;}' id='gallery-3' class='gallery galleryid-13742 gallery-columns-1 gallery-size-large'><dl class='gallery-item'>\n\t\t\t<dt class='gallery-icon landscape'>\n\t\t\t\t<a href='https:\/\/sarimelekler.biz\/?attachment_id=13752'><img loading=\"lazy\" decoding=\"async\" width=\"860\" height=\"281\" src=\"https:\/\/sarimelekler.biz\/wp-content\/uploads\/2020\/08\/20-21-Sma\u00e7\u00f6rler-1024x335.jpg\" class=\"attachment-large size-large\" alt=\"\" srcset=\"https:\/\/sarimelekler.biz\/wp-content\/uploads\/2020\/08\/20-21-Sma\u00e7\u00f6rler-1024x335.jpg 1024w, https:\/\/sarimelekler.biz\/wp-content\/uploads\/2020\/08\/20-21-Sma\u00e7\u00f6rler-300x98.jpg 300w, https:\/\/sarimelekler.biz\/wp-content\/uploads\/2020\/08\/20-21-Sma\u00e7\u00f6rler-768x251.jpg 768w, https:\/\/sarimelekler.biz\/wp-content\/uploads\/2020\/08\/20-21-Sma\u00e7\u00f6rler-1536x503.jpg 1536w, https:\/\/sarimelekler.biz\/wp-content\/uploads\/2020\/08\/20-21-Sma\u00e7\u00f6rler-150x49.jpg 150w, https:\/\/sarimelekler.biz\/wp-content\/uploads\/2020\/08\/20-21-Sma\u00e7\u00f6rler.jpg 1775w\" sizes=\"auto, (max-width: 860px) 100vw, 860px\" data-attachment-id=\"13752\" data-permalink=\"https:\/\/sarimelekler.biz\/?attachment_id=13752\" data-orig-file=\"https:\/\/sarimelekler.biz\/wp-content\/uploads\/2020\/08\/20-21-Sma\u00e7\u00f6rler.jpg\" data-orig-size=\"1775,581\" data-comments-opened=\"0\" data-image-meta=\"{&quot;aperture&quot;:&quot;0&quot;,&quot;credit&quot;:&quot;&quot;,&quot;camera&quot;:&quot;&quot;,&quot;caption&quot;:&quot;&quot;,&quot;created_timestamp&quot;:&quot;0&quot;,&quot;copyright&quot;:&quot;&quot;,&quot;focal_length&quot;:&quot;0&quot;,&quot;iso&quot;:&quot;0&quot;,&quot;shutter_speed&quot;:&quot;0&quot;,&quot;title&quot;:&quot;&quot;,&quot;orientation&quot;:&quot;0&quot;}\" data-image-title=\"20-21 &amp;#8211; Sma\u00e7\u00f6rler\" data-image-description=\"\" data-image-caption=\"\" data-large-file=\"https:\/\/sarimelekler.biz\/wp-content\/uploads\/2020\/08\/20-21-Sma\u00e7\u00f6rler-1024x335.jpg\" \/><\/a>\n\t\t\t<\/dt><\/dl><br style=\"clear: both\" \/>\n\t\t<\/div>\n\n<p><strong>Sma\u00e7\u00f6r Oyuncular<\/strong><\/p>\n\n\t\t<style type=\"text\/css\">\n\t\t\t#gallery-4 {\n\t\t\t\tmargin: auto;\n\t\t\t}\n\t\t\t#gallery-4 .gallery-item {\n\t\t\t\tfloat: left;\n\t\t\t\tmargin-top: 10px;\n\t\t\t\ttext-align: center;\n\t\t\t\twidth: 100%;\n\t\t\t}\n\t\t\t#gallery-4 img {\n\t\t\t\tborder: 2px solid #cfcfcf;\n\t\t\t}\n\t\t\t#gallery-4 .gallery-caption {\n\t\t\t\tmargin-left: 0;\n\t\t\t}\n\t\t\t\/* see gallery_shortcode() in wp-includes\/media.php *\/\n\t\t<\/style>\n\t\t<div data-carousel-extra='{&quot;blog_id&quot;:1,&quot;permalink&quot;:&quot;https:\/\/sarimelekler.biz\/?page_id=13742&quot;}' id='gallery-4' class='gallery galleryid-13742 gallery-columns-1 gallery-size-large'><dl class='gallery-item'>\n\t\t\t<dt class='gallery-icon landscape'>\n\t\t\t\t<a href='https:\/\/sarimelekler.biz\/?attachment_id=13753'><img loading=\"lazy\" decoding=\"async\" width=\"860\" height=\"462\" src=\"https:\/\/sarimelekler.biz\/wp-content\/uploads\/2020\/08\/20-21-Pas\u00f6r-\u00c7apraz\u0131.jpg\" class=\"attachment-large size-large\" alt=\"\" srcset=\"https:\/\/sarimelekler.biz\/wp-content\/uploads\/2020\/08\/20-21-Pas\u00f6r-\u00c7apraz\u0131.jpg 906w, https:\/\/sarimelekler.biz\/wp-content\/uploads\/2020\/08\/20-21-Pas\u00f6r-\u00c7apraz\u0131-300x161.jpg 300w, https:\/\/sarimelekler.biz\/wp-content\/uploads\/2020\/08\/20-21-Pas\u00f6r-\u00c7apraz\u0131-768x413.jpg 768w, https:\/\/sarimelekler.biz\/wp-content\/uploads\/2020\/08\/20-21-Pas\u00f6r-\u00c7apraz\u0131-150x81.jpg 150w\" sizes=\"auto, (max-width: 860px) 100vw, 860px\" data-attachment-id=\"13753\" data-permalink=\"https:\/\/sarimelekler.biz\/?attachment_id=13753\" data-orig-file=\"https:\/\/sarimelekler.biz\/wp-content\/uploads\/2020\/08\/20-21-Pas\u00f6r-\u00c7apraz\u0131.jpg\" data-orig-size=\"906,487\" data-comments-opened=\"0\" data-image-meta=\"{&quot;aperture&quot;:&quot;0&quot;,&quot;credit&quot;:&quot;&quot;,&quot;camera&quot;:&quot;&quot;,&quot;caption&quot;:&quot;&quot;,&quot;created_timestamp&quot;:&quot;0&quot;,&quot;copyright&quot;:&quot;&quot;,&quot;focal_length&quot;:&quot;0&quot;,&quot;iso&quot;:&quot;0&quot;,&quot;shutter_speed&quot;:&quot;0&quot;,&quot;title&quot;:&quot;&quot;,&quot;orientation&quot;:&quot;0&quot;}\" data-image-title=\"20-21 Pas\u00f6r \u00c7apraz\u0131\" data-image-description=\"\" data-image-caption=\"\" data-large-file=\"https:\/\/sarimelekler.biz\/wp-content\/uploads\/2020\/08\/20-21-Pas\u00f6r-\u00c7apraz\u0131.jpg\" \/><\/a>\n\t\t\t<\/dt><\/dl><br style=\"clear: both\" \/>\n\t\t<\/div>\n\n<p><strong>Pas\u00f6r \u00c7apraz\u0131 Oyuncular\u0131<\/strong><\/p>\n\n\t\t<style type=\"text\/css\">\n\t\t\t#gallery-5 {\n\t\t\t\tmargin: auto;\n\t\t\t}\n\t\t\t#gallery-5 .gallery-item {\n\t\t\t\tfloat: left;\n\t\t\t\tmargin-top: 10px;\n\t\t\t\ttext-align: center;\n\t\t\t\twidth: 100%;\n\t\t\t}\n\t\t\t#gallery-5 img {\n\t\t\t\tborder: 2px solid #cfcfcf;\n\t\t\t}\n\t\t\t#gallery-5 .gallery-caption {\n\t\t\t\tmargin-left: 0;\n\t\t\t}\n\t\t\t\/* see gallery_shortcode() in wp-includes\/media.php *\/\n\t\t<\/style>\n\t\t<div data-carousel-extra='{&quot;blog_id&quot;:1,&quot;permalink&quot;:&quot;https:\/\/sarimelekler.biz\/?page_id=13742&quot;}' id='gallery-5' class='gallery galleryid-13742 gallery-columns-1 gallery-size-large'><dl class='gallery-item'>\n\t\t\t<dt class='gallery-icon landscape'>\n\t\t\t\t<a href='https:\/\/sarimelekler.biz\/?attachment_id=13754'><img loading=\"lazy\" decoding=\"async\" width=\"860\" height=\"323\" src=\"https:\/\/sarimelekler.biz\/wp-content\/uploads\/2020\/08\/20-21-Liberolar-1024x384.jpg\" class=\"attachment-large size-large\" alt=\"\" srcset=\"https:\/\/sarimelekler.biz\/wp-content\/uploads\/2020\/08\/20-21-Liberolar-1024x384.jpg 1024w, https:\/\/sarimelekler.biz\/wp-content\/uploads\/2020\/08\/20-21-Liberolar-300x113.jpg 300w, https:\/\/sarimelekler.biz\/wp-content\/uploads\/2020\/08\/20-21-Liberolar-768x288.jpg 768w, https:\/\/sarimelekler.biz\/wp-content\/uploads\/2020\/08\/20-21-Liberolar-150x56.jpg 150w, https:\/\/sarimelekler.biz\/wp-content\/uploads\/2020\/08\/20-21-Liberolar.jpg 1272w\" sizes=\"auto, (max-width: 860px) 100vw, 860px\" data-attachment-id=\"13754\" data-permalink=\"https:\/\/sarimelekler.biz\/?attachment_id=13754\" data-orig-file=\"https:\/\/sarimelekler.biz\/wp-content\/uploads\/2020\/08\/20-21-Liberolar.jpg\" data-orig-size=\"1272,477\" data-comments-opened=\"0\" data-image-meta=\"{&quot;aperture&quot;:&quot;0&quot;,&quot;credit&quot;:&quot;&quot;,&quot;camera&quot;:&quot;&quot;,&quot;caption&quot;:&quot;&quot;,&quot;created_timestamp&quot;:&quot;0&quot;,&quot;copyright&quot;:&quot;&quot;,&quot;focal_length&quot;:&quot;0&quot;,&quot;iso&quot;:&quot;0&quot;,&quot;shutter_speed&quot;:&quot;0&quot;,&quot;title&quot;:&quot;&quot;,&quot;orientation&quot;:&quot;0&quot;}\" data-image-title=\"20-21 &amp;#8211; Liberolar\" data-image-description=\"\" data-image-caption=\"\" data-large-file=\"https:\/\/sarimelekler.biz\/wp-content\/uploads\/2020\/08\/20-21-Liberolar-1024x384.jpg\" \/><\/a>\n\t\t\t<\/dt><\/dl><br style=\"clear: both\" \/>\n\t\t<\/div>\n\n<p><strong>Libero Oyuncular\u0131<\/strong><\/p>\n","protected":false},"excerpt":{"rendered":"<p>Orta Oyuncular Pas\u00f6r Oyuncular Sma\u00e7\u00f6r Oyuncular Pas\u00f6r \u00c7apraz\u0131 Oyuncular\u0131 Libero \u2026 <a class=\"continue-reading-link\" href=\"https:\/\/sarimelekler.biz\/?page_id=13742\">Okumaya Devam Et.. <span class=\"meta-nav\">&rarr; <\/span><\/a><\/p>\n","protected":false},"author":1,"featured_media":0,"parent":13737,"menu_order":0,"comment_status":"closed","ping_status":"closed","template":"","meta":{"_mc_calendar":[],"footnotes":""},"class_list":["post-13742","page","type-page","status-publish","hentry"],"jetpack_sharing_enabled":true,"jetpack_shortlink":"https:\/\/wp.me\/P8npUZ-3zE","jetpack-related-posts":[{"id":21094,"url":"https:\/\/sarimelekler.biz\/?page_id=21094","url_meta":{"origin":13742,"position":0},"title":"Kadro","author":"Edit\u00f6r","date":"30 Eyl\u00fcl 2024","format":false,"excerpt":"\u00a0 Orta Oyuncular Eda Erdem D\u00fcndar\u00a0 \u00a0 Dicle Nur Babat Asl\u0131 Kala\u00e7 Hristina Vuchkova \u00a0 Sma\u00e7\u00f6r Oyuncular Meliha Diken Ana Cristina De Souza Elitsa Atanasijevic Liza Safronova \u00a0 Pas\u00f6r Oyuncular Bojana Drca Arelya Karasoy\u00a0 \u00a0 Pas\u00f6r \u00c7apraz\u0131 Oyuncular Magdelana Stysiak Melissa Vargas \u00a0 Libero Oyuncular Gizem \u00d6rge \u00d6zlem G\u00fcven \u00a0\u2026","rel":"","context":"Benzer yaz\u0131","block_context":{"text":"Benzer yaz\u0131","link":""},"img":{"alt_text":"","src":"https:\/\/i0.wp.com\/sarimelekler.biz\/wp-content\/uploads\/2024\/09\/14-Eda-Erdem-Dundar.jpg?resize=350%2C200&ssl=1","width":350,"height":200},"classes":[]},{"id":16181,"url":"https:\/\/sarimelekler.biz\/?page_id=16181","url_meta":{"origin":13742,"position":1},"title":"Kadro","author":"Edit\u00f6r","date":"7 Ekim 2021","format":false,"excerpt":"\u00a0 Orta Oyuncular Eda Erdem D\u00fcndar\u00a0 \u00a0 Dicle Nur Babat\u00a0 \u00a0Beliz Ba\u015fk\u0131r\u00a0 \u00a0 Mina Popovic Sma\u00e7\u00f6r Oyuncular Arina Fedorovtseva \u0130par \u00d6zay Kurt Meliha \u0130smailo\u011flu Ana Cristina De Souza Pas\u00f6r Oyuncular Naz Aydemir Akyol Buse \u00dcnal Pas\u00f6r \u00c7apraz\u0131 Oyuncular Anna Lazareva Tutku Burcu Y\u00fczgen\u00e7 Libero Oyuncular Gizem \u00d6rge Cansu \u00c7etin \u00a0\u2026","rel":"","context":"Benzer yaz\u0131","block_context":{"text":"Benzer yaz\u0131","link":""},"img":{"alt_text":"","src":"https:\/\/i0.wp.com\/sarimelekler.biz\/wp-content\/uploads\/2021\/10\/14-Eda.jpg?resize=350%2C200&ssl=1","width":350,"height":200},"classes":[]},{"id":19669,"url":"https:\/\/sarimelekler.biz\/?page_id=19669","url_meta":{"origin":13742,"position":2},"title":"Kadro","author":"Edit\u00f6r","date":"11 Ekim 2023","format":false,"excerpt":"\u00a0 Orta Oyuncular Eda Erdem D\u00fcndar Erg\u00fcl Avc\u0131 Ero\u011flu Asl\u0131 Kala\u00e7 \u0130rina Fetisova \u00a0 Sma\u00e7\u00f6r Oyuncular Cansu \u00c7etin Meliha Diken Arina Fedorovtseva Ana Cristina De Souza \u00a0 Pas\u00f6r \u00c7apraz\u0131 Oyuncular Magdalena Stysiak Meryem Boz \u00a0 Pas\u00f6r Oyuncular Bojana Dr\u010da Buse \u00dcnal \u00a0 Libero Oyuncular Gizem \u00d6rge Ada Germen Korkmaz \u00a0\u2026","rel":"","context":"Benzer yaz\u0131","block_context":{"text":"Benzer yaz\u0131","link":""},"img":{"alt_text":"","src":"https:\/\/i0.wp.com\/sarimelekler.biz\/wp-content\/uploads\/2023\/10\/14-Eda-Erdem.jpg?resize=350%2C200&ssl=1","width":350,"height":200,"srcset":"https:\/\/i0.wp.com\/sarimelekler.biz\/wp-content\/uploads\/2023\/10\/14-Eda-Erdem.jpg?resize=350%2C200&ssl=1 1x, https:\/\/i0.wp.com\/sarimelekler.biz\/wp-content\/uploads\/2023\/10\/14-Eda-Erdem.jpg?resize=525%2C300&ssl=1 1.5x, https:\/\/i0.wp.com\/sarimelekler.biz\/wp-content\/uploads\/2023\/10\/14-Eda-Erdem.jpg?resize=700%2C400&ssl=1 2x"},"classes":[]},{"id":18299,"url":"https:\/\/sarimelekler.biz\/?page_id=18299","url_meta":{"origin":13742,"position":3},"title":"Kadro","author":"Edit\u00f6r","date":"9 Kas\u0131m 2022","format":false,"excerpt":"\u00a0 Orta Oyuncular Eda Erdem D\u00fcndar\u00a0 \u00a0 Asl\u0131 Kala\u00e7 \u00a0Erg\u00fcl Avc\u0131 Ero\u011flu Beliz Ba\u015fk\u0131r\u00a0 Hristina Vuchkova \u00a0 Sma\u00e7\u00f6r Oyuncular Meliha Diken Arina Fedorovtseva \u0130par \u00d6zay Kurt Ana Cristina De Souza \u00a0 Pas\u00f6r Oyuncular Buse \u00dcnal Macris Carneiro\u00a0\u00a0 \u00a0 Pas\u00f6r \u00c7apraz\u0131 Oyuncular Melissa Vargas Anna Lazareva Meryem Boz \u00a0 \u00a0 \u00a0\u2026","rel":"","context":"Benzer yaz\u0131","block_context":{"text":"Benzer yaz\u0131","link":""},"img":{"alt_text":"","src":"https:\/\/i0.wp.com\/sarimelekler.biz\/wp-content\/uploads\/2022\/11\/14-Eda-Erdem.jpg?resize=350%2C200&ssl=1","width":350,"height":200},"classes":[]},{"id":14437,"url":"https:\/\/sarimelekler.biz\/?page_id=14437","url_meta":{"origin":13742,"position":4},"title":"Kadro","author":"Edit\u00f6r","date":"15 Kas\u0131m 2020","format":false,"excerpt":"Kul\u00fcb\u00fcm\u00fcz, Kad\u0131n Voleybol altyap\u0131s\u0131ndan A Tak\u0131ma oyuncu yeti\u015ftirmek amac\u0131yla 2019-2020 sezonunda Y\u0131ld\u0131z K\u0131z ve Gen\u00e7 K\u0131z Voleybol Tak\u0131mlar\u0131m\u0131zda g\u00f6rev yapan voleybolcular\u0131m\u0131zdan olu\u015fan 2. Lig Tak\u0131m\u0131 kurdu. 2019-2020 sezonunda 1. Lige y\u00fckselme yolunda bu tak\u0131m\u0131m\u0131z finallerde averaj fark\u0131yla \u00fcst lige \u00e7\u0131kamam\u0131\u015ft\u0131. 2020-2021 sezonunun ba\u015flamas\u0131na yak\u0131n bir zamanda 2. lig tak\u0131m\u0131m\u0131z T\u00fcrkiye\u2026","rel":"","context":"Benzer yaz\u0131","block_context":{"text":"Benzer yaz\u0131","link":""},"img":{"alt_text":"","src":"https:\/\/i0.wp.com\/sarimelekler.biz\/wp-content\/uploads\/2020\/10\/1.-Lig-1-5-1024x683.jpg?resize=350%2C200&ssl=1","width":350,"height":200,"srcset":"https:\/\/i0.wp.com\/sarimelekler.biz\/wp-content\/uploads\/2020\/10\/1.-Lig-1-5-1024x683.jpg?resize=350%2C200&ssl=1 1x, https:\/\/i0.wp.com\/sarimelekler.biz\/wp-content\/uploads\/2020\/10\/1.-Lig-1-5-1024x683.jpg?resize=525%2C300&ssl=1 1.5x, https:\/\/i0.wp.com\/sarimelekler.biz\/wp-content\/uploads\/2020\/10\/1.-Lig-1-5-1024x683.jpg?resize=700%2C400&ssl=1 2x, https:\/\/i0.wp.com\/sarimelekler.biz\/wp-content\/uploads\/2020\/10\/1.-Lig-1-5-1024x683.jpg?resize=1050%2C600&ssl=1 3x, https:\/\/i0.wp.com\/sarimelekler.biz\/wp-content\/uploads\/2020\/10\/1.-Lig-1-5-1024x683.jpg?resize=1400%2C800&ssl=1 4x"},"classes":[]},{"id":14441,"url":"https:\/\/sarimelekler.biz\/?page_id=14441","url_meta":{"origin":13742,"position":5},"title":"Kadro","author":"Edit\u00f6r","date":"15 Kas\u0131m 2020","format":false,"excerpt":"Kul\u00fcb\u00fcm\u00fcz, Kad\u0131n Voleybol altyap\u0131s\u0131ndan A Tak\u0131ma oyuncu yeti\u015ftirmek amac\u0131yla 2019-2020 sezonunda Y\u0131ld\u0131z K\u0131z ve Gen\u00e7 K\u0131z Voleybol Tak\u0131mlar\u0131m\u0131zda g\u00f6rev yapan voleybolcular\u0131m\u0131zdan olu\u015fan 2. Lig Tak\u0131m\u0131 kurdu. 2019-2020 sezonunda 1. Lige y\u00fckselme yolunda bu tak\u0131m\u0131m\u0131z finallerde averaj fark\u0131yla \u00fcst lige \u00e7\u0131kamam\u0131\u015ft\u0131. 2020-2021 sezonunun ba\u015flamas\u0131na yak\u0131n bir zamanda 2. lig tak\u0131m\u0131m\u0131z T\u00fcrkiye\u2026","rel":"","context":"Benzer yaz\u0131","block_context":{"text":"Benzer yaz\u0131","link":""},"img":{"alt_text":"","src":"https:\/\/i0.wp.com\/sarimelekler.biz\/wp-content\/uploads\/2020\/10\/2.Lig-1-8-1024x684.jpg?resize=350%2C200&ssl=1","width":350,"height":200,"srcset":"https:\/\/i0.wp.com\/sarimelekler.biz\/wp-content\/uploads\/2020\/10\/2.Lig-1-8-1024x684.jpg?resize=350%2C200&ssl=1 1x, https:\/\/i0.wp.com\/sarimelekler.biz\/wp-content\/uploads\/2020\/10\/2.Lig-1-8-1024x684.jpg?resize=525%2C300&ssl=1 1.5x, https:\/\/i0.wp.com\/sarimelekler.biz\/wp-content\/uploads\/2020\/10\/2.Lig-1-8-1024x684.jpg?resize=700%2C400&ssl=1 2x, https:\/\/i0.wp.com\/sarimelekler.biz\/wp-content\/uploads\/2020\/10\/2.Lig-1-8-1024x684.jpg?resize=1050%2C600&ssl=1 3x, https:\/\/i0.wp.com\/sarimelekler.biz\/wp-content\/uploads\/2020\/10\/2.Lig-1-8-1024x684.jpg?resize=1400%2C800&ssl=1 4x"},"classes":[]}],"_links":{"self":[{"href":"https:\/\/sarimelekler.biz\/index.php?rest_route=\/wp\/v2\/pages\/13742","targetHints":{"allow":["GET"]}}],"collection":[{"href":"https:\/\/sarimelekler.biz\/index.php?rest_route=\/wp\/v2\/pages"}],"about":[{"href":"https:\/\/sarimelekler.biz\/index.php?rest_route=\/wp\/v2\/types\/page"}],"author":[{"embeddable":true,"href":"https:\/\/sarimelekler.biz\/index.php?rest_route=\/wp\/v2\/users\/1"}],"replies":[{"embeddable":true,"href":"https:\/\/sarimelekler.biz\/index.php?rest_route=%2Fwp%2Fv2%2Fcomments&post=13742"}],"version-history":[{"count":8,"href":"https:\/\/sarimelekler.biz\/index.php?rest_route=\/wp\/v2\/pages\/13742\/revisions"}],"predecessor-version":[{"id":13756,"href":"https:\/\/sarimelekler.biz\/index.php?rest_route=\/wp\/v2\/pages\/13742\/revisions\/13756"}],"up":[{"embeddable":true,"href":"https:\/\/sarimelekler.biz\/index.php?rest_route=\/wp\/v2\/pages\/13737"}],"wp:attachment":[{"href":"https:\/\/sarimelekler.biz\/index.php?rest_route=%2Fwp%2Fv2%2Fmedia&parent=13742"}],"curies":[{"name":"wp","href":"https:\/\/api.w.org\/{rel}","templated":true}]}}