{"id":13761,"date":"2020-08-24T23:37:43","date_gmt":"2020-08-24T20:37:43","guid":{"rendered":"http:\/\/sarimelekler.biz\/?page_id=13761"},"modified":"2021-10-09T00:20:38","modified_gmt":"2021-10-08T21:20:38","slug":"turkiye-kupasi-kupa-voley","status":"publish","type":"page","link":"https:\/\/sarimelekler.biz\/?page_id=13761","title":{"rendered":"T\u00fcrkiye Kupas\u0131 (Kupa Voley)"},"content":{"rendered":"<p style=\"text-align: justify;\"><span style=\"font-size: 18px;\">2019-2020 sezonu 22 haftal\u0131k normal sezon s\u0131ralamas\u0131 ve 1.Lig Yar\u0131 Final gruplar\u0131 1 ve 2.\u2019leri 4\u2019erli 4 gruba ayr\u0131l\u0131r. Gruptaki tak\u0131mlar Federasyonca belirlenen illerde tek devreli lig usul\u00fc turnuva ma\u00e7lar\u0131 oynarlar, Grup ma\u00e7lar\u0131 sonunda Gruplar\u0131nda 1. ve 2. olanlar \u00c7eyrek Finale y\u00fckselir. Gruplar\u0131n 1.\u00a0 ve\u00a0 2.\u2019leri\u00a0 toplam\u00a0 8\u00a0 tak\u0131m e\u015fle\u015ferek tek\u00a0 ma\u00e7\u00a0 \u00fczerinden yap\u0131lan\u00a0 ma\u00e7lar\u00a0 sonunda\u00a0 galip\u00a0 gelen\u00a0 4\u00a0 tak\u0131m\u00a0 D\u00f6rtl\u00fc\u00a0 Finale\u00a0 y\u00fckselir.\u00a0 \u00c7eyrek Final Ma\u00e7lar\u0131, grup 1.\u2019lerinin sahas\u0131nda oynan\u0131r. D\u00f6rt final ise T\u00fcrkiye Voleybol Federasyonunca belirlenecek bir ilde 2 g\u00fcnde oynanarak turnuva tamamlan\u0131r.<\/span><\/p>\n\n\t\t<style type=\"text\/css\">\n\t\t\t#gallery-1 {\n\t\t\t\tmargin: auto;\n\t\t\t}\n\t\t\t#gallery-1 .gallery-item {\n\t\t\t\tfloat: left;\n\t\t\t\tmargin-top: 10px;\n\t\t\t\ttext-align: center;\n\t\t\t\twidth: 100%;\n\t\t\t}\n\t\t\t#gallery-1 img {\n\t\t\t\tborder: 2px solid #cfcfcf;\n\t\t\t}\n\t\t\t#gallery-1 .gallery-caption {\n\t\t\t\tmargin-left: 0;\n\t\t\t}\n\t\t\t\/* see gallery_shortcode() in wp-includes\/media.php *\/\n\t\t<\/style>\n\t\t<div data-carousel-extra='{&quot;blog_id&quot;:1,&quot;permalink&quot;:&quot;https:\/\/sarimelekler.biz\/?page_id=13761&quot;}' id='gallery-1' class='gallery galleryid-13761 gallery-columns-1 gallery-size-large'><dl class='gallery-item'>\n\t\t\t<dt class='gallery-icon landscape'>\n\t\t\t\t<a href='https:\/\/sarimelekler.biz\/?attachment_id=13782'><img loading=\"lazy\" decoding=\"async\" width=\"650\" height=\"354\" src=\"https:\/\/sarimelekler.biz\/wp-content\/uploads\/2020\/08\/kupa-volley.png\" class=\"attachment-large size-large\" alt=\"\" srcset=\"https:\/\/sarimelekler.biz\/wp-content\/uploads\/2020\/08\/kupa-volley.png 650w, https:\/\/sarimelekler.biz\/wp-content\/uploads\/2020\/08\/kupa-volley-300x163.png 300w, https:\/\/sarimelekler.biz\/wp-content\/uploads\/2020\/08\/kupa-volley-150x82.png 150w\" sizes=\"auto, (max-width: 650px) 100vw, 650px\" data-attachment-id=\"13782\" data-permalink=\"https:\/\/sarimelekler.biz\/?attachment_id=13782\" data-orig-file=\"https:\/\/sarimelekler.biz\/wp-content\/uploads\/2020\/08\/kupa-volley.png\" data-orig-size=\"650,354\" data-comments-opened=\"0\" data-image-meta=\"{&quot;aperture&quot;:&quot;0&quot;,&quot;credit&quot;:&quot;&quot;,&quot;camera&quot;:&quot;&quot;,&quot;caption&quot;:&quot;&quot;,&quot;created_timestamp&quot;:&quot;0&quot;,&quot;copyright&quot;:&quot;&quot;,&quot;focal_length&quot;:&quot;0&quot;,&quot;iso&quot;:&quot;0&quot;,&quot;shutter_speed&quot;:&quot;0&quot;,&quot;title&quot;:&quot;&quot;,&quot;orientation&quot;:&quot;0&quot;}\" data-image-title=\"kupa volley\" data-image-description=\"\" data-image-caption=\"\" data-large-file=\"https:\/\/sarimelekler.biz\/wp-content\/uploads\/2020\/08\/kupa-volley.png\" \/><\/a>\n\t\t\t<\/dt><\/dl><br style=\"clear: both\" \/>\n\t\t<\/div>\n\n<p style=\"text-align: center;\"><span style=\"font-size: 18px;\"><strong>04-05-06 Eyl\u00fcl 2020<\/strong><\/span><\/p>\n<p><span style=\"font-size: 18px;\">1.Ma\u00e7\u00a0 04.09.2020 (Ertelendi) 13.01.2021<\/span><br \/><span style=\"font-size: 18px;\">Fenerbah\u00e7e Opet:3 \u2013 Sar\u0131yer Belediyespor:0\u00a0<\/span><br \/><span style=\"font-size: 18px;\">27-25, 25-13, 27-25<\/span><br \/><span style=\"font-size: 18px;\"><a href=\"https:\/\/sarimelekler.biz\/?p=14931\" target=\"_blank\" rel=\"noopener noreferrer\">Sitemiz Ma\u00e7 Yaz\u0131s\u0131<\/a><\/span><br \/><span style=\"font-size: 18px;\">Video: &#8211;<\/span><\/p>\n<p><span style=\"font-size: 18px;\">2.Ma\u00e7 05.09.2020<\/span><br \/><span style=\"font-size: 18px;\">Be\u015fikta\u015f:0 \u2013 Fenerbah\u00e7e Opet:3\u00a0<\/span><br \/><span style=\"font-size: 18px;\">10-25, 10-25, 8-25<\/span><br \/><span style=\"font-size: 18px;\"><a href=\"https:\/\/sarimelekler.biz\/?p=13787\" target=\"_blank\" rel=\"noopener noreferrer\">Sitemiz Ma\u00e7 Yaz\u0131s\u0131<\/a><\/span><br \/><span style=\"font-size: 18px;\">Video: &#8211;<\/span><\/p>\n<p><span style=\"font-size: 18px;\">3. Ma\u00e7 06.09.2020<\/span><br \/><span style=\"font-size: 18px;\">Fenerbah\u00e7e Opet:3 \u2013 T\u00fcrk Hava Yollar\u0131:0<\/span><br \/><span style=\"font-size: 18px;\">25\u201322, 32\u201330, 25\u201317<\/span><br \/><span style=\"font-size: 18px;\"><a href=\"https:\/\/sarimelekler.biz\/?p=13825\" target=\"_blank\" rel=\"noopener noreferrer\">Sitemiz Ma\u00e7 Yaz\u0131s\u0131<\/a><\/span><br \/><span style=\"font-size: 18px;\">Video: &#8211;<\/span><\/p>\n<p><span style=\"font-size: 18px;\">Grup Ma\u00e7lar\u0131 Sonunda Olu\u015fan Puan Durumu<\/span><\/p>\n\n\t\t<style type=\"text\/css\">\n\t\t\t#gallery-2 {\n\t\t\t\tmargin: auto;\n\t\t\t}\n\t\t\t#gallery-2 .gallery-item {\n\t\t\t\tfloat: left;\n\t\t\t\tmargin-top: 10px;\n\t\t\t\ttext-align: center;\n\t\t\t\twidth: 100%;\n\t\t\t}\n\t\t\t#gallery-2 img {\n\t\t\t\tborder: 2px solid #cfcfcf;\n\t\t\t}\n\t\t\t#gallery-2 .gallery-caption {\n\t\t\t\tmargin-left: 0;\n\t\t\t}\n\t\t\t\/* see gallery_shortcode() in wp-includes\/media.php *\/\n\t\t<\/style>\n\t\t<div data-carousel-extra='{&quot;blog_id&quot;:1,&quot;permalink&quot;:&quot;https:\/\/sarimelekler.biz\/?page_id=13761&quot;}' id='gallery-2' class='gallery galleryid-13761 gallery-columns-1 gallery-size-large'><dl class='gallery-item'>\n\t\t\t<dt class='gallery-icon landscape'>\n\t\t\t\t<a href='https:\/\/sarimelekler.biz\/?attachment_id=14950'><img loading=\"lazy\" decoding=\"async\" width=\"860\" height=\"237\" src=\"https:\/\/sarimelekler.biz\/wp-content\/uploads\/2021\/01\/20-21-Puan-Durumu-T\u00fcrkiye-Kupas\u0131-1024x282.png\" class=\"attachment-large size-large\" alt=\"\" srcset=\"https:\/\/sarimelekler.biz\/wp-content\/uploads\/2021\/01\/20-21-Puan-Durumu-T\u00fcrkiye-Kupas\u0131-1024x282.png 1024w, https:\/\/sarimelekler.biz\/wp-content\/uploads\/2021\/01\/20-21-Puan-Durumu-T\u00fcrkiye-Kupas\u0131-300x83.png 300w, https:\/\/sarimelekler.biz\/wp-content\/uploads\/2021\/01\/20-21-Puan-Durumu-T\u00fcrkiye-Kupas\u0131-768x211.png 768w, https:\/\/sarimelekler.biz\/wp-content\/uploads\/2021\/01\/20-21-Puan-Durumu-T\u00fcrkiye-Kupas\u0131-150x41.png 150w, https:\/\/sarimelekler.biz\/wp-content\/uploads\/2021\/01\/20-21-Puan-Durumu-T\u00fcrkiye-Kupas\u0131.png 1272w\" sizes=\"auto, (max-width: 860px) 100vw, 860px\" data-attachment-id=\"14950\" data-permalink=\"https:\/\/sarimelekler.biz\/?attachment_id=14950\" data-orig-file=\"https:\/\/sarimelekler.biz\/wp-content\/uploads\/2021\/01\/20-21-Puan-Durumu-T\u00fcrkiye-Kupas\u0131.png\" data-orig-size=\"1272,350\" data-comments-opened=\"0\" data-image-meta=\"{&quot;aperture&quot;:&quot;0&quot;,&quot;credit&quot;:&quot;&quot;,&quot;camera&quot;:&quot;&quot;,&quot;caption&quot;:&quot;&quot;,&quot;created_timestamp&quot;:&quot;0&quot;,&quot;copyright&quot;:&quot;&quot;,&quot;focal_length&quot;:&quot;0&quot;,&quot;iso&quot;:&quot;0&quot;,&quot;shutter_speed&quot;:&quot;0&quot;,&quot;title&quot;:&quot;&quot;,&quot;orientation&quot;:&quot;0&quot;}\" data-image-title=\"20-21 Puan Durumu T\u00fcrkiye Kupas\u0131\" data-image-description=\"\" data-image-caption=\"\" data-large-file=\"https:\/\/sarimelekler.biz\/wp-content\/uploads\/2021\/01\/20-21-Puan-Durumu-T\u00fcrkiye-Kupas\u0131-1024x282.png\" \/><\/a>\n\t\t\t<\/dt><\/dl><br style=\"clear: both\" \/>\n\t\t<\/div>\n\n<p><span style=\"font-size: 18px;\">4. Ma\u00e7 10.02.2021 &#8211; \u00c7eyrek Final<\/span><br \/><span style=\"font-size: 18px;\">Fenerbah\u00e7e Opet:3 \u2013 Kuzeyboru:0<\/span><br \/><span style=\"font-size: 18px;\">26-24, 25-20, 25-20<\/span><br \/><span style=\"font-size: 18px;\"><a href=\"https:\/\/sarimelekler.biz\/?p=15231\" target=\"_blank\" rel=\"noopener\">Sitemiz Ma\u00e7 Yaz\u0131s\u0131<\/a><\/span><br \/><span style=\"font-size: 18px;\">Video: &#8211;<\/span><\/p>\n<p><span style=\"font-size: 18px;\">5.Ma\u00e7 08.03.2021 &#8211; Yar\u0131 Final<\/span><br \/><span style=\"font-size: 18px;\">Eczac\u0131ba\u015f\u0131 Vitra:3 \u2013 Fenerbah\u00e7e Opet:0\u00a0<\/span><br \/><span style=\"font-size: 18px;\">25-19, 25-15, 25-19<\/span><br \/><span style=\"font-size: 18px;\"><a href=\"https:\/\/sarimelekler.biz\/?p=15441\" target=\"_blank\" rel=\"noopener\">Sitemiz Ma\u00e7 Yaz\u0131s\u0131<\/a><\/span><br \/><span style=\"font-size: 18px;\">Video: &#8211;<\/span><\/p>\n<p><span style=\"font-size: 18px;\">Fenerbah\u00e7e Opet Kad\u0131n Voleybol Tak\u0131m\u0131m\u0131z AXA Sigorta Kupa Voley turnuvas\u0131na yar\u0131 finalde veda etti.\u00a0\u00a0<\/span><\/p>\n\n","protected":false},"excerpt":{"rendered":"<p>2019-2020 sezonu 22 haftal\u0131k normal sezon s\u0131ralamas\u0131 ve 1.Lig Yar\u0131 \u2026 <a class=\"continue-reading-link\" href=\"https:\/\/sarimelekler.biz\/?page_id=13761\">Okumaya Devam Et.. <span class=\"meta-nav\">&rarr; <\/span><\/a><\/p>\n","protected":false},"author":1,"featured_media":0,"parent":13737,"menu_order":2,"comment_status":"closed","ping_status":"closed","template":"","meta":{"_mc_calendar":[],"footnotes":""},"class_list":["post-13761","page","type-page","status-publish","hentry"],"jetpack_sharing_enabled":true,"jetpack_shortlink":"https:\/\/wp.me\/P8npUZ-3zX","jetpack-related-posts":[{"id":18829,"url":"https:\/\/sarimelekler.biz\/?page_id=18829","url_meta":{"origin":13761,"position":0},"title":"T\u00fcrkiye Kupas\u0131 (Kupa Voley)","author":"Edit\u00f6r","date":"11 \u015eubat 2023","format":false,"excerpt":"2022 \u2013 2023 T\u00fcrkiye Kupas\u0131 \u201cAXA Sigorta Kupa Voley D\u00fcnya Baltac\u0131o\u011flu \u00d6zel Sezonu\u201d ismi alt\u0131nda d\u00fczenlenmi\u015ftir. Axa Sigorta Kupa Voley m\u00fcsabakalar\u0131 2022-2023 sezonunda Sultanlar liginde bulunan 14 tak\u0131mla oynanacakt\u0131r. 2021-2022 sezon s\u0131ralamas\u0131na g\u00f6re (1. Vak\u0131fbank, 2.Fenerbah\u00e7e Opet hari\u00e7) di\u011fer tak\u0131mlar serpantin usul\u00fcne g\u00f6re 4\u2019erli 3 gruba ayr\u0131l\u0131r. Gruptaki tak\u0131mlar Federasyonca\u2026","rel":"","context":"Benzer yaz\u0131","block_context":{"text":"Benzer yaz\u0131","link":""},"img":{"alt_text":"","src":"https:\/\/i0.wp.com\/sarimelekler.biz\/wp-content\/uploads\/2023\/02\/Tr-Kupasi-2023-Logo-1024x663.jpg?resize=350%2C200&ssl=1","width":350,"height":200,"srcset":"https:\/\/i0.wp.com\/sarimelekler.biz\/wp-content\/uploads\/2023\/02\/Tr-Kupasi-2023-Logo-1024x663.jpg?resize=350%2C200&ssl=1 1x, https:\/\/i0.wp.com\/sarimelekler.biz\/wp-content\/uploads\/2023\/02\/Tr-Kupasi-2023-Logo-1024x663.jpg?resize=525%2C300&ssl=1 1.5x, https:\/\/i0.wp.com\/sarimelekler.biz\/wp-content\/uploads\/2023\/02\/Tr-Kupasi-2023-Logo-1024x663.jpg?resize=700%2C400&ssl=1 2x, https:\/\/i0.wp.com\/sarimelekler.biz\/wp-content\/uploads\/2023\/02\/Tr-Kupasi-2023-Logo-1024x663.jpg?resize=1050%2C600&ssl=1 3x"},"classes":[]},{"id":16187,"url":"https:\/\/sarimelekler.biz\/?page_id=16187","url_meta":{"origin":13761,"position":1},"title":"T\u00fcrkiye Kupas\u0131 (Kupa Voley)","author":"Edit\u00f6r","date":"7 Ekim 2021","format":false,"excerpt":"\u00a0 2021 \u2013 2022 T\u00fcrkiye Kupas\u0131 \u201cAxa Sigorta Kupa Voley\u201d ismi alt\u0131nda d\u00fczenlenmi\u015ftir. Axa Sigorta Kupa Voley m\u00fcsabakalar\u0131 2021-2022 sezonunda Sultanlar liginde bulunan 14 tak\u0131mla oynanacakt\u0131r. 2020-2021 sezon s\u0131ralamas\u0131na g\u00f6re (1. Vak\u0131fbank, 2.Fenerbah\u00e7e Opet hari\u00e7) di\u011fer tak\u0131mlar serpantin usul\u00fcne g\u00f6re 4\u2019erli 3 gruba ayr\u0131l\u0131r. Gruptaki tak\u0131mlar Federasyonca belirlenen illerde tek\u2026","rel":"","context":"Benzer yaz\u0131","block_context":{"text":"Benzer yaz\u0131","link":""},"img":{"alt_text":"","src":"https:\/\/i0.wp.com\/sarimelekler.biz\/wp-content\/uploads\/2022\/04\/03-21-22-TK-9.jpg?resize=350%2C200&ssl=1","width":350,"height":200,"srcset":"https:\/\/i0.wp.com\/sarimelekler.biz\/wp-content\/uploads\/2022\/04\/03-21-22-TK-9.jpg?resize=350%2C200&ssl=1 1x, https:\/\/i0.wp.com\/sarimelekler.biz\/wp-content\/uploads\/2022\/04\/03-21-22-TK-9.jpg?resize=525%2C300&ssl=1 1.5x, https:\/\/i0.wp.com\/sarimelekler.biz\/wp-content\/uploads\/2022\/04\/03-21-22-TK-9.jpg?resize=700%2C400&ssl=1 2x, https:\/\/i0.wp.com\/sarimelekler.biz\/wp-content\/uploads\/2022\/04\/03-21-22-TK-9.jpg?resize=1050%2C600&ssl=1 3x, https:\/\/i0.wp.com\/sarimelekler.biz\/wp-content\/uploads\/2022\/04\/03-21-22-TK-9.jpg?resize=1400%2C800&ssl=1 4x"},"classes":[]},{"id":13646,"url":"https:\/\/sarimelekler.biz\/?page_id=13646","url_meta":{"origin":13761,"position":2},"title":"\u015eampiyonlar Ligi","author":"Edit\u00f6r","date":"20 Temmuz 2020","format":false,"excerpt":"Fenerbah\u00e7e Kad\u0131n Voleybol tak\u0131m\u0131m\u0131z 2018 \u2013 2019 sezonunu \u00fc\u00e7\u00fcnc\u00fc bitirdi\u011fi i\u00e7in 2019-2020 Cev \u015eampiyonlar ligine kat\u0131l\u0131m hakk\u0131 kazand\u0131. Tak\u0131m\u0131m\u0131z \u015eampiyonlar ligi A Grubu\u2019nda Eczac\u0131ba\u015f\u0131 Vitra, Budowlani Lodz (Polonya) ve Salo (Finalndiya) ile e\u015fle\u015fti. CEV \u015eampiyonlar Ligi\u2019nde kad\u0131nlarda grup ma\u00e7lar\u0131, 19.11.2019 \u2013 18.02.2020, \u00e7eyrek finaller 03-12 Mart 2020, yar\u0131 finaller 24\u2026","rel":"","context":"Benzer yaz\u0131","block_context":{"text":"Benzer yaz\u0131","link":""},"img":{"alt_text":"","src":"https:\/\/i0.wp.com\/sarimelekler.biz\/wp-content\/uploads\/2017\/12\/Y%C4%B1ld%C4%B1z-150x150.png?resize=350%2C200&ssl=1","width":350,"height":200,"srcset":"https:\/\/i0.wp.com\/sarimelekler.biz\/wp-content\/uploads\/2017\/12\/Y%C4%B1ld%C4%B1z-150x150.png?resize=350%2C200&ssl=1 1x, https:\/\/i0.wp.com\/sarimelekler.biz\/wp-content\/uploads\/2017\/12\/Y%C4%B1ld%C4%B1z-150x150.png?resize=525%2C300&ssl=1 1.5x, https:\/\/i0.wp.com\/sarimelekler.biz\/wp-content\/uploads\/2017\/12\/Y%C4%B1ld%C4%B1z-150x150.png?resize=700%2C400&ssl=1 2x, https:\/\/i0.wp.com\/sarimelekler.biz\/wp-content\/uploads\/2017\/12\/Y%C4%B1ld%C4%B1z-150x150.png?resize=1050%2C600&ssl=1 3x, https:\/\/i0.wp.com\/sarimelekler.biz\/wp-content\/uploads\/2017\/12\/Y%C4%B1ld%C4%B1z-150x150.png?resize=1400%2C800&ssl=1 4x"},"classes":[]},{"id":7553,"url":"https:\/\/sarimelekler.biz\/?page_id=7553","url_meta":{"origin":13761,"position":3},"title":"T\u00fcrkiye Kupas\u0131 (Kupa Voley)","author":"Edit\u00f6r","date":"21 Kas\u0131m 2018","format":false,"excerpt":"2018 \u2013 2019 sezonunda T\u00fcrkiye Kupas\u0131 \u201cAXA Sigorta Kupa Voley\u201d ismiyle d\u00fczenlenmi\u015ftir. Vestel Venus Sultanlar Ligi\u2019nde 1. Yar\u0131 kar\u015f\u0131la\u015fmalar\u0131n\u0131n sona ermesinin ard\u0131ndan, s\u0131ralamada 5 ile 12\u2019nci s\u0131ra aras\u0131nda yer alan sekiz tak\u0131m Avrupa ma\u00e7lar\u0131 fikst\u00fcr\u00fc m\u00fcsaitli\u011fine g\u00f6re 2019 Ocak \u2013 \u015eubat ve Mart aylar\u0131nda iki kar\u015f\u0131la\u015fma \u00fczerinden birbiriyle kendi sahalar\u0131nda\u2026","rel":"","context":"Benzer yaz\u0131","block_context":{"text":"Benzer yaz\u0131","link":""},"img":{"alt_text":"","src":"","width":0,"height":0},"classes":[]},{"id":2402,"url":"https:\/\/sarimelekler.biz\/?page_id=2402","url_meta":{"origin":13761,"position":4},"title":"Sabiha R\u0131fat K\u00f6\u015fesi","author":"Edit\u00f6r","date":"12 \u015eubat 2017","format":false,"excerpt":"Sabiha R\u0131fat\u00a0G\u00fcrayman \u00a0 T\u00fcrkiye\u2019nin ilk kad\u0131n in\u015faat m\u00fchendisidir. An\u0131tkabir'in in\u015faat\u0131nda 10 y\u0131l boyunca ba\u015fm\u00fchendis olarak g\u00f6rev yapm\u0131\u015ft\u0131r. Fenerbah\u00e7e Spor Kul\u00fcb\u00fc\u2019n\u00fcn ilk kad\u0131n voleybolcusudur. T\u00fcrkiye\u2019de erkek tak\u0131mlarda forma giyen ilk kad\u0131n sporcudur.\u00a0Sayg\u0131yla,\u00a0Rahmetle Ve Minnetle An\u0131yoruz \u00a01910-2003 \u00a0 \u00a0\u00a0 \u00a0 Fenerbah\u00e7e Bayan Voleybol Tak\u0131m\u0131n\u0131n Uzak Tarihi 1920'li y\u0131llar\u0131n ikinci yar\u0131s\u0131nda T\u00fcrkiye'de kad\u0131nlar\u2026","rel":"","context":"Benzer yaz\u0131","block_context":{"text":"Benzer yaz\u0131","link":""},"img":{"alt_text":"","src":"https:\/\/i0.wp.com\/sarimelekler.biz\/wp-content\/uploads\/2017\/02\/sabiha-1-150x150.jpg?resize=350%2C200&ssl=1","width":350,"height":200,"srcset":"https:\/\/i0.wp.com\/sarimelekler.biz\/wp-content\/uploads\/2017\/02\/sabiha-1-150x150.jpg?resize=350%2C200&ssl=1 1x, https:\/\/i0.wp.com\/sarimelekler.biz\/wp-content\/uploads\/2017\/02\/sabiha-1-150x150.jpg?resize=525%2C300&ssl=1 1.5x"},"classes":[]},{"id":5236,"url":"https:\/\/sarimelekler.biz\/?page_id=5236","url_meta":{"origin":13761,"position":5},"title":"T\u00fcrkiye Kupas\u0131 (Kupa Voley)","author":"Edit\u00f6r","date":"21 Aral\u0131k 2017","format":false,"excerpt":"2017 \u2013 2018 sezonunda T\u00fcrkiye Kupas\u0131 \u201cKupa Voley\u201d ismiyle d\u00fczenlenmi\u015ftir. Vestel Venus Sultanlar Ligi\u2019nde 1. Yar\u0131 kar\u015f\u0131la\u015fmalar\u0131n\u0131n sona ermesinin ard\u0131ndan, s\u0131ralamada 5 ile 12\u2019nci s\u0131ra aras\u0131nda yer alan sekiz tak\u0131m 16.12.2017 ve 19.12.2017 tarihlerinde iki kar\u015f\u0131la\u015fma \u00fczerinden birbiriyle kendi sahalar\u0131nda kar\u015f\u0131la\u015fm\u0131\u015f buradan turu ge\u00e7en 4 tak\u0131mla lig s\u0131ralamas\u0131nda ilk 4\u2026","rel":"","context":"Benzer yaz\u0131","block_context":{"text":"Benzer yaz\u0131","link":""},"img":{"alt_text":"","src":"","width":0,"height":0},"classes":[]}],"_links":{"self":[{"href":"https:\/\/sarimelekler.biz\/index.php?rest_route=\/wp\/v2\/pages\/13761","targetHints":{"allow":["GET"]}}],"collection":[{"href":"https:\/\/sarimelekler.biz\/index.php?rest_route=\/wp\/v2\/pages"}],"about":[{"href":"https:\/\/sarimelekler.biz\/index.php?rest_route=\/wp\/v2\/types\/page"}],"author":[{"embeddable":true,"href":"https:\/\/sarimelekler.biz\/index.php?rest_route=\/wp\/v2\/users\/1"}],"replies":[{"embeddable":true,"href":"https:\/\/sarimelekler.biz\/index.php?rest_route=%2Fwp%2Fv2%2Fcomments&post=13761"}],"version-history":[{"count":12,"href":"https:\/\/sarimelekler.biz\/index.php?rest_route=\/wp\/v2\/pages\/13761\/revisions"}],"predecessor-version":[{"id":16329,"href":"https:\/\/sarimelekler.biz\/index.php?rest_route=\/wp\/v2\/pages\/13761\/revisions\/16329"}],"up":[{"embeddable":true,"href":"https:\/\/sarimelekler.biz\/index.php?rest_route=\/wp\/v2\/pages\/13737"}],"wp:attachment":[{"href":"https:\/\/sarimelekler.biz\/index.php?rest_route=%2Fwp%2Fv2%2Fmedia&parent=13761"}],"curies":[{"name":"wp","href":"https:\/\/api.w.org\/{rel}","templated":true}]}}