{"id":14262,"date":"2020-11-15T14:56:45","date_gmt":"2020-11-15T11:56:45","guid":{"rendered":"http:\/\/sarimelekler.biz\/?page_id=14262"},"modified":"2021-10-09T00:21:45","modified_gmt":"2021-10-08T21:21:45","slug":"1-lig-takimimiz","status":"publish","type":"page","link":"https:\/\/sarimelekler.biz\/?page_id=14262","title":{"rendered":"1. Lig Tak\u0131m\u0131m\u0131z"},"content":{"rendered":"\n<p><span style=\"font-size: 18px;\">1.Lig Tak\u0131m\u0131m\u0131z\u0131n<\/span><\/p>\n<p><span style=\"font-size: 18px;\"><a href=\"https:\/\/sarimelekler.biz\/?page_id=14437\" target=\"_blank\" rel=\"noopener noreferrer\">Kadrosu i\u00e7in Bu yaz\u0131ya<\/a><\/span><\/p>\n<p><span style=\"font-size: 18px;\"><a href=\"https:\/\/sarimelekler.biz\/?page_id=14421\" target=\"_blank\" rel=\"noopener noreferrer\">Fikst\u00fcr ve Ma\u00e7 Haberlerine Ula\u015fmak i\u00e7in ise Bu yaz\u0131ya t\u0131klayabilirsiniz.<\/a><\/span><\/p>\n","protected":false},"excerpt":{"rendered":"<p>1.Lig Tak\u0131m\u0131m\u0131z\u0131n Kadrosu i\u00e7in Bu yaz\u0131ya Fikst\u00fcr ve Ma\u00e7 Haberlerine \u2026 <a class=\"continue-reading-link\" href=\"https:\/\/sarimelekler.biz\/?page_id=14262\">Okumaya Devam Et.. <span class=\"meta-nav\">&rarr; <\/span><\/a><\/p>\n","protected":false},"author":1,"featured_media":0,"parent":14400,"menu_order":0,"comment_status":"closed","ping_status":"closed","template":"","meta":{"_mc_calendar":[],"footnotes":""},"class_list":["post-14262","page","type-page","status-publish","hentry"],"jetpack_sharing_enabled":true,"jetpack_shortlink":"https:\/\/wp.me\/P8npUZ-3I2","jetpack-related-posts":[{"id":14402,"url":"https:\/\/sarimelekler.biz\/?page_id=14402","url_meta":{"origin":14262,"position":0},"title":"2. Lig Tak\u0131m\u0131m\u0131z","author":"Edit\u00f6r","date":"15 Kas\u0131m 2020","format":false,"excerpt":"\u00a0 2.Lig Tak\u0131m\u0131m\u0131z\u0131n Kadrosu i\u00e7in Bu yaz\u0131ya Fikst\u00fcr ve Ma\u00e7 Haberlerine Ula\u015fmak i\u00e7in ise Bu yaz\u0131ya t\u0131klayabilirsiniz.","rel":"","context":"Benzer yaz\u0131","block_context":{"text":"Benzer yaz\u0131","link":""},"img":{"alt_text":"","src":"","width":0,"height":0},"classes":[]},{"id":13646,"url":"https:\/\/sarimelekler.biz\/?page_id=13646","url_meta":{"origin":14262,"position":1},"title":"\u015eampiyonlar Ligi","author":"Edit\u00f6r","date":"20 Temmuz 2020","format":false,"excerpt":"Fenerbah\u00e7e Kad\u0131n Voleybol tak\u0131m\u0131m\u0131z 2018 \u2013 2019 sezonunu \u00fc\u00e7\u00fcnc\u00fc bitirdi\u011fi i\u00e7in 2019-2020 Cev \u015eampiyonlar ligine kat\u0131l\u0131m hakk\u0131 kazand\u0131. Tak\u0131m\u0131m\u0131z \u015eampiyonlar ligi A Grubu\u2019nda Eczac\u0131ba\u015f\u0131 Vitra, Budowlani Lodz (Polonya) ve Salo (Finalndiya) ile e\u015fle\u015fti. CEV \u015eampiyonlar Ligi\u2019nde kad\u0131nlarda grup ma\u00e7lar\u0131, 19.11.2019 \u2013 18.02.2020, \u00e7eyrek finaller 03-12 Mart 2020, yar\u0131 finaller 24\u2026","rel":"","context":"Benzer yaz\u0131","block_context":{"text":"Benzer yaz\u0131","link":""},"img":{"alt_text":"","src":"https:\/\/i0.wp.com\/sarimelekler.biz\/wp-content\/uploads\/2017\/12\/Y%C4%B1ld%C4%B1z-150x150.png?resize=350%2C200&ssl=1","width":350,"height":200,"srcset":"https:\/\/i0.wp.com\/sarimelekler.biz\/wp-content\/uploads\/2017\/12\/Y%C4%B1ld%C4%B1z-150x150.png?resize=350%2C200&ssl=1 1x, https:\/\/i0.wp.com\/sarimelekler.biz\/wp-content\/uploads\/2017\/12\/Y%C4%B1ld%C4%B1z-150x150.png?resize=525%2C300&ssl=1 1.5x, https:\/\/i0.wp.com\/sarimelekler.biz\/wp-content\/uploads\/2017\/12\/Y%C4%B1ld%C4%B1z-150x150.png?resize=700%2C400&ssl=1 2x, https:\/\/i0.wp.com\/sarimelekler.biz\/wp-content\/uploads\/2017\/12\/Y%C4%B1ld%C4%B1z-150x150.png?resize=1050%2C600&ssl=1 3x, https:\/\/i0.wp.com\/sarimelekler.biz\/wp-content\/uploads\/2017\/12\/Y%C4%B1ld%C4%B1z-150x150.png?resize=1400%2C800&ssl=1 4x"},"classes":[]},{"id":2238,"url":"https:\/\/sarimelekler.biz\/?page_id=2238","url_meta":{"origin":14262,"position":2},"title":"2016-2017","author":"Edit\u00f6r","date":"9 \u015eubat 2017","format":false,"excerpt":"Fenerbah\u00e7e Bayan Voleybol tak\u0131m\u0131m\u0131z 2015- 2016 sezonunu 2. S\u0131rada tamamlad\u0131ktan sonra kadrosunda bulunan Gizem Karaday\u0131, Brankica Mihajlovi\u0107, Christa Harmotto Dietzen, Lucia Bosetti ve Katarzyna Skorupa ile yollar\u0131n\u0131 ay\u0131rd\u0131. S\u00f6zle\u015fmeleri sona eren Kim Yeon Koung ve Polen Uslupehlivan ile s\u00f6zle\u015fme yenilerek transfer sezonuna ba\u015flayan tak\u0131m\u0131m\u0131z ilk olarak Brezilya Milli Tak\u0131m\u0131\u2019n\u0131n sma\u00e7\u00f6r\u00fc\u2026","rel":"","context":"Benzer yaz\u0131","block_context":{"text":"Benzer yaz\u0131","link":""},"img":{"alt_text":"","src":"","width":0,"height":0},"classes":[]},{"id":50,"url":"https:\/\/sarimelekler.biz\/?page_id=50","url_meta":{"origin":14262,"position":3},"title":"2015-2016","author":"Edit\u00f6r","date":"4 \u015eubat 2017","format":false,"excerpt":"2014 \u2013 2015 sezonunu 2 kupayla kapatan tak\u0131m\u0131m\u0131z transfer sezonunda \u00a0Madelayne Montano Caicedo, Christina Bauer, Kristin Lynn Hildebrand, Eleonora Lo Bianco, Elif \u00d6ner ve G\u00f6k\u00e7en Denkel ile yollar\u0131n\u0131 ay\u0131rd\u0131. \u00c7i\u011fdem Can Rasna\u2019da kendi iste\u011fiyle tak\u0131m menajerli\u011fini b\u0131rakt\u0131. Transfer sezonunda tak\u0131m\u0131m\u0131z S\u0131rp sma\u00e7\u00f6r Brankica Mihajlovi\u0107, Amerikal\u0131 orta oyuncu Christa Harmotto Dietzen,\u2026","rel":"","context":"Benzer yaz\u0131","block_context":{"text":"Benzer yaz\u0131","link":""},"img":{"alt_text":"","src":"","width":0,"height":0},"classes":[]},{"id":14441,"url":"https:\/\/sarimelekler.biz\/?page_id=14441","url_meta":{"origin":14262,"position":4},"title":"Kadro","author":"Edit\u00f6r","date":"15 Kas\u0131m 2020","format":false,"excerpt":"Kul\u00fcb\u00fcm\u00fcz, Kad\u0131n Voleybol altyap\u0131s\u0131ndan A Tak\u0131ma oyuncu yeti\u015ftirmek amac\u0131yla 2019-2020 sezonunda Y\u0131ld\u0131z K\u0131z ve Gen\u00e7 K\u0131z Voleybol Tak\u0131mlar\u0131m\u0131zda g\u00f6rev yapan voleybolcular\u0131m\u0131zdan olu\u015fan 2. Lig Tak\u0131m\u0131 kurdu. 2019-2020 sezonunda 1. Lige y\u00fckselme yolunda bu tak\u0131m\u0131m\u0131z finallerde averaj fark\u0131yla \u00fcst lige \u00e7\u0131kamam\u0131\u015ft\u0131. 2020-2021 sezonunun ba\u015flamas\u0131na yak\u0131n bir zamanda 2. lig tak\u0131m\u0131m\u0131z T\u00fcrkiye\u2026","rel":"","context":"Benzer yaz\u0131","block_context":{"text":"Benzer yaz\u0131","link":""},"img":{"alt_text":"","src":"https:\/\/i0.wp.com\/sarimelekler.biz\/wp-content\/uploads\/2020\/10\/2.Lig-1-8-1024x684.jpg?resize=350%2C200&ssl=1","width":350,"height":200,"srcset":"https:\/\/i0.wp.com\/sarimelekler.biz\/wp-content\/uploads\/2020\/10\/2.Lig-1-8-1024x684.jpg?resize=350%2C200&ssl=1 1x, https:\/\/i0.wp.com\/sarimelekler.biz\/wp-content\/uploads\/2020\/10\/2.Lig-1-8-1024x684.jpg?resize=525%2C300&ssl=1 1.5x, https:\/\/i0.wp.com\/sarimelekler.biz\/wp-content\/uploads\/2020\/10\/2.Lig-1-8-1024x684.jpg?resize=700%2C400&ssl=1 2x, https:\/\/i0.wp.com\/sarimelekler.biz\/wp-content\/uploads\/2020\/10\/2.Lig-1-8-1024x684.jpg?resize=1050%2C600&ssl=1 3x, https:\/\/i0.wp.com\/sarimelekler.biz\/wp-content\/uploads\/2020\/10\/2.Lig-1-8-1024x684.jpg?resize=1400%2C800&ssl=1 4x"},"classes":[]},{"id":14437,"url":"https:\/\/sarimelekler.biz\/?page_id=14437","url_meta":{"origin":14262,"position":5},"title":"Kadro","author":"Edit\u00f6r","date":"15 Kas\u0131m 2020","format":false,"excerpt":"Kul\u00fcb\u00fcm\u00fcz, Kad\u0131n Voleybol altyap\u0131s\u0131ndan A Tak\u0131ma oyuncu yeti\u015ftirmek amac\u0131yla 2019-2020 sezonunda Y\u0131ld\u0131z K\u0131z ve Gen\u00e7 K\u0131z Voleybol Tak\u0131mlar\u0131m\u0131zda g\u00f6rev yapan voleybolcular\u0131m\u0131zdan olu\u015fan 2. Lig Tak\u0131m\u0131 kurdu. 2019-2020 sezonunda 1. Lige y\u00fckselme yolunda bu tak\u0131m\u0131m\u0131z finallerde averaj fark\u0131yla \u00fcst lige \u00e7\u0131kamam\u0131\u015ft\u0131. 2020-2021 sezonunun ba\u015flamas\u0131na yak\u0131n bir zamanda 2. lig tak\u0131m\u0131m\u0131z T\u00fcrkiye\u2026","rel":"","context":"Benzer yaz\u0131","block_context":{"text":"Benzer yaz\u0131","link":""},"img":{"alt_text":"","src":"https:\/\/i0.wp.com\/sarimelekler.biz\/wp-content\/uploads\/2020\/10\/1.-Lig-1-5-1024x683.jpg?resize=350%2C200&ssl=1","width":350,"height":200,"srcset":"https:\/\/i0.wp.com\/sarimelekler.biz\/wp-content\/uploads\/2020\/10\/1.-Lig-1-5-1024x683.jpg?resize=350%2C200&ssl=1 1x, https:\/\/i0.wp.com\/sarimelekler.biz\/wp-content\/uploads\/2020\/10\/1.-Lig-1-5-1024x683.jpg?resize=525%2C300&ssl=1 1.5x, https:\/\/i0.wp.com\/sarimelekler.biz\/wp-content\/uploads\/2020\/10\/1.-Lig-1-5-1024x683.jpg?resize=700%2C400&ssl=1 2x, https:\/\/i0.wp.com\/sarimelekler.biz\/wp-content\/uploads\/2020\/10\/1.-Lig-1-5-1024x683.jpg?resize=1050%2C600&ssl=1 3x, https:\/\/i0.wp.com\/sarimelekler.biz\/wp-content\/uploads\/2020\/10\/1.-Lig-1-5-1024x683.jpg?resize=1400%2C800&ssl=1 4x"},"classes":[]}],"_links":{"self":[{"href":"https:\/\/sarimelekler.biz\/index.php?rest_route=\/wp\/v2\/pages\/14262","targetHints":{"allow":["GET"]}}],"collection":[{"href":"https:\/\/sarimelekler.biz\/index.php?rest_route=\/wp\/v2\/pages"}],"about":[{"href":"https:\/\/sarimelekler.biz\/index.php?rest_route=\/wp\/v2\/types\/page"}],"author":[{"embeddable":true,"href":"https:\/\/sarimelekler.biz\/index.php?rest_route=\/wp\/v2\/users\/1"}],"replies":[{"embeddable":true,"href":"https:\/\/sarimelekler.biz\/index.php?rest_route=%2Fwp%2Fv2%2Fcomments&post=14262"}],"version-history":[{"count":38,"href":"https:\/\/sarimelekler.biz\/index.php?rest_route=\/wp\/v2\/pages\/14262\/revisions"}],"predecessor-version":[{"id":16331,"href":"https:\/\/sarimelekler.biz\/index.php?rest_route=\/wp\/v2\/pages\/14262\/revisions\/16331"}],"up":[{"embeddable":true,"href":"https:\/\/sarimelekler.biz\/index.php?rest_route=\/wp\/v2\/pages\/14400"}],"wp:attachment":[{"href":"https:\/\/sarimelekler.biz\/index.php?rest_route=%2Fwp%2Fv2%2Fmedia&parent=14262"}],"curies":[{"name":"wp","href":"https:\/\/api.w.org\/{rel}","templated":true}]}}