{"id":14400,"date":"2020-11-15T14:55:32","date_gmt":"2020-11-15T11:55:32","guid":{"rendered":"http:\/\/sarimelekler.biz\/?page_id=14400"},"modified":"2021-10-07T22:27:29","modified_gmt":"2021-10-07T19:27:29","slug":"alt-lig-takimlarimiz","status":"publish","type":"page","link":"https:\/\/sarimelekler.biz\/?page_id=14400","title":{"rendered":"Alt Lig Tak\u0131mlar\u0131m\u0131z"},"content":{"rendered":"","protected":false},"excerpt":{"rendered":"","protected":false},"author":1,"featured_media":0,"parent":13737,"menu_order":5,"comment_status":"closed","ping_status":"closed","template":"","meta":{"_mc_calendar":[],"footnotes":""},"class_list":["post-14400","page","type-page","status-publish","hentry"],"jetpack_sharing_enabled":true,"jetpack_shortlink":"https:\/\/wp.me\/P8npUZ-3Kg","jetpack-related-posts":[{"id":14262,"url":"https:\/\/sarimelekler.biz\/?page_id=14262","url_meta":{"origin":14400,"position":0},"title":"1. Lig Tak\u0131m\u0131m\u0131z","author":"Edit\u00f6r","date":"15 Kas\u0131m 2020","format":false,"excerpt":"1.Lig Tak\u0131m\u0131m\u0131z\u0131n Kadrosu i\u00e7in Bu yaz\u0131ya Fikst\u00fcr ve Ma\u00e7 Haberlerine Ula\u015fmak i\u00e7in ise Bu yaz\u0131ya t\u0131klayabilirsiniz.","rel":"","context":"Benzer yaz\u0131","block_context":{"text":"Benzer yaz\u0131","link":""},"img":{"alt_text":"","src":"","width":0,"height":0},"classes":[]},{"id":14402,"url":"https:\/\/sarimelekler.biz\/?page_id=14402","url_meta":{"origin":14400,"position":1},"title":"2. Lig Tak\u0131m\u0131m\u0131z","author":"Edit\u00f6r","date":"15 Kas\u0131m 2020","format":false,"excerpt":"\u00a0 2.Lig Tak\u0131m\u0131m\u0131z\u0131n Kadrosu i\u00e7in Bu yaz\u0131ya Fikst\u00fcr ve Ma\u00e7 Haberlerine Ula\u015fmak i\u00e7in ise Bu yaz\u0131ya t\u0131klayabilirsiniz.","rel":"","context":"Benzer yaz\u0131","block_context":{"text":"Benzer yaz\u0131","link":""},"img":{"alt_text":"","src":"","width":0,"height":0},"classes":[]},{"id":14437,"url":"https:\/\/sarimelekler.biz\/?page_id=14437","url_meta":{"origin":14400,"position":2},"title":"Kadro","author":"Edit\u00f6r","date":"15 Kas\u0131m 2020","format":false,"excerpt":"Kul\u00fcb\u00fcm\u00fcz, Kad\u0131n Voleybol altyap\u0131s\u0131ndan A Tak\u0131ma oyuncu yeti\u015ftirmek amac\u0131yla 2019-2020 sezonunda Y\u0131ld\u0131z K\u0131z ve Gen\u00e7 K\u0131z Voleybol Tak\u0131mlar\u0131m\u0131zda g\u00f6rev yapan voleybolcular\u0131m\u0131zdan olu\u015fan 2. Lig Tak\u0131m\u0131 kurdu. 2019-2020 sezonunda 1. Lige y\u00fckselme yolunda bu tak\u0131m\u0131m\u0131z finallerde averaj fark\u0131yla \u00fcst lige \u00e7\u0131kamam\u0131\u015ft\u0131. 2020-2021 sezonunun ba\u015flamas\u0131na yak\u0131n bir zamanda 2. lig tak\u0131m\u0131m\u0131z T\u00fcrkiye\u2026","rel":"","context":"Benzer yaz\u0131","block_context":{"text":"Benzer yaz\u0131","link":""},"img":{"alt_text":"","src":"https:\/\/i0.wp.com\/sarimelekler.biz\/wp-content\/uploads\/2020\/10\/1.-Lig-1-5-1024x683.jpg?resize=350%2C200&ssl=1","width":350,"height":200,"srcset":"https:\/\/i0.wp.com\/sarimelekler.biz\/wp-content\/uploads\/2020\/10\/1.-Lig-1-5-1024x683.jpg?resize=350%2C200&ssl=1 1x, https:\/\/i0.wp.com\/sarimelekler.biz\/wp-content\/uploads\/2020\/10\/1.-Lig-1-5-1024x683.jpg?resize=525%2C300&ssl=1 1.5x, https:\/\/i0.wp.com\/sarimelekler.biz\/wp-content\/uploads\/2020\/10\/1.-Lig-1-5-1024x683.jpg?resize=700%2C400&ssl=1 2x, https:\/\/i0.wp.com\/sarimelekler.biz\/wp-content\/uploads\/2020\/10\/1.-Lig-1-5-1024x683.jpg?resize=1050%2C600&ssl=1 3x, https:\/\/i0.wp.com\/sarimelekler.biz\/wp-content\/uploads\/2020\/10\/1.-Lig-1-5-1024x683.jpg?resize=1400%2C800&ssl=1 4x"},"classes":[]},{"id":14441,"url":"https:\/\/sarimelekler.biz\/?page_id=14441","url_meta":{"origin":14400,"position":3},"title":"Kadro","author":"Edit\u00f6r","date":"15 Kas\u0131m 2020","format":false,"excerpt":"Kul\u00fcb\u00fcm\u00fcz, Kad\u0131n Voleybol altyap\u0131s\u0131ndan A Tak\u0131ma oyuncu yeti\u015ftirmek amac\u0131yla 2019-2020 sezonunda Y\u0131ld\u0131z K\u0131z ve Gen\u00e7 K\u0131z Voleybol Tak\u0131mlar\u0131m\u0131zda g\u00f6rev yapan voleybolcular\u0131m\u0131zdan olu\u015fan 2. Lig Tak\u0131m\u0131 kurdu. 2019-2020 sezonunda 1. Lige y\u00fckselme yolunda bu tak\u0131m\u0131m\u0131z finallerde averaj fark\u0131yla \u00fcst lige \u00e7\u0131kamam\u0131\u015ft\u0131. 2020-2021 sezonunun ba\u015flamas\u0131na yak\u0131n bir zamanda 2. lig tak\u0131m\u0131m\u0131z T\u00fcrkiye\u2026","rel":"","context":"Benzer yaz\u0131","block_context":{"text":"Benzer yaz\u0131","link":""},"img":{"alt_text":"","src":"https:\/\/i0.wp.com\/sarimelekler.biz\/wp-content\/uploads\/2020\/10\/2.Lig-1-8-1024x684.jpg?resize=350%2C200&ssl=1","width":350,"height":200,"srcset":"https:\/\/i0.wp.com\/sarimelekler.biz\/wp-content\/uploads\/2020\/10\/2.Lig-1-8-1024x684.jpg?resize=350%2C200&ssl=1 1x, https:\/\/i0.wp.com\/sarimelekler.biz\/wp-content\/uploads\/2020\/10\/2.Lig-1-8-1024x684.jpg?resize=525%2C300&ssl=1 1.5x, https:\/\/i0.wp.com\/sarimelekler.biz\/wp-content\/uploads\/2020\/10\/2.Lig-1-8-1024x684.jpg?resize=700%2C400&ssl=1 2x, https:\/\/i0.wp.com\/sarimelekler.biz\/wp-content\/uploads\/2020\/10\/2.Lig-1-8-1024x684.jpg?resize=1050%2C600&ssl=1 3x, https:\/\/i0.wp.com\/sarimelekler.biz\/wp-content\/uploads\/2020\/10\/2.Lig-1-8-1024x684.jpg?resize=1400%2C800&ssl=1 4x"},"classes":[]},{"id":14421,"url":"https:\/\/sarimelekler.biz\/?page_id=14421","url_meta":{"origin":14400,"position":4},"title":"Fikst\u00fcr","author":"Edit\u00f6r","date":"15 Kas\u0131m 2020","format":false,"excerpt":"Puan Durumu ve Fikst\u00fcrTVF\u00a0\u2013\u00a0TVF Haber Kategorisi T\u00fcm Yaz\u0131lar 1.Hafta\u00a0 11.10.2020Fenerbah\u00e7e:3 \u2013 Edremit Belediye Alt\u0131noluk:025-23, 25-20, 24-26, 25-22Sitemiz Ma\u00e7 Yaz\u0131s\u0131Ma\u00e7 Videosu: 1 \u00a0 2.Hafta 18.10.2020\u00c7anakkale Belediyesi:3 \u2013 Fenerbah\u00e7e:2\u00a020-25, 23-25, 25-17, 25-23, 15-13Sitemiz Ma\u00e7 Yaz\u0131s\u0131Video: - 3.Hafta\u00a0 25.10.2020Fenerbah\u00e7e:3 \u2013 \u0130zmirspor:218-25, 25-14, 16-25, 25-20,15-8Sitemiz Ma\u00e7 Yaz\u0131s\u0131Video: 1 4.Hafta\u00a0 (Ertelendi) 18.11.2020Kar\u015f\u0131yaka:3 \u2013 Fenerbah\u00e7e:1\u00a028-26, 16-25,\u2026","rel":"","context":"Benzer yaz\u0131","block_context":{"text":"Benzer yaz\u0131","link":""},"img":{"alt_text":"","src":"https:\/\/i0.wp.com\/sarimelekler.biz\/wp-content\/uploads\/2021\/08\/Lig-Sonu-Puan-Durumu-20-21-1024x728.jpg?resize=350%2C200&ssl=1","width":350,"height":200,"srcset":"https:\/\/i0.wp.com\/sarimelekler.biz\/wp-content\/uploads\/2021\/08\/Lig-Sonu-Puan-Durumu-20-21-1024x728.jpg?resize=350%2C200&ssl=1 1x, https:\/\/i0.wp.com\/sarimelekler.biz\/wp-content\/uploads\/2021\/08\/Lig-Sonu-Puan-Durumu-20-21-1024x728.jpg?resize=525%2C300&ssl=1 1.5x, https:\/\/i0.wp.com\/sarimelekler.biz\/wp-content\/uploads\/2021\/08\/Lig-Sonu-Puan-Durumu-20-21-1024x728.jpg?resize=700%2C400&ssl=1 2x, https:\/\/i0.wp.com\/sarimelekler.biz\/wp-content\/uploads\/2021\/08\/Lig-Sonu-Puan-Durumu-20-21-1024x728.jpg?resize=1050%2C600&ssl=1 3x"},"classes":[]},{"id":14445,"url":"https:\/\/sarimelekler.biz\/?page_id=14445","url_meta":{"origin":14400,"position":5},"title":"Fikst\u00fcr","author":"Edit\u00f6r","date":"15 Kas\u0131m 2020","format":false,"excerpt":"Puan Durumu ve Fikst\u00fcrTVF Haber Kategorisi T\u00fcm Yaz\u0131lar 1.Hafta\u00a0 10.10.2020Kartal Anadolu :2 \u2013 Fenerbah\u00e7e:3\u00a018-25, 25-17, 23-25, 25-16, 8-15Sitemiz Ma\u00e7 Yaz\u0131s\u0131Ma\u00e7 Videosu: 1 \u00a0 2.Hafta 17.10.2020Fenerbah\u00e7e:3 \u2013 Fenerbah\u00e7e Koleji:0\u00a025-11, 25-17, 25-15Sitemiz Ma\u00e7 Yaz\u0131s\u0131Video: 1 3.Hafta\u00a0 24.10.2020\u00dcnsped Spor:3 \u2013 Fenerbah\u00e7e:1\u00a021-25, 25-21, 25-21, 25-14Sitemiz Ma\u00e7 Yaz\u0131s\u0131Video: - 4.Hafta 31.10.2020Fenerbah\u00e7e:3 \u2013 K\u00fc\u00e7\u00fck\u00e7ekmece Voleybol:2\u00a021-25, 27-25,\u2026","rel":"","context":"Benzer yaz\u0131","block_context":{"text":"Benzer yaz\u0131","link":""},"img":{"alt_text":"","src":"https:\/\/i0.wp.com\/sarimelekler.biz\/wp-content\/uploads\/2021\/03\/2.-Lig-Puan-Durumu-1024x380.jpg?resize=350%2C200&ssl=1","width":350,"height":200,"srcset":"https:\/\/i0.wp.com\/sarimelekler.biz\/wp-content\/uploads\/2021\/03\/2.-Lig-Puan-Durumu-1024x380.jpg?resize=350%2C200&ssl=1 1x, https:\/\/i0.wp.com\/sarimelekler.biz\/wp-content\/uploads\/2021\/03\/2.-Lig-Puan-Durumu-1024x380.jpg?resize=525%2C300&ssl=1 1.5x, https:\/\/i0.wp.com\/sarimelekler.biz\/wp-content\/uploads\/2021\/03\/2.-Lig-Puan-Durumu-1024x380.jpg?resize=700%2C400&ssl=1 2x, https:\/\/i0.wp.com\/sarimelekler.biz\/wp-content\/uploads\/2021\/03\/2.-Lig-Puan-Durumu-1024x380.jpg?resize=1050%2C600&ssl=1 3x, https:\/\/i0.wp.com\/sarimelekler.biz\/wp-content\/uploads\/2021\/03\/2.-Lig-Puan-Durumu-1024x380.jpg?resize=1400%2C800&ssl=1 4x"},"classes":[]}],"_links":{"self":[{"href":"https:\/\/sarimelekler.biz\/index.php?rest_route=\/wp\/v2\/pages\/14400","targetHints":{"allow":["GET"]}}],"collection":[{"href":"https:\/\/sarimelekler.biz\/index.php?rest_route=\/wp\/v2\/pages"}],"about":[{"href":"https:\/\/sarimelekler.biz\/index.php?rest_route=\/wp\/v2\/types\/page"}],"author":[{"embeddable":true,"href":"https:\/\/sarimelekler.biz\/index.php?rest_route=\/wp\/v2\/users\/1"}],"replies":[{"embeddable":true,"href":"https:\/\/sarimelekler.biz\/index.php?rest_route=%2Fwp%2Fv2%2Fcomments&post=14400"}],"version-history":[{"count":1,"href":"https:\/\/sarimelekler.biz\/index.php?rest_route=\/wp\/v2\/pages\/14400\/revisions"}],"predecessor-version":[{"id":14401,"href":"https:\/\/sarimelekler.biz\/index.php?rest_route=\/wp\/v2\/pages\/14400\/revisions\/14401"}],"up":[{"embeddable":true,"href":"https:\/\/sarimelekler.biz\/index.php?rest_route=\/wp\/v2\/pages\/13737"}],"wp:attachment":[{"href":"https:\/\/sarimelekler.biz\/index.php?rest_route=%2Fwp%2Fv2%2Fmedia&parent=14400"}],"curies":[{"name":"wp","href":"https:\/\/api.w.org\/{rel}","templated":true}]}}