{"id":16,"date":"2017-02-04T00:00:48","date_gmt":"2017-02-03T22:00:48","guid":{"rendered":"http:\/\/sarimelekler.biz\/?page_id=16"},"modified":"2019-01-15T20:44:49","modified_gmt":"2019-01-15T17:44:49","slug":"2010-2011","status":"publish","type":"page","link":"https:\/\/sarimelekler.biz\/?page_id=16","title":{"rendered":"2010-2011"},"content":{"rendered":"<p style=\"text-align: justify;\">Fenerbah\u00e7e Bayan Voleybol tak\u0131m\u0131m\u0131z bir \u00f6nceki sezon ba\u015far\u0131lar\u0131 tekrarlamak ve Avrupa \u015eampiyonlu\u011funu kazanabilmek amac\u0131yla 2010 \u2013 2011 sezonuna ba\u015flayan tak\u0131m\u0131m\u0131z \u00f6nceki sezondan kadrosunda bulunan Frauke Dirickx, Alice Blom, Cemre Erol, Merve Tan\u0131l ve antren\u00f6r\u00fcm\u00fcz Jan De Brandt ile yollar ayr\u0131ld\u0131. Bir voleybol efsanesi olan ve \u00fclkesi d\u0131\u015f\u0131nda sadece Fenerbah\u00e7e\u2019de forma giyen Ekaterina Gamova ise \u201cDinamo Kazan\u2019\u0131n 20 ya\u015f\u0131ndaki y\u0131ld\u0131z\u0131 Rus oyuncu Kosheleva\u2019y\u0131 yeti\u015ftirmek zorundayd\u0131m\u201d diyerek kul\u00fcb\u00fcm\u00fczden ayr\u0131ld\u0131 ve kariyer boyunca \u00fclkesi d\u0131\u015f\u0131nda ba\u015fka bir tak\u0131mda forma giymedi. Transfer sezonuna ilk olarak ba\u015fka bir Rus Efsanesi olan sma\u00e7\u00f6r <a href=\"http:\/\/www.fenerbahce.org\/detay.asp?ContentID=19772\" target=\"_blank\" rel=\"noopener\">Lioubov Sokolova<\/a> ile 2 senelik s\u00f6zle\u015fme imzalanarak ba\u015fland\u0131. Daha sonra ise Alman orta oyuncu <a href=\"http:\/\/www.fenerbahce.org\/detay.asp?ContentID=19833\" target=\"_blank\" rel=\"noopener\">Christiane F\u00fcrst<\/a>, Polonyal\u0131 pas\u00f6r \u00e7apraz\u0131 <a href=\"http:\/\/www.fenerbahce.org\/detay.asp?ContentID=19851\" target=\"_blank\" rel=\"noopener\">Katarzyna Ewa Skowronska<\/a> gibi \u00fcst d\u00fczey oyunculara imza att\u0131ran tak\u0131m\u0131m\u0131z Brezilya\u2019n\u0131n efsane pas\u00f6rlerinden \u201c<a href=\"http:\/\/www.fenerbahce.org\/detay.asp?ContentID=20086\" target=\"_blank\" rel=\"noopener\">Fofao<\/a>\u2019\u2019 ad\u0131yla bilinen 40 ya\u015f\u0131ndaki Brezilyal\u0131 y\u0131ld\u0131z pas\u00f6r Helia Rogerio de Souza Pinto\u2019yu kadrosuna katt\u0131. Antren\u00f6r olarak ise de d\u00fcnyan\u0131n en iyisi olarak tan\u0131nan kariyerinde bir \u00e7ok ba\u015far\u0131 bulunan Brezilyal\u0131 antren\u00f6r Jose Roberto Lages Guimaraes yani &#8220;<a href=\"http:\/\/www.fenerbahce.org\/detay.asp?ContentID=19890\" target=\"_blank\" rel=\"noopener\">Ze Roberto<\/a>&#8221; yu tak\u0131m\u0131n ba\u015f\u0131na getirildi. Transferde T\u00fcrk oyuncular olarak ise pas\u00f6r Z\u00fclfiye G\u00fcndo\u011fdu ve sma\u00e7\u00f6r Ya\u011fmur Ko\u00e7yi\u011fit\u00a0<a href=\"http:\/\/www.fenerbahce.org\/detay.asp?ContentID=20077\" target=\"_blank\" rel=\"noopener\">al\u0131narak <\/a>transfer noktalad\u0131. \u0130sim sponsoru olarak ise Ac\u0131badem ile devam edildi.<\/p>\n<p style=\"text-align: justify;\">19 Kas\u0131m 2010\u2019 da \u00a0yenilerek tekrar a\u00e7\u0131l\u0131\u015f\u0131 yap\u0131lan Burhan Felek Voleybol Salonu oynanan Bayanlar Voleybol S\u00fcper Kupa ma\u00e7\u0131nda, 2009-2010 Bayanlar Birinci Ligi \u015eampiyonu Fenerbah\u00e7e\u2019miz, T\u00fcrkiye Kupas\u0131 finalisti Vak\u0131fbank G\u00fcne\u015f Sigorta T\u00fcrk Telekom\u2019u 3-1 yenerek, \u00fcst \u00fcste ikinci kez <a href=\"http:\/\/www.fenerbahce.org\/detay.asp?ContentID=21707\" target=\"_blank\" rel=\"noopener\">S\u00fcper Kupay\u0131<\/a> kazand\u0131.<\/p>\n<p style=\"text-align: justify;\">15-21 Aral\u0131k 2010 tarihlerinde Katar\u2019\u0131n ba\u015fkenti Doha\u2019da d\u00fczenlenen D\u00fcnya Kul\u00fcpleraras\u0131 Voleybol \u015eampiyonas\u0131\u2019na \u00f6zel davet ile kat\u0131lan tak\u0131m\u0131m\u0131z s\u0131ras\u0131yla Brezilya ekibi <a href=\"http:\/\/www.fenerbahce.org\/detay.asp?ContentID=22125\" target=\"_blank\" rel=\"noopener\">Sollys Osasco<\/a> tak\u0131m\u0131n\u0131 3-0, Tayland\u2019\u0131n <a href=\"http:\/\/www.fenerbahce.org\/detay.asp?ContentID=22159\" target=\"_blank\" rel=\"noopener\">Federbrau<\/a> tak\u0131m\u0131n\u0131 3-0, yar\u0131 finalde Dominik Cumhuriyeti\u2019nden <a href=\"http:\/\/www.fenerbahce.org\/detay.asp?ContentID=22167\" target=\"_blank\" rel=\"noopener\">Mirador<\/a> tak\u0131m\u0131n\u0131 3-0 ve Sollys Osasco tak\u0131m\u0131n\u0131 3-0 yenerek nama\u011flup ve set dahi vermeden <a href=\"http:\/\/www.fenerbahce.org\/detay.asp?ContentID=22188\" target=\"_blank\" rel=\"noopener\">\u015eampiyon<\/a> oldu. Kasia Skowronska turnuvan\u0131n En De\u011ferli ve En Skorer oyuncusu se\u00e7ilirken, Eda Erdem ise En \u0130yi Servis atan oyuncu \u00f6d\u00fcl\u00fcne lay\u0131k g\u00f6r\u00fcld\u00fc. Fenerbah\u00e7emiz kazand\u0131\u011f\u0131 bu ba\u015far\u0131 ile uluslararas\u0131 alanda T\u00fcrk voleybolu ad\u0131na bir ilke imza atm\u0131\u015f oldu.<\/p>\n<p style=\"text-align: justify;\">\u015eampiyonlar Ligi B grubunda Norda Foppapedretti Bergamo, Zok Split ve Dinamo Moskova\u2019n\u0131n bulundu\u011fu gruptan lider \u00e7\u0131kan tak\u0131m\u0131m\u0131z 19 \u2013 20 Mart 2011 tarihleri aras\u0131nda Avrupa \u015eampiyonlar Ligi D\u00f6rtl\u00fc Finallerini <a href=\"http:\/\/www.fenerbahce.org\/detay.asp?ContentID=22536\" target=\"_blank\" rel=\"noopener\">d\u00fczenlemeye hak kazand\u0131.<\/a> D\u00f6rtl\u00fc Finallere Vak\u0131fbank G\u00fcne\u015f Sigorta T\u00fcrk Telekom ile \u0130talya\u2019n\u0131n Scavolini Pesaro ve Azerbaycan\u2019\u0131n Rabita Bak\u00fc <a href=\"http:\/\/www.fenerbahce.org\/detay.asp?ContentID=23367\" target=\"_blank\" rel=\"noopener\">kat\u0131lmaya hak kazand\u0131.<\/a> Tak\u0131m\u0131m\u0131z yar\u0131 finalde Vak\u0131fbank GSTT\u2019ye <a href=\"http:\/\/www.fenerbahce.org\/detay.asp?ContentID=23603\" target=\"_blank\" rel=\"noopener\">3-2<\/a> yenilerek \u015fampiyonluk \u015fans\u0131n\u0131 yitirdi. Tak\u0131m\u0131m\u0131z 3 \u2013 4 ma\u00e7\u0131nda Scavolini Pesaro\u2019yu <a href=\"http:\/\/www.fenerbahce.org\/detay.asp?ContentID=23609\" target=\"_blank\" rel=\"noopener\">3-1<\/a> yenerek Avrupa \u00fc\u00e7\u00fcnc\u00fcs\u00fc oldu. Turnuvay\u0131 ise finalde Rabita Bak\u00fc\u2019y\u00fc 3-0 yenen Vak\u0131fbank GSTT \u015fampiyon tamamlad\u0131.<\/p>\n<p style=\"text-align: justify;\">T\u00fcrkiye ligi normal sezonunu lider olarak tamamlayan tak\u0131m\u0131m\u0131z Play-Off \u00a0final serisinde Vak\u0131fbank GSTT ile e\u015fle\u015fti. \u0130lk ma\u00e7\u0131 <a href=\"http:\/\/www.fenerbahce.org\/detay.asp?ContentID=24377\" target=\"_blank\" rel=\"noopener\">3-2<\/a>, ikinci ma\u00e7\u0131 <a href=\"http:\/\/www.fenerbahce.org\/detay.asp?ContentID=24417\" target=\"_blank\" rel=\"noopener\">3-0<\/a> ve \u00fc\u00e7\u00fcnc\u00fc ma\u00e7\u0131 3-2 kazanan tak\u0131m\u0131m\u0131z seriyi 3-0 yaparak \u00fcst \u00fcste 3. Kez <a href=\"http:\/\/www.fenerbahce.org\/detay.asp?ContentID=24447\" target=\"_blank\" rel=\"noopener\">\u015eampiyon <\/a>oldu. Turnuvada Lyubov Sokolova, En \u0130yi Oyuncu, Eda Erdem En \u0130yi Sma\u00e7\u00f6r ve Naz Aydemir En \u0130yi Pas\u00f6r \u00f6d\u00fcllerini ald\u0131lar.<\/p>\n\n\t\t<style type=\"text\/css\">\n\t\t\t#gallery-1 {\n\t\t\t\tmargin: auto;\n\t\t\t}\n\t\t\t#gallery-1 .gallery-item {\n\t\t\t\tfloat: left;\n\t\t\t\tmargin-top: 10px;\n\t\t\t\ttext-align: center;\n\t\t\t\twidth: 25%;\n\t\t\t}\n\t\t\t#gallery-1 img {\n\t\t\t\tborder: 2px solid #cfcfcf;\n\t\t\t}\n\t\t\t#gallery-1 .gallery-caption {\n\t\t\t\tmargin-left: 0;\n\t\t\t}\n\t\t\t\/* see gallery_shortcode() in wp-includes\/media.php *\/\n\t\t<\/style>\n\t\t<div data-carousel-extra='{&quot;blog_id&quot;:1,&quot;permalink&quot;:&quot;https:\/\/sarimelekler.biz\/?page_id=16&quot;}' id='gallery-1' class='gallery galleryid-16 gallery-columns-4 gallery-size-thumbnail'><dl class='gallery-item'>\n\t\t\t<dt class='gallery-icon landscape'>\n\t\t\t\t<a href='https:\/\/sarimelekler.biz\/?attachment_id=2893'><img loading=\"lazy\" decoding=\"async\" width=\"150\" height=\"150\" src=\"https:\/\/sarimelekler.biz\/wp-content\/uploads\/2017\/02\/S\u00fcper-Kupa-5-1-150x150.jpg\" class=\"attachment-thumbnail size-thumbnail\" alt=\"\" aria-describedby=\"gallery-1-2893\" data-attachment-id=\"2893\" data-permalink=\"https:\/\/sarimelekler.biz\/?attachment_id=2893\" data-orig-file=\"https:\/\/sarimelekler.biz\/wp-content\/uploads\/2017\/02\/S\u00fcper-Kupa-5-1.jpg\" data-orig-size=\"446,297\" data-comments-opened=\"0\" data-image-meta=\"{&quot;aperture&quot;:&quot;0&quot;,&quot;credit&quot;:&quot;&quot;,&quot;camera&quot;:&quot;&quot;,&quot;caption&quot;:&quot;&quot;,&quot;created_timestamp&quot;:&quot;0&quot;,&quot;copyright&quot;:&quot;&quot;,&quot;focal_length&quot;:&quot;0&quot;,&quot;iso&quot;:&quot;0&quot;,&quot;shutter_speed&quot;:&quot;0&quot;,&quot;title&quot;:&quot;&quot;,&quot;orientation&quot;:&quot;0&quot;}\" data-image-title=\"S\u00fcper Kupa\" data-image-description=\"\" data-image-caption=\"&lt;p&gt;S\u00fcper Kupa \u015eampiyonlu\u011fu&lt;\/p&gt;\n\" data-large-file=\"https:\/\/sarimelekler.biz\/wp-content\/uploads\/2017\/02\/S\u00fcper-Kupa-5-1.jpg\" \/><\/a>\n\t\t\t<\/dt>\n\t\t\t\t<dd class='wp-caption-text gallery-caption' id='gallery-1-2893'>\n\t\t\t\tS\u00fcper Kupa \u015eampiyonlu\u011fu\n\t\t\t\t<\/dd><\/dl><dl class='gallery-item'>\n\t\t\t<dt class='gallery-icon landscape'>\n\t\t\t\t<a href='https:\/\/sarimelekler.biz\/?attachment_id=2896'><img loading=\"lazy\" decoding=\"async\" width=\"150\" height=\"150\" src=\"https:\/\/sarimelekler.biz\/wp-content\/uploads\/2017\/02\/D\u00fcnya-Kul\u00fcpler-Kupas\u0131-4-2-150x150.jpeg\" class=\"attachment-thumbnail size-thumbnail\" alt=\"\" aria-describedby=\"gallery-1-2896\" data-attachment-id=\"2896\" data-permalink=\"https:\/\/sarimelekler.biz\/?attachment_id=2896\" data-orig-file=\"https:\/\/sarimelekler.biz\/wp-content\/uploads\/2017\/02\/D\u00fcnya-Kul\u00fcpler-Kupas\u0131-4-2.jpeg\" data-orig-size=\"2400,1600\" data-comments-opened=\"0\" data-image-meta=\"{&quot;aperture&quot;:&quot;5&quot;,&quot;credit&quot;:&quot;&quot;,&quot;camera&quot;:&quot;Canon EOS-1D Mark III&quot;,&quot;caption&quot;:&quot;&quot;,&quot;created_timestamp&quot;:&quot;1292959983&quot;,&quot;copyright&quot;:&quot;2010 FIVB&quot;,&quot;focal_length&quot;:&quot;33&quot;,&quot;iso&quot;:&quot;1250&quot;,&quot;shutter_speed&quot;:&quot;0.008&quot;,&quot;title&quot;:&quot;&quot;,&quot;orientation&quot;:&quot;1&quot;}\" data-image-title=\"D\u00fcnya Kul\u00fcpler Kupas\u0131 \u015eampiyonlu\u011fu\" data-image-description=\"\" data-image-caption=\"&lt;p&gt;D\u00fcnya \u015eampiyonlu\u011fu&lt;\/p&gt;\n\" data-large-file=\"https:\/\/sarimelekler.biz\/wp-content\/uploads\/2017\/02\/D\u00fcnya-Kul\u00fcpler-Kupas\u0131-4-2-1024x683.jpeg\" \/><\/a>\n\t\t\t<\/dt>\n\t\t\t\t<dd class='wp-caption-text gallery-caption' id='gallery-1-2896'>\n\t\t\t\tD\u00fcnya \u015eampiyonlu\u011fu\n\t\t\t\t<\/dd><\/dl><dl class='gallery-item'>\n\t\t\t<dt class='gallery-icon landscape'>\n\t\t\t\t<a href='https:\/\/sarimelekler.biz\/?attachment_id=2894'><img loading=\"lazy\" decoding=\"async\" width=\"150\" height=\"150\" src=\"https:\/\/sarimelekler.biz\/wp-content\/uploads\/2017\/02\/\u015eampiyonlar-Ligi-3.l\u00fc\u011f\u00fc-5-1-150x150.jpg\" class=\"attachment-thumbnail size-thumbnail\" alt=\"\" aria-describedby=\"gallery-1-2894\" data-attachment-id=\"2894\" data-permalink=\"https:\/\/sarimelekler.biz\/?attachment_id=2894\" data-orig-file=\"https:\/\/sarimelekler.biz\/wp-content\/uploads\/2017\/02\/\u015eampiyonlar-Ligi-3.l\u00fc\u011f\u00fc-5-1.jpg\" data-orig-size=\"720,540\" data-comments-opened=\"0\" data-image-meta=\"{&quot;aperture&quot;:&quot;0&quot;,&quot;credit&quot;:&quot;&quot;,&quot;camera&quot;:&quot;&quot;,&quot;caption&quot;:&quot;&quot;,&quot;created_timestamp&quot;:&quot;0&quot;,&quot;copyright&quot;:&quot;&quot;,&quot;focal_length&quot;:&quot;0&quot;,&quot;iso&quot;:&quot;0&quot;,&quot;shutter_speed&quot;:&quot;0&quot;,&quot;title&quot;:&quot;&quot;,&quot;orientation&quot;:&quot;0&quot;}\" data-image-title=\"\u015eampiyonlar Ligi 3.l\u00fc\u011f\u00fc\" data-image-description=\"\" data-image-caption=\"&lt;p&gt;\u015eampiyonlar Ligi 3.l\u00fc\u011f\u00fc&lt;\/p&gt;\n\" data-large-file=\"https:\/\/sarimelekler.biz\/wp-content\/uploads\/2017\/02\/\u015eampiyonlar-Ligi-3.l\u00fc\u011f\u00fc-5-1.jpg\" \/><\/a>\n\t\t\t<\/dt>\n\t\t\t\t<dd class='wp-caption-text gallery-caption' id='gallery-1-2894'>\n\t\t\t\t\u015eampiyonlar Ligi 3.l\u00fc\u011f\u00fc\n\t\t\t\t<\/dd><\/dl><dl class='gallery-item'>\n\t\t\t<dt class='gallery-icon landscape'>\n\t\t\t\t<a href='https:\/\/sarimelekler.biz\/?attachment_id=2895'><img loading=\"lazy\" decoding=\"async\" width=\"150\" height=\"150\" src=\"https:\/\/sarimelekler.biz\/wp-content\/uploads\/2017\/02\/T\u00fcrkiye-Ligi-\u015eampiyonlu\u011fu-18-2-150x150.jpg\" class=\"attachment-thumbnail size-thumbnail\" alt=\"\" aria-describedby=\"gallery-1-2895\" data-attachment-id=\"2895\" data-permalink=\"https:\/\/sarimelekler.biz\/?attachment_id=2895\" data-orig-file=\"https:\/\/sarimelekler.biz\/wp-content\/uploads\/2017\/02\/T\u00fcrkiye-Ligi-\u015eampiyonlu\u011fu-18-2.jpg\" data-orig-size=\"1936,1288\" data-comments-opened=\"0\" data-image-meta=\"{&quot;aperture&quot;:&quot;6.3&quot;,&quot;credit&quot;:&quot;&quot;,&quot;camera&quot;:&quot;Canon EOS 40D&quot;,&quot;caption&quot;:&quot;&quot;,&quot;created_timestamp&quot;:&quot;1305240982&quot;,&quot;copyright&quot;:&quot;&quot;,&quot;focal_length&quot;:&quot;100&quot;,&quot;iso&quot;:&quot;1000&quot;,&quot;shutter_speed&quot;:&quot;0.0125&quot;,&quot;title&quot;:&quot;&quot;,&quot;orientation&quot;:&quot;1&quot;}\" data-image-title=\"T\u00fcrkiye Ligi \u015eampiyonlu\u011fu\" data-image-description=\"\" data-image-caption=\"&lt;p&gt;T\u00fcrkiye Ligi \u015eampiyonlu\u011fu&lt;\/p&gt;\n\" data-large-file=\"https:\/\/sarimelekler.biz\/wp-content\/uploads\/2017\/02\/T\u00fcrkiye-Ligi-\u015eampiyonlu\u011fu-18-2-1024x681.jpg\" \/><\/a>\n\t\t\t<\/dt>\n\t\t\t\t<dd class='wp-caption-text gallery-caption' id='gallery-1-2895'>\n\t\t\t\tT\u00fcrkiye Ligi \u015eampiyonlu\u011fu\n\t\t\t\t<\/dd><\/dl><br style=\"clear: both\" \/>\n\t\t<\/div>\n\n<p><strong>Sezon i\u00e7erisinden ilginizi \u00e7ekebilecek haberler:<\/strong><br \/>\n<a href=\"http:\/\/www.fenerbahce.org\/detay.asp?ContentID=19993\" target=\"_blank\" rel=\"noopener\">Jan de Brandt\u2019a veda yeme\u011fi<\/a><br \/>\n<a href=\"http:\/\/www.fenerbahce.org\/detay.asp?ContentID=20889\" target=\"_blank\" rel=\"noopener\">Fenerbah\u00e7e Sezonu A\u00e7t\u0131<\/a><br \/>\n<a href=\"http:\/\/www.fenerbahce.org\/detay.asp?ContentID=20921\" target=\"_blank\" rel=\"noopener\">Fenerbah\u00e7e Sa\u011fl\u0131k Kontrol\u00fcnden Ge\u00e7ti<\/a><br \/>\n<a href=\"http:\/\/www.fenerbahce.org\/detay.asp?ContentID=21816\" target=\"_blank\" rel=\"noopener\">Alex Voleybolcular\u0131m\u0131z\u0131 Ziyaret Etti<\/a>\u00a0&#8211; <a href=\"https:\/\/www.youtube.com\/watch?v=b8hHwo0vObY\" target=\"_blank\" rel=\"noopener\">Video<\/a><br \/>\n<a href=\"http:\/\/www.fenerbahce.org\/detay.asp?ContentID=22215\" target=\"_blank\" rel=\"noopener\">Sar\u0131 Melekler D\u0131\u015f Hatlar Kar\u015f\u0131lama<\/a><br \/>\n<a href=\"http:\/\/www.fenerbahce.org\/detay.asp?ContentID=22217\" target=\"_blank\" rel=\"noopener\">D\u00fcnya Kupas\u0131 Sonras\u0131 Bas\u0131n Toplant\u0131s\u0131<\/a><br \/>\n<a href=\"http:\/\/www.fenerbahce.org\/detay.asp?ContentID=22219\" target=\"_blank\" rel=\"noopener\">Sar\u0131 Meleklerin Formalar\u0131 Katar M\u00fczesinde<\/a><br \/>\n<a href=\"http:\/\/www.fenerbahce.org\/detay.asp?ContentID=22232\" target=\"_blank\" rel=\"noopener\">Sar\u0131 Melekler Medya G\u00fcn\u00fc<\/a><br \/>\n<a href=\"http:\/\/www.fenerbahce.org\/detay.asp?ContentID=22392\" target=\"_blank\" rel=\"noopener\">Kasia Skowronska R\u00f6portaj\u0131<\/a><br \/>\n<a href=\"http:\/\/www.fenerbahce.org\/detay.asp?ContentID=22768\" target=\"_blank\" rel=\"noopener\">Sar\u0131 Melekler Karne Da\u011f\u0131tt\u0131<\/a><br \/>\n<a href=\"http:\/\/www.fenerbahce.org\/detay.asp?ContentID=23578\" target=\"_blank\" rel=\"noopener\">D\u00f6rtl\u00fc Finaller Bas\u0131n Toplant\u0131s\u0131<\/a><br \/>\n<a href=\"http:\/\/www.fenerbahce.org\/detay.asp?ContentID=23763\" target=\"_blank\" rel=\"noopener\">\u00d6d\u00fcl T\u00f6reni<\/a><br \/>\n<a href=\"http:\/\/www.fenerbahce.org\/detay.asp?ContentID=23928\" target=\"_blank\" rel=\"noopener\">\u00d6d\u00fcl T\u00f6reni<\/a><br \/>\n<a href=\"http:\/\/www.fenerbahce.org\/detay.asp?ContentID=24462\" target=\"_blank\" rel=\"noopener\">Lig \u015eampiyonlu\u011fu Kutlamas\u0131<\/a><\/p>\n<p><strong>Kaynak:<\/strong><br \/>\n<a href=\"http:\/\/www.fenerbahce.org\/\" target=\"_blank\" rel=\"noopener\">Fenerbah\u00e7e Spor Kul\u00fcb\u00fc \u0130nternet Sitesi<\/a><\/p>\n<p><strong>Bu sezon ile ilgili sitemizde bulabilece\u011finiz linkler:<\/strong><br \/>\n<a href=\"https:\/\/sarimelekler.biz\/?page_id=18\" target=\"_blank\" rel=\"noopener\">Kadro<\/a><br \/>\n<a href=\"https:\/\/sarimelekler.biz\/?page_id=20\" target=\"_blank\" rel=\"noopener\">Kupa Foto\u011fraflar\u0131<\/a><br \/>\n<a href=\"https:\/\/sarimelekler.biz\/?page_id=22\" target=\"_blank\" rel=\"noopener\">Se\u00e7me Foto\u011fraflar<\/a><\/p>\n","protected":false},"excerpt":{"rendered":"<p>Fenerbah\u00e7e Bayan Voleybol tak\u0131m\u0131m\u0131z bir \u00f6nceki sezon ba\u015far\u0131lar\u0131 tekrarlamak ve \u2026 <a class=\"continue-reading-link\" href=\"https:\/\/sarimelekler.biz\/?page_id=16\">Okumaya Devam Et.. <span class=\"meta-nav\">&rarr; <\/span><\/a><\/p>\n","protected":false},"author":1,"featured_media":0,"parent":6,"menu_order":0,"comment_status":"closed","ping_status":"closed","template":"","meta":{"_mc_calendar":[],"footnotes":""},"class_list":["post-16","page","type-page","status-publish","hentry"],"jetpack_sharing_enabled":true,"jetpack_shortlink":"https:\/\/wp.me\/P8npUZ-g","jetpack-related-posts":[{"id":24,"url":"https:\/\/sarimelekler.biz\/?page_id=24","url_meta":{"origin":16,"position":0},"title":"2011-2012","author":"Edit\u00f6r","date":"4 \u015eubat 2017","format":false,"excerpt":"Fenerbah\u00e7e Bayan Voleybol tak\u0131m\u0131m\u0131z \u00f6nceki sezondan kadrosunda bulunan Kasia Skowronska, Song\u00fcl Dikmen, Erg\u00fcl Avc\u0131, Fafao, Christiane F\u00fcrst, Natasa Osmokrovic, Z\u00fclfiye G\u00fcndo\u011fdu yollar\u0131n\u0131 ay\u0131rd\u0131. Ayr\u0131ca Kaptan\u0131m\u0131z \u00c7i\u011fdem Can Rasna ise voleybol kariyerini sonland\u0131rd\u0131. Transfer sezonuna pozisyonunda bir \u00e7ok ki\u015fi taraf\u0131ndan d\u00fcnyan\u0131n en iyisi olarak kabul edilen G\u00fcney Koreli sma\u00e7\u00f6r Kim Yeon\u2026","rel":"","context":"Benzer yaz\u0131","block_context":{"text":"Benzer yaz\u0131","link":""},"img":{"alt_text":"","src":"https:\/\/i0.wp.com\/sarimelekler.biz\/wp-content\/uploads\/2017\/02\/62625F61665F636162635163626B63666B636272A2799D85-150x150.jpg?resize=350%2C200&ssl=1","width":350,"height":200,"srcset":"https:\/\/i0.wp.com\/sarimelekler.biz\/wp-content\/uploads\/2017\/02\/62625F61665F636162635163626B63666B636272A2799D85-150x150.jpg?resize=350%2C200&ssl=1 1x, https:\/\/i0.wp.com\/sarimelekler.biz\/wp-content\/uploads\/2017\/02\/62625F61665F636162635163626B63666B636272A2799D85-150x150.jpg?resize=525%2C300&ssl=1 1.5x"},"classes":[]},{"id":2238,"url":"https:\/\/sarimelekler.biz\/?page_id=2238","url_meta":{"origin":16,"position":1},"title":"2016-2017","author":"Edit\u00f6r","date":"9 \u015eubat 2017","format":false,"excerpt":"Fenerbah\u00e7e Bayan Voleybol tak\u0131m\u0131m\u0131z 2015- 2016 sezonunu 2. S\u0131rada tamamlad\u0131ktan sonra kadrosunda bulunan Gizem Karaday\u0131, Brankica Mihajlovi\u0107, Christa Harmotto Dietzen, Lucia Bosetti ve Katarzyna Skorupa ile yollar\u0131n\u0131 ay\u0131rd\u0131. S\u00f6zle\u015fmeleri sona eren Kim Yeon Koung ve Polen Uslupehlivan ile s\u00f6zle\u015fme yenilerek transfer sezonuna ba\u015flayan tak\u0131m\u0131m\u0131z ilk olarak Brezilya Milli Tak\u0131m\u0131\u2019n\u0131n sma\u00e7\u00f6r\u00fc\u2026","rel":"","context":"Benzer yaz\u0131","block_context":{"text":"Benzer yaz\u0131","link":""},"img":{"alt_text":"","src":"","width":0,"height":0},"classes":[]},{"id":40,"url":"https:\/\/sarimelekler.biz\/?page_id=40","url_meta":{"origin":16,"position":2},"title":"2013-2014","author":"Edit\u00f6r","date":"4 \u015eubat 2017","format":false,"excerpt":"Sorunlu ve y\u0131pranm\u0131\u015f bir sezon ge\u00e7iren Fenerbah\u00e7e Bayan Voleybol tak\u0131m\u0131m\u0131z 2013 \u2013 2014 sezonu transferlerine Paula Pequeno, Marianne Steinbrecher, Lindsey Berg, Berenika Okuniewska, Meryem Boz, Nihan G\u00fcneyligil ve Duygu Bal ile yollar\u0131n\u0131 ay\u0131rarak ba\u015flad\u0131. \u00d6nce Brezilyal\u0131 sma\u00e7\u00f6r Fernanda Garay Rodrigues sonra ise Amerikal\u0131 pas\u00f6r Alisha Glass ve \u00c7ek pas\u00f6r \u00e7apraz\u0131\u2026","rel":"","context":"Benzer yaz\u0131","block_context":{"text":"Benzer yaz\u0131","link":""},"img":{"alt_text":"","src":"","width":0,"height":0},"classes":[]},{"id":8,"url":"https:\/\/sarimelekler.biz\/?page_id=8","url_meta":{"origin":16,"position":3},"title":"2009-2010","author":"Edit\u00f6r","date":"3 \u015eubat 2017","format":false,"excerpt":"Fenerbah\u00e7e Bayan Voleybol tak\u0131m\u0131m\u0131z 2008 \u2013 2009 sezonunu T\u00fcrkiye liginde \u015eampiyon Cev Avrupa kupas\u0131n\u0131 ise 3. olarak tamamlad\u0131ktan sonra hedeflerini daha yukar\u0131 \u00e7ekerek Ac\u0131badem isim sponsorlu\u011funda kadro yap\u0131s\u0131nda de\u011fi\u015fikli\u011fe gitti. Kadromuzda bulunan Marina Tumas, Valeriya Korotenko, Oksana Parkhomenko, Anja Spasojevic, Vesna Tomasevic, Necla G\u00fc\u00e7l\u00fc Esepa\u015fa, Nisa Kuliyeva, Fatma Duygu Sipaho\u011flu\u2026","rel":"","context":"Benzer yaz\u0131","block_context":{"text":"Benzer yaz\u0131","link":""},"img":{"alt_text":"","src":"","width":0,"height":0},"classes":[]},{"id":32,"url":"https:\/\/sarimelekler.biz\/?page_id=32","url_meta":{"origin":16,"position":4},"title":"2012-2013","author":"Edit\u00f6r","date":"4 \u015eubat 2017","format":false,"excerpt":"Fenerbah\u00e7e Bayan Voleybol tak\u0131m\u0131m\u0131z 2011 \u2013 2012 sezonunda \u015eampiyonlar Ligi \u015eampiyonlu\u011fu kazanm\u0131\u015f olmas\u0131na ra\u011fmen T\u00fcrkiye Ligi Finalleri ve T\u00fcrkiye Kupas\u0131 Finallerinde T\u00fcrkiye Voleybol Federasyonun sa\u00e7ma uygulamalar\u0131 nedeniyle sezonu s\u0131k\u0131nt\u0131l\u0131 bir \u015fekilde kapatm\u0131\u015ft\u0131. Sezon sonu ise Kul\u00fcp olarak zaten s\u0131k\u0131nt\u0131l\u0131 bir s\u00fcre\u00e7te oldu\u011fumuz anda birde 2012 \u2013 2013 sezonunda \u015eampiyonlar Ligine\u2026","rel":"","context":"Benzer yaz\u0131","block_context":{"text":"Benzer yaz\u0131","link":""},"img":{"alt_text":"","src":"https:\/\/i0.wp.com\/sarimelekler.biz\/wp-content\/uploads\/2017\/02\/2012-10-19_katarbasin1-150x150.jpg?resize=350%2C200&ssl=1","width":350,"height":200,"srcset":"https:\/\/i0.wp.com\/sarimelekler.biz\/wp-content\/uploads\/2017\/02\/2012-10-19_katarbasin1-150x150.jpg?resize=350%2C200&ssl=1 1x, https:\/\/i0.wp.com\/sarimelekler.biz\/wp-content\/uploads\/2017\/02\/2012-10-19_katarbasin1-150x150.jpg?resize=525%2C300&ssl=1 1.5x, https:\/\/i0.wp.com\/sarimelekler.biz\/wp-content\/uploads\/2017\/02\/2012-10-19_katarbasin1-150x150.jpg?resize=700%2C400&ssl=1 2x, https:\/\/i0.wp.com\/sarimelekler.biz\/wp-content\/uploads\/2017\/02\/2012-10-19_katarbasin1-150x150.jpg?resize=1050%2C600&ssl=1 3x, https:\/\/i0.wp.com\/sarimelekler.biz\/wp-content\/uploads\/2017\/02\/2012-10-19_katarbasin1-150x150.jpg?resize=1400%2C800&ssl=1 4x"},"classes":[]},{"id":50,"url":"https:\/\/sarimelekler.biz\/?page_id=50","url_meta":{"origin":16,"position":5},"title":"2015-2016","author":"Edit\u00f6r","date":"4 \u015eubat 2017","format":false,"excerpt":"2014 \u2013 2015 sezonunu 2 kupayla kapatan tak\u0131m\u0131m\u0131z transfer sezonunda \u00a0Madelayne Montano Caicedo, Christina Bauer, Kristin Lynn Hildebrand, Eleonora Lo Bianco, Elif \u00d6ner ve G\u00f6k\u00e7en Denkel ile yollar\u0131n\u0131 ay\u0131rd\u0131. \u00c7i\u011fdem Can Rasna\u2019da kendi iste\u011fiyle tak\u0131m menajerli\u011fini b\u0131rakt\u0131. Transfer sezonunda tak\u0131m\u0131m\u0131z S\u0131rp sma\u00e7\u00f6r Brankica Mihajlovi\u0107, Amerikal\u0131 orta oyuncu Christa Harmotto Dietzen,\u2026","rel":"","context":"Benzer yaz\u0131","block_context":{"text":"Benzer yaz\u0131","link":""},"img":{"alt_text":"","src":"","width":0,"height":0},"classes":[]}],"_links":{"self":[{"href":"https:\/\/sarimelekler.biz\/index.php?rest_route=\/wp\/v2\/pages\/16","targetHints":{"allow":["GET"]}}],"collection":[{"href":"https:\/\/sarimelekler.biz\/index.php?rest_route=\/wp\/v2\/pages"}],"about":[{"href":"https:\/\/sarimelekler.biz\/index.php?rest_route=\/wp\/v2\/types\/page"}],"author":[{"embeddable":true,"href":"https:\/\/sarimelekler.biz\/index.php?rest_route=\/wp\/v2\/users\/1"}],"replies":[{"embeddable":true,"href":"https:\/\/sarimelekler.biz\/index.php?rest_route=%2Fwp%2Fv2%2Fcomments&post=16"}],"version-history":[{"count":13,"href":"https:\/\/sarimelekler.biz\/index.php?rest_route=\/wp\/v2\/pages\/16\/revisions"}],"predecessor-version":[{"id":9688,"href":"https:\/\/sarimelekler.biz\/index.php?rest_route=\/wp\/v2\/pages\/16\/revisions\/9688"}],"up":[{"embeddable":true,"href":"https:\/\/sarimelekler.biz\/index.php?rest_route=\/wp\/v2\/pages\/6"}],"wp:attachment":[{"href":"https:\/\/sarimelekler.biz\/index.php?rest_route=%2Fwp%2Fv2%2Fmedia&parent=16"}],"curies":[{"name":"wp","href":"https:\/\/api.w.org\/{rel}","templated":true}]}}