{"id":16185,"date":"2021-10-07T22:36:28","date_gmt":"2021-10-07T19:36:28","guid":{"rendered":"https:\/\/sarimelekler.biz\/?page_id=16185"},"modified":"2022-06-01T01:06:06","modified_gmt":"2022-05-31T22:06:06","slug":"sampiyonlar-ligi","status":"publish","type":"page","link":"https:\/\/sarimelekler.biz\/?page_id=16185","title":{"rendered":"\u015eampiyonlar Ligi"},"content":{"rendered":"\n<p>\u00a0<\/p>\n<p>\u00a0<\/p>\n<p>\u00a0<\/p>\n<p><span style=\"font-size: 18px;\">1. Ma\u00e7 25.11.2021\u00a0<\/span><br \/><span style=\"font-size: 18px;\">Fenerbah\u00e7e Opet:3 \u2013 Dinamo Kazan Ak Bars:2<\/span><br \/><span style=\"font-size: 18px;\">15-25, 22-25, 25-17, 25-21, 15-7<\/span><br \/><span style=\"font-size: 18px;\"><a href=\"https:\/\/sarimelekler.biz\/?p=16699\" target=\"_blank\" rel=\"noopener\">Sitemiz Ma\u00e7 Yaz\u0131s\u0131<\/a><\/span><br \/><span style=\"font-size: 18px;\">Video: <a href=\"https:\/\/www.youtube.com\/watch?v=NFVrPRexNzE\" target=\"_blank\" rel=\"noopener\">1<\/a><\/span><\/p>\n<p><span style=\"font-size: 18px;\">2.Ma\u00e7 08.12.2021\u00a0<\/span><br \/><span style=\"font-size: 18px;\">VC Maritza Plovd\u0131v:1 \u2013 Fenerbah\u00e7e Opet:3\u00a0<\/span><br \/><span style=\"font-size: 18px;\">14-25, 25-20, 23-25, 15-25<\/span><br \/><span style=\"font-size: 18px;\"><a href=\"https:\/\/sarimelekler.biz\/?p=16837\" target=\"_blank\" rel=\"noopener\">Sitemiz Ma\u00e7 Yaz\u0131s\u0131<\/a><\/span><br \/><span style=\"font-size: 18px;\">Video: <a href=\"https:\/\/www.youtube.com\/watch?v=bocuIRYWIrQ&amp;t=16s\" target=\"_blank\" rel=\"noopener\">1<\/a><\/span><\/p>\n<p><span style=\"font-size: 18px;\">3.Ma\u00e7 23.12.2021\u00a0<\/span><br \/><span style=\"font-size: 18px;\">Beziers Volley:0 \u2013 Fenerbah\u00e7e Opet:3\u00a0<\/span><br \/><span style=\"font-size: 18px;\">24-26, 15-25 ve 22-25<\/span><br \/><span style=\"font-size: 18px;\"><a href=\"https:\/\/sarimelekler.biz\/?p=17034\" target=\"_blank\" rel=\"noopener\">Sitemiz Ma\u00e7 Yaz\u0131s\u0131<\/a><\/span><br \/><span style=\"font-size: 18px;\">Video: <a href=\"https:\/\/www.youtube.com\/watch?v=Nic4on64NqY\" target=\"_blank\" rel=\"noopener\">1<\/a><\/span><\/p>\n<p><span style=\"font-size: 18px;\">4. Ma\u00e7 19.01.2022\u00a0<\/span><br \/><span style=\"font-size: 18px;\">Fenerbah\u00e7e Opet:3 \u2013 VC Maritza Plovd\u0131v:0<\/span><br \/><span style=\"font-size: 18px;\">25-22, 25-11, 25-14<\/span><br \/><span style=\"font-size: 18px;\"><a href=\"https:\/\/sarimelekler.biz\/?p=17153\" target=\"_blank\" rel=\"noopener\">Sitemiz Ma\u00e7 Yaz\u0131s\u0131<\/a><\/span><br \/><span style=\"font-size: 18px;\">Video: <a href=\"https:\/\/www.youtube.com\/watch?v=lvR6wCT-qp4&amp;t=22s\" target=\"_blank\" rel=\"noopener\">1<\/a><\/span><\/p>\n<p><span style=\"font-size: 18px;\">5.Ma\u00e7 11.02.2022\u00a0<\/span><br \/><span style=\"font-size: 18px;\">Dinamo Kazan Ak Bars:0 \u2013 Fenerbah\u00e7e Opet:3\u00a0<\/span><br \/><span style=\"font-size: 18px;\">20-25, 22-25,19-25<\/span><br \/><span style=\"font-size: 18px;\"><a href=\"https:\/\/sarimelekler.biz\/?p=17253\" target=\"_blank\" rel=\"noopener\">Sitemiz Ma\u00e7 Yaz\u0131s\u0131<\/a><\/span><br \/><span style=\"font-size: 18px;\">Video: <a href=\"https:\/\/www.youtube.com\/watch?v=eG82V8qRmpo\" target=\"_blank\" rel=\"noopener\">1<\/a><\/span><\/p>\n<p><span style=\"font-size: 18px;\">6. Ma\u00e7 15.02.2022\u00a0<\/span><br \/><span style=\"font-size: 18px;\">Fenerbah\u00e7e Opet:3 \u2013 Beziers Volley:0<\/span><br \/><span style=\"font-size: 18px;\">25-22, 25-11, 25-14<\/span><br \/><span style=\"font-size: 18px;\"><a href=\"https:\/\/sarimelekler.biz\/?p=17153\" target=\"_blank\" rel=\"noopener\">Sitemiz Ma\u00e7 Yaz\u0131s\u0131<\/a><\/span><br \/><span style=\"font-size: 18px;\">Video: <a href=\"https:\/\/www.youtube.com\/watch?v=YJHFSUJIklg&amp;t=857s\" target=\"_blank\" rel=\"noopener\">1<\/a><\/span><\/p>\n<p><span style=\"font-size: 18px;\">7.Ma\u00e7\u00a0<\/span><br \/><span style=\"font-size: 18px;\">Lokomotiv Kaliningrad Region:0 \u2013 Fenerbah\u00e7e Opet:3\u00a0<\/span><br \/><span style=\"font-size: 18px;\">H\u00dcKMEN<\/span><\/p>\n<p><a href=\"https:\/\/sarimelekler.biz\/?p=17447\" target=\"_blank\" rel=\"noopener\"><span style=\"font-size: 18px;\">Sitemiz Haber Yaz\u0131s\u0131<\/span><\/a><\/p>\n<p><span style=\"font-size: 18px;\">8.Ma\u00e7\u00a0<\/span><br \/><span style=\"font-size: 18px;\">Fenerbah\u00e7e Opet:3 \u2013 Lokomotiv Kaliningrad Region:0<\/span><br \/><span style=\"font-size: 18px;\">H\u00dcKMEN<\/span><br \/><br \/><\/p>\n<p><span style=\"font-size: 18px;\">9.Ma\u00e7 31.03.2022 &#8211; Yar\u0131 Final 1. Ma\u00e7<\/span><br \/><span style=\"font-size: 18px;\">Vak\u0131fbank:3 \u2013 Fenerbah\u00e7e Opet:1\u00a0<\/span><br \/>25-21, 25-20, 22-25, 25-18<br \/><a href=\"https:\/\/sarimelekler.biz\/?p=17633\" target=\"_blank\" rel=\"noopener\"><span style=\"font-size: 18px;\">Sitemiz Ma\u00e7 Yaz\u0131s\u0131<\/span><\/a><br \/><span style=\"font-size: 18px;\">Video: <a href=\"https:\/\/www.youtube.com\/watch?v=twvpq4KTSJ4\" target=\"_blank\" rel=\"noopener\">1<\/a><\/span><\/p>\n<p><span style=\"font-size: 18px;\">10. Ma\u00e7 06.04.2022 &#8211; Yar\u0131 Final 2. Ma\u00e7<\/span><br \/><span style=\"font-size: 18px;\">Fenerbah\u00e7e Opet:3 \u2013 Vak\u0131fbank:0\u00a0 \u00a0&#8211;\u00a0 Alt\u0131n Set: 0-1<\/span><br \/>25-14, 25-20, 28-26 Alt\u0131n Set : 11-15<br \/><a href=\"https:\/\/sarimelekler.biz\/?p=17672\" target=\"_blank\" rel=\"noopener\"><span style=\"font-size: 18px;\">Sitemiz Ma\u00e7 Yaz\u0131s\u0131<\/span><\/a><br \/><span style=\"font-size: 18px;\">Video: <a href=\"https:\/\/www.youtube.com\/watch?v=Pjs3mk5X7Jk\" target=\"_blank\" rel=\"noopener\">1<\/a><\/span><\/p>\n<p>\u00a0<\/p>\n<p>\u00a0<\/p>\n","protected":false},"excerpt":{"rendered":"<p>\u00a0 \u00a0 \u00a0 1. Ma\u00e7 25.11.2021\u00a0Fenerbah\u00e7e Opet:3 \u2013 Dinamo Kazan \u2026 <a class=\"continue-reading-link\" href=\"https:\/\/sarimelekler.biz\/?page_id=16185\">Okumaya Devam Et.. <span class=\"meta-nav\">&rarr; <\/span><\/a><\/p>\n","protected":false},"author":1,"featured_media":0,"parent":16179,"menu_order":2,"comment_status":"closed","ping_status":"closed","template":"","meta":{"_mc_calendar":[],"footnotes":""},"class_list":["post-16185","page","type-page","status-publish","hentry"],"jetpack_sharing_enabled":true,"jetpack_shortlink":"https:\/\/wp.me\/P8npUZ-4d3","jetpack-related-posts":[{"id":18330,"url":"https:\/\/sarimelekler.biz\/?page_id=18330","url_meta":{"origin":16185,"position":0},"title":"Sultanlar Ligi","author":"Edit\u00f6r","date":"10 Kas\u0131m 2022","format":false,"excerpt":"Misli.com Sultanlar Ligi\u00a0 Misli.com Sultanlar Ligi\u2019nde 1. devre kar\u015f\u0131la\u015fmalar\u0131 30 Ekim \u2013 25 Aral\u0131k 2022 tarihleri aras\u0131nda, 2. devre kar\u015f\u0131la\u015fmalar\u0131 7 Ocak \u2013 1 Nisan 2023 tarihleri aras\u0131nda oynanacak. Puan Durumu ve Fikst\u00fcrTVF\u00a0\u2013\u00a0TVF Haber Kategorisi T\u00fcm Yaz\u0131lar 1.Hafta\u00a0 02.11.2022 \u2013 17:30Fenerbah\u00e7e Opet:0 \u2013 Eczac\u0131ba\u015f\u0131 Dynavit:3\u00a0\u00a020-25, 18-25, 22-25Sitemiz Ma\u00e7 Yaz\u0131s\u0131Video:\u00a01 2.Hafta\u00a0\u2026","rel":"","context":"Benzer yaz\u0131","block_context":{"text":"Benzer yaz\u0131","link":""},"img":{"alt_text":"","src":"https:\/\/i0.wp.com\/sarimelekler.biz\/wp-content\/uploads\/2020\/09\/mislicom-300x187.png?resize=350%2C200&ssl=1","width":350,"height":200},"classes":[]},{"id":13757,"url":"https:\/\/sarimelekler.biz\/?page_id=13757","url_meta":{"origin":16185,"position":1},"title":"Sultanlar Ligi","author":"Edit\u00f6r","date":"24 A\u011fustos 2020","format":false,"excerpt":"Misli.com Sultanlar Ligi\u00a0 D\u00fcnya\u2019da ve \u00fclkemiz de g\u00f6r\u00fclen Koronavir\u00fcs salg\u0131n\u0131 nedeniyle 2019-2020 sezonu, 11.05.2020 g\u00fcn\u00fc T\u00fcrkiye Voleybol Federasyonu taraf\u0131ndan; erkek ve kad\u0131n liglerinin mevcut haliyle tescil edildi\u011fi ve 22 haftal\u0131k normal sezonu oynanan liglerin play-off turunun oynanmayaca\u011f\u0131 \u015eampiyon ve k\u00fcme d\u00fc\u015fen tak\u0131mlar\u0131n olmayaca\u011f\u0131 a\u00e7\u0131klanarak ligler sonland\u0131r\u0131lm\u0131\u015ft\u0131. Ayr\u0131ca yap\u0131lan a\u00e7\u0131klamada 2019-2020\u2026","rel":"","context":"Benzer yaz\u0131","block_context":{"text":"Benzer yaz\u0131","link":""},"img":{"alt_text":"","src":"https:\/\/i0.wp.com\/sarimelekler.biz\/wp-content\/uploads\/2020\/09\/mislicom-300x187.png?resize=350%2C200&ssl=1","width":350,"height":200},"classes":[]},{"id":18774,"url":"https:\/\/sarimelekler.biz\/?page_id=18774","url_meta":{"origin":16185,"position":2},"title":"\u015eampiyonlar Ligi","author":"Edit\u00f6r","date":"7 \u015eubat 2023","format":false,"excerpt":"\u00a0 Avrupa\u2019n\u0131n kul\u00fcpler d\u00fczeyindeki en prestijli organizasyonu olan CEV \u015eampiyonlar Ligi\u2019nde \u00fclkemizi kad\u0131nlarda temsil edecek olan Fenerbah\u00e7e Opet Kad\u0131n Voleybol Tak\u0131m\u0131m\u0131z, 20 tak\u0131m\u0131n m\u00fccadele edece\u011fi 2023 CEV \u015eampiyonlar Ligi\u2019nde D Grubunda yer ald\u0131. Tak\u0131m\u0131m\u0131z\u0131n grup a\u015famas\u0131ndaki rakipleri; Polonya\u2019dan LKS Commercecon Lodz, Almanya\u2019dan Allianz MTV Stuttgart ve Elemelerden gelen \u0130spanyol temsilcisi\u2026","rel":"","context":"Benzer yaz\u0131","block_context":{"text":"Benzer yaz\u0131","link":""},"img":{"alt_text":"","src":"https:\/\/i0.wp.com\/sarimelekler.biz\/wp-content\/uploads\/2023\/02\/Cev-2023-Logo-286x300.jpg?resize=350%2C200&ssl=1","width":350,"height":200,"srcset":"https:\/\/i0.wp.com\/sarimelekler.biz\/wp-content\/uploads\/2023\/02\/Cev-2023-Logo-286x300.jpg?resize=350%2C200&ssl=1 1x, https:\/\/i0.wp.com\/sarimelekler.biz\/wp-content\/uploads\/2023\/02\/Cev-2023-Logo-286x300.jpg?resize=525%2C300&ssl=1 1.5x, https:\/\/i0.wp.com\/sarimelekler.biz\/wp-content\/uploads\/2023\/02\/Cev-2023-Logo-286x300.jpg?resize=700%2C400&ssl=1 2x"},"classes":[]},{"id":16183,"url":"https:\/\/sarimelekler.biz\/?page_id=16183","url_meta":{"origin":16185,"position":3},"title":"Sultanlar Ligi","author":"Edit\u00f6r","date":"7 Ekim 2021","format":false,"excerpt":"Misli.com Sultanlar Ligi\u00a0 Misli.com Sultanlar Ligi\u2019nde 1. Devre kar\u015f\u0131la\u015fmalar\u0131 09 Ekim \u2013 11 Aral\u0131k 2021 tarihleri aras\u0131nda, 2. Devre kar\u015f\u0131la\u015fmalar\u0131 09 Ocak \u2013 03 Nisan 2022 tarihleri aras\u0131nda oynanacak. Puan Durumu ve Fikst\u00fcrTVF\u00a0\u2013\u00a0TVF Haber Kategorisi T\u00fcm Yaz\u0131lar \u00a0 1.Hafta\u00a0 08.10.2021Bolu Belediye Spor:0 \u2013 Fenerbah\u00e7e Opet:3\u00a016 \u2013 25, 17 \u2013 25,\u2026","rel":"","context":"Benzer yaz\u0131","block_context":{"text":"Benzer yaz\u0131","link":""},"img":{"alt_text":"","src":"https:\/\/i0.wp.com\/sarimelekler.biz\/wp-content\/uploads\/2020\/09\/mislicom-300x187.png?resize=350%2C200&ssl=1","width":350,"height":200},"classes":[]},{"id":13605,"url":"https:\/\/sarimelekler.biz\/?page_id=13605","url_meta":{"origin":16185,"position":4},"title":"Sultanlar Ligi","author":"Edit\u00f6r","date":"16 Temmuz 2020","format":false,"excerpt":"Vestel Ven\u00fcs Sultanlar Ligi\u00a0 Puan Durumu ve Fikst\u00fcrTVF - TVF Haber Kategorisi T\u00fcm Yaz\u0131lar 1.Hafta\u00a0 12.10.2019Fenerbah\u00e7e Opet:3 \u2013 T\u00fcrk Hava Yollar\u0131:225 \u2013 18, 25 \u2013 15, 22 \u2013 25, 18 \u2013 25, 15 \u2013 9Sitemiz Ma\u00e7 Yaz\u0131s\u0131Video: 1 2.Hafta 16.10.2019Be\u015fikta\u015f:0 \u2013 Fenerbah\u00e7e Opet:321 \u2013 25, 13 \u2013 25, 13 \u2013\u2026","rel":"","context":"Benzer yaz\u0131","block_context":{"text":"Benzer yaz\u0131","link":""},"img":{"alt_text":"","src":"https:\/\/i0.wp.com\/sarimelekler.biz\/wp-content\/uploads\/2017\/10\/Vestel-Venus-Sultanlar-Ligi-300x212.jpg?resize=350%2C200&ssl=1","width":350,"height":200,"srcset":"https:\/\/i0.wp.com\/sarimelekler.biz\/wp-content\/uploads\/2017\/10\/Vestel-Venus-Sultanlar-Ligi-300x212.jpg?resize=350%2C200&ssl=1 1x, https:\/\/i0.wp.com\/sarimelekler.biz\/wp-content\/uploads\/2017\/10\/Vestel-Venus-Sultanlar-Ligi-300x212.jpg?resize=525%2C300&ssl=1 1.5x, https:\/\/i0.wp.com\/sarimelekler.biz\/wp-content\/uploads\/2017\/10\/Vestel-Venus-Sultanlar-Ligi-300x212.jpg?resize=700%2C400&ssl=1 2x, https:\/\/i0.wp.com\/sarimelekler.biz\/wp-content\/uploads\/2017\/10\/Vestel-Venus-Sultanlar-Ligi-300x212.jpg?resize=1050%2C600&ssl=1 3x, https:\/\/i0.wp.com\/sarimelekler.biz\/wp-content\/uploads\/2017\/10\/Vestel-Venus-Sultanlar-Ligi-300x212.jpg?resize=1400%2C800&ssl=1 4x"},"classes":[]},{"id":7347,"url":"https:\/\/sarimelekler.biz\/?page_id=7347","url_meta":{"origin":16185,"position":5},"title":"Sultanlar Ligi","author":"Edit\u00f6r","date":"12 Kas\u0131m 2018","format":false,"excerpt":"Vestel Ven\u00fcs Sultanlar Ligi\u00a0 Puan Durumu ve Fikst\u00fcr TVF - TVF Haber Kategorisi T\u00fcm Yaz\u0131lar 1.Hafta 02.11.2018 Fenerbah\u00e7e:3 \u2013 Be\u015fikta\u015f:0 27 \u2013 25, 25 \u2013 20, 27 \u2013 25 Sitemiz Ma\u00e7 Yaz\u0131s\u0131 FB SK TVF Video: 1 2.Hafta 06.11.2018 Kamero\u011flu Beylikd\u00fcz\u00fc Voleybol \u0130htisas:1 \u2013 Fenerbah\u00e7e:3 32 \u2013 34, 18 \u2013\u2026","rel":"","context":"Benzer yaz\u0131","block_context":{"text":"Benzer yaz\u0131","link":""},"img":{"alt_text":"","src":"https:\/\/i0.wp.com\/sarimelekler.biz\/wp-content\/uploads\/2017\/10\/Vestel-Venus-Sultanlar-Ligi-300x212.jpg?resize=350%2C200&ssl=1","width":350,"height":200,"srcset":"https:\/\/i0.wp.com\/sarimelekler.biz\/wp-content\/uploads\/2017\/10\/Vestel-Venus-Sultanlar-Ligi-300x212.jpg?resize=350%2C200&ssl=1 1x, https:\/\/i0.wp.com\/sarimelekler.biz\/wp-content\/uploads\/2017\/10\/Vestel-Venus-Sultanlar-Ligi-300x212.jpg?resize=525%2C300&ssl=1 1.5x, https:\/\/i0.wp.com\/sarimelekler.biz\/wp-content\/uploads\/2017\/10\/Vestel-Venus-Sultanlar-Ligi-300x212.jpg?resize=700%2C400&ssl=1 2x, https:\/\/i0.wp.com\/sarimelekler.biz\/wp-content\/uploads\/2017\/10\/Vestel-Venus-Sultanlar-Ligi-300x212.jpg?resize=1050%2C600&ssl=1 3x, https:\/\/i0.wp.com\/sarimelekler.biz\/wp-content\/uploads\/2017\/10\/Vestel-Venus-Sultanlar-Ligi-300x212.jpg?resize=1400%2C800&ssl=1 4x"},"classes":[]}],"_links":{"self":[{"href":"https:\/\/sarimelekler.biz\/index.php?rest_route=\/wp\/v2\/pages\/16185","targetHints":{"allow":["GET"]}}],"collection":[{"href":"https:\/\/sarimelekler.biz\/index.php?rest_route=\/wp\/v2\/pages"}],"about":[{"href":"https:\/\/sarimelekler.biz\/index.php?rest_route=\/wp\/v2\/types\/page"}],"author":[{"embeddable":true,"href":"https:\/\/sarimelekler.biz\/index.php?rest_route=\/wp\/v2\/users\/1"}],"replies":[{"embeddable":true,"href":"https:\/\/sarimelekler.biz\/index.php?rest_route=%2Fwp%2Fv2%2Fcomments&post=16185"}],"version-history":[{"count":14,"href":"https:\/\/sarimelekler.biz\/index.php?rest_route=\/wp\/v2\/pages\/16185\/revisions"}],"predecessor-version":[{"id":18075,"href":"https:\/\/sarimelekler.biz\/index.php?rest_route=\/wp\/v2\/pages\/16185\/revisions\/18075"}],"up":[{"embeddable":true,"href":"https:\/\/sarimelekler.biz\/index.php?rest_route=\/wp\/v2\/pages\/16179"}],"wp:attachment":[{"href":"https:\/\/sarimelekler.biz\/index.php?rest_route=%2Fwp%2Fv2%2Fmedia&parent=16185"}],"curies":[{"name":"wp","href":"https:\/\/api.w.org\/{rel}","templated":true}]}}