{"id":16187,"date":"2021-10-07T22:37:37","date_gmt":"2021-10-07T19:37:37","guid":{"rendered":"https:\/\/sarimelekler.biz\/?page_id=16187"},"modified":"2022-05-31T00:09:14","modified_gmt":"2022-05-30T21:09:14","slug":"turkiye-kupasi-kupa-voley","status":"publish","type":"page","link":"https:\/\/sarimelekler.biz\/?page_id=16187","title":{"rendered":"T\u00fcrkiye Kupas\u0131 (Kupa Voley)"},"content":{"rendered":"\n\n\t\t<style type=\"text\/css\">\n\t\t\t#gallery-1 {\n\t\t\t\tmargin: auto;\n\t\t\t}\n\t\t\t#gallery-1 .gallery-item {\n\t\t\t\tfloat: left;\n\t\t\t\tmargin-top: 10px;\n\t\t\t\ttext-align: center;\n\t\t\t\twidth: 100%;\n\t\t\t}\n\t\t\t#gallery-1 img {\n\t\t\t\tborder: 2px solid #cfcfcf;\n\t\t\t}\n\t\t\t#gallery-1 .gallery-caption {\n\t\t\t\tmargin-left: 0;\n\t\t\t}\n\t\t\t\/* see gallery_shortcode() in wp-includes\/media.php *\/\n\t\t<\/style>\n\t\t<div data-carousel-extra='{&quot;blog_id&quot;:1,&quot;permalink&quot;:&quot;https:\/\/sarimelekler.biz\/?page_id=16187&quot;}' id='gallery-1' class='gallery galleryid-16187 gallery-columns-1 gallery-size-large'><dl class='gallery-item'>\n\t\t\t<dt class='gallery-icon landscape'>\n\t\t\t\t<a href='https:\/\/sarimelekler.biz\/?attachment_id=11250'><img loading=\"lazy\" decoding=\"async\" width=\"860\" height=\"613\" src=\"https:\/\/sarimelekler.biz\/wp-content\/uploads\/2019\/05\/18-19-T\u00fcrkiye-Kupas\u0131-1024x730.jpg\" class=\"attachment-large size-large\" alt=\"\" srcset=\"https:\/\/sarimelekler.biz\/wp-content\/uploads\/2019\/05\/18-19-T\u00fcrkiye-Kupas\u0131-1024x730.jpg 1024w, https:\/\/sarimelekler.biz\/wp-content\/uploads\/2019\/05\/18-19-T\u00fcrkiye-Kupas\u0131-300x214.jpg 300w, https:\/\/sarimelekler.biz\/wp-content\/uploads\/2019\/05\/18-19-T\u00fcrkiye-Kupas\u0131-768x547.jpg 768w, https:\/\/sarimelekler.biz\/wp-content\/uploads\/2019\/05\/18-19-T\u00fcrkiye-Kupas\u0131-150x107.jpg 150w, https:\/\/sarimelekler.biz\/wp-content\/uploads\/2019\/05\/18-19-T\u00fcrkiye-Kupas\u0131.jpg 1200w\" sizes=\"auto, (max-width: 860px) 100vw, 860px\" data-attachment-id=\"11250\" data-permalink=\"https:\/\/sarimelekler.biz\/?attachment_id=11250\" data-orig-file=\"https:\/\/sarimelekler.biz\/wp-content\/uploads\/2019\/05\/18-19-T\u00fcrkiye-Kupas\u0131.jpg\" data-orig-size=\"1200,855\" data-comments-opened=\"0\" data-image-meta=\"{&quot;aperture&quot;:&quot;0&quot;,&quot;credit&quot;:&quot;&quot;,&quot;camera&quot;:&quot;&quot;,&quot;caption&quot;:&quot;&quot;,&quot;created_timestamp&quot;:&quot;0&quot;,&quot;copyright&quot;:&quot;&quot;,&quot;focal_length&quot;:&quot;0&quot;,&quot;iso&quot;:&quot;0&quot;,&quot;shutter_speed&quot;:&quot;0&quot;,&quot;title&quot;:&quot;&quot;,&quot;orientation&quot;:&quot;0&quot;}\" data-image-title=\"T\u00fcrkiye Kupas\u0131 Logo\" data-image-description=\"\" data-image-caption=\"\" data-large-file=\"https:\/\/sarimelekler.biz\/wp-content\/uploads\/2019\/05\/18-19-T\u00fcrkiye-Kupas\u0131-1024x730.jpg\" \/><\/a>\n\t\t\t<\/dt><\/dl><br style=\"clear: both\" \/>\n\t\t<\/div>\n\n<p>\u00a0<\/p>\n<p style=\"text-align: justify;\"><span style=\"font-size: 18px;\">2021 \u2013 2022 T\u00fcrkiye Kupas\u0131 \u201cAxa Sigorta Kupa Voley\u201d ismi alt\u0131nda d\u00fczenlenmi\u015ftir.<\/span><\/p>\n<p style=\"text-align: justify;\"><span style=\"font-size: 18px;\"><a href=\"https:\/\/tvf-web.dataproject.com\/CompetitionMatches.aspx?ID=65&amp;PID=120\" target=\"_blank\" rel=\"noopener\">Axa Sigorta Kupa Voley<\/a> m\u00fcsabakalar\u0131 2021-2022 sezonunda Sultanlar liginde bulunan 14 tak\u0131mla oynanacakt\u0131r. 2020-2021 sezon s\u0131ralamas\u0131na g\u00f6re (1. Vak\u0131fbank, 2.Fenerbah\u00e7e Opet hari\u00e7) di\u011fer tak\u0131mlar serpantin usul\u00fcne g\u00f6re 4\u2019erli 3 gruba ayr\u0131l\u0131r. Gruptaki tak\u0131mlar Federasyonca belirlenen illerde tek devreli lig usul\u00fc turnuva ma\u00e7lar\u0131 oynarlar. Gruplar\u0131nda 1. ve 2. olan toplam 6 tak\u0131m \u00c7eyrek Finale y\u00fckselir.<\/span><\/p>\n<p style=\"text-align: justify;\"><span style=\"font-size: 18px;\">\u00c7eyrek Finale do\u011frudan kat\u0131lacak ilk 2 tak\u0131m Fenerbah\u00e7e Opet ile Vak\u0131fbank seri ba\u015f\u0131 olarak yer alacakt\u0131r. Di\u011fer tak\u0131mlar kura ile e\u015fle\u015fir. Tek ma\u00e7 \u00fczerinden yap\u0131lan ma\u00e7lar sonunda galip gelen 4 tak\u0131m D\u00f6rtl\u00fc Finale y\u00fckselir. Ma\u00e7lar (lig s\u0131ralamas\u0131nda) \u00fcst s\u0131rada bulunan tak\u0131m\u0131n ev sahipli\u011fi stat\u00fcs\u00fcnde 15.04.2022 tarihinde Ankara\u2019da oynanacakt\u0131r. Yar\u0131 finali galibiyetle kapatan iki tak\u0131m 17.04.2022 tarihinde Ankara\u2019da \u00fcst s\u0131rada bulunan tak\u0131m\u0131n ev sahipli\u011fi stat\u00fcs\u00fcnde Final oynayacak ve turnuva sona erecektir. Kupa \u015fampiyonu olan tak\u0131m lig s\u0131ralamas\u0131nda bulundu\u011fu yer \u00f6ncelik olmak \u00fczere CEV Kupas\u0131na kat\u0131lma hakk\u0131 kazan\u0131r.<\/span><\/p>\n<p><span style=\"font-size: 18px;\">1. Ma\u00e7 12.01.2022 \u2013 \u00c7eyrek Final<\/span><br \/><span style=\"font-size: 18px;\">Fenerbah\u00e7e Opet:3 \u2013 Ayd\u0131n B\u015eB:0<\/span><br \/><span style=\"font-size: 18px;\">25-11, 25-17, 25-13<\/span><br \/><span style=\"font-size: 18px;\"><a href=\"https:\/\/sarimelekler.biz\/?p=17093\" target=\"_blank\" rel=\"noopener\">Sitemiz Ma\u00e7 Yaz\u0131s\u0131<\/a><\/span><br \/><span style=\"font-size: 18px;\">Video: \u2013<\/span><\/p>\n<p><span style=\"font-size: 18px;\">2.Ma\u00e7 15.04.2022 \u2013 Yar\u0131 Final<\/span><br \/><span style=\"font-size: 18px;\">Eczac\u0131ba\u015f\u0131 Dynavit:0 \u2013 Fenerbah\u00e7e Opet:3\u00a0<\/span><br \/><span style=\"font-size: 18px;\">25-19, 25-15, 25-21<\/span><br \/><span style=\"font-size: 18px;\"><a href=\"https:\/\/sarimelekler.biz\/?p=17718\" target=\"_blank\" rel=\"noopener\">Sitemiz Ma\u00e7 Yaz\u0131s\u0131<\/a><\/span><br \/><span style=\"font-size: 18px;\">Video: <a href=\"https:\/\/www.youtube.com\/watch?v=V3ScJrqZgcQ\" target=\"_blank\" rel=\"noopener\">1<\/a><\/span><\/p>\n<p><span style=\"font-size: 18px;\">3.Ma\u00e7 17.04.2022 \u2013 Final<\/span><br \/><span style=\"font-size: 18px;\">Vak\u0131fbank:3 \u2013 Fenerbah\u00e7e Opet:2\u00a0<\/span><br \/><span style=\"font-size: 18px;\">21-25, 25-21, 25-13, 27-29, 17-15<\/span><br \/><span style=\"font-size: 18px;\"><a href=\"https:\/\/sarimelekler.biz\/?p=17736\" target=\"_blank\" rel=\"noopener\">Sitemiz Ma\u00e7 Yaz\u0131s\u0131<\/a><\/span><br \/><span style=\"font-size: 18px;\">Video: <a href=\"https:\/\/www.youtube.com\/watch?v=Z7CNB9eqXQU\" target=\"_blank\" rel=\"noopener\">1<\/a><\/span><\/p>\n<p>\u00a0<\/p>\n\n\t\t<style type=\"text\/css\">\n\t\t\t#gallery-2 {\n\t\t\t\tmargin: auto;\n\t\t\t}\n\t\t\t#gallery-2 .gallery-item {\n\t\t\t\tfloat: left;\n\t\t\t\tmargin-top: 10px;\n\t\t\t\ttext-align: center;\n\t\t\t\twidth: 100%;\n\t\t\t}\n\t\t\t#gallery-2 img {\n\t\t\t\tborder: 2px solid #cfcfcf;\n\t\t\t}\n\t\t\t#gallery-2 .gallery-caption {\n\t\t\t\tmargin-left: 0;\n\t\t\t}\n\t\t\t\/* see gallery_shortcode() in wp-includes\/media.php *\/\n\t\t<\/style>\n\t\t<div data-carousel-extra='{&quot;blog_id&quot;:1,&quot;permalink&quot;:&quot;https:\/\/sarimelekler.biz\/?page_id=16187&quot;}' id='gallery-2' class='gallery galleryid-16187 gallery-columns-1 gallery-size-full'><dl class='gallery-item'>\n\t\t\t<dt class='gallery-icon landscape'>\n\t\t\t\t<a href='https:\/\/sarimelekler.biz\/?attachment_id=17745'><img loading=\"lazy\" decoding=\"async\" width=\"2500\" height=\"1266\" src=\"https:\/\/sarimelekler.biz\/wp-content\/uploads\/2022\/04\/03-21-22-TK-9.jpg\" class=\"attachment-full size-full\" alt=\"\" srcset=\"https:\/\/sarimelekler.biz\/wp-content\/uploads\/2022\/04\/03-21-22-TK-9.jpg 2500w, https:\/\/sarimelekler.biz\/wp-content\/uploads\/2022\/04\/03-21-22-TK-9-300x152.jpg 300w, https:\/\/sarimelekler.biz\/wp-content\/uploads\/2022\/04\/03-21-22-TK-9-1024x519.jpg 1024w, https:\/\/sarimelekler.biz\/wp-content\/uploads\/2022\/04\/03-21-22-TK-9-768x389.jpg 768w, https:\/\/sarimelekler.biz\/wp-content\/uploads\/2022\/04\/03-21-22-TK-9-1536x778.jpg 1536w, https:\/\/sarimelekler.biz\/wp-content\/uploads\/2022\/04\/03-21-22-TK-9-2048x1037.jpg 2048w, https:\/\/sarimelekler.biz\/wp-content\/uploads\/2022\/04\/03-21-22-TK-9-150x76.jpg 150w\" sizes=\"auto, (max-width: 2500px) 100vw, 2500px\" data-attachment-id=\"17745\" data-permalink=\"https:\/\/sarimelekler.biz\/?attachment_id=17745\" data-orig-file=\"https:\/\/sarimelekler.biz\/wp-content\/uploads\/2022\/04\/03-21-22-TK-9.jpg\" data-orig-size=\"2500,1266\" data-comments-opened=\"0\" data-image-meta=\"{&quot;aperture&quot;:&quot;4&quot;,&quot;credit&quot;:&quot;SEMIH BAHADIR&quot;,&quot;camera&quot;:&quot;Canon EOS-1D X Mark III&quot;,&quot;caption&quot;:&quot;&quot;,&quot;created_timestamp&quot;:&quot;1650217577&quot;,&quot;copyright&quot;:&quot;FENERBAHCE&quot;,&quot;focal_length&quot;:&quot;35&quot;,&quot;iso&quot;:&quot;3200&quot;,&quot;shutter_speed&quot;:&quot;0.0015625&quot;,&quot;title&quot;:&quot;&quot;,&quot;orientation&quot;:&quot;1&quot;}\" data-image-title=\"03 &amp;#8211; 21-22 TK (9)\" data-image-description=\"\" data-image-caption=\"\" data-large-file=\"https:\/\/sarimelekler.biz\/wp-content\/uploads\/2022\/04\/03-21-22-TK-9-1024x519.jpg\" \/><\/a>\n\t\t\t<\/dt><\/dl><br style=\"clear: both\" \/>\n\t\t<\/div>\n\n<p><span style=\"font-size: 18px;\">Fenerbah\u00e7e Opet Kad\u0131n Voleybol Tak\u0131m\u0131m\u0131z AXA Sigorta Kupa Voley turnuvas\u0131nda finalde ma\u011flup olarak <a href=\"https:\/\/tvf-web.dataproject.com\/CompetitionMatches.aspx?ID=65&amp;PID=135\" target=\"_blank\" rel=\"noopener\">turnuvay\u0131<\/a> 2. s\u0131rada tamamlad\u0131.\u00a0\u00a0<\/span><\/p>\n<p>\u00a0<\/p>\n<p>\u00a0<\/p>\n","protected":false},"excerpt":{"rendered":"<p>\u00a0 2021 \u2013 2022 T\u00fcrkiye Kupas\u0131 \u201cAxa Sigorta Kupa Voley\u201d \u2026 <a class=\"continue-reading-link\" href=\"https:\/\/sarimelekler.biz\/?page_id=16187\">Okumaya Devam Et.. <span class=\"meta-nav\">&rarr; <\/span><\/a><\/p>\n","protected":false},"author":1,"featured_media":0,"parent":16179,"menu_order":3,"comment_status":"closed","ping_status":"closed","template":"","meta":{"_mc_calendar":[],"footnotes":""},"class_list":["post-16187","page","type-page","status-publish","hentry"],"jetpack_sharing_enabled":true,"jetpack_shortlink":"https:\/\/wp.me\/P8npUZ-4d5","jetpack-related-posts":[{"id":18829,"url":"https:\/\/sarimelekler.biz\/?page_id=18829","url_meta":{"origin":16187,"position":0},"title":"T\u00fcrkiye Kupas\u0131 (Kupa Voley)","author":"Edit\u00f6r","date":"11 \u015eubat 2023","format":false,"excerpt":"2022 \u2013 2023 T\u00fcrkiye Kupas\u0131 \u201cAXA Sigorta Kupa Voley D\u00fcnya Baltac\u0131o\u011flu \u00d6zel Sezonu\u201d ismi alt\u0131nda d\u00fczenlenmi\u015ftir. Axa Sigorta Kupa Voley m\u00fcsabakalar\u0131 2022-2023 sezonunda Sultanlar liginde bulunan 14 tak\u0131mla oynanacakt\u0131r. 2021-2022 sezon s\u0131ralamas\u0131na g\u00f6re (1. Vak\u0131fbank, 2.Fenerbah\u00e7e Opet hari\u00e7) di\u011fer tak\u0131mlar serpantin usul\u00fcne g\u00f6re 4\u2019erli 3 gruba ayr\u0131l\u0131r. Gruptaki tak\u0131mlar Federasyonca\u2026","rel":"","context":"Benzer yaz\u0131","block_context":{"text":"Benzer yaz\u0131","link":""},"img":{"alt_text":"","src":"https:\/\/i0.wp.com\/sarimelekler.biz\/wp-content\/uploads\/2023\/02\/Tr-Kupasi-2023-Logo-1024x663.jpg?resize=350%2C200&ssl=1","width":350,"height":200,"srcset":"https:\/\/i0.wp.com\/sarimelekler.biz\/wp-content\/uploads\/2023\/02\/Tr-Kupasi-2023-Logo-1024x663.jpg?resize=350%2C200&ssl=1 1x, https:\/\/i0.wp.com\/sarimelekler.biz\/wp-content\/uploads\/2023\/02\/Tr-Kupasi-2023-Logo-1024x663.jpg?resize=525%2C300&ssl=1 1.5x, https:\/\/i0.wp.com\/sarimelekler.biz\/wp-content\/uploads\/2023\/02\/Tr-Kupasi-2023-Logo-1024x663.jpg?resize=700%2C400&ssl=1 2x, https:\/\/i0.wp.com\/sarimelekler.biz\/wp-content\/uploads\/2023\/02\/Tr-Kupasi-2023-Logo-1024x663.jpg?resize=1050%2C600&ssl=1 3x"},"classes":[]},{"id":13761,"url":"https:\/\/sarimelekler.biz\/?page_id=13761","url_meta":{"origin":16187,"position":1},"title":"T\u00fcrkiye Kupas\u0131 (Kupa Voley)","author":"Edit\u00f6r","date":"24 A\u011fustos 2020","format":false,"excerpt":"2019-2020 sezonu 22 haftal\u0131k normal sezon s\u0131ralamas\u0131 ve 1.Lig Yar\u0131 Final gruplar\u0131 1 ve 2.\u2019leri 4\u2019erli 4 gruba ayr\u0131l\u0131r. Gruptaki tak\u0131mlar Federasyonca belirlenen illerde tek devreli lig usul\u00fc turnuva ma\u00e7lar\u0131 oynarlar, Grup ma\u00e7lar\u0131 sonunda Gruplar\u0131nda 1. ve 2. olanlar \u00c7eyrek Finale y\u00fckselir. Gruplar\u0131n 1.\u00a0 ve\u00a0 2.\u2019leri\u00a0 toplam\u00a0 8\u00a0 tak\u0131m e\u015fle\u015ferek\u2026","rel":"","context":"Benzer yaz\u0131","block_context":{"text":"Benzer yaz\u0131","link":""},"img":{"alt_text":"","src":"https:\/\/i0.wp.com\/sarimelekler.biz\/wp-content\/uploads\/2020\/08\/kupa-volley.png?resize=350%2C200&ssl=1","width":350,"height":200,"srcset":"https:\/\/i0.wp.com\/sarimelekler.biz\/wp-content\/uploads\/2020\/08\/kupa-volley.png?resize=350%2C200&ssl=1 1x, https:\/\/i0.wp.com\/sarimelekler.biz\/wp-content\/uploads\/2020\/08\/kupa-volley.png?resize=525%2C300&ssl=1 1.5x"},"classes":[]},{"id":7553,"url":"https:\/\/sarimelekler.biz\/?page_id=7553","url_meta":{"origin":16187,"position":2},"title":"T\u00fcrkiye Kupas\u0131 (Kupa Voley)","author":"Edit\u00f6r","date":"21 Kas\u0131m 2018","format":false,"excerpt":"2018 \u2013 2019 sezonunda T\u00fcrkiye Kupas\u0131 \u201cAXA Sigorta Kupa Voley\u201d ismiyle d\u00fczenlenmi\u015ftir. Vestel Venus Sultanlar Ligi\u2019nde 1. Yar\u0131 kar\u015f\u0131la\u015fmalar\u0131n\u0131n sona ermesinin ard\u0131ndan, s\u0131ralamada 5 ile 12\u2019nci s\u0131ra aras\u0131nda yer alan sekiz tak\u0131m Avrupa ma\u00e7lar\u0131 fikst\u00fcr\u00fc m\u00fcsaitli\u011fine g\u00f6re 2019 Ocak \u2013 \u015eubat ve Mart aylar\u0131nda iki kar\u015f\u0131la\u015fma \u00fczerinden birbiriyle kendi sahalar\u0131nda\u2026","rel":"","context":"Benzer yaz\u0131","block_context":{"text":"Benzer yaz\u0131","link":""},"img":{"alt_text":"","src":"","width":0,"height":0},"classes":[]},{"id":13727,"url":"https:\/\/sarimelekler.biz\/?page_id=13727","url_meta":{"origin":16187,"position":3},"title":"T\u00fcrkiye Kupas\u0131 (Kupa Voley)","author":"Edit\u00f6r","date":"23 A\u011fustos 2020","format":false,"excerpt":"2019 \u2013 2020 sezonunda T\u00fcrkiye Kupas\u0131 \u201cAXA Sigorta Kupa Voley\u201d ismiyle d\u00fczenlenmi\u015ftir. 2019 \u2013 2020 Voleybol Sezonu Vestel Venus Sultanlar Ligi\u2019nde 1. devre kar\u015f\u0131la\u015fmalar\u0131n\u0131n sona ermesinin ard\u0131ndan, s\u0131ralamada ilk d\u00f6rt s\u0131rada yer alan Eczac\u0131ba\u015f\u0131 VitrA, Vak\u0131fBank, Fenerbah\u00e7e Opet\u00a0ve\u00a0Galatasaray HDI Sigorta\u00a0tak\u0131mlar\u0131, 2019 \u2013 2020 Voleybol Sezonu AXA Sigorta Kupa Voley kad\u0131nlar\u2026","rel":"","context":"Benzer yaz\u0131","block_context":{"text":"Benzer yaz\u0131","link":""},"img":{"alt_text":"","src":"https:\/\/i0.wp.com\/sarimelekler.biz\/wp-content\/uploads\/2019\/05\/18-19-T%C3%BCrkiye-Kupas%C4%B1-1024x730.jpg?resize=350%2C200","width":350,"height":200,"srcset":"https:\/\/i0.wp.com\/sarimelekler.biz\/wp-content\/uploads\/2019\/05\/18-19-T%C3%BCrkiye-Kupas%C4%B1-1024x730.jpg?resize=350%2C200 1x, https:\/\/i0.wp.com\/sarimelekler.biz\/wp-content\/uploads\/2019\/05\/18-19-T%C3%BCrkiye-Kupas%C4%B1-1024x730.jpg?resize=525%2C300 1.5x, https:\/\/i0.wp.com\/sarimelekler.biz\/wp-content\/uploads\/2019\/05\/18-19-T%C3%BCrkiye-Kupas%C4%B1-1024x730.jpg?resize=700%2C400 2x"},"classes":[]},{"id":5236,"url":"https:\/\/sarimelekler.biz\/?page_id=5236","url_meta":{"origin":16187,"position":4},"title":"T\u00fcrkiye Kupas\u0131 (Kupa Voley)","author":"Edit\u00f6r","date":"21 Aral\u0131k 2017","format":false,"excerpt":"2017 \u2013 2018 sezonunda T\u00fcrkiye Kupas\u0131 \u201cKupa Voley\u201d ismiyle d\u00fczenlenmi\u015ftir. Vestel Venus Sultanlar Ligi\u2019nde 1. Yar\u0131 kar\u015f\u0131la\u015fmalar\u0131n\u0131n sona ermesinin ard\u0131ndan, s\u0131ralamada 5 ile 12\u2019nci s\u0131ra aras\u0131nda yer alan sekiz tak\u0131m 16.12.2017 ve 19.12.2017 tarihlerinde iki kar\u015f\u0131la\u015fma \u00fczerinden birbiriyle kendi sahalar\u0131nda kar\u015f\u0131la\u015fm\u0131\u015f buradan turu ge\u00e7en 4 tak\u0131mla lig s\u0131ralamas\u0131nda ilk 4\u2026","rel":"","context":"Benzer yaz\u0131","block_context":{"text":"Benzer yaz\u0131","link":""},"img":{"alt_text":"","src":"","width":0,"height":0},"classes":[]},{"id":2282,"url":"https:\/\/sarimelekler.biz\/?page_id=2282","url_meta":{"origin":16187,"position":5},"title":"T\u00fcrkiye Kupas\u0131 \u015eampiyonlu\u011fu","author":"Edit\u00f6r","date":"12 \u015eubat 2017","format":false,"excerpt":"2016 \u2013 2017 sezonunda T\u00fcrkiye Kupas\u0131 \u201cKupa Voley\u201d ismiyle 15-16-17\/01\/2017 tarihlerinde Ankara Ba\u015fkent Spor Salonu\u2019nda d\u00fczenlenmi\u015ftir. 15.01.2017 g\u00fcn\u00fc Kupa Voley \u00c7eyrek Final Ma\u00e7\u0131nda Sar\u0131yer Belediyesi tak\u0131m\u0131yla kar\u015f\u0131la\u015fan Fenerbah\u00e7e Bayan Voleybol Tak\u0131m\u0131m\u0131z ma\u00e7tan 25-11, 25-17, 25-20\u2019lik set skorlar\u0131yla 3-0 galip ayr\u0131ld\u0131. Ma\u00e7\u0131n en skorer oyuncusu kaydetti\u011fi 16 say\u0131yla Polen Uslupehlivan oldu.\u2026","rel":"","context":"Benzer yaz\u0131","block_context":{"text":"Benzer yaz\u0131","link":""},"img":{"alt_text":"","src":"https:\/\/i0.wp.com\/sarimelekler.biz\/wp-content\/uploads\/2017\/02\/haber_1484503527_15-300x143.jpg?resize=350%2C200&ssl=1","width":350,"height":200,"srcset":"https:\/\/i0.wp.com\/sarimelekler.biz\/wp-content\/uploads\/2017\/02\/haber_1484503527_15-300x143.jpg?resize=350%2C200&ssl=1 1x, https:\/\/i0.wp.com\/sarimelekler.biz\/wp-content\/uploads\/2017\/02\/haber_1484503527_15-300x143.jpg?resize=525%2C300&ssl=1 1.5x, https:\/\/i0.wp.com\/sarimelekler.biz\/wp-content\/uploads\/2017\/02\/haber_1484503527_15-300x143.jpg?resize=700%2C400&ssl=1 2x, https:\/\/i0.wp.com\/sarimelekler.biz\/wp-content\/uploads\/2017\/02\/haber_1484503527_15-300x143.jpg?resize=1050%2C600&ssl=1 3x, https:\/\/i0.wp.com\/sarimelekler.biz\/wp-content\/uploads\/2017\/02\/haber_1484503527_15-300x143.jpg?resize=1400%2C800&ssl=1 4x"},"classes":[]}],"_links":{"self":[{"href":"https:\/\/sarimelekler.biz\/index.php?rest_route=\/wp\/v2\/pages\/16187","targetHints":{"allow":["GET"]}}],"collection":[{"href":"https:\/\/sarimelekler.biz\/index.php?rest_route=\/wp\/v2\/pages"}],"about":[{"href":"https:\/\/sarimelekler.biz\/index.php?rest_route=\/wp\/v2\/types\/page"}],"author":[{"embeddable":true,"href":"https:\/\/sarimelekler.biz\/index.php?rest_route=\/wp\/v2\/users\/1"}],"replies":[{"embeddable":true,"href":"https:\/\/sarimelekler.biz\/index.php?rest_route=%2Fwp%2Fv2%2Fcomments&post=16187"}],"version-history":[{"count":6,"href":"https:\/\/sarimelekler.biz\/index.php?rest_route=\/wp\/v2\/pages\/16187\/revisions"}],"predecessor-version":[{"id":18061,"href":"https:\/\/sarimelekler.biz\/index.php?rest_route=\/wp\/v2\/pages\/16187\/revisions\/18061"}],"up":[{"embeddable":true,"href":"https:\/\/sarimelekler.biz\/index.php?rest_route=\/wp\/v2\/pages\/16179"}],"wp:attachment":[{"href":"https:\/\/sarimelekler.biz\/index.php?rest_route=%2Fwp%2Fv2%2Fmedia&parent=16187"}],"curies":[{"name":"wp","href":"https:\/\/api.w.org\/{rel}","templated":true}]}}