{"id":1659,"date":"2017-02-08T13:32:54","date_gmt":"2017-02-08T11:32:54","guid":{"rendered":"http:\/\/sarimelekler.biz\/?page_id=1659"},"modified":"2017-02-08T13:54:01","modified_gmt":"2017-02-08T11:54:01","slug":"turkiye-ligi-gumus-madalya","status":"publish","type":"page","link":"https:\/\/sarimelekler.biz\/?page_id=1659","title":{"rendered":"T\u00fcrkiye Ligi G\u00fcm\u00fc\u015f Madalya"},"content":{"rendered":"\n\t\t<style type=\"text\/css\">\n\t\t\t#gallery-1 {\n\t\t\t\tmargin: auto;\n\t\t\t}\n\t\t\t#gallery-1 .gallery-item {\n\t\t\t\tfloat: left;\n\t\t\t\tmargin-top: 10px;\n\t\t\t\ttext-align: center;\n\t\t\t\twidth: 25%;\n\t\t\t}\n\t\t\t#gallery-1 img {\n\t\t\t\tborder: 2px solid #cfcfcf;\n\t\t\t}\n\t\t\t#gallery-1 .gallery-caption {\n\t\t\t\tmargin-left: 0;\n\t\t\t}\n\t\t\t\/* see gallery_shortcode() in wp-includes\/media.php *\/\n\t\t<\/style>\n\t\t<div data-carousel-extra='{&quot;blog_id&quot;:1,&quot;permalink&quot;:&quot;https:\/\/sarimelekler.biz\/?page_id=1659&quot;}' id='gallery-1' class='gallery galleryid-1659 gallery-columns-4 gallery-size-thumbnail'><dl class='gallery-item'>\n\t\t\t<dt class='gallery-icon landscape'>\n\t\t\t\t<a href='https:\/\/sarimelekler.biz\/?attachment_id=1681'><img loading=\"lazy\" decoding=\"async\" width=\"150\" height=\"150\" src=\"https:\/\/sarimelekler.biz\/wp-content\/uploads\/2017\/02\/Lig-G\u00fcm\u00fc\u015f-Madalya-1-150x150.jpg\" class=\"attachment-thumbnail size-thumbnail\" alt=\"\" aria-describedby=\"gallery-1-1681\" data-attachment-id=\"1681\" data-permalink=\"https:\/\/sarimelekler.biz\/?attachment_id=1681\" data-orig-file=\"https:\/\/sarimelekler.biz\/wp-content\/uploads\/2017\/02\/Lig-G\u00fcm\u00fc\u015f-Madalya-1.jpg\" data-orig-size=\"1036,638\" data-comments-opened=\"0\" data-image-meta=\"{&quot;aperture&quot;:&quot;0&quot;,&quot;credit&quot;:&quot;&quot;,&quot;camera&quot;:&quot;&quot;,&quot;caption&quot;:&quot;&quot;,&quot;created_timestamp&quot;:&quot;0&quot;,&quot;copyright&quot;:&quot;&quot;,&quot;focal_length&quot;:&quot;0&quot;,&quot;iso&quot;:&quot;0&quot;,&quot;shutter_speed&quot;:&quot;0&quot;,&quot;title&quot;:&quot;&quot;,&quot;orientation&quot;:&quot;0&quot;}\" data-image-title=\"T\u00fcrkiye Ligi G\u00fcm\u00fc\u015f Madalya (1)\" data-image-description=\"\" data-image-caption=\"&lt;p&gt;TR 2.&amp;#8217;lik&lt;\/p&gt;\n\" data-large-file=\"https:\/\/sarimelekler.biz\/wp-content\/uploads\/2017\/02\/Lig-G\u00fcm\u00fc\u015f-Madalya-1-1024x631.jpg\" \/><\/a>\n\t\t\t<\/dt>\n\t\t\t\t<dd class='wp-caption-text gallery-caption' id='gallery-1-1681'>\n\t\t\t\tTR 2.&#8217;lik\n\t\t\t\t<\/dd><\/dl><dl class='gallery-item'>\n\t\t\t<dt class='gallery-icon portrait'>\n\t\t\t\t<a href='https:\/\/sarimelekler.biz\/?attachment_id=1682'><img loading=\"lazy\" decoding=\"async\" width=\"150\" height=\"150\" src=\"https:\/\/sarimelekler.biz\/wp-content\/uploads\/2017\/02\/Lig-G\u00fcm\u00fc\u015f-Madalya-2-150x150.jpg\" class=\"attachment-thumbnail size-thumbnail\" alt=\"\" aria-describedby=\"gallery-1-1682\" srcset=\"https:\/\/sarimelekler.biz\/wp-content\/uploads\/2017\/02\/Lig-G\u00fcm\u00fc\u015f-Madalya-2-150x150.jpg 150w, https:\/\/sarimelekler.biz\/wp-content\/uploads\/2017\/02\/Lig-G\u00fcm\u00fc\u015f-Madalya-2-300x300.jpg 300w, https:\/\/sarimelekler.biz\/wp-content\/uploads\/2017\/02\/Lig-G\u00fcm\u00fc\u015f-Madalya-2-149x150.jpg 149w, https:\/\/sarimelekler.biz\/wp-content\/uploads\/2017\/02\/Lig-G\u00fcm\u00fc\u015f-Madalya-2.jpg 538w\" sizes=\"auto, (max-width: 150px) 100vw, 150px\" data-attachment-id=\"1682\" data-permalink=\"https:\/\/sarimelekler.biz\/?attachment_id=1682\" data-orig-file=\"https:\/\/sarimelekler.biz\/wp-content\/uploads\/2017\/02\/Lig-G\u00fcm\u00fc\u015f-Madalya-2.jpg\" data-orig-size=\"538,540\" data-comments-opened=\"0\" data-image-meta=\"{&quot;aperture&quot;:&quot;0&quot;,&quot;credit&quot;:&quot;&quot;,&quot;camera&quot;:&quot;&quot;,&quot;caption&quot;:&quot;&quot;,&quot;created_timestamp&quot;:&quot;0&quot;,&quot;copyright&quot;:&quot;&quot;,&quot;focal_length&quot;:&quot;0&quot;,&quot;iso&quot;:&quot;0&quot;,&quot;shutter_speed&quot;:&quot;0&quot;,&quot;title&quot;:&quot;&quot;,&quot;orientation&quot;:&quot;0&quot;}\" data-image-title=\"T\u00fcrkiye Ligi G\u00fcm\u00fc\u015f Madalya (2)\" data-image-description=\"\" data-image-caption=\"&lt;p&gt;TR 2.&amp;#8217;lik&lt;\/p&gt;\n\" data-large-file=\"https:\/\/sarimelekler.biz\/wp-content\/uploads\/2017\/02\/Lig-G\u00fcm\u00fc\u015f-Madalya-2.jpg\" \/><\/a>\n\t\t\t<\/dt>\n\t\t\t\t<dd class='wp-caption-text gallery-caption' id='gallery-1-1682'>\n\t\t\t\tTR 2.&#8217;lik\n\t\t\t\t<\/dd><\/dl><dl class='gallery-item'>\n\t\t\t<dt class='gallery-icon landscape'>\n\t\t\t\t<a href='https:\/\/sarimelekler.biz\/?attachment_id=1683'><img loading=\"lazy\" decoding=\"async\" width=\"150\" height=\"150\" src=\"https:\/\/sarimelekler.biz\/wp-content\/uploads\/2017\/02\/Lig-G\u00fcm\u00fc\u015f-Madalya-3-150x150.jpg\" class=\"attachment-thumbnail size-thumbnail\" alt=\"\" aria-describedby=\"gallery-1-1683\" data-attachment-id=\"1683\" data-permalink=\"https:\/\/sarimelekler.biz\/?attachment_id=1683\" data-orig-file=\"https:\/\/sarimelekler.biz\/wp-content\/uploads\/2017\/02\/Lig-G\u00fcm\u00fc\u015f-Madalya-3.jpg\" data-orig-size=\"538,531\" data-comments-opened=\"0\" data-image-meta=\"{&quot;aperture&quot;:&quot;0&quot;,&quot;credit&quot;:&quot;&quot;,&quot;camera&quot;:&quot;&quot;,&quot;caption&quot;:&quot;&quot;,&quot;created_timestamp&quot;:&quot;0&quot;,&quot;copyright&quot;:&quot;&quot;,&quot;focal_length&quot;:&quot;0&quot;,&quot;iso&quot;:&quot;0&quot;,&quot;shutter_speed&quot;:&quot;0&quot;,&quot;title&quot;:&quot;&quot;,&quot;orientation&quot;:&quot;0&quot;}\" data-image-title=\"T\u00fcrkiye Ligi G\u00fcm\u00fc\u015f Madalya (3)\" data-image-description=\"\" data-image-caption=\"&lt;p&gt;TR 2.&amp;#8217;lik&lt;\/p&gt;\n\" data-large-file=\"https:\/\/sarimelekler.biz\/wp-content\/uploads\/2017\/02\/Lig-G\u00fcm\u00fc\u015f-Madalya-3.jpg\" \/><\/a>\n\t\t\t<\/dt>\n\t\t\t\t<dd class='wp-caption-text gallery-caption' id='gallery-1-1683'>\n\t\t\t\tTR 2.&#8217;lik\n\t\t\t\t<\/dd><\/dl><dl class='gallery-item'>\n\t\t\t<dt class='gallery-icon landscape'>\n\t\t\t\t<a href='https:\/\/sarimelekler.biz\/?attachment_id=1684'><img loading=\"lazy\" decoding=\"async\" width=\"150\" height=\"150\" src=\"https:\/\/sarimelekler.biz\/wp-content\/uploads\/2017\/02\/Lig-G\u00fcm\u00fc\u015f-Madalya-4-150x150.jpg\" class=\"attachment-thumbnail size-thumbnail\" alt=\"\" aria-describedby=\"gallery-1-1684\" data-attachment-id=\"1684\" data-permalink=\"https:\/\/sarimelekler.biz\/?attachment_id=1684\" data-orig-file=\"https:\/\/sarimelekler.biz\/wp-content\/uploads\/2017\/02\/Lig-G\u00fcm\u00fc\u015f-Madalya-4.jpg\" data-orig-size=\"538,500\" data-comments-opened=\"0\" data-image-meta=\"{&quot;aperture&quot;:&quot;0&quot;,&quot;credit&quot;:&quot;&quot;,&quot;camera&quot;:&quot;&quot;,&quot;caption&quot;:&quot;&quot;,&quot;created_timestamp&quot;:&quot;0&quot;,&quot;copyright&quot;:&quot;&quot;,&quot;focal_length&quot;:&quot;0&quot;,&quot;iso&quot;:&quot;0&quot;,&quot;shutter_speed&quot;:&quot;0&quot;,&quot;title&quot;:&quot;&quot;,&quot;orientation&quot;:&quot;0&quot;}\" data-image-title=\"T\u00fcrkiye Ligi G\u00fcm\u00fc\u015f Madalya (4)\" data-image-description=\"\" data-image-caption=\"&lt;p&gt;TR 2.&amp;#8217;lik&lt;\/p&gt;\n\" data-large-file=\"https:\/\/sarimelekler.biz\/wp-content\/uploads\/2017\/02\/Lig-G\u00fcm\u00fc\u015f-Madalya-4.jpg\" \/><\/a>\n\t\t\t<\/dt>\n\t\t\t\t<dd class='wp-caption-text gallery-caption' id='gallery-1-1684'>\n\t\t\t\tTR 2.&#8217;lik\n\t\t\t\t<\/dd><\/dl><br style=\"clear: both\" \/>\n\t\t<\/div>\n\n","protected":false},"excerpt":{"rendered":"","protected":false},"author":1,"featured_media":0,"parent":44,"menu_order":2,"comment_status":"closed","ping_status":"closed","template":"","meta":{"_mc_calendar":[],"footnotes":""},"class_list":["post-1659","page","type-page","status-publish","hentry"],"jetpack_sharing_enabled":true,"jetpack_shortlink":"https:\/\/wp.me\/P8npUZ-qL","jetpack-related-posts":[{"id":620,"url":"https:\/\/sarimelekler.biz\/?page_id=620","url_meta":{"origin":1659,"position":0},"title":"T\u00fcrkiye Ligi G\u00fcm\u00fc\u015f Madalya","author":"Edit\u00f6r","date":"6 \u015eubat 2017","format":false,"excerpt":"","rel":"","context":"Benzer yaz\u0131","block_context":{"text":"Benzer yaz\u0131","link":""},"img":{"alt_text":"","src":"","width":0,"height":0},"classes":[]},{"id":60,"url":"https:\/\/sarimelekler.biz\/?page_id=60","url_meta":{"origin":1659,"position":1},"title":"Kupa Foto\u011fraflar\u0131","author":"Edit\u00f6r","date":"4 \u015eubat 2017","format":false,"excerpt":"S\u00fcper Kupa \u015eampiyonlu\u011fu \u00a0 \u015eampiyonlar Ligi Kupas\u0131 Bronz Madalya \u00a0 T\u00fcrkiye Ligi G\u00fcm\u00fc\u015f Madalya","rel":"","context":"Benzer yaz\u0131","block_context":{"text":"Benzer yaz\u0131","link":""},"img":{"alt_text":"","src":"","width":0,"height":0},"classes":[]},{"id":622,"url":"https:\/\/sarimelekler.biz\/?page_id=622","url_meta":{"origin":1659,"position":2},"title":"\u015eampiyonlar Ligi Kupas\u0131 Bronz Madalya","author":"Edit\u00f6r","date":"6 \u015eubat 2017","format":false,"excerpt":"","rel":"","context":"Benzer yaz\u0131","block_context":{"text":"Benzer yaz\u0131","link":""},"img":{"alt_text":"","src":"","width":0,"height":0},"classes":[]},{"id":24,"url":"https:\/\/sarimelekler.biz\/?page_id=24","url_meta":{"origin":1659,"position":3},"title":"2011-2012","author":"Edit\u00f6r","date":"4 \u015eubat 2017","format":false,"excerpt":"Fenerbah\u00e7e Bayan Voleybol tak\u0131m\u0131m\u0131z \u00f6nceki sezondan kadrosunda bulunan Kasia Skowronska, Song\u00fcl Dikmen, Erg\u00fcl Avc\u0131, Fafao, Christiane F\u00fcrst, Natasa Osmokrovic, Z\u00fclfiye G\u00fcndo\u011fdu yollar\u0131n\u0131 ay\u0131rd\u0131. Ayr\u0131ca Kaptan\u0131m\u0131z \u00c7i\u011fdem Can Rasna ise voleybol kariyerini sonland\u0131rd\u0131. Transfer sezonuna pozisyonunda bir \u00e7ok ki\u015fi taraf\u0131ndan d\u00fcnyan\u0131n en iyisi olarak kabul edilen G\u00fcney Koreli sma\u00e7\u00f6r Kim Yeon\u2026","rel":"","context":"Benzer yaz\u0131","block_context":{"text":"Benzer yaz\u0131","link":""},"img":{"alt_text":"","src":"https:\/\/i0.wp.com\/sarimelekler.biz\/wp-content\/uploads\/2017\/02\/62625F61665F636162635163626B63666B636272A2799D85-150x150.jpg?resize=350%2C200&ssl=1","width":350,"height":200,"srcset":"https:\/\/i0.wp.com\/sarimelekler.biz\/wp-content\/uploads\/2017\/02\/62625F61665F636162635163626B63666B636272A2799D85-150x150.jpg?resize=350%2C200&ssl=1 1x, https:\/\/i0.wp.com\/sarimelekler.biz\/wp-content\/uploads\/2017\/02\/62625F61665F636162635163626B63666B636272A2799D85-150x150.jpg?resize=525%2C300&ssl=1 1.5x"},"classes":[]},{"id":48,"url":"https:\/\/sarimelekler.biz\/?page_id=48","url_meta":{"origin":1659,"position":4},"title":"2014-2015","author":"Edit\u00f6r","date":"4 \u015eubat 2017","format":false,"excerpt":"2014 \u2013 2015 sezonunda antren\u00f6r de\u011fi\u015fikli\u011fine gitmeyen tak\u0131m\u0131m\u0131z antren\u00f6r\u00fcm\u00fcz\u00fcn y\u00f6netimi sundu\u011fu rapor do\u011frultusunda Kim Yeon Koung\u2019la 2 y\u0131l, Eda Erdem D\u00fcndar\u2019la 3 y\u0131l, Christina Bauer\u2019le 1 y\u0131l ve Elif \u00d6ner\u2019le 1 y\u0131l s\u00f6zle\u015fme uzat\u0131rken, Seda Tokatl\u0131o\u011flu, \u0130pek Soro\u011flu, Derya \u00c7ay\u0131rgan, Nilay \u00d6zdemir, Elif Onur Ba\u015faran,\u00a0Fernanda Garay, Alisha Glass ve Aneta\u2026","rel":"","context":"Benzer yaz\u0131","block_context":{"text":"Benzer yaz\u0131","link":""},"img":{"alt_text":"","src":"https:\/\/i0.wp.com\/sarimelekler.biz\/wp-content\/uploads\/2017\/02\/Kupalar-14-1-150x150.jpg?resize=350%2C200&ssl=1","width":350,"height":200,"srcset":"https:\/\/i0.wp.com\/sarimelekler.biz\/wp-content\/uploads\/2017\/02\/Kupalar-14-1-150x150.jpg?resize=350%2C200&ssl=1 1x, https:\/\/i0.wp.com\/sarimelekler.biz\/wp-content\/uploads\/2017\/02\/Kupalar-14-1-150x150.jpg?resize=525%2C300&ssl=1 1.5x, https:\/\/i0.wp.com\/sarimelekler.biz\/wp-content\/uploads\/2017\/02\/Kupalar-14-1-150x150.jpg?resize=700%2C400&ssl=1 2x, https:\/\/i0.wp.com\/sarimelekler.biz\/wp-content\/uploads\/2017\/02\/Kupalar-14-1-150x150.jpg?resize=1050%2C600&ssl=1 3x, https:\/\/i0.wp.com\/sarimelekler.biz\/wp-content\/uploads\/2017\/02\/Kupalar-14-1-150x150.jpg?resize=1400%2C800&ssl=1 4x"},"classes":[]},{"id":1973,"url":"https:\/\/sarimelekler.biz\/?page_id=1973","url_meta":{"origin":1659,"position":5},"title":"T\u00fcrkiye Ligi \u015eampiyonlu\u011fu","author":"Edit\u00f6r","date":"9 \u015eubat 2017","format":false,"excerpt":"","rel":"","context":"Benzer yaz\u0131","block_context":{"text":"Benzer yaz\u0131","link":""},"img":{"alt_text":"","src":"","width":0,"height":0},"classes":[]}],"_links":{"self":[{"href":"https:\/\/sarimelekler.biz\/index.php?rest_route=\/wp\/v2\/pages\/1659","targetHints":{"allow":["GET"]}}],"collection":[{"href":"https:\/\/sarimelekler.biz\/index.php?rest_route=\/wp\/v2\/pages"}],"about":[{"href":"https:\/\/sarimelekler.biz\/index.php?rest_route=\/wp\/v2\/types\/page"}],"author":[{"embeddable":true,"href":"https:\/\/sarimelekler.biz\/index.php?rest_route=\/wp\/v2\/users\/1"}],"replies":[{"embeddable":true,"href":"https:\/\/sarimelekler.biz\/index.php?rest_route=%2Fwp%2Fv2%2Fcomments&post=1659"}],"version-history":[{"count":2,"href":"https:\/\/sarimelekler.biz\/index.php?rest_route=\/wp\/v2\/pages\/1659\/revisions"}],"predecessor-version":[{"id":1685,"href":"https:\/\/sarimelekler.biz\/index.php?rest_route=\/wp\/v2\/pages\/1659\/revisions\/1685"}],"up":[{"embeddable":true,"href":"https:\/\/sarimelekler.biz\/index.php?rest_route=\/wp\/v2\/pages\/44"}],"wp:attachment":[{"href":"https:\/\/sarimelekler.biz\/index.php?rest_route=%2Fwp%2Fv2%2Fmedia&parent=1659"}],"curies":[{"name":"wp","href":"https:\/\/api.w.org\/{rel}","templated":true}]}}