{"id":18330,"date":"2022-11-10T19:37:06","date_gmt":"2022-11-10T16:37:06","guid":{"rendered":"https:\/\/sarimelekler.biz\/?page_id=18330"},"modified":"2023-03-27T23:30:40","modified_gmt":"2023-03-27T20:30:40","slug":"sultanlar-ligi","status":"publish","type":"page","link":"https:\/\/sarimelekler.biz\/?page_id=18330","title":{"rendered":"Sultanlar Ligi"},"content":{"rendered":"\n<h1 style=\"text-align: center;\"><span style=\"font-family: 'times new roman', times, serif; font-size: 32px;\"><strong>Misli.com Sultanlar Ligi\u00a0<\/strong><\/span><\/h1>\n\n\t\t<style type=\"text\/css\">\n\t\t\t#gallery-1 {\n\t\t\t\tmargin: auto;\n\t\t\t}\n\t\t\t#gallery-1 .gallery-item {\n\t\t\t\tfloat: left;\n\t\t\t\tmargin-top: 10px;\n\t\t\t\ttext-align: center;\n\t\t\t\twidth: 100%;\n\t\t\t}\n\t\t\t#gallery-1 img {\n\t\t\t\tborder: 2px solid #cfcfcf;\n\t\t\t}\n\t\t\t#gallery-1 .gallery-caption {\n\t\t\t\tmargin-left: 0;\n\t\t\t}\n\t\t\t\/* see gallery_shortcode() in wp-includes\/media.php *\/\n\t\t<\/style>\n\t\t<div data-carousel-extra='{&quot;blog_id&quot;:1,&quot;permalink&quot;:&quot;https:\/\/sarimelekler.biz\/?page_id=18330&quot;}' id='gallery-1' class='gallery galleryid-18330 gallery-columns-1 gallery-size-medium'><dl class='gallery-item'>\n\t\t\t<dt class='gallery-icon landscape'>\n\t\t\t\t<a href='https:\/\/sarimelekler.biz\/?attachment_id=13858'><img loading=\"lazy\" decoding=\"async\" width=\"300\" height=\"187\" src=\"https:\/\/sarimelekler.biz\/wp-content\/uploads\/2020\/09\/mislicom-300x187.png\" class=\"attachment-medium size-medium\" alt=\"\" srcset=\"https:\/\/sarimelekler.biz\/wp-content\/uploads\/2020\/09\/mislicom-300x187.png 300w, https:\/\/sarimelekler.biz\/wp-content\/uploads\/2020\/09\/mislicom-150x94.png 150w, https:\/\/sarimelekler.biz\/wp-content\/uploads\/2020\/09\/mislicom.png 481w\" sizes=\"auto, (max-width: 300px) 100vw, 300px\" data-attachment-id=\"13858\" data-permalink=\"https:\/\/sarimelekler.biz\/?attachment_id=13858\" data-orig-file=\"https:\/\/sarimelekler.biz\/wp-content\/uploads\/2020\/09\/mislicom.png\" data-orig-size=\"481,300\" data-comments-opened=\"0\" data-image-meta=\"{&quot;aperture&quot;:&quot;0&quot;,&quot;credit&quot;:&quot;&quot;,&quot;camera&quot;:&quot;&quot;,&quot;caption&quot;:&quot;&quot;,&quot;created_timestamp&quot;:&quot;0&quot;,&quot;copyright&quot;:&quot;&quot;,&quot;focal_length&quot;:&quot;0&quot;,&quot;iso&quot;:&quot;0&quot;,&quot;shutter_speed&quot;:&quot;0&quot;,&quot;title&quot;:&quot;&quot;,&quot;orientation&quot;:&quot;0&quot;}\" data-image-title=\"mislicom\" data-image-description=\"\" data-image-caption=\"\" data-large-file=\"https:\/\/sarimelekler.biz\/wp-content\/uploads\/2020\/09\/mislicom.png\" \/><\/a>\n\t\t\t<\/dt><\/dl><br style=\"clear: both\" \/>\n\t\t<\/div>\n\n<p style=\"text-align: justify; font-size: 18px;\"><span style=\"font-size: 18px;\">Misli.com Sultanlar Ligi\u2019nde 1. devre kar\u015f\u0131la\u015fmalar\u0131 30 Ekim \u2013 25 Aral\u0131k 2022 tarihleri aras\u0131nda, 2. devre kar\u015f\u0131la\u015fmalar\u0131 7 Ocak \u2013 1 Nisan 2023 tarihleri aras\u0131nda oynanacak.<\/span><\/p>\n<p style=\"text-align: justify; font-size: 18px;\"><span style=\"font-size: 18px;\">Puan Durumu ve Fikst\u00fcr<\/span><br \/><span style=\"font-size: 18px;\"><a href=\"https:\/\/tvf-web.dataproject.com\/CompetitionStandings.aspx?ID=74&amp;PID=144\" target=\"_blank\" rel=\"noopener\">TVF<\/a>\u00a0\u2013\u00a0<a href=\"https:\/\/tvf-web.dataproject.com\/CompetitionMatches.aspx?ID=74&amp;PID=144\" target=\"_blank\" rel=\"noopener\">TVF<\/a><\/span><\/p>\n<p style=\"text-align: justify; font-size: 18px;\"><span style=\"font-size: 18px;\"><a href=\"https:\/\/sarimelekler.biz\/?cat=6\" target=\"_blank\" rel=\"noopener\">Haber Kategorisi T\u00fcm Yaz\u0131lar<\/a><\/span><\/p>\n<p><span style=\"font-size: 18px;\"><strong>1.Hafta<\/strong>\u00a0 02.11.2022 \u2013 17:30<\/span><br \/><span style=\"font-size: 18px;\">Fenerbah\u00e7e Opet:0 \u2013 Eczac\u0131ba\u015f\u0131 Dynavit:3\u00a0\u00a0<\/span><br \/><span style=\"font-size: 18px;\">20-25, 18-25, 22-25<\/span><br \/><span style=\"font-size: 18px;\"><a href=\"https:\/\/sarimelekler.biz\/?p=18228\" target=\"_blank\" rel=\"noopener\">Sitemiz Ma\u00e7 Yaz\u0131s\u0131<\/a><\/span><br \/><span style=\"font-size: 18px;\">Video:\u00a0<a href=\"https:\/\/www.youtube.com\/watch?v=whuvyzenCxo&amp;t=364s\" target=\"_blank\" rel=\"noopener\">1<\/a><\/span><\/p>\n<p><span style=\"font-size: 18px;\"><strong>2.Hafta<\/strong>\u00a0 06.11.2022 \u2013 15:00<\/span><br \/><span style=\"font-size: 18px;\">Nil\u00fcfer Belediyespor:0 \u2013 Fenerbah\u00e7e Opet:3\u00a0<\/span><br \/><span style=\"font-size: 18px;\">16-25, 18-25, 21-25<\/span><br \/><span style=\"font-size: 18px;\"><a href=\"https:\/\/sarimelekler.biz\/?p=18252\" target=\"_blank\" rel=\"noopener\">Sitemiz Ma\u00e7 Yaz\u0131s\u0131<\/a><\/span><br \/><span style=\"font-size: 18px;\">Video:\u00a0<a href=\"https:\/\/www.youtube.com\/watch?v=JmzGuGZmQ6s\" target=\"_blank\" rel=\"noopener\">1<\/a><\/span><\/p>\n<p><span style=\"font-size: 18px;\"><strong>3.Hafta<\/strong>\u00a0 09.11.2022 \u2013 13:00<\/span><br \/><span style=\"font-size: 18px;\">Fenerbah\u00e7e Opet:3 \u2013 Sar\u0131yer Belediyespor:0\u00a0\u00a0<\/span><br \/><span style=\"font-size: 18px;\">25-20, 25-12, 25-18<\/span><br \/><span style=\"font-size: 18px;\"><a href=\"https:\/\/sarimelekler.biz\/?p=18275\" target=\"_blank\" rel=\"noopener\">Sitemiz Ma\u00e7 Yaz\u0131s\u0131<\/a><\/span><br \/><span style=\"font-size: 18px;\">Video:\u00a0<a href=\"https:\/\/www.youtube.com\/watch?v=bRax3GAO9J0&amp;t=4546s\" target=\"_blank\" rel=\"noopener\">1<\/a><\/span><\/p>\n<p><span style=\"font-size: 18px;\"><strong>4.Hafta<\/strong>\u00a0 13.11.2022 \u2013 18:00<\/span><br \/><span style=\"font-size: 18px;\">Vak\u0131fbank:3 \u2013 Fenerbah\u00e7e Opet:1\u00a0<\/span><br \/><span style=\"font-size: 18px;\">25-21, 25-20, 23-25, 25-22<\/span><br \/><span style=\"font-size: 18px;\"><a href=\"https:\/\/sarimelekler.biz\/?p=18338\" target=\"_blank\" rel=\"noopener\">Sitemiz Ma\u00e7 Yaz\u0131s\u0131<\/a><\/span><br \/><span style=\"font-size: 18px;\">Video:\u00a0<a href=\"https:\/\/www.youtube.com\/watch?v=VHBiginKECk\" target=\"_blank\" rel=\"noopener\">1<\/a><\/span><\/p>\n<p><span style=\"font-size: 18px;\"><strong>5.Hafta<\/strong>\u00a0 16.11.2022 \u2013 15:00<\/span><br \/><span style=\"font-size: 18px;\">Fenerbah\u00e7e Opet:3 \u2013 PTT:0\u00a0\u00a0<\/span><br \/><span style=\"font-size: 18px;\">25-14, 25-20, 25-19<\/span><br \/><span style=\"font-size: 18px;\"><a href=\"https:\/\/sarimelekler.biz\/?p=18352\" target=\"_blank\" rel=\"noopener\">Sitemiz Ma\u00e7 Yaz\u0131s\u0131<\/a><\/span><br \/><span style=\"font-size: 18px;\">Video: <a href=\"https:\/\/www.youtube.com\/watch?v=XCo-awe_YjQ&amp;t=1367s\" target=\"_blank\" rel=\"noopener\">1<\/a><\/span><\/p>\n<p><span style=\"font-size: 18px;\"><strong>6.Hafta<\/strong>\u00a0 20.11.2022 \u2013 15:00\u00a0<\/span><br \/><span style=\"font-size: 18px;\">Galatasaray HDI Sigorta:0 \u2013 Fenerbah\u00e7e Opet:3\u00a0\u00a0<\/span><br \/><span style=\"font-size: 18px;\">16-25, 19-25, 20-25<\/span><br \/><span style=\"font-size: 18px;\"><a href=\"https:\/\/sarimelekler.biz\/?p=18382\" target=\"_blank\" rel=\"noopener\">Sitemiz Ma\u00e7 Yaz\u0131s\u0131<\/a><\/span><br \/><span style=\"font-size: 18px;\">Video:\u00a0<a href=\"https:\/\/www.youtube.com\/watch?v=scVV6YkszcI\" target=\"_blank\" rel=\"noopener\">1<\/a><\/span><\/p>\n<p><span style=\"font-size: 18px;\"><strong>7.Hafta<\/strong>\u00a0 23.11.2022 \u2013 13:00<\/span><br \/><span style=\"font-size: 18px;\">Fenerbah\u00e7e Opet:3 \u2013 Ayd\u0131n B\u015eB.:0\u00a0\u00a0<\/span><br \/><span style=\"font-size: 18px;\">25-23, 25-16, 25-18<\/span><br \/><span style=\"font-size: 18px;\"><a href=\"https:\/\/sarimelekler.biz\/?p=18414\" target=\"_blank\" rel=\"noopener\">Sitemiz Ma\u00e7 Yaz\u0131s\u0131<\/a><\/span><br \/><span style=\"font-size: 18px;\">Video: <a href=\"https:\/\/www.youtube.com\/watch?v=ehWAsdRDcd0\" target=\"_blank\" rel=\"noopener\">1<\/a><\/span><\/p>\n<p><span style=\"font-size: 18px;\"><strong>8.Hafta<\/strong>\u00a0 26.11.2022 \u2013 14:00\u00a0<\/span><br \/><span style=\"font-size: 18px;\">Kuzeyboru:3 \u2013 Fenerbah\u00e7e Opet:2\u00a0\u00a0<\/span><br \/><span style=\"font-size: 18px;\">25-27, 25-18, 20-25, 25-23, 19-17<\/span><br \/><span style=\"font-size: 18px;\"><a href=\"https:\/\/sarimelekler.biz\/?p=18438\" target=\"_blank\" rel=\"noopener\">Sitemiz Ma\u00e7 Yaz\u0131s\u0131<\/a><\/span><br \/><span style=\"font-size: 18px;\">Video: <a href=\"https:\/\/www.youtube.com\/watch?v=3lP5uEtLnE0\" target=\"_blank\" rel=\"noopener\">1<\/a><\/span><\/p>\n<p><span style=\"font-size: 18px;\"><strong>9.Hafta<\/strong>\u00a0 03.12.2022 \u2013 13:00<\/span><br \/><span style=\"font-size: 18px;\">Fenerbah\u00e7e Opet:3 \u2013 \u00c7ukurova Bld. Adana Demirspor:1\u00a0\u00a0<\/span><br \/><span style=\"font-size: 18px;\">27-29, 29-27, 25-15, 25-15<\/span><br \/><span style=\"font-size: 18px;\"><a href=\"https:\/\/sarimelekler.biz\/?p=18470\" target=\"_blank\" rel=\"noopener\">Sitemiz Ma\u00e7 Yaz\u0131s\u0131<\/a><\/span><br \/><span style=\"font-size: 18px;\">Video: <a href=\"https:\/\/www.youtube.com\/watch?v=yul6Gyr5Wyo\" target=\"_blank\" rel=\"noopener\">1<\/a><\/span><\/p>\n<p><span style=\"font-size: 18px;\"><strong>10.Hafta<\/strong>\u00a0 11.12.2022 \u2013 16:00\u00a0<\/span><br \/><span style=\"font-size: 18px;\">Bolu Belediye Spor:1 \u2013 Fenerbah\u00e7e Opet:3\u00a0\u00a0<\/span><br \/><span style=\"font-size: 18px;\">25-16, 17-25, 19-25, 18-25<\/span><br \/><span style=\"font-size: 18px;\"><a href=\"https:\/\/sarimelekler.biz\/?p=18519\" target=\"_blank\" rel=\"noopener\">Sitemiz Ma\u00e7 Yaz\u0131s\u0131<\/a><\/span><br \/><span style=\"font-size: 18px;\">Video:\u00a0<a href=\"https:\/\/www.youtube.com\/watch?v=M6PHl6Z_o9s\" target=\"_blank\" rel=\"noopener\">1<\/a><\/span><\/p>\n<p><span style=\"font-size: 18px;\"><strong>11.Hafta<\/strong>\u00a0 18.12.2022 \u2013 17:00<\/span><br \/><span style=\"font-size: 18px;\">Fenerbah\u00e7e Opet:3 \u2013 Sigorta Shop:1\u00a0\u00a0<\/span><br \/><span style=\"font-size: 18px;\">25-13, 18-25, 25-12, 25-16<\/span><br \/><span style=\"font-size: 18px;\"><a href=\"https:\/\/sarimelekler.biz\/?p=18542\" target=\"_blank\" rel=\"noopener\">Sitemiz Ma\u00e7 Yaz\u0131s\u0131<\/a><\/span><br \/><span style=\"font-size: 18px;\">Video: <a href=\"https:\/\/www.youtube.com\/watch?v=GktGUwGeChk\" target=\"_blank\" rel=\"noopener\">1<\/a><\/span><\/p>\n<p><span style=\"font-size: 18px;\"><strong>12.Hafta<\/strong>\u00a0 23.12.2022 \u2013 14:00\u00a0<\/span><br \/><span style=\"font-size: 18px;\">\u0130lbank:0 \u2013 Fenerbah\u00e7e Opet:3\u00a0\u00a0<\/span><br \/><span style=\"font-size: 18px;\">10-25, 21-25, 13-25<\/span><br \/><span style=\"font-size: 18px;\"><a href=\"https:\/\/sarimelekler.biz\/?p=18581\" target=\"_blank\" rel=\"noopener\">Sitemiz Ma\u00e7 Yaz\u0131s\u0131<\/a><\/span><br \/><span style=\"font-size: 18px;\">Video: <a href=\"https:\/\/www.youtube.com\/watch?v=VfS9YAKOuRo\" target=\"_blank\" rel=\"noopener\">1<\/a><\/span><\/p>\n<p><span style=\"font-size: 18px;\"><strong>13.Hafta<\/strong>\u00a0 28.12.2022 \u2013 16:00<\/span><br \/><span style=\"font-size: 18px;\">T\u00fcrk Hava Yollar\u0131:2 \u2013 Fenerbah\u00e7e Opet:3\u00a0 \u00a0\u00a0<\/span><br \/><span style=\"font-size: 18px;\">25-19, 25-21, 16-25, 24-26, 6-15<\/span><br \/><span style=\"font-size: 18px;\"><a href=\"https:\/\/sarimelekler.biz\/?p=18598\" target=\"_blank\" rel=\"noopener\">Sitemiz Ma\u00e7 Yaz\u0131s\u0131<\/a><\/span><br \/><span style=\"font-size: 18px;\">Video: <a href=\"https:\/\/www.youtube.com\/watch?v=sVpYtqRoxaU\" target=\"_blank\" rel=\"noopener\">1<\/a><\/span><\/p>\n<p><span style=\"font-size: 18px;\"><strong>14.Hafta<\/strong>\u00a0 14.01.2023 \u2013 19:30\u00a0<\/span><br \/><span style=\"font-size: 18px;\">Eczac\u0131ba\u015f\u0131 Dynavit:3 \u2013 Fenerbah\u00e7e Opet:0\u00a0\u00a0<\/span><br \/><span style=\"font-size: 18px;\">25-18, 25-13, 25-19<\/span><br \/><span style=\"font-size: 18px;\"><a href=\"https:\/\/sarimelekler.biz\/?p=18651\" target=\"_blank\" rel=\"noopener\">Sitemiz Ma\u00e7 Yaz\u0131s\u0131<\/a><\/span><br \/><span style=\"font-size: 18px;\">Video: <a href=\"https:\/\/www.youtube.com\/watch?v=6WpWqLGZKW4\" target=\"_blank\" rel=\"noopener\">1<\/a><\/span><\/p>\n<p><span style=\"font-size: 18px;\"><strong>15.Hafta<\/strong>\u00a0 21.01.2023 \u2013 14:00<\/span><br \/><span style=\"font-size: 18px;\">Fenerbah\u00e7e Opet:3 \u2013 Nil\u00fcfer Belediyespor:1\u00a0\u00a0<\/span><br \/><span style=\"font-size: 18px;\">25-17, 22-25, 25-19, 25-18<\/span><br \/><span style=\"font-size: 18px;\"><a href=\"https:\/\/sarimelekler.biz\/?p=18659\" target=\"_blank\" rel=\"noopener\">Sitemiz Ma\u00e7 Yaz\u0131s\u0131<\/a><\/span><br \/><span style=\"font-size: 18px;\">Video: <a href=\"https:\/\/www.youtube.com\/watch?v=6m-MoyaH3HQ\" target=\"_blank\" rel=\"noopener\">1<\/a><\/span><\/p>\n<p><span style=\"font-size: 18px;\"><strong>16.Hafta<\/strong>\u00a0 27.01.2023 \u2013 14:00\u00a0<\/span><br \/><span style=\"font-size: 18px;\">Sar\u0131yer Belediyespor:0 \u2013 Fenerbah\u00e7e Opet:3\u00a0\u00a0<\/span><br \/><span style=\"font-size: 18px;\">19-25, 19-25, 18-25<\/span><br \/><span style=\"font-size: 18px;\"><a href=\"https:\/\/sarimelekler.biz\/?p=18678\" target=\"_blank\" rel=\"noopener\">Sitemiz Ma\u00e7 Yaz\u0131s\u0131<\/a><\/span><br \/><span style=\"font-size: 18px;\">Video: <a href=\"https:\/\/www.youtube.com\/watch?v=ymZPsuRvsWM\" target=\"_blank\" rel=\"noopener\">1<\/a><\/span><\/p>\n<p><span style=\"font-size: 18px;\"><strong>17.Hafta<\/strong>\u00a0 05.02.2023 \u2013 13:30<\/span><br \/><span style=\"font-size: 18px;\">Fenerbah\u00e7e Opet:3 \u2013 Vak\u0131fbank:0\u00a0\u00a0<\/span><br \/><span style=\"font-size: 18px;\">25-20, 25-18, 33-31<\/span><br \/><span style=\"font-size: 18px;\"><a href=\"https:\/\/sarimelekler.biz\/?p=18717\" target=\"_blank\" rel=\"noopener\">Sitemiz Ma\u00e7 Yaz\u0131s\u0131<\/a><\/span><br \/><span style=\"font-size: 18px;\">Video: <a href=\"https:\/\/www.youtube.com\/watch?v=FXeW0u-YjXU\" target=\"_blank\" rel=\"noopener\">1<\/a><\/span><\/p>\n<p><span style=\"font-size: 18px;\"><strong>18.Hafta<\/strong>\u00a0 04.03.2023 \u2013 14:30<\/span><br \/><span style=\"font-size: 18px;\">PTT:0 \u2013 Fenerbah\u00e7e Opet:3\u00a0\u00a0<\/span><br \/><span style=\"font-size: 18px;\">21-25, 15-25, 10-25<\/span><br \/><a href=\"https:\/\/sarimelekler.biz\/?p=18926\" target=\"_blank\" rel=\"noopener\"><span style=\"font-size: 18px;\">Sitemiz Ma\u00e7 Yaz\u0131s\u0131<\/span><\/a><br \/><span style=\"font-size: 18px;\">Video: <a href=\"https:\/\/www.youtube.com\/watch?v=3t-NA7oahlE\" target=\"_blank\" rel=\"noopener\">1<\/a><\/span><\/p>\n<p><span style=\"font-size: 18px;\"><strong>19.Hafta<\/strong>\u00a0 11.03.2023 \u2013 14:00<\/span><br \/><span style=\"font-size: 18px;\">Fenerbah\u00e7e Opet:3 \u2013 Galatasaray HDI Sigorta:0\u00a0\u00a0<\/span><br \/><span style=\"font-size: 18px;\">25-15, 25-13, 25-17<\/span><br \/><a href=\"https:\/\/sarimelekler.biz\/?p=18982\" target=\"_blank\" rel=\"noopener\"><span style=\"font-size: 18px;\">Sitemiz Ma\u00e7 Yaz\u0131s\u0131<\/span><\/a><br \/><span style=\"font-size: 18px;\">Video: <a href=\"https:\/\/www.youtube.com\/watch?v=DPGiusU6aeM\" target=\"_blank\" rel=\"noopener\">1<\/a><\/span><\/p>\n<p><span style=\"font-size: 18px;\"><strong>20.Hafta<\/strong> 19.03.2023 \u2013 15:00<\/span><br \/><span style=\"font-size: 18px;\">Ayd\u0131n B\u015eB.:0 \u2013 Fenerbah\u00e7e Opet:3\u00a0\u00a0<\/span><br \/><span style=\"font-size: 18px;\">19-25, 23-25, 13-25<\/span><br \/><a href=\"https:\/\/sarimelekler.biz\/?p=19036\" target=\"_blank\" rel=\"noopener\"><span style=\"font-size: 18px;\">Sitemiz Ma\u00e7 Yaz\u0131s\u0131<\/span><\/a><br \/><span style=\"font-size: 18px;\">Video: <a href=\"https:\/\/www.youtube.com\/watch?v=1Ktk1x8YEa8\" target=\"_blank\" rel=\"noopener\">1<\/a><\/span><\/p>\n<p><span style=\"font-size: 18px;\"><strong>21.Hafta<\/strong>\u00a0 27.03.2023 \u2013 15:00<\/span><br \/><span style=\"font-size: 18px;\">Fenerbah\u00e7e Opet:3 \u2013 Kuzeyboru:0\u00a0\u00a0<\/span><br \/><span style=\"font-size: 18px;\">25-15, 25-18, 25-14<\/span><br \/><a href=\"https:\/\/sarimelekler.biz\/?p=19079\" target=\"_blank\" rel=\"noopener\"><span style=\"font-size: 18px;\">Sitemiz Ma\u00e7 Yaz\u0131s\u0131<\/span><\/a><br \/><span style=\"font-size: 18px;\">Video: <a href=\"https:\/\/www.youtube.com\/watch?v=jCtXE3vekCM\" target=\"_blank\" rel=\"noopener\">1<\/a><\/span><\/p>\n<p><span style=\"font-size: 18px;\"><strong>22.Hafta<\/strong>\u00a0 \u00a001.04.2023 \u2013 15:00<\/span><br \/><span style=\"font-size: 18px;\">\u00c7ukurova Bld. Adana Demirspor:0 \u2013 Fenerbah\u00e7e Opet:0\u00a0\u00a0<\/span><br \/><span style=\"font-size: 18px;\">0-0<\/span><br \/><span style=\"font-size: 18px;\">Sitemiz Ma\u00e7 Yaz\u0131s\u0131<\/span><br \/><span style=\"font-size: 18px;\">Video: &#8211;<\/span><\/p>\n<p><span style=\"font-size: 18px;\"><strong>23.Hafta<\/strong>\u00a0 08.04.2023 \u2013 17:00\u00a0<\/span><br \/><span style=\"font-size: 18px;\">Fenerbah\u00e7e Opet:0 \u2013 Bolu Belediye Spor:0\u00a0\u00a0<\/span><br \/><span style=\"font-size: 18px;\">0-0<\/span><br \/><span style=\"font-size: 18px;\">Sitemiz Ma\u00e7 Yaz\u0131s\u0131<\/span><br \/><span style=\"font-size: 18px;\">Video: &#8211;<\/span><\/p>\n<p><span style=\"font-size: 18px;\"><strong>24.Hafta<\/strong>\u00a0 \u00a015.04.2023 \u2013 14:00<\/span><br \/><span style=\"font-size: 18px;\">Sigorta Shop:0 \u2013 Fenerbah\u00e7e Opet:0 \u00a0<\/span><br \/><span style=\"font-size: 18px;\">0-0<\/span><br \/><span style=\"font-size: 18px;\">Sitemiz Ma\u00e7 Yaz\u0131s\u0131<\/span><br \/><span style=\"font-size: 18px;\">Video: &#8211;<\/span><\/p>\n<p><span style=\"font-size: 18px;\"><strong>25.Hafta<\/strong>\u00a0 18.04.2023 \u2013 15:00<\/span><br \/><span style=\"font-size: 18px;\">Fenerbah\u00e7e Opet:0 \u2013 \u0130lbank:0\u00a0\u00a0<\/span><br \/><span style=\"font-size: 18px;\">0-0<\/span><br \/><span style=\"font-size: 18px;\">Sitemiz Ma\u00e7 Yaz\u0131s\u0131<\/span><br \/><span style=\"font-size: 18px;\">Video: &#8211;<\/span><\/p>\n<p><span style=\"font-size: 18px;\"><strong>26.Hafta<\/strong>\u00a0 \u00a0<\/span><br \/><span style=\"font-size: 18px;\">Fenerbah\u00e7e Opet:0 \u2013 T\u00fcrk Hava Yollar\u0131:0 \u00a0<\/span><br \/><span style=\"font-size: 18px;\">0-0<\/span><br \/><span style=\"font-size: 18px;\">Sitemiz Ma\u00e7 Yaz\u0131s\u0131<\/span><br \/><span style=\"font-size: 18px;\">Video: &#8211;<\/span><\/p>\n","protected":false},"excerpt":{"rendered":"<p>Misli.com Sultanlar Ligi\u00a0 Misli.com Sultanlar Ligi\u2019nde 1. devre kar\u015f\u0131la\u015fmalar\u0131 30 \u2026 <a class=\"continue-reading-link\" href=\"https:\/\/sarimelekler.biz\/?page_id=18330\">Okumaya Devam Et.. <span class=\"meta-nav\">&rarr; <\/span><\/a><\/p>\n","protected":false},"author":1,"featured_media":0,"parent":18297,"menu_order":0,"comment_status":"closed","ping_status":"closed","template":"","meta":{"_mc_calendar":[],"footnotes":""},"class_list":["post-18330","page","type-page","status-publish","hentry"],"jetpack_sharing_enabled":true,"jetpack_shortlink":"https:\/\/wp.me\/P8npUZ-4LE","jetpack-related-posts":[{"id":13757,"url":"https:\/\/sarimelekler.biz\/?page_id=13757","url_meta":{"origin":18330,"position":0},"title":"Sultanlar Ligi","author":"Edit\u00f6r","date":"24 A\u011fustos 2020","format":false,"excerpt":"Misli.com Sultanlar Ligi\u00a0 D\u00fcnya\u2019da ve \u00fclkemiz de g\u00f6r\u00fclen Koronavir\u00fcs salg\u0131n\u0131 nedeniyle 2019-2020 sezonu, 11.05.2020 g\u00fcn\u00fc T\u00fcrkiye Voleybol Federasyonu taraf\u0131ndan; erkek ve kad\u0131n liglerinin mevcut haliyle tescil edildi\u011fi ve 22 haftal\u0131k normal sezonu oynanan liglerin play-off turunun oynanmayaca\u011f\u0131 \u015eampiyon ve k\u00fcme d\u00fc\u015fen tak\u0131mlar\u0131n olmayaca\u011f\u0131 a\u00e7\u0131klanarak ligler sonland\u0131r\u0131lm\u0131\u015ft\u0131. Ayr\u0131ca yap\u0131lan a\u00e7\u0131klamada 2019-2020\u2026","rel":"","context":"Benzer yaz\u0131","block_context":{"text":"Benzer yaz\u0131","link":""},"img":{"alt_text":"","src":"https:\/\/i0.wp.com\/sarimelekler.biz\/wp-content\/uploads\/2020\/09\/mislicom-300x187.png?resize=350%2C200&ssl=1","width":350,"height":200},"classes":[]},{"id":16183,"url":"https:\/\/sarimelekler.biz\/?page_id=16183","url_meta":{"origin":18330,"position":1},"title":"Sultanlar Ligi","author":"Edit\u00f6r","date":"7 Ekim 2021","format":false,"excerpt":"Misli.com Sultanlar Ligi\u00a0 Misli.com Sultanlar Ligi\u2019nde 1. Devre kar\u015f\u0131la\u015fmalar\u0131 09 Ekim \u2013 11 Aral\u0131k 2021 tarihleri aras\u0131nda, 2. Devre kar\u015f\u0131la\u015fmalar\u0131 09 Ocak \u2013 03 Nisan 2022 tarihleri aras\u0131nda oynanacak. Puan Durumu ve Fikst\u00fcrTVF\u00a0\u2013\u00a0TVF Haber Kategorisi T\u00fcm Yaz\u0131lar \u00a0 1.Hafta\u00a0 08.10.2021Bolu Belediye Spor:0 \u2013 Fenerbah\u00e7e Opet:3\u00a016 \u2013 25, 17 \u2013 25,\u2026","rel":"","context":"Benzer yaz\u0131","block_context":{"text":"Benzer yaz\u0131","link":""},"img":{"alt_text":"","src":"https:\/\/i0.wp.com\/sarimelekler.biz\/wp-content\/uploads\/2020\/09\/mislicom-300x187.png?resize=350%2C200&ssl=1","width":350,"height":200},"classes":[]},{"id":7167,"url":"https:\/\/sarimelekler.biz\/?page_id=7167","url_meta":{"origin":18330,"position":2},"title":"2018-2019","author":"Edit\u00f6r","date":"30 Ekim 2018","format":false,"excerpt":"Bu sezon ile ilgili sitemizde bulabilece\u011finiz linkler: Kadro Vestel Ven\u00fcs Sultanlar Ligi Cev \u015eampiyonlar Ligi T\u00fcrkiye Kupas\u0131 (Kupa Voley)","rel":"","context":"Benzer yaz\u0131","block_context":{"text":"Benzer yaz\u0131","link":""},"img":{"alt_text":"","src":"","width":0,"height":0},"classes":[]},{"id":11627,"url":"https:\/\/sarimelekler.biz\/?page_id=11627","url_meta":{"origin":18330,"position":3},"title":"2019-2020","author":"Edit\u00f6r","date":"9 Eyl\u00fcl 2019","format":false,"excerpt":"Bu sezon ile ilgili sitemizde bulabilece\u011finiz linkler: Kadro Vestel Ven\u00fcs Sultanlar Ligi Cev \u015eampiyonlar Ligi T\u00fcrkiye Kupas\u0131 (Kupa Voley)","rel":"","context":"Benzer yaz\u0131","block_context":{"text":"Benzer yaz\u0131","link":""},"img":{"alt_text":"","src":"","width":0,"height":0},"classes":[]},{"id":48,"url":"https:\/\/sarimelekler.biz\/?page_id=48","url_meta":{"origin":18330,"position":4},"title":"2014-2015","author":"Edit\u00f6r","date":"4 \u015eubat 2017","format":false,"excerpt":"2014 \u2013 2015 sezonunda antren\u00f6r de\u011fi\u015fikli\u011fine gitmeyen tak\u0131m\u0131m\u0131z antren\u00f6r\u00fcm\u00fcz\u00fcn y\u00f6netimi sundu\u011fu rapor do\u011frultusunda Kim Yeon Koung\u2019la 2 y\u0131l, Eda Erdem D\u00fcndar\u2019la 3 y\u0131l, Christina Bauer\u2019le 1 y\u0131l ve Elif \u00d6ner\u2019le 1 y\u0131l s\u00f6zle\u015fme uzat\u0131rken, Seda Tokatl\u0131o\u011flu, \u0130pek Soro\u011flu, Derya \u00c7ay\u0131rgan, Nilay \u00d6zdemir, Elif Onur Ba\u015faran,\u00a0Fernanda Garay, Alisha Glass ve Aneta\u2026","rel":"","context":"Benzer yaz\u0131","block_context":{"text":"Benzer yaz\u0131","link":""},"img":{"alt_text":"","src":"https:\/\/i0.wp.com\/sarimelekler.biz\/wp-content\/uploads\/2017\/02\/Kupalar-14-1-150x150.jpg?resize=350%2C200&ssl=1","width":350,"height":200,"srcset":"https:\/\/i0.wp.com\/sarimelekler.biz\/wp-content\/uploads\/2017\/02\/Kupalar-14-1-150x150.jpg?resize=350%2C200&ssl=1 1x, https:\/\/i0.wp.com\/sarimelekler.biz\/wp-content\/uploads\/2017\/02\/Kupalar-14-1-150x150.jpg?resize=525%2C300&ssl=1 1.5x, https:\/\/i0.wp.com\/sarimelekler.biz\/wp-content\/uploads\/2017\/02\/Kupalar-14-1-150x150.jpg?resize=700%2C400&ssl=1 2x, https:\/\/i0.wp.com\/sarimelekler.biz\/wp-content\/uploads\/2017\/02\/Kupalar-14-1-150x150.jpg?resize=1050%2C600&ssl=1 3x, https:\/\/i0.wp.com\/sarimelekler.biz\/wp-content\/uploads\/2017\/02\/Kupalar-14-1-150x150.jpg?resize=1400%2C800&ssl=1 4x"},"classes":[]},{"id":13727,"url":"https:\/\/sarimelekler.biz\/?page_id=13727","url_meta":{"origin":18330,"position":5},"title":"T\u00fcrkiye Kupas\u0131 (Kupa Voley)","author":"Edit\u00f6r","date":"23 A\u011fustos 2020","format":false,"excerpt":"2019 \u2013 2020 sezonunda T\u00fcrkiye Kupas\u0131 \u201cAXA Sigorta Kupa Voley\u201d ismiyle d\u00fczenlenmi\u015ftir. 2019 \u2013 2020 Voleybol Sezonu Vestel Venus Sultanlar Ligi\u2019nde 1. devre kar\u015f\u0131la\u015fmalar\u0131n\u0131n sona ermesinin ard\u0131ndan, s\u0131ralamada ilk d\u00f6rt s\u0131rada yer alan Eczac\u0131ba\u015f\u0131 VitrA, Vak\u0131fBank, Fenerbah\u00e7e Opet\u00a0ve\u00a0Galatasaray HDI Sigorta\u00a0tak\u0131mlar\u0131, 2019 \u2013 2020 Voleybol Sezonu AXA Sigorta Kupa Voley kad\u0131nlar\u2026","rel":"","context":"Benzer yaz\u0131","block_context":{"text":"Benzer yaz\u0131","link":""},"img":{"alt_text":"","src":"https:\/\/i0.wp.com\/sarimelekler.biz\/wp-content\/uploads\/2019\/05\/18-19-T%C3%BCrkiye-Kupas%C4%B1-1024x730.jpg?resize=350%2C200","width":350,"height":200,"srcset":"https:\/\/i0.wp.com\/sarimelekler.biz\/wp-content\/uploads\/2019\/05\/18-19-T%C3%BCrkiye-Kupas%C4%B1-1024x730.jpg?resize=350%2C200 1x, https:\/\/i0.wp.com\/sarimelekler.biz\/wp-content\/uploads\/2019\/05\/18-19-T%C3%BCrkiye-Kupas%C4%B1-1024x730.jpg?resize=525%2C300 1.5x, https:\/\/i0.wp.com\/sarimelekler.biz\/wp-content\/uploads\/2019\/05\/18-19-T%C3%BCrkiye-Kupas%C4%B1-1024x730.jpg?resize=700%2C400 2x"},"classes":[]}],"_links":{"self":[{"href":"https:\/\/sarimelekler.biz\/index.php?rest_route=\/wp\/v2\/pages\/18330","targetHints":{"allow":["GET"]}}],"collection":[{"href":"https:\/\/sarimelekler.biz\/index.php?rest_route=\/wp\/v2\/pages"}],"about":[{"href":"https:\/\/sarimelekler.biz\/index.php?rest_route=\/wp\/v2\/types\/page"}],"author":[{"embeddable":true,"href":"https:\/\/sarimelekler.biz\/index.php?rest_route=\/wp\/v2\/users\/1"}],"replies":[{"embeddable":true,"href":"https:\/\/sarimelekler.biz\/index.php?rest_route=%2Fwp%2Fv2%2Fcomments&post=18330"}],"version-history":[{"count":24,"href":"https:\/\/sarimelekler.biz\/index.php?rest_route=\/wp\/v2\/pages\/18330\/revisions"}],"predecessor-version":[{"id":19105,"href":"https:\/\/sarimelekler.biz\/index.php?rest_route=\/wp\/v2\/pages\/18330\/revisions\/19105"}],"up":[{"embeddable":true,"href":"https:\/\/sarimelekler.biz\/index.php?rest_route=\/wp\/v2\/pages\/18297"}],"wp:attachment":[{"href":"https:\/\/sarimelekler.biz\/index.php?rest_route=%2Fwp%2Fv2%2Fmedia&parent=18330"}],"curies":[{"name":"wp","href":"https:\/\/api.w.org\/{rel}","templated":true}]}}