{"id":1961,"date":"2017-02-09T01:37:03","date_gmt":"2017-02-08T23:37:03","guid":{"rendered":"http:\/\/sarimelekler.biz\/?page_id=1961"},"modified":"2017-02-09T01:45:57","modified_gmt":"2017-02-08T23:45:57","slug":"turkiye-kupasi-sampiyonlugu","status":"publish","type":"page","link":"https:\/\/sarimelekler.biz\/?page_id=1961","title":{"rendered":"T\u00fcrkiye Kupas\u0131 \u015eampiyonlu\u011fu"},"content":{"rendered":"\n\t\t<style type=\"text\/css\">\n\t\t\t#gallery-1 {\n\t\t\t\tmargin: auto;\n\t\t\t}\n\t\t\t#gallery-1 .gallery-item {\n\t\t\t\tfloat: left;\n\t\t\t\tmargin-top: 10px;\n\t\t\t\ttext-align: center;\n\t\t\t\twidth: 25%;\n\t\t\t}\n\t\t\t#gallery-1 img {\n\t\t\t\tborder: 2px solid #cfcfcf;\n\t\t\t}\n\t\t\t#gallery-1 .gallery-caption {\n\t\t\t\tmargin-left: 0;\n\t\t\t}\n\t\t\t\/* see gallery_shortcode() in wp-includes\/media.php *\/\n\t\t<\/style>\n\t\t<div data-carousel-extra='{&quot;blog_id&quot;:1,&quot;permalink&quot;:&quot;https:\/\/sarimelekler.biz\/?page_id=1961&quot;}' id='gallery-1' class='gallery galleryid-1961 gallery-columns-4 gallery-size-thumbnail'><dl class='gallery-item'>\n\t\t\t<dt class='gallery-icon landscape'>\n\t\t\t\t<a href='https:\/\/sarimelekler.biz\/?attachment_id=1963'><img loading=\"lazy\" decoding=\"async\" width=\"150\" height=\"150\" src=\"https:\/\/sarimelekler.biz\/wp-content\/uploads\/2017\/02\/T\u00fcrkiye-Kupas\u0131-\u015eampiyonlu\u011fu-1-150x150.jpg\" class=\"attachment-thumbnail size-thumbnail\" alt=\"\" aria-describedby=\"gallery-1-1963\" data-attachment-id=\"1963\" data-permalink=\"https:\/\/sarimelekler.biz\/?attachment_id=1963\" data-orig-file=\"https:\/\/sarimelekler.biz\/wp-content\/uploads\/2017\/02\/T\u00fcrkiye-Kupas\u0131-\u015eampiyonlu\u011fu-1.jpg\" data-orig-size=\"3000,1554\" data-comments-opened=\"0\" data-image-meta=\"{&quot;aperture&quot;:&quot;3.5&quot;,&quot;credit&quot;:&quot;&quot;,&quot;camera&quot;:&quot;Canon EOS-1D Mark IV&quot;,&quot;caption&quot;:&quot;&quot;,&quot;created_timestamp&quot;:&quot;1428868198&quot;,&quot;copyright&quot;:&quot;&quot;,&quot;focal_length&quot;:&quot;35&quot;,&quot;iso&quot;:&quot;2000&quot;,&quot;shutter_speed&quot;:&quot;0.003125&quot;,&quot;title&quot;:&quot;&quot;,&quot;orientation&quot;:&quot;1&quot;}\" data-image-title=\"T\u00fcrkiye Kupas\u0131 \u015eampiyonlu\u011fu (1)\" data-image-description=\"\" data-image-caption=\"&lt;p&gt;T\u00fcrkiye Kupas\u0131 \u015eampiyonlu\u011fu&lt;\/p&gt;\n\" data-large-file=\"https:\/\/sarimelekler.biz\/wp-content\/uploads\/2017\/02\/T\u00fcrkiye-Kupas\u0131-\u015eampiyonlu\u011fu-1-1024x530.jpg\" \/><\/a>\n\t\t\t<\/dt>\n\t\t\t\t<dd class='wp-caption-text gallery-caption' id='gallery-1-1963'>\n\t\t\t\tT\u00fcrkiye Kupas\u0131 \u015eampiyonlu\u011fu\n\t\t\t\t<\/dd><\/dl><dl class='gallery-item'>\n\t\t\t<dt class='gallery-icon landscape'>\n\t\t\t\t<a href='https:\/\/sarimelekler.biz\/?attachment_id=1964'><img loading=\"lazy\" decoding=\"async\" width=\"150\" height=\"150\" src=\"https:\/\/sarimelekler.biz\/wp-content\/uploads\/2017\/02\/T\u00fcrkiye-Kupas\u0131-\u015eampiyonlu\u011fu-2-150x150.jpg\" class=\"attachment-thumbnail size-thumbnail\" alt=\"\" aria-describedby=\"gallery-1-1964\" data-attachment-id=\"1964\" data-permalink=\"https:\/\/sarimelekler.biz\/?attachment_id=1964\" data-orig-file=\"https:\/\/sarimelekler.biz\/wp-content\/uploads\/2017\/02\/T\u00fcrkiye-Kupas\u0131-\u015eampiyonlu\u011fu-2.jpg\" data-orig-size=\"3000,1744\" data-comments-opened=\"0\" data-image-meta=\"{&quot;aperture&quot;:&quot;3.2&quot;,&quot;credit&quot;:&quot;&quot;,&quot;camera&quot;:&quot;Canon EOS-1D Mark IV&quot;,&quot;caption&quot;:&quot;&quot;,&quot;created_timestamp&quot;:&quot;1428868765&quot;,&quot;copyright&quot;:&quot;&quot;,&quot;focal_length&quot;:&quot;16&quot;,&quot;iso&quot;:&quot;2000&quot;,&quot;shutter_speed&quot;:&quot;0.003125&quot;,&quot;title&quot;:&quot;&quot;,&quot;orientation&quot;:&quot;1&quot;}\" data-image-title=\"T\u00fcrkiye Kupas\u0131 \u015eampiyonlu\u011fu (2)\" data-image-description=\"\" data-image-caption=\"&lt;p&gt;T\u00fcrkiye Kupas\u0131 \u015eampiyonlu\u011fu&lt;\/p&gt;\n\" data-large-file=\"https:\/\/sarimelekler.biz\/wp-content\/uploads\/2017\/02\/T\u00fcrkiye-Kupas\u0131-\u015eampiyonlu\u011fu-2-1024x595.jpg\" \/><\/a>\n\t\t\t<\/dt>\n\t\t\t\t<dd class='wp-caption-text gallery-caption' id='gallery-1-1964'>\n\t\t\t\tT\u00fcrkiye Kupas\u0131 \u015eampiyonlu\u011fu\n\t\t\t\t<\/dd><\/dl><dl class='gallery-item'>\n\t\t\t<dt class='gallery-icon landscape'>\n\t\t\t\t<a href='https:\/\/sarimelekler.biz\/?attachment_id=1965'><img loading=\"lazy\" decoding=\"async\" width=\"150\" height=\"150\" src=\"https:\/\/sarimelekler.biz\/wp-content\/uploads\/2017\/02\/T\u00fcrkiye-Kupas\u0131-\u015eampiyonlu\u011fu-3-150x150.jpg\" class=\"attachment-thumbnail size-thumbnail\" alt=\"\" aria-describedby=\"gallery-1-1965\" data-attachment-id=\"1965\" data-permalink=\"https:\/\/sarimelekler.biz\/?attachment_id=1965\" data-orig-file=\"https:\/\/sarimelekler.biz\/wp-content\/uploads\/2017\/02\/T\u00fcrkiye-Kupas\u0131-\u015eampiyonlu\u011fu-3.jpg\" data-orig-size=\"3000,2006\" data-comments-opened=\"0\" data-image-meta=\"{&quot;aperture&quot;:&quot;2.8&quot;,&quot;credit&quot;:&quot;&quot;,&quot;camera&quot;:&quot;NIKON D700&quot;,&quot;caption&quot;:&quot;&quot;,&quot;created_timestamp&quot;:&quot;1428872239&quot;,&quot;copyright&quot;:&quot;MERT BULENT UCMA&quot;,&quot;focal_length&quot;:&quot;24&quot;,&quot;iso&quot;:&quot;1000&quot;,&quot;shutter_speed&quot;:&quot;0.005&quot;,&quot;title&quot;:&quot;&quot;,&quot;orientation&quot;:&quot;1&quot;}\" data-image-title=\"T\u00fcrkiye Kupas\u0131 \u015eampiyonlu\u011fu (3)\" data-image-description=\"\" data-image-caption=\"&lt;p&gt;T\u00fcrkiye Kupas\u0131 \u015eampiyonlu\u011fu&lt;\/p&gt;\n\" data-large-file=\"https:\/\/sarimelekler.biz\/wp-content\/uploads\/2017\/02\/T\u00fcrkiye-Kupas\u0131-\u015eampiyonlu\u011fu-3-1024x685.jpg\" \/><\/a>\n\t\t\t<\/dt>\n\t\t\t\t<dd class='wp-caption-text gallery-caption' id='gallery-1-1965'>\n\t\t\t\tT\u00fcrkiye Kupas\u0131 \u015eampiyonlu\u011fu\n\t\t\t\t<\/dd><\/dl><dl class='gallery-item'>\n\t\t\t<dt class='gallery-icon landscape'>\n\t\t\t\t<a href='https:\/\/sarimelekler.biz\/?attachment_id=1966'><img loading=\"lazy\" decoding=\"async\" width=\"150\" height=\"150\" src=\"https:\/\/sarimelekler.biz\/wp-content\/uploads\/2017\/02\/T\u00fcrkiye-Kupas\u0131-\u015eampiyonlu\u011fu-4-150x150.jpg\" class=\"attachment-thumbnail size-thumbnail\" alt=\"\" aria-describedby=\"gallery-1-1966\" data-attachment-id=\"1966\" data-permalink=\"https:\/\/sarimelekler.biz\/?attachment_id=1966\" data-orig-file=\"https:\/\/sarimelekler.biz\/wp-content\/uploads\/2017\/02\/T\u00fcrkiye-Kupas\u0131-\u015eampiyonlu\u011fu-4.jpg\" data-orig-size=\"4896,3264\" data-comments-opened=\"0\" data-image-meta=\"{&quot;aperture&quot;:&quot;3.2&quot;,&quot;credit&quot;:&quot;&quot;,&quot;camera&quot;:&quot;Canon EOS-1D Mark IV&quot;,&quot;caption&quot;:&quot;&quot;,&quot;created_timestamp&quot;:&quot;1428868521&quot;,&quot;copyright&quot;:&quot;&quot;,&quot;focal_length&quot;:&quot;16&quot;,&quot;iso&quot;:&quot;2000&quot;,&quot;shutter_speed&quot;:&quot;0.003125&quot;,&quot;title&quot;:&quot;&quot;,&quot;orientation&quot;:&quot;1&quot;}\" data-image-title=\"T\u00fcrkiye Kupas\u0131 \u015eampiyonlu\u011fu (4)\" data-image-description=\"\" data-image-caption=\"&lt;p&gt;T\u00fcrkiye Kupas\u0131 \u015eampiyonlu\u011fu&lt;\/p&gt;\n\" data-large-file=\"https:\/\/sarimelekler.biz\/wp-content\/uploads\/2017\/02\/T\u00fcrkiye-Kupas\u0131-\u015eampiyonlu\u011fu-4-1024x683.jpg\" \/><\/a>\n\t\t\t<\/dt>\n\t\t\t\t<dd class='wp-caption-text gallery-caption' id='gallery-1-1966'>\n\t\t\t\tT\u00fcrkiye Kupas\u0131 \u015eampiyonlu\u011fu\n\t\t\t\t<\/dd><\/dl><br style=\"clear: both\" \/><dl class='gallery-item'>\n\t\t\t<dt class='gallery-icon landscape'>\n\t\t\t\t<a href='https:\/\/sarimelekler.biz\/?attachment_id=1967'><img loading=\"lazy\" decoding=\"async\" width=\"150\" height=\"150\" src=\"https:\/\/sarimelekler.biz\/wp-content\/uploads\/2017\/02\/T\u00fcrkiye-Kupas\u0131-\u015eampiyonlu\u011fu-5-150x150.jpg\" class=\"attachment-thumbnail size-thumbnail\" alt=\"\" aria-describedby=\"gallery-1-1967\" data-attachment-id=\"1967\" data-permalink=\"https:\/\/sarimelekler.biz\/?attachment_id=1967\" data-orig-file=\"https:\/\/sarimelekler.biz\/wp-content\/uploads\/2017\/02\/T\u00fcrkiye-Kupas\u0131-\u015eampiyonlu\u011fu-5.jpg\" data-orig-size=\"3000,2287\" data-comments-opened=\"0\" data-image-meta=\"{&quot;aperture&quot;:&quot;3.5&quot;,&quot;credit&quot;:&quot;&quot;,&quot;camera&quot;:&quot;Canon EOS-1D Mark IV&quot;,&quot;caption&quot;:&quot;&quot;,&quot;created_timestamp&quot;:&quot;1428868303&quot;,&quot;copyright&quot;:&quot;&quot;,&quot;focal_length&quot;:&quot;16&quot;,&quot;iso&quot;:&quot;2000&quot;,&quot;shutter_speed&quot;:&quot;0.003125&quot;,&quot;title&quot;:&quot;&quot;,&quot;orientation&quot;:&quot;1&quot;}\" data-image-title=\"T\u00fcrkiye Kupas\u0131 \u015eampiyonlu\u011fu (5)\" data-image-description=\"\" data-image-caption=\"&lt;p&gt;T\u00fcrkiye Kupas\u0131 \u015eampiyonlu\u011fu&lt;\/p&gt;\n\" data-large-file=\"https:\/\/sarimelekler.biz\/wp-content\/uploads\/2017\/02\/T\u00fcrkiye-Kupas\u0131-\u015eampiyonlu\u011fu-5-1024x781.jpg\" \/><\/a>\n\t\t\t<\/dt>\n\t\t\t\t<dd class='wp-caption-text gallery-caption' id='gallery-1-1967'>\n\t\t\t\tT\u00fcrkiye Kupas\u0131 \u015eampiyonlu\u011fu\n\t\t\t\t<\/dd><\/dl><dl class='gallery-item'>\n\t\t\t<dt class='gallery-icon landscape'>\n\t\t\t\t<a href='https:\/\/sarimelekler.biz\/?attachment_id=1968'><img loading=\"lazy\" decoding=\"async\" width=\"150\" height=\"150\" src=\"https:\/\/sarimelekler.biz\/wp-content\/uploads\/2017\/02\/T\u00fcrkiye-Kupas\u0131-\u015eampiyonlu\u011fu-6-150x150.jpg\" class=\"attachment-thumbnail size-thumbnail\" alt=\"\" aria-describedby=\"gallery-1-1968\" srcset=\"https:\/\/sarimelekler.biz\/wp-content\/uploads\/2017\/02\/T\u00fcrkiye-Kupas\u0131-\u015eampiyonlu\u011fu-6-150x150.jpg 150w, https:\/\/sarimelekler.biz\/wp-content\/uploads\/2017\/02\/T\u00fcrkiye-Kupas\u0131-\u015eampiyonlu\u011fu-6-300x300.jpg 300w, https:\/\/sarimelekler.biz\/wp-content\/uploads\/2017\/02\/T\u00fcrkiye-Kupas\u0131-\u015eampiyonlu\u011fu-6.jpg 640w\" sizes=\"auto, (max-width: 150px) 100vw, 150px\" data-attachment-id=\"1968\" data-permalink=\"https:\/\/sarimelekler.biz\/?attachment_id=1968\" data-orig-file=\"https:\/\/sarimelekler.biz\/wp-content\/uploads\/2017\/02\/T\u00fcrkiye-Kupas\u0131-\u015eampiyonlu\u011fu-6.jpg\" data-orig-size=\"640,640\" data-comments-opened=\"0\" data-image-meta=\"{&quot;aperture&quot;:&quot;0&quot;,&quot;credit&quot;:&quot;&quot;,&quot;camera&quot;:&quot;&quot;,&quot;caption&quot;:&quot;&quot;,&quot;created_timestamp&quot;:&quot;0&quot;,&quot;copyright&quot;:&quot;&quot;,&quot;focal_length&quot;:&quot;0&quot;,&quot;iso&quot;:&quot;0&quot;,&quot;shutter_speed&quot;:&quot;0&quot;,&quot;title&quot;:&quot;&quot;,&quot;orientation&quot;:&quot;0&quot;}\" data-image-title=\"T\u00fcrkiye Kupas\u0131 \u015eampiyonlu\u011fu (6)\" data-image-description=\"\" data-image-caption=\"&lt;p&gt;T\u00fcrkiye Kupas\u0131 \u015eampiyonlu\u011fu&lt;\/p&gt;\n\" data-large-file=\"https:\/\/sarimelekler.biz\/wp-content\/uploads\/2017\/02\/T\u00fcrkiye-Kupas\u0131-\u015eampiyonlu\u011fu-6.jpg\" \/><\/a>\n\t\t\t<\/dt>\n\t\t\t\t<dd class='wp-caption-text gallery-caption' id='gallery-1-1968'>\n\t\t\t\tT\u00fcrkiye Kupas\u0131 \u015eampiyonlu\u011fu\n\t\t\t\t<\/dd><\/dl><dl class='gallery-item'>\n\t\t\t<dt class='gallery-icon landscape'>\n\t\t\t\t<a href='https:\/\/sarimelekler.biz\/?attachment_id=1969'><img loading=\"lazy\" decoding=\"async\" width=\"150\" height=\"150\" src=\"https:\/\/sarimelekler.biz\/wp-content\/uploads\/2017\/02\/T\u00fcrkiye-Kupas\u0131-\u015eampiyonlu\u011fu-7-150x150.jpg\" class=\"attachment-thumbnail size-thumbnail\" alt=\"\" aria-describedby=\"gallery-1-1969\" srcset=\"https:\/\/sarimelekler.biz\/wp-content\/uploads\/2017\/02\/T\u00fcrkiye-Kupas\u0131-\u015eampiyonlu\u011fu-7-150x150.jpg 150w, https:\/\/sarimelekler.biz\/wp-content\/uploads\/2017\/02\/T\u00fcrkiye-Kupas\u0131-\u015eampiyonlu\u011fu-7-300x297.jpg 300w, https:\/\/sarimelekler.biz\/wp-content\/uploads\/2017\/02\/T\u00fcrkiye-Kupas\u0131-\u015eampiyonlu\u011fu-7-768x761.jpg 768w, https:\/\/sarimelekler.biz\/wp-content\/uploads\/2017\/02\/T\u00fcrkiye-Kupas\u0131-\u015eampiyonlu\u011fu-7-1024x1014.jpg 1024w, https:\/\/sarimelekler.biz\/wp-content\/uploads\/2017\/02\/T\u00fcrkiye-Kupas\u0131-\u015eampiyonlu\u011fu-7-151x150.jpg 151w\" sizes=\"auto, (max-width: 150px) 100vw, 150px\" data-attachment-id=\"1969\" data-permalink=\"https:\/\/sarimelekler.biz\/?attachment_id=1969\" data-orig-file=\"https:\/\/sarimelekler.biz\/wp-content\/uploads\/2017\/02\/T\u00fcrkiye-Kupas\u0131-\u015eampiyonlu\u011fu-7.jpg\" data-orig-size=\"3000,2972\" data-comments-opened=\"0\" data-image-meta=\"{&quot;aperture&quot;:&quot;3.2&quot;,&quot;credit&quot;:&quot;&quot;,&quot;camera&quot;:&quot;Canon EOS-1D Mark IV&quot;,&quot;caption&quot;:&quot;&quot;,&quot;created_timestamp&quot;:&quot;1428868835&quot;,&quot;copyright&quot;:&quot;&quot;,&quot;focal_length&quot;:&quot;19&quot;,&quot;iso&quot;:&quot;2000&quot;,&quot;shutter_speed&quot;:&quot;0.003125&quot;,&quot;title&quot;:&quot;&quot;,&quot;orientation&quot;:&quot;1&quot;}\" data-image-title=\"T\u00fcrkiye Kupas\u0131 \u015eampiyonlu\u011fu (7)\" data-image-description=\"\" data-image-caption=\"&lt;p&gt;T\u00fcrkiye Kupas\u0131 \u015eampiyonlu\u011fu&lt;\/p&gt;\n\" data-large-file=\"https:\/\/sarimelekler.biz\/wp-content\/uploads\/2017\/02\/T\u00fcrkiye-Kupas\u0131-\u015eampiyonlu\u011fu-7-1024x1014.jpg\" \/><\/a>\n\t\t\t<\/dt>\n\t\t\t\t<dd class='wp-caption-text gallery-caption' id='gallery-1-1969'>\n\t\t\t\tT\u00fcrkiye Kupas\u0131 \u015eampiyonlu\u011fu\n\t\t\t\t<\/dd><\/dl><dl class='gallery-item'>\n\t\t\t<dt class='gallery-icon portrait'>\n\t\t\t\t<a href='https:\/\/sarimelekler.biz\/?attachment_id=1970'><img loading=\"lazy\" decoding=\"async\" width=\"150\" height=\"150\" src=\"https:\/\/sarimelekler.biz\/wp-content\/uploads\/2017\/02\/T\u00fcrkiye-Kupas\u0131-\u015eampiyonlu\u011fu-8-150x150.jpg\" class=\"attachment-thumbnail size-thumbnail\" alt=\"\" aria-describedby=\"gallery-1-1970\" data-attachment-id=\"1970\" data-permalink=\"https:\/\/sarimelekler.biz\/?attachment_id=1970\" data-orig-file=\"https:\/\/sarimelekler.biz\/wp-content\/uploads\/2017\/02\/T\u00fcrkiye-Kupas\u0131-\u015eampiyonlu\u011fu-8.jpg\" data-orig-size=\"720,960\" data-comments-opened=\"0\" data-image-meta=\"{&quot;aperture&quot;:&quot;0&quot;,&quot;credit&quot;:&quot;&quot;,&quot;camera&quot;:&quot;&quot;,&quot;caption&quot;:&quot;&quot;,&quot;created_timestamp&quot;:&quot;0&quot;,&quot;copyright&quot;:&quot;&quot;,&quot;focal_length&quot;:&quot;0&quot;,&quot;iso&quot;:&quot;0&quot;,&quot;shutter_speed&quot;:&quot;0&quot;,&quot;title&quot;:&quot;&quot;,&quot;orientation&quot;:&quot;0&quot;}\" data-image-title=\"T\u00fcrkiye Kupas\u0131 \u015eampiyonlu\u011fu (8)\" data-image-description=\"\" data-image-caption=\"&lt;p&gt;T\u00fcrkiye Kupas\u0131 \u015eampiyonlu\u011fu&lt;\/p&gt;\n\" data-large-file=\"https:\/\/sarimelekler.biz\/wp-content\/uploads\/2017\/02\/T\u00fcrkiye-Kupas\u0131-\u015eampiyonlu\u011fu-8.jpg\" \/><\/a>\n\t\t\t<\/dt>\n\t\t\t\t<dd class='wp-caption-text gallery-caption' id='gallery-1-1970'>\n\t\t\t\tT\u00fcrkiye Kupas\u0131 \u015eampiyonlu\u011fu\n\t\t\t\t<\/dd><\/dl><br style=\"clear: both\" \/><dl class='gallery-item'>\n\t\t\t<dt class='gallery-icon landscape'>\n\t\t\t\t<a href='https:\/\/sarimelekler.biz\/?attachment_id=1971'><img loading=\"lazy\" decoding=\"async\" width=\"150\" height=\"150\" src=\"https:\/\/sarimelekler.biz\/wp-content\/uploads\/2017\/02\/T\u00fcrkiye-Kupas\u0131-\u015eampiyonlu\u011fu-9-150x150.jpg\" class=\"attachment-thumbnail size-thumbnail\" alt=\"\" aria-describedby=\"gallery-1-1971\" srcset=\"https:\/\/sarimelekler.biz\/wp-content\/uploads\/2017\/02\/T\u00fcrkiye-Kupas\u0131-\u015eampiyonlu\u011fu-9-150x150.jpg 150w, https:\/\/sarimelekler.biz\/wp-content\/uploads\/2017\/02\/T\u00fcrkiye-Kupas\u0131-\u015eampiyonlu\u011fu-9-300x300.jpg 300w, https:\/\/sarimelekler.biz\/wp-content\/uploads\/2017\/02\/T\u00fcrkiye-Kupas\u0131-\u015eampiyonlu\u011fu-9.jpg 640w\" sizes=\"auto, (max-width: 150px) 100vw, 150px\" data-attachment-id=\"1971\" data-permalink=\"https:\/\/sarimelekler.biz\/?attachment_id=1971\" data-orig-file=\"https:\/\/sarimelekler.biz\/wp-content\/uploads\/2017\/02\/T\u00fcrkiye-Kupas\u0131-\u015eampiyonlu\u011fu-9.jpg\" data-orig-size=\"640,640\" data-comments-opened=\"0\" data-image-meta=\"{&quot;aperture&quot;:&quot;0&quot;,&quot;credit&quot;:&quot;&quot;,&quot;camera&quot;:&quot;&quot;,&quot;caption&quot;:&quot;&quot;,&quot;created_timestamp&quot;:&quot;0&quot;,&quot;copyright&quot;:&quot;&quot;,&quot;focal_length&quot;:&quot;0&quot;,&quot;iso&quot;:&quot;0&quot;,&quot;shutter_speed&quot;:&quot;0&quot;,&quot;title&quot;:&quot;&quot;,&quot;orientation&quot;:&quot;0&quot;}\" data-image-title=\"T\u00fcrkiye Kupas\u0131 \u015eampiyonlu\u011fu (9)\" data-image-description=\"\" data-image-caption=\"&lt;p&gt;T\u00fcrkiye Kupas\u0131 \u015eampiyonlu\u011fu&lt;\/p&gt;\n\" data-large-file=\"https:\/\/sarimelekler.biz\/wp-content\/uploads\/2017\/02\/T\u00fcrkiye-Kupas\u0131-\u015eampiyonlu\u011fu-9.jpg\" \/><\/a>\n\t\t\t<\/dt>\n\t\t\t\t<dd class='wp-caption-text gallery-caption' id='gallery-1-1971'>\n\t\t\t\tT\u00fcrkiye Kupas\u0131 \u015eampiyonlu\u011fu\n\t\t\t\t<\/dd><\/dl>\n\t\t\t<br style='clear: both' \/>\n\t\t<\/div>\n\n","protected":false},"excerpt":{"rendered":"","protected":false},"author":1,"featured_media":0,"parent":54,"menu_order":1,"comment_status":"closed","ping_status":"closed","template":"","meta":{"_mc_calendar":[],"footnotes":""},"class_list":["post-1961","page","type-page","status-publish","hentry"],"jetpack_sharing_enabled":true,"jetpack_shortlink":"https:\/\/wp.me\/P8npUZ-vD","jetpack-related-posts":[{"id":2282,"url":"https:\/\/sarimelekler.biz\/?page_id=2282","url_meta":{"origin":1961,"position":0},"title":"T\u00fcrkiye Kupas\u0131 \u015eampiyonlu\u011fu","author":"Edit\u00f6r","date":"12 \u015eubat 2017","format":false,"excerpt":"2016 \u2013 2017 sezonunda T\u00fcrkiye Kupas\u0131 \u201cKupa Voley\u201d ismiyle 15-16-17\/01\/2017 tarihlerinde Ankara Ba\u015fkent Spor Salonu\u2019nda d\u00fczenlenmi\u015ftir. 15.01.2017 g\u00fcn\u00fc Kupa Voley \u00c7eyrek Final Ma\u00e7\u0131nda Sar\u0131yer Belediyesi tak\u0131m\u0131yla kar\u015f\u0131la\u015fan Fenerbah\u00e7e Bayan Voleybol Tak\u0131m\u0131m\u0131z ma\u00e7tan 25-11, 25-17, 25-20\u2019lik set skorlar\u0131yla 3-0 galip ayr\u0131ld\u0131. Ma\u00e7\u0131n en skorer oyuncusu kaydetti\u011fi 16 say\u0131yla Polen Uslupehlivan oldu.\u2026","rel":"","context":"Benzer yaz\u0131","block_context":{"text":"Benzer yaz\u0131","link":""},"img":{"alt_text":"","src":"https:\/\/i0.wp.com\/sarimelekler.biz\/wp-content\/uploads\/2017\/02\/haber_1484503527_15-300x143.jpg?resize=350%2C200&ssl=1","width":350,"height":200,"srcset":"https:\/\/i0.wp.com\/sarimelekler.biz\/wp-content\/uploads\/2017\/02\/haber_1484503527_15-300x143.jpg?resize=350%2C200&ssl=1 1x, https:\/\/i0.wp.com\/sarimelekler.biz\/wp-content\/uploads\/2017\/02\/haber_1484503527_15-300x143.jpg?resize=525%2C300&ssl=1 1.5x, https:\/\/i0.wp.com\/sarimelekler.biz\/wp-content\/uploads\/2017\/02\/haber_1484503527_15-300x143.jpg?resize=700%2C400&ssl=1 2x, https:\/\/i0.wp.com\/sarimelekler.biz\/wp-content\/uploads\/2017\/02\/haber_1484503527_15-300x143.jpg?resize=1050%2C600&ssl=1 3x, https:\/\/i0.wp.com\/sarimelekler.biz\/wp-content\/uploads\/2017\/02\/haber_1484503527_15-300x143.jpg?resize=1400%2C800&ssl=1 4x"},"classes":[]},{"id":60,"url":"https:\/\/sarimelekler.biz\/?page_id=60","url_meta":{"origin":1961,"position":1},"title":"Kupa Foto\u011fraflar\u0131","author":"Edit\u00f6r","date":"4 \u015eubat 2017","format":false,"excerpt":"S\u00fcper Kupa \u015eampiyonlu\u011fu \u00a0 \u015eampiyonlar Ligi Kupas\u0131 Bronz Madalya \u00a0 T\u00fcrkiye Ligi G\u00fcm\u00fc\u015f Madalya","rel":"","context":"Benzer yaz\u0131","block_context":{"text":"Benzer yaz\u0131","link":""},"img":{"alt_text":"","src":"","width":0,"height":0},"classes":[]},{"id":1657,"url":"https:\/\/sarimelekler.biz\/?page_id=1657","url_meta":{"origin":1961,"position":2},"title":"Cev Kupas\u0131 \u015eampiyonlu\u011fu","author":"Edit\u00f6r","date":"8 \u015eubat 2017","format":false,"excerpt":"","rel":"","context":"Benzer yaz\u0131","block_context":{"text":"Benzer yaz\u0131","link":""},"img":{"alt_text":"","src":"","width":0,"height":0},"classes":[]},{"id":1973,"url":"https:\/\/sarimelekler.biz\/?page_id=1973","url_meta":{"origin":1961,"position":3},"title":"T\u00fcrkiye Ligi \u015eampiyonlu\u011fu","author":"Edit\u00f6r","date":"9 \u015eubat 2017","format":false,"excerpt":"","rel":"","context":"Benzer yaz\u0131","block_context":{"text":"Benzer yaz\u0131","link":""},"img":{"alt_text":"","src":"","width":0,"height":0},"classes":[]},{"id":18829,"url":"https:\/\/sarimelekler.biz\/?page_id=18829","url_meta":{"origin":1961,"position":4},"title":"T\u00fcrkiye Kupas\u0131 (Kupa Voley)","author":"Edit\u00f6r","date":"11 \u015eubat 2023","format":false,"excerpt":"2022 \u2013 2023 T\u00fcrkiye Kupas\u0131 \u201cAXA Sigorta Kupa Voley D\u00fcnya Baltac\u0131o\u011flu \u00d6zel Sezonu\u201d ismi alt\u0131nda d\u00fczenlenmi\u015ftir. Axa Sigorta Kupa Voley m\u00fcsabakalar\u0131 2022-2023 sezonunda Sultanlar liginde bulunan 14 tak\u0131mla oynanacakt\u0131r. 2021-2022 sezon s\u0131ralamas\u0131na g\u00f6re (1. Vak\u0131fbank, 2.Fenerbah\u00e7e Opet hari\u00e7) di\u011fer tak\u0131mlar serpantin usul\u00fcne g\u00f6re 4\u2019erli 3 gruba ayr\u0131l\u0131r. Gruptaki tak\u0131mlar Federasyonca\u2026","rel":"","context":"Benzer yaz\u0131","block_context":{"text":"Benzer yaz\u0131","link":""},"img":{"alt_text":"","src":"https:\/\/i0.wp.com\/sarimelekler.biz\/wp-content\/uploads\/2023\/02\/Tr-Kupasi-2023-Logo-1024x663.jpg?resize=350%2C200&ssl=1","width":350,"height":200,"srcset":"https:\/\/i0.wp.com\/sarimelekler.biz\/wp-content\/uploads\/2023\/02\/Tr-Kupasi-2023-Logo-1024x663.jpg?resize=350%2C200&ssl=1 1x, https:\/\/i0.wp.com\/sarimelekler.biz\/wp-content\/uploads\/2023\/02\/Tr-Kupasi-2023-Logo-1024x663.jpg?resize=525%2C300&ssl=1 1.5x, https:\/\/i0.wp.com\/sarimelekler.biz\/wp-content\/uploads\/2023\/02\/Tr-Kupasi-2023-Logo-1024x663.jpg?resize=700%2C400&ssl=1 2x, https:\/\/i0.wp.com\/sarimelekler.biz\/wp-content\/uploads\/2023\/02\/Tr-Kupasi-2023-Logo-1024x663.jpg?resize=1050%2C600&ssl=1 3x"},"classes":[]},{"id":5236,"url":"https:\/\/sarimelekler.biz\/?page_id=5236","url_meta":{"origin":1961,"position":5},"title":"T\u00fcrkiye Kupas\u0131 (Kupa Voley)","author":"Edit\u00f6r","date":"21 Aral\u0131k 2017","format":false,"excerpt":"2017 \u2013 2018 sezonunda T\u00fcrkiye Kupas\u0131 \u201cKupa Voley\u201d ismiyle d\u00fczenlenmi\u015ftir. Vestel Venus Sultanlar Ligi\u2019nde 1. Yar\u0131 kar\u015f\u0131la\u015fmalar\u0131n\u0131n sona ermesinin ard\u0131ndan, s\u0131ralamada 5 ile 12\u2019nci s\u0131ra aras\u0131nda yer alan sekiz tak\u0131m 16.12.2017 ve 19.12.2017 tarihlerinde iki kar\u015f\u0131la\u015fma \u00fczerinden birbiriyle kendi sahalar\u0131nda kar\u015f\u0131la\u015fm\u0131\u015f buradan turu ge\u00e7en 4 tak\u0131mla lig s\u0131ralamas\u0131nda ilk 4\u2026","rel":"","context":"Benzer yaz\u0131","block_context":{"text":"Benzer yaz\u0131","link":""},"img":{"alt_text":"","src":"","width":0,"height":0},"classes":[]}],"_links":{"self":[{"href":"https:\/\/sarimelekler.biz\/index.php?rest_route=\/wp\/v2\/pages\/1961","targetHints":{"allow":["GET"]}}],"collection":[{"href":"https:\/\/sarimelekler.biz\/index.php?rest_route=\/wp\/v2\/pages"}],"about":[{"href":"https:\/\/sarimelekler.biz\/index.php?rest_route=\/wp\/v2\/types\/page"}],"author":[{"embeddable":true,"href":"https:\/\/sarimelekler.biz\/index.php?rest_route=\/wp\/v2\/users\/1"}],"replies":[{"embeddable":true,"href":"https:\/\/sarimelekler.biz\/index.php?rest_route=%2Fwp%2Fv2%2Fcomments&post=1961"}],"version-history":[{"count":2,"href":"https:\/\/sarimelekler.biz\/index.php?rest_route=\/wp\/v2\/pages\/1961\/revisions"}],"predecessor-version":[{"id":1972,"href":"https:\/\/sarimelekler.biz\/index.php?rest_route=\/wp\/v2\/pages\/1961\/revisions\/1972"}],"up":[{"embeddable":true,"href":"https:\/\/sarimelekler.biz\/index.php?rest_route=\/wp\/v2\/pages\/54"}],"wp:attachment":[{"href":"https:\/\/sarimelekler.biz\/index.php?rest_route=%2Fwp%2Fv2%2Fmedia&parent=1961"}],"curies":[{"name":"wp","href":"https:\/\/api.w.org\/{rel}","templated":true}]}}