{"id":2561,"date":"2017-02-15T00:12:19","date_gmt":"2017-02-14T22:12:19","guid":{"rendered":"http:\/\/sarimelekler.biz\/?page_id=2561"},"modified":"2017-12-10T21:37:24","modified_gmt":"2017-12-10T19:37:24","slug":"sampiyonlar-ligi","status":"publish","type":"page","link":"https:\/\/sarimelekler.biz\/?page_id=2561","title":{"rendered":"\u015eampiyonlar Ligi"},"content":{"rendered":"<h1 style=\"text-align: center;\"><\/h1>\n<h1 style=\"text-align: center;\"><strong><span style=\"font-family: 'times new roman', times, serif;\">CEV \u015eAMP\u0130YONLAR L\u0130G\u0130<\/span><\/strong><\/h1>\n<p>&nbsp;<\/p>\n<p style=\"text-align: justify;\">2017 Cev \u015eampiyonlar ligini Fenerbah\u00e7e Bayan Voleybol tak\u0131m\u0131m\u0131z 2015 \u2013 2016 sezonunu T\u00fcrkiye Ligini ikinci s\u0131rada bitirdi\u011fi i\u00e7in \u00f6n eleme oynamadan direk kat\u0131ld\u0131. \u015eampiyonlar liginde Fenerbah\u00e7emiz Azerbaycan\u2019\u0131n \u201cAzerrail BAK\u00dc\u201d, Fransa\u2019n\u0131n \u201cST-RAPHA\u00cbL Var VB\u201d ve Polonya\u2019n\u0131n \u201cTauron MKS D\u0104BROWA G\u00d3RNICZA\u201d tak\u0131lar\u0131yla C grubunda <a href=\"http:\/\/www.fenerbahce.org\/detay.asp?ContentID=53116\" target=\"_blank\" rel=\"noopener\">e\u015fle\u015fti.<\/a> CEV \u015eampiyonlar Ligi\u2019nde grup ma\u00e7lar\u0131 15 Aral\u0131k&#8217;ta ba\u015flad\u0131 ve 6 hafta s\u00fcrerek 28 \u015eubat&#8217;ta oynanacak ma\u00e7larla sona erecek. \u015eampiyonlar ligi ma\u00e7lar\u0131n\u0131n yay\u0131n haklar\u0131 \u00fclkemizde <a href=\"https:\/\/www.dsmart.com.tr\/\" target=\"_blank\" rel=\"noopener\">D-Smart <\/a>dijital yay\u0131n platformlar\u0131 taraf\u0131ndan sat\u0131n al\u0131nm\u0131\u015f ve ma\u00e7 yay\u0131nlar\u0131 smart spor kanallar\u0131ndan yap\u0131lmaktad\u0131r. Ayr\u0131ca ma\u00e7lar\u0131n uluslararas\u0131 internet yay\u0131n hakk\u0131 <a href=\"https:\/\/www.laola1.tv\/en-int\/channel\/volleyball-cev-champions-league-women-livestream-video-for-free\" target=\"_blank\" rel=\"noopener\">laola1.tv<\/a> isimli internet sitesinde olup, \u015eampiyonlar ligi ma\u00e7lar\u0131 bu adresten de canl\u0131 yay\u0131nlanmaktad\u0131r. Ancak \u00fclkemizde mevcut bir yay\u0131n hakk\u0131 sahibi oldu\u011fundan dolay\u0131 ma\u00e7lar\u0131m\u0131z\u0131n canl\u0131 yay\u0131n\u0131 ve tekrarlar\u0131 \u00fclkemize a\u00e7\u0131k de\u011fildir. Ma\u00e7lar\u0131n oynand\u0131\u011f\u0131 topun renkleri Sar\u0131-Ye\u015fil renklerdedir. \u015eampiyonlar ligi logosu formam\u0131z\u0131n sol taraf\u0131nda bulunmakta olup, \u00fczerinde tek y\u0131ld\u0131z 1 \u015eampiyonlar Ligi <a href=\"http:\/\/www.fenerbahce.org\/detay.asp?ContentID=28504\" target=\"_blank\" rel=\"noopener\">\u015eampiyonlu\u011fumuzu <\/a>simgelemektedir. Metro Enerji Spor Salonumuz \u015fartlara uygun olmad\u0131\u011f\u0131 i\u00e7in \u015eampiyonlar Ligi ma\u00e7lar\u0131m\u0131z\u0131 <a href=\"http:\/\/www.istanbulsporenvanteri.com\/tr\/tesisler\/tesisler-2\/burhan-felek-voleybol-salonu-593.html\" target=\"_blank\" rel=\"noopener\">Burhan Felek Voleybol Salonunda<\/a> oynamaktay\u0131z. CEV Bayanlar \u015eampiyonlar Ligi D\u00f6rtl\u00fc Finallerine \u0130talya&#8217;n\u0131n \u0130moco Volley tak\u0131m\u0131 ev sahipli\u011fi yapacak. Final Four 22 &#8211; 23 Nisan 2017 tarihlerinde yap\u0131lacak.<\/p>\n<p><a href=\"http:\/\/www.cev.lu\/Competition-Area\/CompetitionView.aspx?ID=968#\" target=\"_blank\" rel=\"noopener\">\u015eampiyonlar Ligi Ma\u00e7 Takvimi ve Puan Durumu<\/a><\/p>\n\n\t\t<style type=\"text\/css\">\n\t\t\t#gallery-1 {\n\t\t\t\tmargin: auto;\n\t\t\t}\n\t\t\t#gallery-1 .gallery-item {\n\t\t\t\tfloat: left;\n\t\t\t\tmargin-top: 10px;\n\t\t\t\ttext-align: center;\n\t\t\t\twidth: 33%;\n\t\t\t}\n\t\t\t#gallery-1 img {\n\t\t\t\tborder: 2px solid #cfcfcf;\n\t\t\t}\n\t\t\t#gallery-1 .gallery-caption {\n\t\t\t\tmargin-left: 0;\n\t\t\t}\n\t\t\t\/* see gallery_shortcode() in wp-includes\/media.php *\/\n\t\t<\/style>\n\t\t<div data-carousel-extra='{&quot;blog_id&quot;:1,&quot;permalink&quot;:&quot;https:\/\/sarimelekler.biz\/?page_id=2561&quot;}' id='gallery-1' class='gallery galleryid-2561 gallery-columns-3 gallery-size-thumbnail'><dl class='gallery-item'>\n\t\t\t<dt class='gallery-icon landscape'>\n\t\t\t\t<a href='https:\/\/sarimelekler.biz\/?attachment_id=2603'><img loading=\"lazy\" decoding=\"async\" width=\"150\" height=\"150\" src=\"https:\/\/sarimelekler.biz\/wp-content\/uploads\/2017\/02\/CkzPqtsB-150x150.jpg\" class=\"attachment-thumbnail size-thumbnail\" alt=\"\" aria-describedby=\"gallery-1-2603\" srcset=\"https:\/\/sarimelekler.biz\/wp-content\/uploads\/2017\/02\/CkzPqtsB-150x150.jpg 150w, https:\/\/sarimelekler.biz\/wp-content\/uploads\/2017\/02\/CkzPqtsB-300x300.jpg 300w, https:\/\/sarimelekler.biz\/wp-content\/uploads\/2017\/02\/CkzPqtsB.jpg 512w\" sizes=\"auto, (max-width: 150px) 100vw, 150px\" data-attachment-id=\"2603\" data-permalink=\"https:\/\/sarimelekler.biz\/?attachment_id=2603\" data-orig-file=\"https:\/\/sarimelekler.biz\/wp-content\/uploads\/2017\/02\/CkzPqtsB.jpg\" data-orig-size=\"512,512\" data-comments-opened=\"0\" data-image-meta=\"{&quot;aperture&quot;:&quot;0&quot;,&quot;credit&quot;:&quot;&quot;,&quot;camera&quot;:&quot;&quot;,&quot;caption&quot;:&quot;&quot;,&quot;created_timestamp&quot;:&quot;0&quot;,&quot;copyright&quot;:&quot;&quot;,&quot;focal_length&quot;:&quot;0&quot;,&quot;iso&quot;:&quot;0&quot;,&quot;shutter_speed&quot;:&quot;0&quot;,&quot;title&quot;:&quot;&quot;,&quot;orientation&quot;:&quot;0&quot;}\" data-image-title=\"CEV logo\" data-image-description=\"\" data-image-caption=\"&lt;p&gt;CEV logo&lt;\/p&gt;\n\" data-large-file=\"https:\/\/sarimelekler.biz\/wp-content\/uploads\/2017\/02\/CkzPqtsB.jpg\" \/><\/a>\n\t\t\t<\/dt>\n\t\t\t\t<dd class='wp-caption-text gallery-caption' id='gallery-1-2603'>\n\t\t\t\tCEV logo\n\t\t\t\t<\/dd><\/dl><dl class='gallery-item'>\n\t\t\t<dt class='gallery-icon portrait'>\n\t\t\t\t<a href='https:\/\/sarimelekler.biz\/?attachment_id=2605'><img loading=\"lazy\" decoding=\"async\" width=\"150\" height=\"150\" src=\"https:\/\/sarimelekler.biz\/wp-content\/uploads\/2017\/02\/top-150x150.jpg\" class=\"attachment-thumbnail size-thumbnail\" alt=\"\" aria-describedby=\"gallery-1-2605\" data-attachment-id=\"2605\" data-permalink=\"https:\/\/sarimelekler.biz\/?attachment_id=2605\" data-orig-file=\"https:\/\/sarimelekler.biz\/wp-content\/uploads\/2017\/02\/top.jpg\" data-orig-size=\"621,677\" data-comments-opened=\"0\" data-image-meta=\"{&quot;aperture&quot;:&quot;0&quot;,&quot;credit&quot;:&quot;&quot;,&quot;camera&quot;:&quot;&quot;,&quot;caption&quot;:&quot;&quot;,&quot;created_timestamp&quot;:&quot;0&quot;,&quot;copyright&quot;:&quot;&quot;,&quot;focal_length&quot;:&quot;0&quot;,&quot;iso&quot;:&quot;0&quot;,&quot;shutter_speed&quot;:&quot;0&quot;,&quot;title&quot;:&quot;&quot;,&quot;orientation&quot;:&quot;0&quot;}\" data-image-title=\"\u015eampiyonlar Ligi Topu\" data-image-description=\"\" data-image-caption=\"&lt;p&gt;\u015eampiyonlar Ligi Topu&lt;\/p&gt;\n\" data-large-file=\"https:\/\/sarimelekler.biz\/wp-content\/uploads\/2017\/02\/top.jpg\" \/><\/a>\n\t\t\t<\/dt>\n\t\t\t\t<dd class='wp-caption-text gallery-caption' id='gallery-1-2605'>\n\t\t\t\t\u015eampiyonlar Ligi Topu\n\t\t\t\t<\/dd><\/dl><dl class='gallery-item'>\n\t\t\t<dt class='gallery-icon landscape'>\n\t\t\t\t<a href='https:\/\/sarimelekler.biz\/?attachment_id=2602'><img loading=\"lazy\" decoding=\"async\" width=\"150\" height=\"150\" src=\"https:\/\/sarimelekler.biz\/wp-content\/uploads\/2017\/02\/Ads\u0131z-1-150x150.jpg\" class=\"attachment-thumbnail size-thumbnail\" alt=\"\" aria-describedby=\"gallery-1-2602\" data-attachment-id=\"2602\" data-permalink=\"https:\/\/sarimelekler.biz\/?attachment_id=2602\" data-orig-file=\"https:\/\/sarimelekler.biz\/wp-content\/uploads\/2017\/02\/Ads\u0131z-1.jpg\" data-orig-size=\"3169,2177\" data-comments-opened=\"0\" data-image-meta=\"{&quot;aperture&quot;:&quot;0&quot;,&quot;credit&quot;:&quot;&quot;,&quot;camera&quot;:&quot;&quot;,&quot;caption&quot;:&quot;&quot;,&quot;created_timestamp&quot;:&quot;0&quot;,&quot;copyright&quot;:&quot;&quot;,&quot;focal_length&quot;:&quot;0&quot;,&quot;iso&quot;:&quot;0&quot;,&quot;shutter_speed&quot;:&quot;0&quot;,&quot;title&quot;:&quot;&quot;,&quot;orientation&quot;:&quot;0&quot;}\" data-image-title=\"Kim YK Forma Logo\" data-image-description=\"\" data-image-caption=\"&lt;p&gt;Kim YK Forma Logo&lt;\/p&gt;\n\" data-large-file=\"https:\/\/sarimelekler.biz\/wp-content\/uploads\/2017\/02\/Ads\u0131z-1-1024x703.jpg\" \/><\/a>\n\t\t\t<\/dt>\n\t\t\t\t<dd class='wp-caption-text gallery-caption' id='gallery-1-2602'>\n\t\t\t\tKim YK Forma Logo\n\t\t\t\t<\/dd><\/dl><br style=\"clear: both\" \/>\n\t\t<\/div>\n\n<p>&nbsp;<\/p>\n<p>1.Hafta 15.12.2016<br \/>\nSt-Rapha\u00ebl:0 \u2013 Fenerbah\u00e7e:3<br \/>\n23-25,21-25,19-25<br \/>\n<a href=\"http:\/\/www.cev.lu\/Competition-Area\/MatchPage.aspx?mID=29007&amp;ID=968&amp;CID=5732&amp;PID=1501&amp;type=LegList\" target=\"_blank\" rel=\"noopener\">CEV<\/a><br \/>\n<a href=\"http:\/\/www.fenerbahce.org\/detay.asp?ContentID=53513\" target=\"_blank\" rel=\"noopener\">FB SK<\/a><\/p>\n<p>2.Hafta 11.01.2017<br \/>\nFenerbah\u00e7e:3 \u2013 Azerrail Bak\u00fc:0<br \/>\n25-12, 25-19, 25-9<br \/>\n<a href=\"http:\/\/www.cev.lu\/Competition-Area\/MatchPage.aspx?mID=29008&amp;ID=968&amp;CID=5732&amp;PID=1501&amp;type=LegList\" target=\"_blank\" rel=\"noopener\">CEV<\/a><br \/>\n<a href=\"http:\/\/www.fenerbahce.org\/detay.asp?ContentID=53872\" target=\"_blank\" rel=\"noopener\">FB SK<\/a><\/p>\n<p>3.Hafta 25.01.2017<br \/>\nTauron MKS:1 \u2013 Fenerbah\u00e7e:3<br \/>\n23-25, 19-25, 25-22, 14-25<br \/>\n<a href=\"http:\/\/www.cev.lu\/Competition-Area\/MatchPage.aspx?mID=29011&amp;ID=968&amp;CID=5732&amp;PID=1501&amp;type=LegList\" target=\"_blank\" rel=\"noopener\">CEV<\/a><br \/>\n<a href=\"http:\/\/www.fenerbahce.org\/detay.asp?ContentID=54140\" target=\"_blank\" rel=\"noopener\">FB SK<\/a><\/p>\n<p>4.Hafta 08.02.2017<br \/>\nFenerbah\u00e7e:3 \u2013 Tauron MKS:0<br \/>\n25-15, 25-20, 26-24<br \/>\n<a href=\"http:\/\/www.cev.lu\/Competition-Area\/MatchPage.aspx?mID=29012&amp;ID=968&amp;CID=5732&amp;PID=1501&amp;type=LegList\" target=\"_blank\" rel=\"noopener\">CEV<\/a><br \/>\n<a href=\"http:\/\/www.fenerbahce.org\/detay.asp?ContentID=54355\" target=\"_blank\" rel=\"noopener\">FB SK<\/a><\/p>\n<p>5.Hafta 23.02.2017<br \/>\nAzerrail Bak\u00fc:0 \u2013 Fenerbah\u00e7e:3<br \/>\n19-25, 16-25, 22-25<br \/>\n<a href=\"http:\/\/www.cev.lu\/Competition-Area\/MatchPage.aspx?mID=29417&amp;ID=968&amp;CID=5732&amp;PID=1501&amp;type=LegList\" target=\"_blank\" rel=\"noopener\">CEV<\/a><br \/>\n<a href=\"http:\/\/www.fenerbahce.org\/detay.asp?ContentID=54597\" target=\"_blank\" rel=\"noopener\">FB SK<\/a><\/p>\n<p>6.Hafta 28.02.2017<br \/>\nFenerbah\u00e7e:3 \u2013 St-Rapha\u00ebl:0<br \/>\n27-25, 25-22, 25-21<br \/>\n<a href=\"http:\/\/www.cev.lu\/Competition-Area\/MatchPage.aspx?mID=29016&amp;ID=968&amp;CID=5732&amp;PID=1501&amp;type=LegList\" target=\"_blank\" rel=\"noopener\">CEV<\/a><br \/>\n<a href=\"http:\/\/www.fenerbahce.org\/detay.asp?ContentID=54680\" target=\"_blank\" rel=\"noopener\">FB SK<\/a><\/p>\n<p>6&#8217;l\u0131 Play-Off 1. Ma\u00e7\u0131 23.03.2017<br \/>\nEczac\u0131ba\u015f\u0131 Vitra:2 &#8211; Fenerbah\u00e7e:3<br \/>\n25 &#8211; 16, 22 &#8211; 25, 19 &#8211; 25, 25 &#8211; 21, 12 &#8211; 15<br \/>\n<a href=\"https:\/\/sarimelekler.biz\/?p=3460\" target=\"_blank\" rel=\"noopener\">Sitemiz Ma\u00e7 Yaz\u0131s\u0131<\/a><br \/>\n<a href=\"http:\/\/www.cev.lu\/Competition-Area\/MatchPage.aspx?mID=29030&amp;ID=968&amp;CID=5734&amp;PID=1502&amp;type=LegList\" target=\"_blank\" rel=\"noopener\">CEV<\/a><br \/>\n<a href=\"http:\/\/www.fenerbahce.org\/detay.asp?ContentID=55017\" target=\"_blank\" rel=\"noopener\">FB SK<\/a><\/p>\n<p>6&#8217;l\u0131 Play-Off 2. Ma\u00e7\u0131 04.04.2017<br \/>\nFenerbah\u00e7e:1 &#8211;\u00a0Eczac\u0131ba\u015f\u0131 Vitra:3<br \/>\n31-29, 14-25, 25-27, 23-25<br \/>\n<a href=\"https:\/\/sarimelekler.biz\/?p=3624\" target=\"_blank\" rel=\"noopener\">Sitemiz Ma\u00e7 Yaz\u0131s\u0131<\/a><br \/>\n<a href=\"http:\/\/www.cev.lu\/Competition-Area\/MatchPage.aspx?mID=29033&amp;ID=968&amp;CID=5734&amp;PID=1502&amp;type=LegList\" target=\"_blank\" rel=\"noopener\">CEV<\/a><br \/>\n<a href=\"http:\/\/www.fenerbahce.org\/detay.asp?ContentID=55177\" target=\"_blank\" rel=\"noopener\">FB SK<\/a><\/p>\n<p><strong>Kaynaklar<\/strong><br \/>\n<strong><a href=\"http:\/\/www.cev.lu\" target=\"_blank\" rel=\"noopener\">CEV:<\/a>\u00a0<\/strong>Avrupa Voleybol Federasyonu \u015eampiyonlar Ligi \u0130statistik sayfalar\u0131d\u0131r.<br \/>\n<strong><a href=\"http:\/\/www.fenerbahce.org\/index.asp\" target=\"_blank\" rel=\"noopener\">FB SK:<\/a><\/strong> Fenerbah\u00e7e Spor Kul\u00fcb\u00fc Resmi \u0130nternet Sitesi Ma\u00e7 Yaz\u0131lar\u0131 Sayfalar\u0131d\u0131r.<\/p>\n","protected":false},"excerpt":{"rendered":"<p>CEV \u015eAMP\u0130YONLAR L\u0130G\u0130 &nbsp; 2017 Cev \u015eampiyonlar ligini Fenerbah\u00e7e Bayan \u2026 <a class=\"continue-reading-link\" href=\"https:\/\/sarimelekler.biz\/?page_id=2561\">Okumaya Devam Et.. <span class=\"meta-nav\">&rarr; <\/span><\/a><\/p>\n","protected":false},"author":1,"featured_media":0,"parent":2238,"menu_order":2,"comment_status":"closed","ping_status":"closed","template":"","meta":{"_mc_calendar":[],"footnotes":""},"class_list":["post-2561","page","type-page","status-publish","hentry"],"jetpack_sharing_enabled":true,"jetpack_shortlink":"https:\/\/wp.me\/P8npUZ-Fj","jetpack-related-posts":[{"id":13646,"url":"https:\/\/sarimelekler.biz\/?page_id=13646","url_meta":{"origin":2561,"position":0},"title":"\u015eampiyonlar Ligi","author":"Edit\u00f6r","date":"20 Temmuz 2020","format":false,"excerpt":"Fenerbah\u00e7e Kad\u0131n Voleybol tak\u0131m\u0131m\u0131z 2018 \u2013 2019 sezonunu \u00fc\u00e7\u00fcnc\u00fc bitirdi\u011fi i\u00e7in 2019-2020 Cev \u015eampiyonlar ligine kat\u0131l\u0131m hakk\u0131 kazand\u0131. Tak\u0131m\u0131m\u0131z \u015eampiyonlar ligi A Grubu\u2019nda Eczac\u0131ba\u015f\u0131 Vitra, Budowlani Lodz (Polonya) ve Salo (Finalndiya) ile e\u015fle\u015fti. CEV \u015eampiyonlar Ligi\u2019nde kad\u0131nlarda grup ma\u00e7lar\u0131, 19.11.2019 \u2013 18.02.2020, \u00e7eyrek finaller 03-12 Mart 2020, yar\u0131 finaller 24\u2026","rel":"","context":"Benzer yaz\u0131","block_context":{"text":"Benzer yaz\u0131","link":""},"img":{"alt_text":"","src":"https:\/\/i0.wp.com\/sarimelekler.biz\/wp-content\/uploads\/2017\/12\/Y%C4%B1ld%C4%B1z-150x150.png?resize=350%2C200&ssl=1","width":350,"height":200,"srcset":"https:\/\/i0.wp.com\/sarimelekler.biz\/wp-content\/uploads\/2017\/12\/Y%C4%B1ld%C4%B1z-150x150.png?resize=350%2C200&ssl=1 1x, https:\/\/i0.wp.com\/sarimelekler.biz\/wp-content\/uploads\/2017\/12\/Y%C4%B1ld%C4%B1z-150x150.png?resize=525%2C300&ssl=1 1.5x, https:\/\/i0.wp.com\/sarimelekler.biz\/wp-content\/uploads\/2017\/12\/Y%C4%B1ld%C4%B1z-150x150.png?resize=700%2C400&ssl=1 2x, https:\/\/i0.wp.com\/sarimelekler.biz\/wp-content\/uploads\/2017\/12\/Y%C4%B1ld%C4%B1z-150x150.png?resize=1050%2C600&ssl=1 3x, https:\/\/i0.wp.com\/sarimelekler.biz\/wp-content\/uploads\/2017\/12\/Y%C4%B1ld%C4%B1z-150x150.png?resize=1400%2C800&ssl=1 4x"},"classes":[]},{"id":5166,"url":"https:\/\/sarimelekler.biz\/?page_id=5166","url_meta":{"origin":2561,"position":1},"title":"\u015eampiyonlar Ligi","author":"Edit\u00f6r","date":"10 Aral\u0131k 2017","format":false,"excerpt":"2018 Cev \u015eampiyonlar ligine Fenerbah\u00e7e Bayan Voleybol tak\u0131m\u0131m\u0131z 2016 \u2013 2017 sezonunu \u015eampiyon bitirdi\u011fi i\u00e7in \u00f6n eleme oynamadan direk kat\u0131ld\u0131. Tak\u0131m\u0131m\u0131z \u015eampiyonlar liginde B Grubu\u2019nda \u0130talya\u2019n\u0131n Imoco Volley Conegliano, yine Italya\u2019nin, Igor Gorgonzola Novara ve \u00c7ekya\u2019n\u0131n Agel Prostejov tak\u0131mlari ile e\u015fle\u015fti. CEV \u015eampiyonlar Ligi\u2019nde grup ma\u00e7lar\u0131 12 Aral\u0131k'ta ba\u015flayacak ve\u2026","rel":"","context":"Benzer yaz\u0131","block_context":{"text":"Benzer yaz\u0131","link":""},"img":{"alt_text":"","src":"https:\/\/i0.wp.com\/sarimelekler.biz\/wp-content\/uploads\/2017\/02\/CkzPqtsB-150x150.jpg?resize=350%2C200&ssl=1","width":350,"height":200},"classes":[]},{"id":7498,"url":"https:\/\/sarimelekler.biz\/?page_id=7498","url_meta":{"origin":2561,"position":2},"title":"\u015eampiyonlar Ligi","author":"Edit\u00f6r","date":"21 Kas\u0131m 2018","format":false,"excerpt":"2019 Cev \u015eampiyonlar ligine Fenerbah\u00e7e Bayan Voleybol tak\u0131m\u0131m\u0131z 2017 \u2013 2018 sezonunu \u00fc\u00e7\u00fcnc\u00fc bitirdi\u011fi i\u00e7in \u00f6n eleme oynama hakk\u0131 kazanm\u0131\u015ft\u0131. Ancak CEV taraf\u0131ndan yap\u0131lan sistem de\u011fi\u015fikli\u011fi ile beraber tak\u0131m\u0131m\u0131z \u00f6n eleme oynamadan \u015eampiyonlar Ligine direk kat\u0131ld\u0131. Tak\u0131m\u0131m\u0131z \u015eampiyonlar liginde E Grubu\u2019nda Rusya\u2019dan Dinamo Moskova, Polonya'dan Chemik Police ve Romanya'dan CSM\u2026","rel":"","context":"Benzer yaz\u0131","block_context":{"text":"Benzer yaz\u0131","link":""},"img":{"alt_text":"","src":"https:\/\/i0.wp.com\/sarimelekler.biz\/wp-content\/uploads\/2017\/02\/CkzPqtsB-150x150.jpg?resize=350%2C200&ssl=1","width":350,"height":200},"classes":[]},{"id":18774,"url":"https:\/\/sarimelekler.biz\/?page_id=18774","url_meta":{"origin":2561,"position":3},"title":"\u015eampiyonlar Ligi","author":"Edit\u00f6r","date":"7 \u015eubat 2023","format":false,"excerpt":"\u00a0 Avrupa\u2019n\u0131n kul\u00fcpler d\u00fczeyindeki en prestijli organizasyonu olan CEV \u015eampiyonlar Ligi\u2019nde \u00fclkemizi kad\u0131nlarda temsil edecek olan Fenerbah\u00e7e Opet Kad\u0131n Voleybol Tak\u0131m\u0131m\u0131z, 20 tak\u0131m\u0131n m\u00fccadele edece\u011fi 2023 CEV \u015eampiyonlar Ligi\u2019nde D Grubunda yer ald\u0131. Tak\u0131m\u0131m\u0131z\u0131n grup a\u015famas\u0131ndaki rakipleri; Polonya\u2019dan LKS Commercecon Lodz, Almanya\u2019dan Allianz MTV Stuttgart ve Elemelerden gelen \u0130spanyol temsilcisi\u2026","rel":"","context":"Benzer yaz\u0131","block_context":{"text":"Benzer yaz\u0131","link":""},"img":{"alt_text":"","src":"https:\/\/i0.wp.com\/sarimelekler.biz\/wp-content\/uploads\/2023\/02\/Cev-2023-Logo-286x300.jpg?resize=350%2C200&ssl=1","width":350,"height":200,"srcset":"https:\/\/i0.wp.com\/sarimelekler.biz\/wp-content\/uploads\/2023\/02\/Cev-2023-Logo-286x300.jpg?resize=350%2C200&ssl=1 1x, https:\/\/i0.wp.com\/sarimelekler.biz\/wp-content\/uploads\/2023\/02\/Cev-2023-Logo-286x300.jpg?resize=525%2C300&ssl=1 1.5x, https:\/\/i0.wp.com\/sarimelekler.biz\/wp-content\/uploads\/2023\/02\/Cev-2023-Logo-286x300.jpg?resize=700%2C400&ssl=1 2x"},"classes":[]},{"id":7167,"url":"https:\/\/sarimelekler.biz\/?page_id=7167","url_meta":{"origin":2561,"position":4},"title":"2018-2019","author":"Edit\u00f6r","date":"30 Ekim 2018","format":false,"excerpt":"Bu sezon ile ilgili sitemizde bulabilece\u011finiz linkler: Kadro Vestel Ven\u00fcs Sultanlar Ligi Cev \u015eampiyonlar Ligi T\u00fcrkiye Kupas\u0131 (Kupa Voley)","rel":"","context":"Benzer yaz\u0131","block_context":{"text":"Benzer yaz\u0131","link":""},"img":{"alt_text":"","src":"","width":0,"height":0},"classes":[]},{"id":11627,"url":"https:\/\/sarimelekler.biz\/?page_id=11627","url_meta":{"origin":2561,"position":5},"title":"2019-2020","author":"Edit\u00f6r","date":"9 Eyl\u00fcl 2019","format":false,"excerpt":"Bu sezon ile ilgili sitemizde bulabilece\u011finiz linkler: Kadro Vestel Ven\u00fcs Sultanlar Ligi Cev \u015eampiyonlar Ligi T\u00fcrkiye Kupas\u0131 (Kupa Voley)","rel":"","context":"Benzer yaz\u0131","block_context":{"text":"Benzer yaz\u0131","link":""},"img":{"alt_text":"","src":"","width":0,"height":0},"classes":[]}],"_links":{"self":[{"href":"https:\/\/sarimelekler.biz\/index.php?rest_route=\/wp\/v2\/pages\/2561","targetHints":{"allow":["GET"]}}],"collection":[{"href":"https:\/\/sarimelekler.biz\/index.php?rest_route=\/wp\/v2\/pages"}],"about":[{"href":"https:\/\/sarimelekler.biz\/index.php?rest_route=\/wp\/v2\/types\/page"}],"author":[{"embeddable":true,"href":"https:\/\/sarimelekler.biz\/index.php?rest_route=\/wp\/v2\/users\/1"}],"replies":[{"embeddable":true,"href":"https:\/\/sarimelekler.biz\/index.php?rest_route=%2Fwp%2Fv2%2Fcomments&post=2561"}],"version-history":[{"count":22,"href":"https:\/\/sarimelekler.biz\/index.php?rest_route=\/wp\/v2\/pages\/2561\/revisions"}],"predecessor-version":[{"id":5171,"href":"https:\/\/sarimelekler.biz\/index.php?rest_route=\/wp\/v2\/pages\/2561\/revisions\/5171"}],"up":[{"embeddable":true,"href":"https:\/\/sarimelekler.biz\/index.php?rest_route=\/wp\/v2\/pages\/2238"}],"wp:attachment":[{"href":"https:\/\/sarimelekler.biz\/index.php?rest_route=%2Fwp%2Fv2%2Fmedia&parent=2561"}],"curies":[{"name":"wp","href":"https:\/\/api.w.org\/{rel}","templated":true}]}}