{"id":3116,"date":"2017-02-24T20:35:33","date_gmt":"2017-02-24T18:35:33","guid":{"rendered":"http:\/\/sarimelekler.biz\/?page_id=3116"},"modified":"2020-10-19T00:54:05","modified_gmt":"2020-10-18T21:54:05","slug":"hakkimizda","status":"publish","type":"page","link":"https:\/\/sarimelekler.biz\/?page_id=3116","title":{"rendered":"Hakk\u0131m\u0131zda"},"content":{"rendered":"<p>Bu Site Fenerbah\u00e7e Kad\u0131n Voleybol tak\u0131m\u0131n\u0131n <strong><span style=\"text-decoration: underline;\">Taraftar<\/span><\/strong> sitesidir.<\/p>\n<p style=\"text-align: justify;\">05.12.2009\u2019da kurdu\u011fumuz ve 90.000 + \u00fcyeye ula\u015fan Facebook sayfam\u0131z, Ocak 2011 y\u0131l\u0131nda kurdu\u011fumuz 17.000+ \u00fcyeye ula\u015fan Twitter sayfam\u0131z, Nisan 2013 y\u0131l\u0131nda kurdu\u011fumuz 2000+ \u00fcyeye ula\u015fan \u0130nstagram sayfalar\u0131m\u0131z\u0131n zirve noktas\u0131 bu sitedir. Sitemiz kar amac\u0131 g\u00fcd\u00fclmeden kurulmu\u015f olup herhangi bir reklama yer verilmemi\u015ftir. \u00a0Sitemizin herhangi bir kurum, kurulu\u015f veya taraftar grubuyla ba\u011flant\u0131s\u0131 olmay\u0131p m\u00fcnferit bir olu\u015fumdur. 2009 \u2013 2010 sezonundan \u00f6nceki verilerimiz d\u00fczenli olmad\u0131\u011f\u0131ndan dolay\u0131 sitemize eklenmemi\u015ftir. Sitemizde yay\u0131nlanan her \u015fey i\u00e7in bilindi\u011fi kadar\u0131yla kaynak belirtilmeye \u00e7al\u0131\u015f\u0131lm\u0131\u015ft\u0131r. Kendisine ait oldu\u011fu d\u00fc\u015f\u00fcn\u00fclen ve kaynaklarda ad\u0131 ge\u00e7meyen ki\u015filer bizimle ileti\u015fime ge\u00e7ebilir. Olumlu ya da olumsuz g\u00f6r\u00fc\u015flerinizi bizimle payla\u015f\u0131rsan\u0131z seviniriz. Umar\u0131z arad\u0131\u011f\u0131n\u0131z bilgilere sitemizden ula\u015fabilirsiniz.<\/p>\n<p style=\"text-align: justify;\">\u0130yi e\u011flenceler dileriz.<\/p>\n<p>Sitemizde yay\u0131nlanan eski d\u00f6nemlere ait foto\u011fraflar i\u00e7in yay\u0131nlama izni veren;<\/p>\n<p>Sn <a href=\"https:\/\/twitter.com\/mhtpsmskfb\" target=\"_blank\" rel=\"noopener noreferrer\">Mehtap \u015eim\u015fek<\/a>\u2019e<br \/>\nSn <a href=\"https:\/\/twitter.com\/TolgaFerhatoglu\" target=\"_blank\" rel=\"noopener noreferrer\">Tolga Ferhato\u011flu<\/a>\u2019na<br \/>\nSn <a href=\"https:\/\/twitter.com\/kskrck\" target=\"_blank\" rel=\"noopener noreferrer\">G\u00fcrkut G\u00fcrsoy<\/a>\u2019a<br \/>\nSn <a href=\"https:\/\/twitter.com\/fotohakanvarol\" target=\"_blank\" rel=\"noopener noreferrer\">Hakan Varol<\/a>\u2019a<\/p>\n<p><strong>TE\u015eEKK\u00dcR EDER\u0130Z.<\/strong><\/p>\n<p>Bize Ula\u015f\u0131n:<br \/>\n<strong>bilgi@sarimelekler.biz<\/strong><\/p>\n<p>Bizi Takip Edin<br \/>\n<a href=\"https:\/\/www.facebook.com\/FBbayanvoleybol\" target=\"_blank\" rel=\"noopener noreferrer\">Facebook<\/a><br \/>\n<a href=\"https:\/\/www.facebook.com\/SariMelekler1907\" target=\"_blank\" rel=\"noopener noreferrer\">Facebook<\/a><br \/>\n<a href=\"https:\/\/twitter.com\/sari_melekler\" target=\"_blank\" rel=\"noopener noreferrer\">Twitter<\/a><br \/>\n<a href=\"https:\/\/www.instagram.com\/sari_melekler\/\" target=\"_blank\" rel=\"noopener noreferrer\">\u0130nstagram<\/a><br \/>\n<a href=\"http:\/\/www.youtube.com\/SariMelekler\" target=\"_blank\" rel=\"noopener noreferrer\">Youtube<\/a><\/p>\n<p>&#8212;&#8212;&#8212;&#8212;&#8212;&#8212;&#8212;&#8212;&#8212;&#8212;&#8212;&#8212;&#8212;&#8212;&#8212;&#8212;&#8212;&#8212;&#8212;&#8212;&#8212;&#8212;&#8212;&#8212;&#8212;&#8212;&#8212;&#8212;&#8212;&#8212;&#8212;&#8212;&#8212;&#8212;&#8212;&#8212;&#8212;&#8212;&#8212;&#8212;&#8212;&#8212;&#8212;&#8211;<\/p>\n<p>This is the <strong>fan page<\/strong> of Fenerbahce Women Volleyball team.<\/p>\n<p style=\"text-align: justify;\">Fenerbahce Women Volleyball\u2019 s nickname that is given from their fans is \u201cYellow Angels (Sar\u0131 Melekler), so this site\u2019s name is \u201cSar\u0131 Melekler\u201d.<\/p>\n<p style=\"text-align: justify;\">This page is found without any profit and no advertising has been given. Therefore, there is no interaction between any other fan groups, foundation or enterprises. Due to the irregularity, information and season data before 2009-2010 season has not been added to the page. Everything published on this page has been tried to given reference, people who think that any own document is being used and who do not name them in the sources can communicate with us.<\/p>\n<p style=\"text-align: justify;\">We may feel happy if you share any suggestions with us.\u00a0 We hope that you find information that you\u2019re looking for.<br \/>\nHave a good time!<\/p>\n<p>Contact Us:<br \/>\n<strong>bilgi@sarimelekler.biz<\/strong><\/p>\n<p>Follow Us:<br \/>\n<a href=\"https:\/\/www.facebook.com\/FBbayanvoleybol\" target=\"_blank\" rel=\"noopener noreferrer\">Facebook<\/a><br \/>\n<a href=\"https:\/\/www.facebook.com\/SariMelekler1907\" target=\"_blank\" rel=\"noopener noreferrer\">Facebook<\/a><br \/>\n<a href=\"https:\/\/twitter.com\/sari_melekler\" target=\"_blank\" rel=\"noopener noreferrer\">Twitter<\/a><br \/>\n<a href=\"https:\/\/www.instagram.com\/sari_melekler\/\" target=\"_blank\" rel=\"noopener noreferrer\">\u0130nstagram<\/a><br \/>\n<a href=\"http:\/\/www.youtube.com\/SariMelekler\" target=\"_blank\" rel=\"noopener noreferrer\">Youtube<\/a><\/p>\n","protected":false},"excerpt":{"rendered":"<p>Bu Site Fenerbah\u00e7e Kad\u0131n Voleybol tak\u0131m\u0131n\u0131n Taraftar sitesidir. 05.12.2009\u2019da kurdu\u011fumuz \u2026 <a class=\"continue-reading-link\" href=\"https:\/\/sarimelekler.biz\/?page_id=3116\">Okumaya Devam Et.. <span class=\"meta-nav\">&rarr; <\/span><\/a><\/p>\n","protected":false},"author":1,"featured_media":0,"parent":0,"menu_order":6,"comment_status":"closed","ping_status":"closed","template":"","meta":{"_mc_calendar":[],"footnotes":""},"class_list":["post-3116","page","type-page","status-publish","hentry"],"jetpack_sharing_enabled":true,"jetpack_shortlink":"https:\/\/wp.me\/P8npUZ-Og","jetpack-related-posts":[{"id":2411,"url":"https:\/\/sarimelekler.biz\/?page_id=2411","url_meta":{"origin":3116,"position":0},"title":"Tarihimiz ve Ba\u015far\u0131lar\u0131m\u0131z","author":"Edit\u00f6r","date":"12 \u015eubat 2017","format":false,"excerpt":"Fenerbah\u00e7e Bayan Voleybol Tak\u0131m\u0131m\u0131z\u0131n Tarih\u00e7esi ve Ba\u015far\u0131lar\u0131 b\u00f6l\u00fcm\u00fc tak\u0131m\u0131m\u0131zda emekleri \u00e7ok olan Sabiha R\u0131fat G\u00fcrayman, Ayten Salih Berkalp ve Eda Erdem D\u00fcndar'\u0131 onore etmek i\u00e7in taraftar sitemizde bu ba\u015fl\u0131klar alt\u0131nda yay\u0131nlanm\u0131\u015ft\u0131r.\u00a0 Fenerbah\u00e7e Bayan Voleybol Tak\u0131m\u0131 Hakk\u0131nda Uzak Tarih Bilgilerini Sabiha R\u0131fat G\u00fcrayman K\u00f6\u015fesi'nde\u00a0Bulabilirsiniz. Fenerbah\u00e7e Bayan Voleybol Tak\u0131m\u0131 Hakk\u0131nda Yak\u0131n\u00a0Tarih Bilgilerini\u2026","rel":"","context":"Benzer yaz\u0131","block_context":{"text":"Benzer yaz\u0131","link":""},"img":{"alt_text":"","src":"","width":0,"height":0},"classes":[]},{"id":2402,"url":"https:\/\/sarimelekler.biz\/?page_id=2402","url_meta":{"origin":3116,"position":1},"title":"Sabiha R\u0131fat K\u00f6\u015fesi","author":"Edit\u00f6r","date":"12 \u015eubat 2017","format":false,"excerpt":"Sabiha R\u0131fat\u00a0G\u00fcrayman \u00a0 T\u00fcrkiye\u2019nin ilk kad\u0131n in\u015faat m\u00fchendisidir. An\u0131tkabir'in in\u015faat\u0131nda 10 y\u0131l boyunca ba\u015fm\u00fchendis olarak g\u00f6rev yapm\u0131\u015ft\u0131r. Fenerbah\u00e7e Spor Kul\u00fcb\u00fc\u2019n\u00fcn ilk kad\u0131n voleybolcusudur. T\u00fcrkiye\u2019de erkek tak\u0131mlarda forma giyen ilk kad\u0131n sporcudur.\u00a0Sayg\u0131yla,\u00a0Rahmetle Ve Minnetle An\u0131yoruz \u00a01910-2003 \u00a0 \u00a0\u00a0 \u00a0 Fenerbah\u00e7e Bayan Voleybol Tak\u0131m\u0131n\u0131n Uzak Tarihi 1920'li y\u0131llar\u0131n ikinci yar\u0131s\u0131nda T\u00fcrkiye'de kad\u0131nlar\u2026","rel":"","context":"Benzer yaz\u0131","block_context":{"text":"Benzer yaz\u0131","link":""},"img":{"alt_text":"","src":"https:\/\/i0.wp.com\/sarimelekler.biz\/wp-content\/uploads\/2017\/02\/sabiha-1-150x150.jpg?resize=350%2C200&ssl=1","width":350,"height":200,"srcset":"https:\/\/i0.wp.com\/sarimelekler.biz\/wp-content\/uploads\/2017\/02\/sabiha-1-150x150.jpg?resize=350%2C200&ssl=1 1x, https:\/\/i0.wp.com\/sarimelekler.biz\/wp-content\/uploads\/2017\/02\/sabiha-1-150x150.jpg?resize=525%2C300&ssl=1 1.5x"},"classes":[]},{"id":2446,"url":"https:\/\/sarimelekler.biz\/?page_id=2446","url_meta":{"origin":3116,"position":2},"title":"Eda Erdem D\u00fcndar K\u00f6\u015fesi","author":"Edit\u00f6r","date":"12 \u015eubat 2017","format":false,"excerpt":"Eda Erdem D\u00fcndar 22 Haziran 1987 \u0130stanbul do\u011fumlu\u00a0Eda Erdem, voleybola 24 Aral\u0131k 2000\u2019de Be\u015fikta\u015f JK altyap\u0131s\u0131nda ba\u015flad\u0131. 2004 y\u0131l\u0131nda A tak\u0131ma y\u00fckseldi. D\u00f6rt sezon oynad\u0131\u011f\u0131 ve son iki sezonunda da kaptanl\u0131\u011f\u0131n\u0131 yapt\u0131\u011f\u0131 Be\u015fikta\u015f\u2019tan 12\/08\/2008 tarihinde Fenerbah\u00e7e\u2019ye transfer oldu. Eda Fenerbah\u00e7e Bayan Voleybol Tak\u0131m\u0131nda bir\u00e7ok ba\u015far\u0131ya imza atarken 2014 \u2013 2015\u2026","rel":"","context":"Benzer yaz\u0131","block_context":{"text":"Benzer yaz\u0131","link":""},"img":{"alt_text":"","src":"https:\/\/i0.wp.com\/sarimelekler.biz\/wp-content\/uploads\/2017\/02\/2009-2010-150x150.jpg?resize=350%2C200&ssl=1","width":350,"height":200},"classes":[]},{"id":50,"url":"https:\/\/sarimelekler.biz\/?page_id=50","url_meta":{"origin":3116,"position":3},"title":"2015-2016","author":"Edit\u00f6r","date":"4 \u015eubat 2017","format":false,"excerpt":"2014 \u2013 2015 sezonunu 2 kupayla kapatan tak\u0131m\u0131m\u0131z transfer sezonunda \u00a0Madelayne Montano Caicedo, Christina Bauer, Kristin Lynn Hildebrand, Eleonora Lo Bianco, Elif \u00d6ner ve G\u00f6k\u00e7en Denkel ile yollar\u0131n\u0131 ay\u0131rd\u0131. \u00c7i\u011fdem Can Rasna\u2019da kendi iste\u011fiyle tak\u0131m menajerli\u011fini b\u0131rakt\u0131. Transfer sezonunda tak\u0131m\u0131m\u0131z S\u0131rp sma\u00e7\u00f6r Brankica Mihajlovi\u0107, Amerikal\u0131 orta oyuncu Christa Harmotto Dietzen,\u2026","rel":"","context":"Benzer yaz\u0131","block_context":{"text":"Benzer yaz\u0131","link":""},"img":{"alt_text":"","src":"","width":0,"height":0},"classes":[]},{"id":24,"url":"https:\/\/sarimelekler.biz\/?page_id=24","url_meta":{"origin":3116,"position":4},"title":"2011-2012","author":"Edit\u00f6r","date":"4 \u015eubat 2017","format":false,"excerpt":"Fenerbah\u00e7e Bayan Voleybol tak\u0131m\u0131m\u0131z \u00f6nceki sezondan kadrosunda bulunan Kasia Skowronska, Song\u00fcl Dikmen, Erg\u00fcl Avc\u0131, Fafao, Christiane F\u00fcrst, Natasa Osmokrovic, Z\u00fclfiye G\u00fcndo\u011fdu yollar\u0131n\u0131 ay\u0131rd\u0131. Ayr\u0131ca Kaptan\u0131m\u0131z \u00c7i\u011fdem Can Rasna ise voleybol kariyerini sonland\u0131rd\u0131. Transfer sezonuna pozisyonunda bir \u00e7ok ki\u015fi taraf\u0131ndan d\u00fcnyan\u0131n en iyisi olarak kabul edilen G\u00fcney Koreli sma\u00e7\u00f6r Kim Yeon\u2026","rel":"","context":"Benzer yaz\u0131","block_context":{"text":"Benzer yaz\u0131","link":""},"img":{"alt_text":"","src":"https:\/\/i0.wp.com\/sarimelekler.biz\/wp-content\/uploads\/2017\/02\/62625F61665F636162635163626B63666B636272A2799D85-150x150.jpg?resize=350%2C200&ssl=1","width":350,"height":200,"srcset":"https:\/\/i0.wp.com\/sarimelekler.biz\/wp-content\/uploads\/2017\/02\/62625F61665F636162635163626B63666B636272A2799D85-150x150.jpg?resize=350%2C200&ssl=1 1x, https:\/\/i0.wp.com\/sarimelekler.biz\/wp-content\/uploads\/2017\/02\/62625F61665F636162635163626B63666B636272A2799D85-150x150.jpg?resize=525%2C300&ssl=1 1.5x"},"classes":[]},{"id":16,"url":"https:\/\/sarimelekler.biz\/?page_id=16","url_meta":{"origin":3116,"position":5},"title":"2010-2011","author":"Edit\u00f6r","date":"4 \u015eubat 2017","format":false,"excerpt":"Fenerbah\u00e7e Bayan Voleybol tak\u0131m\u0131m\u0131z bir \u00f6nceki sezon ba\u015far\u0131lar\u0131 tekrarlamak ve Avrupa \u015eampiyonlu\u011funu kazanabilmek amac\u0131yla 2010 \u2013 2011 sezonuna ba\u015flayan tak\u0131m\u0131m\u0131z \u00f6nceki sezondan kadrosunda bulunan Frauke Dirickx, Alice Blom, Cemre Erol, Merve Tan\u0131l ve antren\u00f6r\u00fcm\u00fcz Jan De Brandt ile yollar ayr\u0131ld\u0131. Bir voleybol efsanesi olan ve \u00fclkesi d\u0131\u015f\u0131nda sadece Fenerbah\u00e7e\u2019de forma\u2026","rel":"","context":"Benzer yaz\u0131","block_context":{"text":"Benzer yaz\u0131","link":""},"img":{"alt_text":"","src":"","width":0,"height":0},"classes":[]}],"_links":{"self":[{"href":"https:\/\/sarimelekler.biz\/index.php?rest_route=\/wp\/v2\/pages\/3116","targetHints":{"allow":["GET"]}}],"collection":[{"href":"https:\/\/sarimelekler.biz\/index.php?rest_route=\/wp\/v2\/pages"}],"about":[{"href":"https:\/\/sarimelekler.biz\/index.php?rest_route=\/wp\/v2\/types\/page"}],"author":[{"embeddable":true,"href":"https:\/\/sarimelekler.biz\/index.php?rest_route=\/wp\/v2\/users\/1"}],"replies":[{"embeddable":true,"href":"https:\/\/sarimelekler.biz\/index.php?rest_route=%2Fwp%2Fv2%2Fcomments&post=3116"}],"version-history":[{"count":7,"href":"https:\/\/sarimelekler.biz\/index.php?rest_route=\/wp\/v2\/pages\/3116\/revisions"}],"predecessor-version":[{"id":14162,"href":"https:\/\/sarimelekler.biz\/index.php?rest_route=\/wp\/v2\/pages\/3116\/revisions\/14162"}],"wp:attachment":[{"href":"https:\/\/sarimelekler.biz\/index.php?rest_route=%2Fwp%2Fv2%2Fmedia&parent=3116"}],"curies":[{"name":"wp","href":"https:\/\/api.w.org\/{rel}","templated":true}]}}