{"id":36,"date":"2017-02-04T00:05:06","date_gmt":"2017-02-03T22:05:06","guid":{"rendered":"http:\/\/sarimelekler.biz\/?page_id=36"},"modified":"2017-02-08T00:06:39","modified_gmt":"2017-02-07T22:06:39","slug":"kupa-fotograflari","status":"publish","type":"page","link":"https:\/\/sarimelekler.biz\/?page_id=36","title":{"rendered":"Kupa Foto\u011fraflar\u0131"},"content":{"rendered":"\n\t\t<style type=\"text\/css\">\n\t\t\t#gallery-1 {\n\t\t\t\tmargin: auto;\n\t\t\t}\n\t\t\t#gallery-1 .gallery-item {\n\t\t\t\tfloat: left;\n\t\t\t\tmargin-top: 10px;\n\t\t\t\ttext-align: center;\n\t\t\t\twidth: 25%;\n\t\t\t}\n\t\t\t#gallery-1 img {\n\t\t\t\tborder: 2px solid #cfcfcf;\n\t\t\t}\n\t\t\t#gallery-1 .gallery-caption {\n\t\t\t\tmargin-left: 0;\n\t\t\t}\n\t\t\t\/* see gallery_shortcode() in wp-includes\/media.php *\/\n\t\t<\/style>\n\t\t<div data-carousel-extra='{&quot;blog_id&quot;:1,&quot;permalink&quot;:&quot;https:\/\/sarimelekler.biz\/?page_id=36&quot;}' id='gallery-1' class='gallery galleryid-36 gallery-columns-4 gallery-size-thumbnail'><dl class='gallery-item'>\n\t\t\t<dt class='gallery-icon landscape'>\n\t\t\t\t<a href='https:\/\/sarimelekler.biz\/?attachment_id=1434'><img loading=\"lazy\" decoding=\"async\" width=\"150\" height=\"150\" src=\"https:\/\/sarimelekler.biz\/wp-content\/uploads\/2017\/02\/D\u00fcnya-Kul\u00fcpler-\u015eampiyonas\u0131-Bronz-Madalya-0-150x150.jpeg\" class=\"attachment-thumbnail size-thumbnail\" alt=\"\" aria-describedby=\"gallery-1-1434\" data-attachment-id=\"1434\" data-permalink=\"https:\/\/sarimelekler.biz\/?attachment_id=1434\" data-orig-file=\"https:\/\/sarimelekler.biz\/wp-content\/uploads\/2017\/02\/D\u00fcnya-Kul\u00fcpler-\u015eampiyonas\u0131-Bronz-Madalya-0.jpeg\" data-orig-size=\"2400,1600\" data-comments-opened=\"0\" data-image-meta=\"{&quot;aperture&quot;:&quot;4&quot;,&quot;credit&quot;:&quot;&quot;,&quot;camera&quot;:&quot;Canon EOS-1D Mark III&quot;,&quot;caption&quot;:&quot;&quot;,&quot;created_timestamp&quot;:&quot;1350678332&quot;,&quot;copyright&quot;:&quot;2012 FIVB&quot;,&quot;focal_length&quot;:&quot;50&quot;,&quot;iso&quot;:&quot;1600&quot;,&quot;shutter_speed&quot;:&quot;0.01&quot;,&quot;title&quot;:&quot;&quot;,&quot;orientation&quot;:&quot;1&quot;}\" data-image-title=\"D\u00fcnya Kul\u00fcpler \u015eampiyonas\u0131 Bronz Madalya (0)\" data-image-description=\"\" data-image-caption=\"&lt;p&gt;D\u00fcnya Kul\u00fcpler \u015eampiyonas\u0131 Bronz Madalya&lt;\/p&gt;\n\" data-large-file=\"https:\/\/sarimelekler.biz\/wp-content\/uploads\/2017\/02\/D\u00fcnya-Kul\u00fcpler-\u015eampiyonas\u0131-Bronz-Madalya-0-1024x683.jpeg\" \/><\/a>\n\t\t\t<\/dt>\n\t\t\t\t<dd class='wp-caption-text gallery-caption' id='gallery-1-1434'>\n\t\t\t\tD\u00fcnya Kul\u00fcpler \u015eampiyonas\u0131 Bronz Madalya\n\t\t\t\t<\/dd><\/dl><dl class='gallery-item'>\n\t\t\t<dt class='gallery-icon landscape'>\n\t\t\t\t<a href='https:\/\/sarimelekler.biz\/?attachment_id=1435'><img loading=\"lazy\" decoding=\"async\" width=\"150\" height=\"150\" src=\"https:\/\/sarimelekler.biz\/wp-content\/uploads\/2017\/02\/D\u00fcnya-Kul\u00fcpler-\u015eampiyonas\u0131-Bronz-Madalya-1-150x150.jpg\" class=\"attachment-thumbnail size-thumbnail\" alt=\"\" aria-describedby=\"gallery-1-1435\" data-attachment-id=\"1435\" data-permalink=\"https:\/\/sarimelekler.biz\/?attachment_id=1435\" data-orig-file=\"https:\/\/sarimelekler.biz\/wp-content\/uploads\/2017\/02\/D\u00fcnya-Kul\u00fcpler-\u015eampiyonas\u0131-Bronz-Madalya-1.jpg\" data-orig-size=\"717,480\" data-comments-opened=\"0\" data-image-meta=\"{&quot;aperture&quot;:&quot;0&quot;,&quot;credit&quot;:&quot;&quot;,&quot;camera&quot;:&quot;&quot;,&quot;caption&quot;:&quot;&quot;,&quot;created_timestamp&quot;:&quot;0&quot;,&quot;copyright&quot;:&quot;&quot;,&quot;focal_length&quot;:&quot;0&quot;,&quot;iso&quot;:&quot;0&quot;,&quot;shutter_speed&quot;:&quot;0&quot;,&quot;title&quot;:&quot;&quot;,&quot;orientation&quot;:&quot;0&quot;}\" data-image-title=\"D\u00fcnya Kul\u00fcpler \u015eampiyonas\u0131 Bronz Madalya (1)\" data-image-description=\"\" data-image-caption=\"&lt;p&gt;D\u00fcnya Kul\u00fcpler \u015eampiyonas\u0131 Bronz Madalya&lt;\/p&gt;\n\" data-large-file=\"https:\/\/sarimelekler.biz\/wp-content\/uploads\/2017\/02\/D\u00fcnya-Kul\u00fcpler-\u015eampiyonas\u0131-Bronz-Madalya-1.jpg\" \/><\/a>\n\t\t\t<\/dt>\n\t\t\t\t<dd class='wp-caption-text gallery-caption' id='gallery-1-1435'>\n\t\t\t\tD\u00fcnya Kul\u00fcpler \u015eampiyonas\u0131 Bronz Madalya\n\t\t\t\t<\/dd><\/dl><dl class='gallery-item'>\n\t\t\t<dt class='gallery-icon landscape'>\n\t\t\t\t<a href='https:\/\/sarimelekler.biz\/?attachment_id=1436'><img loading=\"lazy\" decoding=\"async\" width=\"150\" height=\"150\" src=\"https:\/\/sarimelekler.biz\/wp-content\/uploads\/2017\/02\/D\u00fcnya-Kul\u00fcpler-\u015eampiyonas\u0131-Bronz-Madalya-2-150x150.jpeg\" class=\"attachment-thumbnail size-thumbnail\" alt=\"\" aria-describedby=\"gallery-1-1436\" data-attachment-id=\"1436\" data-permalink=\"https:\/\/sarimelekler.biz\/?attachment_id=1436\" data-orig-file=\"https:\/\/sarimelekler.biz\/wp-content\/uploads\/2017\/02\/D\u00fcnya-Kul\u00fcpler-\u015eampiyonas\u0131-Bronz-Madalya-2.jpeg\" data-orig-size=\"2400,1600\" data-comments-opened=\"0\" data-image-meta=\"{&quot;aperture&quot;:&quot;3.5&quot;,&quot;credit&quot;:&quot;&quot;,&quot;camera&quot;:&quot;Canon EOS-1D Mark III&quot;,&quot;caption&quot;:&quot;&quot;,&quot;created_timestamp&quot;:&quot;1350677824&quot;,&quot;copyright&quot;:&quot;2012 FIVB&quot;,&quot;focal_length&quot;:&quot;34&quot;,&quot;iso&quot;:&quot;1600&quot;,&quot;shutter_speed&quot;:&quot;0.00625&quot;,&quot;title&quot;:&quot;&quot;,&quot;orientation&quot;:&quot;1&quot;}\" data-image-title=\"D\u00fcnya Kul\u00fcpler \u015eampiyonas\u0131 Bronz Madalya (2)\" data-image-description=\"\" data-image-caption=\"&lt;p&gt;D\u00fcnya Kul\u00fcpler \u015eampiyonas\u0131 Bronz Madalya&lt;\/p&gt;\n\" data-large-file=\"https:\/\/sarimelekler.biz\/wp-content\/uploads\/2017\/02\/D\u00fcnya-Kul\u00fcpler-\u015eampiyonas\u0131-Bronz-Madalya-2-1024x683.jpeg\" \/><\/a>\n\t\t\t<\/dt>\n\t\t\t\t<dd class='wp-caption-text gallery-caption' id='gallery-1-1436'>\n\t\t\t\tD\u00fcnya Kul\u00fcpler \u015eampiyonas\u0131 Bronz Madalya\n\t\t\t\t<\/dd><\/dl><dl class='gallery-item'>\n\t\t\t<dt class='gallery-icon landscape'>\n\t\t\t\t<a href='https:\/\/sarimelekler.biz\/?attachment_id=1437'><img loading=\"lazy\" decoding=\"async\" width=\"150\" height=\"150\" src=\"https:\/\/sarimelekler.biz\/wp-content\/uploads\/2017\/02\/D\u00fcnya-Kul\u00fcpler-\u015eampiyonas\u0131-Bronz-Madalya-3-150x150.jpeg\" class=\"attachment-thumbnail size-thumbnail\" alt=\"\" aria-describedby=\"gallery-1-1437\" data-attachment-id=\"1437\" data-permalink=\"https:\/\/sarimelekler.biz\/?attachment_id=1437\" data-orig-file=\"https:\/\/sarimelekler.biz\/wp-content\/uploads\/2017\/02\/D\u00fcnya-Kul\u00fcpler-\u015eampiyonas\u0131-Bronz-Madalya-3.jpeg\" data-orig-size=\"2400,1600\" data-comments-opened=\"0\" data-image-meta=\"{&quot;aperture&quot;:&quot;4.5&quot;,&quot;credit&quot;:&quot;&quot;,&quot;camera&quot;:&quot;Canon EOS-1D Mark III&quot;,&quot;caption&quot;:&quot;&quot;,&quot;created_timestamp&quot;:&quot;1350677614&quot;,&quot;copyright&quot;:&quot;2012 FIVB&quot;,&quot;focal_length&quot;:&quot;55&quot;,&quot;iso&quot;:&quot;1600&quot;,&quot;shutter_speed&quot;:&quot;0.008&quot;,&quot;title&quot;:&quot;&quot;,&quot;orientation&quot;:&quot;1&quot;}\" data-image-title=\"D\u00fcnya Kul\u00fcpler \u015eampiyonas\u0131 Bronz Madalya (3)\" data-image-description=\"\" data-image-caption=\"&lt;p&gt;D\u00fcnya Kul\u00fcpler \u015eampiyonas\u0131 Bronz Madalya&lt;\/p&gt;\n\" data-large-file=\"https:\/\/sarimelekler.biz\/wp-content\/uploads\/2017\/02\/D\u00fcnya-Kul\u00fcpler-\u015eampiyonas\u0131-Bronz-Madalya-3-1024x683.jpeg\" \/><\/a>\n\t\t\t<\/dt>\n\t\t\t\t<dd class='wp-caption-text gallery-caption' id='gallery-1-1437'>\n\t\t\t\tD\u00fcnya Kul\u00fcpler \u015eampiyonas\u0131 Bronz Madalya\n\t\t\t\t<\/dd><\/dl><br style=\"clear: both\" \/><dl class='gallery-item'>\n\t\t\t<dt class='gallery-icon landscape'>\n\t\t\t\t<a href='https:\/\/sarimelekler.biz\/?attachment_id=1438'><img loading=\"lazy\" decoding=\"async\" width=\"150\" height=\"150\" src=\"https:\/\/sarimelekler.biz\/wp-content\/uploads\/2017\/02\/D\u00fcnya-Kul\u00fcpler-\u015eampiyonas\u0131-Bronz-Madalya-4-150x150.jpeg\" class=\"attachment-thumbnail size-thumbnail\" alt=\"\" aria-describedby=\"gallery-1-1438\" data-attachment-id=\"1438\" data-permalink=\"https:\/\/sarimelekler.biz\/?attachment_id=1438\" data-orig-file=\"https:\/\/sarimelekler.biz\/wp-content\/uploads\/2017\/02\/D\u00fcnya-Kul\u00fcpler-\u015eampiyonas\u0131-Bronz-Madalya-4.jpeg\" data-orig-size=\"2400,1600\" data-comments-opened=\"0\" data-image-meta=\"{&quot;aperture&quot;:&quot;3.5&quot;,&quot;credit&quot;:&quot;&quot;,&quot;camera&quot;:&quot;Canon EOS-1D Mark III&quot;,&quot;caption&quot;:&quot;&quot;,&quot;created_timestamp&quot;:&quot;1350677805&quot;,&quot;copyright&quot;:&quot;2012 FIVB&quot;,&quot;focal_length&quot;:&quot;70&quot;,&quot;iso&quot;:&quot;1600&quot;,&quot;shutter_speed&quot;:&quot;0.00625&quot;,&quot;title&quot;:&quot;&quot;,&quot;orientation&quot;:&quot;1&quot;}\" data-image-title=\"D\u00fcnya Kul\u00fcpler \u015eampiyonas\u0131 Bronz Madalya (4)\" data-image-description=\"\" data-image-caption=\"&lt;p&gt;D\u00fcnya Kul\u00fcpler \u015eampiyonas\u0131 Bronz Madalya&lt;\/p&gt;\n\" data-large-file=\"https:\/\/sarimelekler.biz\/wp-content\/uploads\/2017\/02\/D\u00fcnya-Kul\u00fcpler-\u015eampiyonas\u0131-Bronz-Madalya-4-1024x683.jpeg\" \/><\/a>\n\t\t\t<\/dt>\n\t\t\t\t<dd class='wp-caption-text gallery-caption' id='gallery-1-1438'>\n\t\t\t\tD\u00fcnya Kul\u00fcpler \u015eampiyonas\u0131 Bronz Madalya\n\t\t\t\t<\/dd><\/dl><dl class='gallery-item'>\n\t\t\t<dt class='gallery-icon landscape'>\n\t\t\t\t<a href='https:\/\/sarimelekler.biz\/?attachment_id=1439'><img loading=\"lazy\" decoding=\"async\" width=\"150\" height=\"150\" src=\"https:\/\/sarimelekler.biz\/wp-content\/uploads\/2017\/02\/Cev-Kupas\u0131-G\u00fcm\u00fc\u015f-Madalya-1-150x150.jpg\" class=\"attachment-thumbnail size-thumbnail\" alt=\"\" aria-describedby=\"gallery-1-1439\" data-attachment-id=\"1439\" data-permalink=\"https:\/\/sarimelekler.biz\/?attachment_id=1439\" data-orig-file=\"https:\/\/sarimelekler.biz\/wp-content\/uploads\/2017\/02\/Cev-Kupas\u0131-G\u00fcm\u00fc\u015f-Madalya-1.jpg\" data-orig-size=\"960,613\" data-comments-opened=\"0\" data-image-meta=\"{&quot;aperture&quot;:&quot;0&quot;,&quot;credit&quot;:&quot;&quot;,&quot;camera&quot;:&quot;&quot;,&quot;caption&quot;:&quot;&quot;,&quot;created_timestamp&quot;:&quot;0&quot;,&quot;copyright&quot;:&quot;&quot;,&quot;focal_length&quot;:&quot;0&quot;,&quot;iso&quot;:&quot;0&quot;,&quot;shutter_speed&quot;:&quot;0&quot;,&quot;title&quot;:&quot;&quot;,&quot;orientation&quot;:&quot;0&quot;}\" data-image-title=\"Cev Kupas\u0131 G\u00fcm\u00fc\u015f Madalya (1)\" data-image-description=\"\" data-image-caption=\"&lt;p&gt;Cev Kupas\u0131 G\u00fcm\u00fc\u015f Madalya&lt;\/p&gt;\n\" data-large-file=\"https:\/\/sarimelekler.biz\/wp-content\/uploads\/2017\/02\/Cev-Kupas\u0131-G\u00fcm\u00fc\u015f-Madalya-1.jpg\" \/><\/a>\n\t\t\t<\/dt>\n\t\t\t\t<dd class='wp-caption-text gallery-caption' id='gallery-1-1439'>\n\t\t\t\tCev Kupas\u0131 G\u00fcm\u00fc\u015f Madalya\n\t\t\t\t<\/dd><\/dl><dl class='gallery-item'>\n\t\t\t<dt class='gallery-icon landscape'>\n\t\t\t\t<a href='https:\/\/sarimelekler.biz\/?attachment_id=1440'><img loading=\"lazy\" decoding=\"async\" width=\"150\" height=\"150\" src=\"https:\/\/sarimelekler.biz\/wp-content\/uploads\/2017\/02\/Cev-Kupas\u0131-G\u00fcm\u00fc\u015f-Madalya-2-150x150.jpg\" class=\"attachment-thumbnail size-thumbnail\" alt=\"\" aria-describedby=\"gallery-1-1440\" data-attachment-id=\"1440\" data-permalink=\"https:\/\/sarimelekler.biz\/?attachment_id=1440\" data-orig-file=\"https:\/\/sarimelekler.biz\/wp-content\/uploads\/2017\/02\/Cev-Kupas\u0131-G\u00fcm\u00fc\u015f-Madalya-2.jpg\" data-orig-size=\"960,548\" data-comments-opened=\"0\" data-image-meta=\"{&quot;aperture&quot;:&quot;0&quot;,&quot;credit&quot;:&quot;&quot;,&quot;camera&quot;:&quot;&quot;,&quot;caption&quot;:&quot;&quot;,&quot;created_timestamp&quot;:&quot;0&quot;,&quot;copyright&quot;:&quot;&quot;,&quot;focal_length&quot;:&quot;0&quot;,&quot;iso&quot;:&quot;0&quot;,&quot;shutter_speed&quot;:&quot;0&quot;,&quot;title&quot;:&quot;&quot;,&quot;orientation&quot;:&quot;0&quot;}\" data-image-title=\"Cev Kupas\u0131 G\u00fcm\u00fc\u015f Madalya (2)\" data-image-description=\"\" data-image-caption=\"&lt;p&gt;Cev Kupas\u0131 G\u00fcm\u00fc\u015f Madalya&lt;\/p&gt;\n\" data-large-file=\"https:\/\/sarimelekler.biz\/wp-content\/uploads\/2017\/02\/Cev-Kupas\u0131-G\u00fcm\u00fc\u015f-Madalya-2.jpg\" \/><\/a>\n\t\t\t<\/dt>\n\t\t\t\t<dd class='wp-caption-text gallery-caption' id='gallery-1-1440'>\n\t\t\t\tCev Kupas\u0131 G\u00fcm\u00fc\u015f Madalya\n\t\t\t\t<\/dd><\/dl>\n\t\t\t<br style='clear: both' \/>\n\t\t<\/div>\n\n","protected":false},"excerpt":{"rendered":"","protected":false},"author":1,"featured_media":0,"parent":32,"menu_order":0,"comment_status":"closed","ping_status":"closed","template":"","meta":{"_mc_calendar":[],"footnotes":""},"class_list":["post-36","page","type-page","status-publish","hentry"],"jetpack_sharing_enabled":true,"jetpack_shortlink":"https:\/\/wp.me\/P8npUZ-A","jetpack-related-posts":[{"id":60,"url":"https:\/\/sarimelekler.biz\/?page_id=60","url_meta":{"origin":36,"position":0},"title":"Kupa Foto\u011fraflar\u0131","author":"Edit\u00f6r","date":"4 \u015eubat 2017","format":false,"excerpt":"S\u00fcper Kupa \u015eampiyonlu\u011fu \u00a0 \u015eampiyonlar Ligi Kupas\u0131 Bronz Madalya \u00a0 T\u00fcrkiye Ligi G\u00fcm\u00fc\u015f Madalya","rel":"","context":"Benzer yaz\u0131","block_context":{"text":"Benzer yaz\u0131","link":""},"img":{"alt_text":"","src":"","width":0,"height":0},"classes":[]},{"id":12,"url":"https:\/\/sarimelekler.biz\/?page_id=12","url_meta":{"origin":36,"position":1},"title":"Kupa Foto\u011fraflar\u0131","author":"Edit\u00f6r","date":"3 \u015eubat 2017","format":false,"excerpt":"","rel":"","context":"Benzer yaz\u0131","block_context":{"text":"Benzer yaz\u0131","link":""},"img":{"alt_text":"","src":"","width":0,"height":0},"classes":[]},{"id":20,"url":"https:\/\/sarimelekler.biz\/?page_id=20","url_meta":{"origin":36,"position":2},"title":"Kupa Foto\u011fraflar\u0131","author":"Edit\u00f6r","date":"4 \u015eubat 2017","format":false,"excerpt":"","rel":"","context":"Benzer yaz\u0131","block_context":{"text":"Benzer yaz\u0131","link":""},"img":{"alt_text":"","src":"","width":0,"height":0},"classes":[]},{"id":28,"url":"https:\/\/sarimelekler.biz\/?page_id=28","url_meta":{"origin":36,"position":3},"title":"Kupa Foto\u011fraflar\u0131","author":"Edit\u00f6r","date":"4 \u015eubat 2017","format":false,"excerpt":"","rel":"","context":"Benzer yaz\u0131","block_context":{"text":"Benzer yaz\u0131","link":""},"img":{"alt_text":"","src":"","width":0,"height":0},"classes":[]},{"id":44,"url":"https:\/\/sarimelekler.biz\/?page_id=44","url_meta":{"origin":36,"position":4},"title":"Kupa Foto\u011fraflar\u0131","author":"Edit\u00f6r","date":"4 \u015eubat 2017","format":false,"excerpt":"","rel":"","context":"Benzer yaz\u0131","block_context":{"text":"Benzer yaz\u0131","link":""},"img":{"alt_text":"","src":"","width":0,"height":0},"classes":[]},{"id":54,"url":"https:\/\/sarimelekler.biz\/?page_id=54","url_meta":{"origin":36,"position":5},"title":"Kupa Foto\u011fraflar\u0131","author":"Edit\u00f6r","date":"4 \u015eubat 2017","format":false,"excerpt":"","rel":"","context":"Benzer yaz\u0131","block_context":{"text":"Benzer yaz\u0131","link":""},"img":{"alt_text":"","src":"https:\/\/i0.wp.com\/sarimelekler.biz\/wp-content\/uploads\/2017\/02\/Kupalar-1-150x150.jpg?resize=350%2C200&ssl=1","width":350,"height":200,"srcset":"https:\/\/i0.wp.com\/sarimelekler.biz\/wp-content\/uploads\/2017\/02\/Kupalar-1-150x150.jpg?resize=350%2C200&ssl=1 1x, https:\/\/i0.wp.com\/sarimelekler.biz\/wp-content\/uploads\/2017\/02\/Kupalar-1-150x150.jpg?resize=525%2C300&ssl=1 1.5x, https:\/\/i0.wp.com\/sarimelekler.biz\/wp-content\/uploads\/2017\/02\/Kupalar-1-150x150.jpg?resize=700%2C400&ssl=1 2x, https:\/\/i0.wp.com\/sarimelekler.biz\/wp-content\/uploads\/2017\/02\/Kupalar-1-150x150.jpg?resize=1050%2C600&ssl=1 3x, https:\/\/i0.wp.com\/sarimelekler.biz\/wp-content\/uploads\/2017\/02\/Kupalar-1-150x150.jpg?resize=1400%2C800&ssl=1 4x"},"classes":[]}],"_links":{"self":[{"href":"https:\/\/sarimelekler.biz\/index.php?rest_route=\/wp\/v2\/pages\/36","targetHints":{"allow":["GET"]}}],"collection":[{"href":"https:\/\/sarimelekler.biz\/index.php?rest_route=\/wp\/v2\/pages"}],"about":[{"href":"https:\/\/sarimelekler.biz\/index.php?rest_route=\/wp\/v2\/types\/page"}],"author":[{"embeddable":true,"href":"https:\/\/sarimelekler.biz\/index.php?rest_route=\/wp\/v2\/users\/1"}],"replies":[{"embeddable":true,"href":"https:\/\/sarimelekler.biz\/index.php?rest_route=%2Fwp%2Fv2%2Fcomments&post=36"}],"version-history":[{"count":3,"href":"https:\/\/sarimelekler.biz\/index.php?rest_route=\/wp\/v2\/pages\/36\/revisions"}],"predecessor-version":[{"id":1442,"href":"https:\/\/sarimelekler.biz\/index.php?rest_route=\/wp\/v2\/pages\/36\/revisions\/1442"}],"up":[{"embeddable":true,"href":"https:\/\/sarimelekler.biz\/index.php?rest_route=\/wp\/v2\/pages\/32"}],"wp:attachment":[{"href":"https:\/\/sarimelekler.biz\/index.php?rest_route=%2Fwp%2Fv2%2Fmedia&parent=36"}],"curies":[{"name":"wp","href":"https:\/\/api.w.org\/{rel}","templated":true}]}}