{"id":40,"date":"2017-02-04T00:06:01","date_gmt":"2017-02-03T22:06:01","guid":{"rendered":"http:\/\/sarimelekler.biz\/?page_id=40"},"modified":"2017-02-21T20:48:24","modified_gmt":"2017-02-21T18:48:24","slug":"2013-2014","status":"publish","type":"page","link":"https:\/\/sarimelekler.biz\/?page_id=40","title":{"rendered":"2013-2014"},"content":{"rendered":"<p style=\"text-align: justify;\">Sorunlu ve y\u0131pranm\u0131\u015f bir sezon ge\u00e7iren Fenerbah\u00e7e Bayan Voleybol tak\u0131m\u0131m\u0131z 2013 \u2013 2014 sezonu transferlerine Paula Pequeno, Marianne Steinbrecher, Lindsey Berg, Berenika Okuniewska, Meryem Boz, Nihan G\u00fcneyligil ve Duygu Bal ile yollar\u0131n\u0131 ay\u0131rarak ba\u015flad\u0131. \u00d6nce Brezilyal\u0131 sma\u00e7\u00f6r<a href=\"http:\/\/www.fenerbahce.org\/detay.asp?ContentID=34433\" target=\"_blank\"> Fernanda Garay Rodrigues<\/a> sonra ise Amerikal\u0131 pas\u00f6r Alisha Glass ve \u00c7ek pas\u00f6r \u00e7apraz\u0131 Aneta Havlickova<a href=\"http:\/\/www.fenerbahce.org\/detay.asp?ContentID=34446\" target=\"_blank\"> transfer eden<\/a> tak\u0131m\u0131m\u0131z Frans\u0131z as\u0131ll\u0131 orta oyuncu <a href=\"http:\/\/www.fenerbahce.org\/detay.asp?ContentID=34669\" target=\"_blank\">Christina Bauer<\/a>\u2019le yabanc\u0131 transferini sonland\u0131rd\u0131. Yerli transferde ise sadece libero <a href=\"http:\/\/www.fenerbahce.org\/detay.asp?ContentID=35300\" target=\"_blank\">Derya \u00c7ay\u0131rgan<\/a>\u2019\u0131 transfer etti. <a href=\"http:\/\/www.fenerbahce.org\/detay.asp?ContentID=34821\" target=\"_blank\">Seda Tokatl\u0131o\u011flu<\/a> ile 1, Merve Dalbeler ile 2 y\u0131ll\u0131k s\u00f6zle\u015fme yenileyen tak\u0131m\u0131m\u0131z\u0131n ba\u015f antren\u00f6rl\u00fc\u011f\u00fcne ise <a href=\"http:\/\/www.fenerbahce.org\/detay.asp?ContentID=34548\" target=\"_blank\">Marcello Abbondanza<\/a>\u2019y\u0131 getirdi. 22.08.2013\u2019de <a href=\"http:\/\/www.fenerbahce.org\/detay.asp?ContentID=35974\" target=\"_blank\">sezonu a\u00e7an<\/a> tak\u0131m\u0131m\u0131za 17 Eyl\u00fcl\u2019de Aneta Havlickova ve Christina Bauer <a href=\"http:\/\/www.fenerbahce.org\/detay.asp?ContentID=36252\" target=\"_blank\">kat\u0131ld\u0131<\/a>. Her sezon bir muamma haline gelen Kim YK transferi bu sezon ba\u015f\u0131 da ya\u015fand\u0131. (T\u00fcm s\u00fcreci <a href=\"https:\/\/www.facebook.com\/192559186902\/photos\/?tab=album&amp;album_id=10151572999641903\" target=\"_blank\">Burada <\/a>bulabilirsiniz)\u00a0Tak\u0131m Menajerimiz Violet Duca ile de yollar ayr\u0131ld\u0131 ve yerine idari menajer olarak g\u00f6rev yapan \u00c7i\u011fdem Can Rasna tak\u0131m menajerli\u011fine getirildi.\u00a0Ligin ilk yar\u0131s\u0131nda sadece Vak\u0131fbank\u2019a ma\u011flup olan tak\u0131m\u0131m\u0131z ikinci yar\u0131 14. Haftada kar\u015f\u0131la\u015ft\u0131\u011f\u0131 ve uzun s\u00fcredir galibiyet serisi olan Vak\u0131fbank\u2019\u0131 <a href=\"http:\/\/www.fenerbahce.org\/detay.asp?ContentID=38211\" target=\"_blank\">3-0<\/a> ma\u011flup ederek lige daha motive bir \u015fekilde devam etti.<\/p>\n<p style=\"text-align: justify;\">Cev Kupas\u0131nda s\u0131ras\u0131yla Bursa B\u00fcy\u00fck\u015fehir Belediyesi, Ukrayna\u2019n\u0131n Orbita Zaporozhye ve Finlandiya\u2019n\u0131n LP Salo tak\u0131mlar\u0131 kar\u015f\u0131s\u0131nda 6 ma\u00e7\u0131 da 3-0\u2019l\u0131k skorlarla kazanarak &#8220;challenge&#8221; tura y\u00fckselen &#8220;Sar\u0131 Melekler&#8221;, \u00c7ek Cumhuriyeti\u2019nin Agel Prostejov tak\u0131m\u0131 kar\u015f\u0131s\u0131ndaki iki ma\u00e7\u0131 da set vermeden ald\u0131.\u00a0 Yar\u0131 finalde Azerbaycan\u2019\u0131n Azeryol Bak\u00fc ekibi kar\u015f\u0131s\u0131nda ayn\u0131 ba\u015far\u0131y\u0131 g\u00f6steren Fenerbah\u00e7emiz, 10 ma\u00e7\u0131 set vermeden ge\u00e7ip <a href=\"http:\/\/www.fenerbahce.org\/detay.asp?ContentID=39194\" target=\"_blank\">finale y\u00fckseldi<\/a>. Final 1. ma\u00e7\u0131nda \u00a0Rusya\u2019n\u0131n Uralochka-NTMK tak\u0131m\u0131yla kar\u015f\u0131la\u015fan Sar\u0131 Melekler ma\u00e7tan <a href=\"http:\/\/www.fenerbahce.org\/detay.asp?ContentID=39162\" target=\"_blank\">3-2<\/a> galibiyetle ayr\u0131ld\u0131. 3 g\u00fcn sonra \u0130stanbul\u2019da oynanan r\u00f6van\u015f ma\u00e7\u0131n\u0131 ise <a href=\"http:\/\/www.fenerbahce.org\/detay.asp?ContentID=39212\" target=\"_blank\">3-0<\/a> kazanarak Cev Kupas\u0131nda \u015eampiyon oldu. Turnuvan\u0131n En De\u011ferli Oyuncusu Kim Yeon Koung se\u00e7ildi. Ayn\u0131 g\u00fcn ayn\u0131 salonda erkek voleybol tak\u0131m\u0131m\u0131z da Cev Challenge Kupas\u0131n\u0131 kazanarak \u015eampiyon oldu. Bu ba\u015far\u0131lar \u0130ki Kupa Tek Arma slogan\u0131yla\u00a0spor tarihine ge\u00e7ti.<\/p>\n<p style=\"text-align: justify;\">T\u00fcrkiye Kupas\u0131 \u00e7eyrek final 1. ma\u00e7\u0131nda \u0130lbank\u2019\u0131 <a href=\"http:\/\/www.fenerbahce.org\/detay.asp?ContentID=38286\" target=\"_blank\">3-0<\/a> yenen Sar\u0131 Melekler r\u00f6van\u015f ma\u00e7\u0131n\u0131 <a href=\"http:\/\/www.fenerbahce.org\/detay.asp?ContentID=38808\" target=\"_blank\">3-2<\/a>\u00a0kaybetmesine ra\u011fmen ad\u0131n\u0131 D\u00f6rtl\u00fc Finallere yazd\u0131rd\u0131. \u0130zmir\u2019de d\u00fczenlenen \u00a0T\u00fcrkiye Kupas\u0131 d\u00f6rtl\u00fc finallerinde ilk ma\u00e7\u0131nda Eczac\u0131ba\u015f\u0131 VitrA\u2019y\u0131 <a href=\"http:\/\/www.fenerbahce.org\/detay.asp?ContentID=39454\" target=\"_blank\">3-2<\/a> ikinci ma\u00e7\u0131nda Galatasaray Daikin\u2019i <a href=\"http:\/\/www.fenerbahce.org\/detay.asp?ContentID=39461\" target=\"_blank\">3-0<\/a> yendi. Turnuvan\u0131n son ma\u00e7\u0131nda Vak\u0131bank&#8217;la kar\u015f\u0131la\u015fan tak\u0131m\u0131m\u0131z ma\u00e7ta 2-0 \u00f6nde olmas\u0131na ra\u011fmen ma\u00e7\u0131 <a href=\"http:\/\/www.fenerbahce.org\/detay.asp?ContentID=39486\" target=\"_blank\">3-2<\/a> kaybederek turnuvada 2. oldu.<\/p>\n<p style=\"text-align: justify;\">Normal sezonu 21 galibiyet, 1 ma\u011flubiyetle 2.s\u0131rada <a href=\"http:\/\/www.fenerbahce.org\/detay.asp?ContentID=39288\" target=\"_blank\">tamamlayan<\/a> Sar\u0131 Meleklerin Play-Off \u00a0\u00e7eyrek final turunda ligi 7. S\u0131rada tamamlayan Be\u015fikta\u015f oldu. Be\u015fikta\u015f\u2019\u0131 <a href=\"http:\/\/www.fenerbahce.org\/detay.asp?ContentID=39301\" target=\"_blank\">3-0<\/a> ve <a href=\"http:\/\/www.fenerbahce.org\/detay.asp?ContentID=39349\" target=\"_blank\">3-0<\/a>\u2019la ge\u00e7en Sar\u0131 Melekler yar\u0131 finalde Eczac\u0131ba\u015f\u0131 Vitra ile kar\u015f\u0131la\u015ft\u0131 Eczac\u0131ba\u015f\u0131 Vitra\u2019y\u0131 <a href=\"http:\/\/www.fenerbahce.org\/detay.asp?ContentID=39550\" target=\"_blank\">3-1<\/a> ve <a href=\"http:\/\/www.fenerbahce.org\/detay.asp?ContentID=39592\" target=\"_blank\">3-1<\/a>\u2019le ge\u00e7en Sar\u0131 Melekler finalde Vak\u0131fbank\u2019la e\u015fle\u015fti.\u00a0Vak\u0131bank\u2019la yap\u0131lan final serinsinde 1. Ma\u00e7\u0131 <a href=\"http:\/\/www.fenerbahce.org\/detay.asp?ContentID=39680\" target=\"_blank\">3-0<\/a>, ikinci ma\u00e7\u0131 da <a href=\"http:\/\/www.fenerbahce.org\/detay.asp?ContentID=39738\" target=\"_blank\">3-2<\/a> kaybeden Sar\u0131 Melekler 3. ma\u00e7\u0131 ise <a href=\"http:\/\/www.fenerbahce.org\/detay.asp?ContentID=39772\" target=\"_blank\">3-1<\/a> kazand\u0131. Serinin 4. ma\u00e7\u0131n\u0131 <a href=\"http:\/\/www.fenerbahce.org\/detay.asp?ContentID=39810\" target=\"_blank\">3-1<\/a> kaybeden tak\u0131m\u0131m\u0131z sezonu ikinci s\u0131rada kapatt\u0131. Ma\u00e7 sonu yap\u0131lan bireysel \u00f6d\u00fcllerde Kim Yeon Koung En Skorer Oyuncu ve En \u0130yi Sma\u00e7\u00f6r \u00f6d\u00fcllerini al\u0131rken Merve Dalbeder En \u0130yi Libero, Eda Erdem D\u00fcndar ise En \u0130yi Blok\u00f6r \u00f6d\u00fcllerini ald\u0131lar. \u00a0<a href=\"https:\/\/www.youtube.com\/watch?v=cXwABYL1YTw\" target=\"_blank\">Yar\u0131 final ikinci ma\u00e7\u0131nda sakatlanan<\/a> Fernanda Garay Vak\u0131fbank\u2019la oynanan final serisinde sakatl\u0131\u011f\u0131 sebebiyle forma giyemedi.<\/p>\n<p><strong>Sezon i\u00e7erisinden ilginizi \u00e7ekebilecek haberler:<\/strong><br \/>\n<a href=\"http:\/\/www.fenerbahce.org\/detay.asp?ContentID=35122\" target=\"_blank\">Fe Garay \u0130stanbul&#8217;da<\/a><br \/>\n<a href=\"http:\/\/www.fenerbahce.org\/detay.asp?ContentID=35954\" target=\"_blank\">Tak\u0131m\u0131m\u0131z Sa\u011fl\u0131k Kontrol\u00fcnden Ge\u00e7ti<\/a><br \/>\n<a href=\"http:\/\/www.fenerbahce.org\/detay.asp?ContentID=36260\" target=\"_blank\">Aneta ve Bauer Sa\u011fl\u0131k Kontrol\u00fcnden Ge\u00e7ti<\/a><br \/>\n<a href=\"http:\/\/www.fenerbahce.org\/detay.asp?ContentID=36430\" target=\"_blank\">Alisha Glass \u0130stanbul&#8217;da<\/a><br \/>\n<a href=\"http:\/\/www.fenerbahce.org\/detay.asp?ContentID=38465\" target=\"_blank\">Eda Erdem R\u00f6portaj\u0131<\/a><br \/>\n<a href=\"http:\/\/www.fenerbahce.org\/detay.asp?ContentID=38437\" target=\"_blank\">Elif \u00d6ner&#8217;in Do\u011fum G\u00fcn\u00fc Kutland\u0131<\/a><br \/>\n<a href=\"http:\/\/www.fenerbahce.org\/detay.asp?ContentID=38791\" target=\"_blank\">Voleybolcular\u0131m\u0131z FB Tv&#8217;ye Konuk Oldu<\/a><br \/>\n<a href=\"http:\/\/www.fenerbahce.org\/detay.asp?ContentID=39078\" target=\"_blank\">\u0130ki Kupa Tek Arma <\/a><br \/>\n<a href=\"http:\/\/www.fenerbahce.org\/detay.asp?ContentID=39214\" target=\"_blank\">Cev Kupas\u0131 R\u00f6portajlar<\/a><br \/>\n<a href=\"http:\/\/www.fenerbahce.org\/detay.asp?ContentID=39237\" target=\"_blank\">Cev Kupas\u0131 G\u00fcndem Program\u0131<\/a> <a href=\"http:\/\/www.fenerbahce.org\/detay.asp?ContentID=39990\" target=\"_blank\"><br \/>\nVoleybolcular\u0131m\u0131z \u00d6d\u00fcllendirildi<\/a><\/p>\n<p style=\"text-align: justify;\"><strong>Kaynak:<\/strong><br \/>\n<a href=\"http:\/\/www.fenerbahce.org\/\" target=\"_blank\">Fenerbah\u00e7e Spor Kul\u00fcb\u00fc \u0130nternet Sitesi<\/a><\/p>\n<p style=\"text-align: justify;\"><strong>Bu sezon ile ilgili sitemizde bulabilece\u011finiz linkler:<\/strong><br \/>\n<a href=\"https:\/\/sarimelekler.biz\/?page_id=42\" target=\"_blank\">Kadro<\/a><br \/>\n<a href=\"https:\/\/sarimelekler.biz\/?page_id=44\" target=\"_blank\">Kupa Foto\u011fraflar\u0131<\/a><br \/>\n<a href=\"https:\/\/sarimelekler.biz\/?page_id=46\" target=\"_blank\">Se\u00e7me Foto\u011fraflar<\/a><\/p>\n","protected":false},"excerpt":{"rendered":"<p>Sorunlu ve y\u0131pranm\u0131\u015f bir sezon ge\u00e7iren Fenerbah\u00e7e Bayan Voleybol tak\u0131m\u0131m\u0131z \u2026 <a class=\"continue-reading-link\" href=\"https:\/\/sarimelekler.biz\/?page_id=40\">Okumaya Devam Et.. <span class=\"meta-nav\">&rarr; <\/span><\/a><\/p>\n","protected":false},"author":1,"featured_media":0,"parent":6,"menu_order":0,"comment_status":"closed","ping_status":"closed","template":"","meta":{"_mc_calendar":[],"footnotes":""},"class_list":["post-40","page","type-page","status-publish","hentry"],"jetpack_sharing_enabled":true,"jetpack_shortlink":"https:\/\/wp.me\/P8npUZ-E","jetpack-related-posts":[{"id":16,"url":"https:\/\/sarimelekler.biz\/?page_id=16","url_meta":{"origin":40,"position":0},"title":"2010-2011","author":"Edit\u00f6r","date":"4 \u015eubat 2017","format":false,"excerpt":"Fenerbah\u00e7e Bayan Voleybol tak\u0131m\u0131m\u0131z bir \u00f6nceki sezon ba\u015far\u0131lar\u0131 tekrarlamak ve Avrupa \u015eampiyonlu\u011funu kazanabilmek amac\u0131yla 2010 \u2013 2011 sezonuna ba\u015flayan tak\u0131m\u0131m\u0131z \u00f6nceki sezondan kadrosunda bulunan Frauke Dirickx, Alice Blom, Cemre Erol, Merve Tan\u0131l ve antren\u00f6r\u00fcm\u00fcz Jan De Brandt ile yollar ayr\u0131ld\u0131. Bir voleybol efsanesi olan ve \u00fclkesi d\u0131\u015f\u0131nda sadece Fenerbah\u00e7e\u2019de forma\u2026","rel":"","context":"Benzer yaz\u0131","block_context":{"text":"Benzer yaz\u0131","link":""},"img":{"alt_text":"","src":"","width":0,"height":0},"classes":[]},{"id":8,"url":"https:\/\/sarimelekler.biz\/?page_id=8","url_meta":{"origin":40,"position":1},"title":"2009-2010","author":"Edit\u00f6r","date":"3 \u015eubat 2017","format":false,"excerpt":"Fenerbah\u00e7e Bayan Voleybol tak\u0131m\u0131m\u0131z 2008 \u2013 2009 sezonunu T\u00fcrkiye liginde \u015eampiyon Cev Avrupa kupas\u0131n\u0131 ise 3. olarak tamamlad\u0131ktan sonra hedeflerini daha yukar\u0131 \u00e7ekerek Ac\u0131badem isim sponsorlu\u011funda kadro yap\u0131s\u0131nda de\u011fi\u015fikli\u011fe gitti. Kadromuzda bulunan Marina Tumas, Valeriya Korotenko, Oksana Parkhomenko, Anja Spasojevic, Vesna Tomasevic, Necla G\u00fc\u00e7l\u00fc Esepa\u015fa, Nisa Kuliyeva, Fatma Duygu Sipaho\u011flu\u2026","rel":"","context":"Benzer yaz\u0131","block_context":{"text":"Benzer yaz\u0131","link":""},"img":{"alt_text":"","src":"","width":0,"height":0},"classes":[]},{"id":48,"url":"https:\/\/sarimelekler.biz\/?page_id=48","url_meta":{"origin":40,"position":2},"title":"2014-2015","author":"Edit\u00f6r","date":"4 \u015eubat 2017","format":false,"excerpt":"2014 \u2013 2015 sezonunda antren\u00f6r de\u011fi\u015fikli\u011fine gitmeyen tak\u0131m\u0131m\u0131z antren\u00f6r\u00fcm\u00fcz\u00fcn y\u00f6netimi sundu\u011fu rapor do\u011frultusunda Kim Yeon Koung\u2019la 2 y\u0131l, Eda Erdem D\u00fcndar\u2019la 3 y\u0131l, Christina Bauer\u2019le 1 y\u0131l ve Elif \u00d6ner\u2019le 1 y\u0131l s\u00f6zle\u015fme uzat\u0131rken, Seda Tokatl\u0131o\u011flu, \u0130pek Soro\u011flu, Derya \u00c7ay\u0131rgan, Nilay \u00d6zdemir, Elif Onur Ba\u015faran,\u00a0Fernanda Garay, Alisha Glass ve Aneta\u2026","rel":"","context":"Benzer yaz\u0131","block_context":{"text":"Benzer yaz\u0131","link":""},"img":{"alt_text":"","src":"https:\/\/i0.wp.com\/sarimelekler.biz\/wp-content\/uploads\/2017\/02\/Kupalar-14-1-150x150.jpg?resize=350%2C200&ssl=1","width":350,"height":200,"srcset":"https:\/\/i0.wp.com\/sarimelekler.biz\/wp-content\/uploads\/2017\/02\/Kupalar-14-1-150x150.jpg?resize=350%2C200&ssl=1 1x, https:\/\/i0.wp.com\/sarimelekler.biz\/wp-content\/uploads\/2017\/02\/Kupalar-14-1-150x150.jpg?resize=525%2C300&ssl=1 1.5x, https:\/\/i0.wp.com\/sarimelekler.biz\/wp-content\/uploads\/2017\/02\/Kupalar-14-1-150x150.jpg?resize=700%2C400&ssl=1 2x, https:\/\/i0.wp.com\/sarimelekler.biz\/wp-content\/uploads\/2017\/02\/Kupalar-14-1-150x150.jpg?resize=1050%2C600&ssl=1 3x, https:\/\/i0.wp.com\/sarimelekler.biz\/wp-content\/uploads\/2017\/02\/Kupalar-14-1-150x150.jpg?resize=1400%2C800&ssl=1 4x"},"classes":[]},{"id":2238,"url":"https:\/\/sarimelekler.biz\/?page_id=2238","url_meta":{"origin":40,"position":3},"title":"2016-2017","author":"Edit\u00f6r","date":"9 \u015eubat 2017","format":false,"excerpt":"Fenerbah\u00e7e Bayan Voleybol tak\u0131m\u0131m\u0131z 2015- 2016 sezonunu 2. S\u0131rada tamamlad\u0131ktan sonra kadrosunda bulunan Gizem Karaday\u0131, Brankica Mihajlovi\u0107, Christa Harmotto Dietzen, Lucia Bosetti ve Katarzyna Skorupa ile yollar\u0131n\u0131 ay\u0131rd\u0131. S\u00f6zle\u015fmeleri sona eren Kim Yeon Koung ve Polen Uslupehlivan ile s\u00f6zle\u015fme yenilerek transfer sezonuna ba\u015flayan tak\u0131m\u0131m\u0131z ilk olarak Brezilya Milli Tak\u0131m\u0131\u2019n\u0131n sma\u00e7\u00f6r\u00fc\u2026","rel":"","context":"Benzer yaz\u0131","block_context":{"text":"Benzer yaz\u0131","link":""},"img":{"alt_text":"","src":"","width":0,"height":0},"classes":[]},{"id":24,"url":"https:\/\/sarimelekler.biz\/?page_id=24","url_meta":{"origin":40,"position":4},"title":"2011-2012","author":"Edit\u00f6r","date":"4 \u015eubat 2017","format":false,"excerpt":"Fenerbah\u00e7e Bayan Voleybol tak\u0131m\u0131m\u0131z \u00f6nceki sezondan kadrosunda bulunan Kasia Skowronska, Song\u00fcl Dikmen, Erg\u00fcl Avc\u0131, Fafao, Christiane F\u00fcrst, Natasa Osmokrovic, Z\u00fclfiye G\u00fcndo\u011fdu yollar\u0131n\u0131 ay\u0131rd\u0131. Ayr\u0131ca Kaptan\u0131m\u0131z \u00c7i\u011fdem Can Rasna ise voleybol kariyerini sonland\u0131rd\u0131. Transfer sezonuna pozisyonunda bir \u00e7ok ki\u015fi taraf\u0131ndan d\u00fcnyan\u0131n en iyisi olarak kabul edilen G\u00fcney Koreli sma\u00e7\u00f6r Kim Yeon\u2026","rel":"","context":"Benzer yaz\u0131","block_context":{"text":"Benzer yaz\u0131","link":""},"img":{"alt_text":"","src":"https:\/\/i0.wp.com\/sarimelekler.biz\/wp-content\/uploads\/2017\/02\/62625F61665F636162635163626B63666B636272A2799D85-150x150.jpg?resize=350%2C200&ssl=1","width":350,"height":200,"srcset":"https:\/\/i0.wp.com\/sarimelekler.biz\/wp-content\/uploads\/2017\/02\/62625F61665F636162635163626B63666B636272A2799D85-150x150.jpg?resize=350%2C200&ssl=1 1x, https:\/\/i0.wp.com\/sarimelekler.biz\/wp-content\/uploads\/2017\/02\/62625F61665F636162635163626B63666B636272A2799D85-150x150.jpg?resize=525%2C300&ssl=1 1.5x"},"classes":[]},{"id":32,"url":"https:\/\/sarimelekler.biz\/?page_id=32","url_meta":{"origin":40,"position":5},"title":"2012-2013","author":"Edit\u00f6r","date":"4 \u015eubat 2017","format":false,"excerpt":"Fenerbah\u00e7e Bayan Voleybol tak\u0131m\u0131m\u0131z 2011 \u2013 2012 sezonunda \u015eampiyonlar Ligi \u015eampiyonlu\u011fu kazanm\u0131\u015f olmas\u0131na ra\u011fmen T\u00fcrkiye Ligi Finalleri ve T\u00fcrkiye Kupas\u0131 Finallerinde T\u00fcrkiye Voleybol Federasyonun sa\u00e7ma uygulamalar\u0131 nedeniyle sezonu s\u0131k\u0131nt\u0131l\u0131 bir \u015fekilde kapatm\u0131\u015ft\u0131. Sezon sonu ise Kul\u00fcp olarak zaten s\u0131k\u0131nt\u0131l\u0131 bir s\u00fcre\u00e7te oldu\u011fumuz anda birde 2012 \u2013 2013 sezonunda \u015eampiyonlar Ligine\u2026","rel":"","context":"Benzer yaz\u0131","block_context":{"text":"Benzer yaz\u0131","link":""},"img":{"alt_text":"","src":"https:\/\/i0.wp.com\/sarimelekler.biz\/wp-content\/uploads\/2017\/02\/2012-10-19_katarbasin1-150x150.jpg?resize=350%2C200&ssl=1","width":350,"height":200,"srcset":"https:\/\/i0.wp.com\/sarimelekler.biz\/wp-content\/uploads\/2017\/02\/2012-10-19_katarbasin1-150x150.jpg?resize=350%2C200&ssl=1 1x, https:\/\/i0.wp.com\/sarimelekler.biz\/wp-content\/uploads\/2017\/02\/2012-10-19_katarbasin1-150x150.jpg?resize=525%2C300&ssl=1 1.5x, https:\/\/i0.wp.com\/sarimelekler.biz\/wp-content\/uploads\/2017\/02\/2012-10-19_katarbasin1-150x150.jpg?resize=700%2C400&ssl=1 2x, https:\/\/i0.wp.com\/sarimelekler.biz\/wp-content\/uploads\/2017\/02\/2012-10-19_katarbasin1-150x150.jpg?resize=1050%2C600&ssl=1 3x, https:\/\/i0.wp.com\/sarimelekler.biz\/wp-content\/uploads\/2017\/02\/2012-10-19_katarbasin1-150x150.jpg?resize=1400%2C800&ssl=1 4x"},"classes":[]}],"_links":{"self":[{"href":"https:\/\/sarimelekler.biz\/index.php?rest_route=\/wp\/v2\/pages\/40","targetHints":{"allow":["GET"]}}],"collection":[{"href":"https:\/\/sarimelekler.biz\/index.php?rest_route=\/wp\/v2\/pages"}],"about":[{"href":"https:\/\/sarimelekler.biz\/index.php?rest_route=\/wp\/v2\/types\/page"}],"author":[{"embeddable":true,"href":"https:\/\/sarimelekler.biz\/index.php?rest_route=\/wp\/v2\/users\/1"}],"replies":[{"embeddable":true,"href":"https:\/\/sarimelekler.biz\/index.php?rest_route=%2Fwp%2Fv2%2Fcomments&post=40"}],"version-history":[{"count":23,"href":"https:\/\/sarimelekler.biz\/index.php?rest_route=\/wp\/v2\/pages\/40\/revisions"}],"predecessor-version":[{"id":3005,"href":"https:\/\/sarimelekler.biz\/index.php?rest_route=\/wp\/v2\/pages\/40\/revisions\/3005"}],"up":[{"embeddable":true,"href":"https:\/\/sarimelekler.biz\/index.php?rest_route=\/wp\/v2\/pages\/6"}],"wp:attachment":[{"href":"https:\/\/sarimelekler.biz\/index.php?rest_route=%2Fwp%2Fv2%2Fmedia&parent=40"}],"curies":[{"name":"wp","href":"https:\/\/api.w.org\/{rel}","templated":true}]}}