{"id":5166,"date":"2017-12-10T21:26:34","date_gmt":"2017-12-10T19:26:34","guid":{"rendered":"http:\/\/sarimelekler.biz\/?page_id=5166"},"modified":"2018-11-21T15:19:07","modified_gmt":"2018-11-21T13:19:07","slug":"sampiyonlar-ligi","status":"publish","type":"page","link":"https:\/\/sarimelekler.biz\/?page_id=5166","title":{"rendered":"\u015eampiyonlar Ligi"},"content":{"rendered":"<p style=\"text-align: justify;\">2018 Cev \u015eampiyonlar ligine Fenerbah\u00e7e Bayan Voleybol tak\u0131m\u0131m\u0131z 2016 \u2013 2017 sezonunu \u015eampiyon bitirdi\u011fi i\u00e7in \u00f6n eleme oynamadan direk kat\u0131ld\u0131. Tak\u0131m\u0131m\u0131z \u015eampiyonlar liginde B Grubu\u2019nda \u0130talya\u2019n\u0131n Imoco Volley Conegliano, yine Italya\u2019nin, Igor Gorgonzola Novara ve \u00c7ekya\u2019n\u0131n Agel Prostejov tak\u0131mlari ile<a href=\"https:\/\/sarimelekler.biz\/?p=4943\" target=\"_blank\" rel=\"noopener\"> e\u015fle\u015fti<\/a>. CEV \u015eampiyonlar Ligi\u2019nde grup ma\u00e7lar\u0131 12 Aral\u0131k&#8217;ta ba\u015flayacak ve 6 hafta s\u00fcrerek 27 \u015eubat&#8217;ta oynanacak ma\u00e7larla sona erecek. \u015eampiyonlar ligi ma\u00e7lar\u0131n\u0131n yay\u0131n haklar\u0131 \u00fclkemizde <a href=\"https:\/\/www.dsmart.com.tr\/\" target=\"_blank\" rel=\"noopener\">D-Smart<\/a> dijital yay\u0131n platformlar\u0131 taraf\u0131ndan sat\u0131n al\u0131nm\u0131\u015f ve ma\u00e7 yay\u0131nlar\u0131 smart spor kanallar\u0131ndan yap\u0131lmaktad\u0131r. Ayr\u0131ca ma\u00e7lar\u0131n uluslararas\u0131 internet yay\u0131n hakk\u0131 <a href=\"https:\/\/www.laola1.tv\/en-int\/channel\/volleyball-cev-champions-league-women-livestream-video-for-free\" target=\"_blank\" rel=\"noopener\">laola1.tv<\/a> isimli internet sitesinde olup, \u015eampiyonlar ligi ma\u00e7lar\u0131 bu adresten de canl\u0131 yay\u0131nlanmaktad\u0131r. Ancak \u00fclkemizde mevcut bir yay\u0131n hakk\u0131 sahibi oldu\u011fundan dolay\u0131 bu internet sitesinde ma\u00e7lar\u0131m\u0131z\u0131n canl\u0131 yay\u0131n\u0131 ve tekrarlar\u0131 \u00fclkemize a\u00e7\u0131k de\u011fildir. Ma\u00e7lar\u0131n oynand\u0131\u011f\u0131 topun renkleri Sar\u0131-Ye\u015fil renklerdedir. \u015eampiyonlar ligi logosu formam\u0131z\u0131n sol taraf\u0131nda bulunmakta olup, \u00fczerinde tek y\u0131ld\u0131z 1 \u015fampiyonlar ligi <a href=\"http:\/\/www.fenerbahce.org\/detay.asp?ContentID=28504\" target=\"_blank\" rel=\"noopener\">\u015fampiyonlu\u011fumuzu<\/a> simgelemektedir. Metro Enerji Spor Salonumuz \u015fartlara uygun olmad\u0131\u011f\u0131 i\u00e7in \u015eampiyonlar Ligi ma\u00e7lar\u0131m\u0131z\u0131 <a href=\"http:\/\/www.istanbulsporenvanteri.com\/tr\/tesisler\/tesisler-2\/burhan-felek-voleybol-salonu-593.html\" target=\"_blank\" rel=\"noopener\">Burhan Felek Voleybol Salonunda<\/a> oynayaca\u011f\u0131z. CEV Bayanlar \u015eampiyonlar Ligi D\u00f6rtl\u00fc Finalleri 5-6 May\u0131s tarihlerinde Romanya&#8217;n\u0131n B\u00fckre\u015f kentinde Alba Blaj&#8217;\u0131n ev sahipli\u011finde\u00a0 d\u00fczenlendi.<\/p>\n<p><a href=\"http:\/\/www.cev.lu\/Competition-Area\/CompetitionView.aspx?ID=1036\" target=\"_blank\" rel=\"noopener\">\u015eampiyonlar Ligi Ma\u00e7 Takvimi ve Puan Durumu<\/a><\/p>\n<p>&nbsp;<\/p>\n\n\t\t<style type=\"text\/css\">\n\t\t\t#gallery-1 {\n\t\t\t\tmargin: auto;\n\t\t\t}\n\t\t\t#gallery-1 .gallery-item {\n\t\t\t\tfloat: left;\n\t\t\t\tmargin-top: 10px;\n\t\t\t\ttext-align: center;\n\t\t\t\twidth: 33%;\n\t\t\t}\n\t\t\t#gallery-1 img {\n\t\t\t\tborder: 2px solid #cfcfcf;\n\t\t\t}\n\t\t\t#gallery-1 .gallery-caption {\n\t\t\t\tmargin-left: 0;\n\t\t\t}\n\t\t\t\/* see gallery_shortcode() in wp-includes\/media.php *\/\n\t\t<\/style>\n\t\t<div data-carousel-extra='{&quot;blog_id&quot;:1,&quot;permalink&quot;:&quot;https:\/\/sarimelekler.biz\/?page_id=5166&quot;}' id='gallery-1' class='gallery galleryid-5166 gallery-columns-3 gallery-size-thumbnail'><dl class='gallery-item'>\n\t\t\t<dt class='gallery-icon landscape'>\n\t\t\t\t<a href='https:\/\/sarimelekler.biz\/?attachment_id=2603'><img loading=\"lazy\" decoding=\"async\" width=\"150\" height=\"150\" src=\"https:\/\/sarimelekler.biz\/wp-content\/uploads\/2017\/02\/CkzPqtsB-150x150.jpg\" class=\"attachment-thumbnail size-thumbnail\" alt=\"\" aria-describedby=\"gallery-1-2603\" srcset=\"https:\/\/sarimelekler.biz\/wp-content\/uploads\/2017\/02\/CkzPqtsB-150x150.jpg 150w, https:\/\/sarimelekler.biz\/wp-content\/uploads\/2017\/02\/CkzPqtsB-300x300.jpg 300w, https:\/\/sarimelekler.biz\/wp-content\/uploads\/2017\/02\/CkzPqtsB.jpg 512w\" sizes=\"auto, (max-width: 150px) 100vw, 150px\" data-attachment-id=\"2603\" data-permalink=\"https:\/\/sarimelekler.biz\/?attachment_id=2603\" data-orig-file=\"https:\/\/sarimelekler.biz\/wp-content\/uploads\/2017\/02\/CkzPqtsB.jpg\" data-orig-size=\"512,512\" data-comments-opened=\"0\" data-image-meta=\"{&quot;aperture&quot;:&quot;0&quot;,&quot;credit&quot;:&quot;&quot;,&quot;camera&quot;:&quot;&quot;,&quot;caption&quot;:&quot;&quot;,&quot;created_timestamp&quot;:&quot;0&quot;,&quot;copyright&quot;:&quot;&quot;,&quot;focal_length&quot;:&quot;0&quot;,&quot;iso&quot;:&quot;0&quot;,&quot;shutter_speed&quot;:&quot;0&quot;,&quot;title&quot;:&quot;&quot;,&quot;orientation&quot;:&quot;0&quot;}\" data-image-title=\"CEV logo\" data-image-description=\"\" data-image-caption=\"&lt;p&gt;CEV logo&lt;\/p&gt;\n\" data-large-file=\"https:\/\/sarimelekler.biz\/wp-content\/uploads\/2017\/02\/CkzPqtsB.jpg\" \/><\/a>\n\t\t\t<\/dt>\n\t\t\t\t<dd class='wp-caption-text gallery-caption' id='gallery-1-2603'>\n\t\t\t\tCEV logo\n\t\t\t\t<\/dd><\/dl><dl class='gallery-item'>\n\t\t\t<dt class='gallery-icon portrait'>\n\t\t\t\t<a href='https:\/\/sarimelekler.biz\/?attachment_id=2605'><img loading=\"lazy\" decoding=\"async\" width=\"150\" height=\"150\" src=\"https:\/\/sarimelekler.biz\/wp-content\/uploads\/2017\/02\/top-150x150.jpg\" class=\"attachment-thumbnail size-thumbnail\" alt=\"\" aria-describedby=\"gallery-1-2605\" data-attachment-id=\"2605\" data-permalink=\"https:\/\/sarimelekler.biz\/?attachment_id=2605\" data-orig-file=\"https:\/\/sarimelekler.biz\/wp-content\/uploads\/2017\/02\/top.jpg\" data-orig-size=\"621,677\" data-comments-opened=\"0\" data-image-meta=\"{&quot;aperture&quot;:&quot;0&quot;,&quot;credit&quot;:&quot;&quot;,&quot;camera&quot;:&quot;&quot;,&quot;caption&quot;:&quot;&quot;,&quot;created_timestamp&quot;:&quot;0&quot;,&quot;copyright&quot;:&quot;&quot;,&quot;focal_length&quot;:&quot;0&quot;,&quot;iso&quot;:&quot;0&quot;,&quot;shutter_speed&quot;:&quot;0&quot;,&quot;title&quot;:&quot;&quot;,&quot;orientation&quot;:&quot;0&quot;}\" data-image-title=\"\u015eampiyonlar Ligi Topu\" data-image-description=\"\" data-image-caption=\"&lt;p&gt;\u015eampiyonlar Ligi Topu&lt;\/p&gt;\n\" data-large-file=\"https:\/\/sarimelekler.biz\/wp-content\/uploads\/2017\/02\/top.jpg\" \/><\/a>\n\t\t\t<\/dt>\n\t\t\t\t<dd class='wp-caption-text gallery-caption' id='gallery-1-2605'>\n\t\t\t\t\u015eampiyonlar Ligi Topu\n\t\t\t\t<\/dd><\/dl><dl class='gallery-item'>\n\t\t\t<dt class='gallery-icon portrait'>\n\t\t\t\t<a href='https:\/\/sarimelekler.biz\/?attachment_id=5172'><img loading=\"lazy\" decoding=\"async\" width=\"150\" height=\"150\" src=\"https:\/\/sarimelekler.biz\/wp-content\/uploads\/2017\/12\/Y\u0131ld\u0131z-150x150.png\" class=\"attachment-thumbnail size-thumbnail\" alt=\"\" aria-describedby=\"gallery-1-5172\" data-attachment-id=\"5172\" data-permalink=\"https:\/\/sarimelekler.biz\/?attachment_id=5172\" data-orig-file=\"https:\/\/sarimelekler.biz\/wp-content\/uploads\/2017\/12\/Y\u0131ld\u0131z.png\" data-orig-size=\"2253,2445\" data-comments-opened=\"0\" data-image-meta=\"{&quot;aperture&quot;:&quot;0&quot;,&quot;credit&quot;:&quot;&quot;,&quot;camera&quot;:&quot;&quot;,&quot;caption&quot;:&quot;&quot;,&quot;created_timestamp&quot;:&quot;0&quot;,&quot;copyright&quot;:&quot;&quot;,&quot;focal_length&quot;:&quot;0&quot;,&quot;iso&quot;:&quot;0&quot;,&quot;shutter_speed&quot;:&quot;0&quot;,&quot;title&quot;:&quot;&quot;,&quot;orientation&quot;:&quot;0&quot;}\" data-image-title=\"Y\u0131ld\u0131z\" data-image-description=\"\" data-image-caption=\"&lt;p&gt;Eda Forma Y\u0131ld\u0131z &amp;#8211; Logo&lt;\/p&gt;\n\" data-large-file=\"https:\/\/sarimelekler.biz\/wp-content\/uploads\/2017\/12\/Y\u0131ld\u0131z-944x1024.png\" \/><\/a>\n\t\t\t<\/dt>\n\t\t\t\t<dd class='wp-caption-text gallery-caption' id='gallery-1-5172'>\n\t\t\t\tEda Forma Y\u0131ld\u0131z &#8211; Logo\n\t\t\t\t<\/dd><\/dl><br style=\"clear: both\" \/>\n\t\t<\/div>\n\n<p><a href=\"https:\/\/sarimelekler.biz\/?cat=1\" target=\"_blank\" rel=\"noopener\">Haber Kategorisi T\u00fcm Yaz\u0131lar<\/a><\/p>\n<p>1.Hafta 12.12.2017<br \/>\nAgel Prostejov:1 \u2013 Fenerbah\u00e7e:3<br \/>\n25 &#8211; 20, 14 &#8211; 25, 18 &#8211; 25, 21 &#8211; 25<br \/>\n<a href=\"https:\/\/sarimelekler.biz\/?p=5179\" target=\"_blank\" rel=\"noopener\">Sitemiz Ma\u00e7 Yaz\u0131s\u0131<\/a><br \/>\n<a href=\"http:\/\/www.cev.lu\/Competition-Area\/MatchPage.aspx?mID=30763&amp;ID=1036&amp;CID=5950&amp;PID=1563&amp;type=LegList\" target=\"_blank\" rel=\"noopener\">CEV<\/a><br \/>\n<a href=\"http:\/\/www.fenerbahce.org\/detay.asp?ContentID=58372\" target=\"_blank\" rel=\"noopener\">FB SK<\/a><\/p>\n<p>2.Hafta 11.01.2018<br \/>\nFenerbah\u00e7e:2 \u2013 Igor Gorgonzola Novara:3<br \/>\n26 \u2013 24, 25 \u2013 19, 22 \u2013 25, 19 \u2013 25, 6 \u2013 15<br \/>\n<a href=\"https:\/\/sarimelekler.biz\/?p=5571\" target=\"_blank\" rel=\"noopener\">Sitemiz Ma\u00e7 Yaz\u0131s\u0131<\/a><br \/>\n<a href=\"http:\/\/www.cev.lu\/Competition-Area\/MatchStatistics.aspx?ID=30765\" target=\"_blank\" rel=\"noopener\">CEV<\/a><br \/>\n<a href=\"http:\/\/fenerbahce.org\/detay.asp?ContentID=58751\" target=\"_blank\" rel=\"noopener\">FB SK<\/a><\/p>\n<p>3.Hafta 25.01.2018<br \/>\nFenerbah\u00e7e:2 \u2013 Imoco Volley Conegliano:3<br \/>\n25 \u2013 21, 27 \u2013 25, 15 \u2013 25, 17 \u2013 25, 10 \u2013 15<br \/>\n<a href=\"https:\/\/sarimelekler.biz\/?p=5729\" target=\"_blank\" rel=\"noopener\">Sitemiz Ma\u00e7 Yaz\u0131s\u0131<\/a><br \/>\n<a href=\"http:\/\/www.cev.lu\/Competition-Area\/MatchStatistics.aspx?ID=30768\" target=\"_blank\" rel=\"noopener\">CEV<\/a><br \/>\n<a href=\"http:\/\/fenerbahce.org\/detay.asp?ContentID=58953\" target=\"_blank\" rel=\"noopener\">FB SK<\/a><\/p>\n<p>4.Hafta 07.02.2018<br \/>\nImoco Volley Conegliano:3 \u2013 Fenerbah\u00e7e:2<br \/>\n20 \u2013 25, 18 \u2013 25, 25 \u2013 18, 25 \u2013 22, 15 \u2013 11<br \/>\n<a href=\"https:\/\/sarimelekler.biz\/?p=5848\" target=\"_blank\" rel=\"noopener\">Sitemiz Ma\u00e7 Yaz\u0131s\u0131<\/a><br \/>\n<a href=\"http:\/\/www.cev.lu\/Competition-Area\/MatchStatistics.aspx?ID=30770\" target=\"_blank\" rel=\"noopener\">CEV<\/a><br \/>\n<a href=\"http:\/\/fenerbahce.org\/detay.asp?ContentID=59146\" target=\"_blank\" rel=\"noopener\">FB SK<\/a><\/p>\n<p>5.Hafta 22.02.2018<br \/>\nIgor Gorgonzola Novara:3 \u2013 Fenerbah\u00e7e:0<br \/>\n25 \u2013 23, 25 \u2013 18, 25 \u2013 13<br \/>\n<a href=\"https:\/\/sarimelekler.biz\/?p=5964\" target=\"_blank\" rel=\"noopener\">Sitemiz Ma\u00e7 Yaz\u0131s\u0131<\/a><br \/>\n<a href=\"https:\/\/www.cev.eu\/Competition-Area\/MatchStatistics.aspx?ID=30772\" target=\"_blank\" rel=\"noopener\">CEV<\/a><br \/>\n<a href=\"https:\/\/www.fenerbahce.org\/detay.asp?ContentID=59310\" target=\"_blank\" rel=\"noopener\">FB SK<\/a><\/p>\n<p>6.Hafta 27.02.2018<br \/>\nFenerbah\u00e7e:3 \u2013 Agel Prostejov:1<br \/>\n25 \u2013 23, 23 \u2013 25, 25 \u2013 13, 25 \u2013 10<br \/>\n<a href=\"https:\/\/sarimelekler.biz\/?p=6017\" target=\"_blank\" rel=\"noopener\">Sitemiz Ma\u00e7 Yaz\u0131s\u0131<\/a><br \/>\n<a href=\"https:\/\/www.cev.eu\/Competition-Area\/MatchStatistics.aspx?ID=30773\" target=\"_blank\" rel=\"noopener\">CEV<\/a><br \/>\n<a href=\"https:\/\/www.fenerbahce.org\/detay.asp?ContentID=59374\" target=\"_blank\" rel=\"noopener\">FB SK<\/a><\/p>\n\n\t\t<style type=\"text\/css\">\n\t\t\t#gallery-2 {\n\t\t\t\tmargin: auto;\n\t\t\t}\n\t\t\t#gallery-2 .gallery-item {\n\t\t\t\tfloat: left;\n\t\t\t\tmargin-top: 10px;\n\t\t\t\ttext-align: center;\n\t\t\t\twidth: 100%;\n\t\t\t}\n\t\t\t#gallery-2 img {\n\t\t\t\tborder: 2px solid #cfcfcf;\n\t\t\t}\n\t\t\t#gallery-2 .gallery-caption {\n\t\t\t\tmargin-left: 0;\n\t\t\t}\n\t\t\t\/* see gallery_shortcode() in wp-includes\/media.php *\/\n\t\t<\/style>\n\t\t<div data-carousel-extra='{&quot;blog_id&quot;:1,&quot;permalink&quot;:&quot;https:\/\/sarimelekler.biz\/?page_id=5166&quot;}' id='gallery-2' class='gallery galleryid-5166 gallery-columns-1 gallery-size-large'><dl class='gallery-item'>\n\t\t\t<dt class='gallery-icon landscape'>\n\t\t\t\t<a href='https:\/\/sarimelekler.biz\/?attachment_id=7505'><img loading=\"lazy\" decoding=\"async\" width=\"860\" height=\"134\" src=\"https:\/\/sarimelekler.biz\/wp-content\/uploads\/2018\/11\/2017-2018-Cev-Puan-durumu.jpg\" class=\"attachment-large size-large\" alt=\"\" srcset=\"https:\/\/sarimelekler.biz\/wp-content\/uploads\/2018\/11\/2017-2018-Cev-Puan-durumu.jpg 961w, https:\/\/sarimelekler.biz\/wp-content\/uploads\/2018\/11\/2017-2018-Cev-Puan-durumu-300x47.jpg 300w, https:\/\/sarimelekler.biz\/wp-content\/uploads\/2018\/11\/2017-2018-Cev-Puan-durumu-768x120.jpg 768w, https:\/\/sarimelekler.biz\/wp-content\/uploads\/2018\/11\/2017-2018-Cev-Puan-durumu-150x23.jpg 150w\" sizes=\"auto, (max-width: 860px) 100vw, 860px\" data-attachment-id=\"7505\" data-permalink=\"https:\/\/sarimelekler.biz\/?attachment_id=7505\" data-orig-file=\"https:\/\/sarimelekler.biz\/wp-content\/uploads\/2018\/11\/2017-2018-Cev-Puan-durumu.jpg\" data-orig-size=\"961,150\" data-comments-opened=\"0\" data-image-meta=\"{&quot;aperture&quot;:&quot;0&quot;,&quot;credit&quot;:&quot;&quot;,&quot;camera&quot;:&quot;&quot;,&quot;caption&quot;:&quot;&quot;,&quot;created_timestamp&quot;:&quot;0&quot;,&quot;copyright&quot;:&quot;&quot;,&quot;focal_length&quot;:&quot;0&quot;,&quot;iso&quot;:&quot;0&quot;,&quot;shutter_speed&quot;:&quot;0&quot;,&quot;title&quot;:&quot;&quot;,&quot;orientation&quot;:&quot;0&quot;}\" data-image-title=\"2017-2018 Cev Puan durumu\" data-image-description=\"\" data-image-caption=\"\" data-large-file=\"https:\/\/sarimelekler.biz\/wp-content\/uploads\/2018\/11\/2017-2018-Cev-Puan-durumu.jpg\" \/><\/a>\n\t\t\t<\/dt><\/dl><br style=\"clear: both\" \/>\n\t\t<\/div>\n\n<p><strong>Kaynaklar<\/strong><br \/>\n<strong><a href=\"http:\/\/www.cev.lu\/\" target=\"_blank\" rel=\"noopener\">CEV:<\/a>\u00a0<\/strong>Avrupa Voleybol Federasyonu \u015eampiyonlar Ligi \u0130statistik sayfalar\u0131d\u0131r.<br \/>\n<strong><a href=\"http:\/\/www.fenerbahce.org\/index.asp\" target=\"_blank\" rel=\"noopener\">FB SK:<\/a><\/strong>\u00a0Fenerbah\u00e7e Spor Kul\u00fcb\u00fc Resmi \u0130nternet Sitesi Ma\u00e7 Yaz\u0131lar\u0131 Sayfalar\u0131d\u0131r.<\/p>\n","protected":false},"excerpt":{"rendered":"<p>2018 Cev \u015eampiyonlar ligine Fenerbah\u00e7e Bayan Voleybol tak\u0131m\u0131m\u0131z 2016 \u2013 \u2026 <a class=\"continue-reading-link\" href=\"https:\/\/sarimelekler.biz\/?page_id=5166\">Okumaya Devam Et.. <span class=\"meta-nav\">&rarr; <\/span><\/a><\/p>\n","protected":false},"author":1,"featured_media":0,"parent":5102,"menu_order":2,"comment_status":"closed","ping_status":"closed","template":"","meta":{"_mc_calendar":[],"footnotes":""},"class_list":["post-5166","page","type-page","status-publish","hentry"],"jetpack_sharing_enabled":true,"jetpack_shortlink":"https:\/\/wp.me\/P8npUZ-1lk","jetpack-related-posts":[{"id":2561,"url":"https:\/\/sarimelekler.biz\/?page_id=2561","url_meta":{"origin":5166,"position":0},"title":"\u015eampiyonlar Ligi","author":"Edit\u00f6r","date":"15 \u015eubat 2017","format":false,"excerpt":"CEV \u015eAMP\u0130YONLAR L\u0130G\u0130 \u00a0 2017 Cev \u015eampiyonlar ligini Fenerbah\u00e7e Bayan Voleybol tak\u0131m\u0131m\u0131z 2015 \u2013 2016 sezonunu T\u00fcrkiye Ligini ikinci s\u0131rada bitirdi\u011fi i\u00e7in \u00f6n eleme oynamadan direk kat\u0131ld\u0131. \u015eampiyonlar liginde Fenerbah\u00e7emiz Azerbaycan\u2019\u0131n \u201cAzerrail BAK\u00dc\u201d, Fransa\u2019n\u0131n \u201cST-RAPHA\u00cbL Var VB\u201d ve Polonya\u2019n\u0131n \u201cTauron MKS D\u0104BROWA G\u00d3RNICZA\u201d tak\u0131lar\u0131yla C grubunda e\u015fle\u015fti. CEV \u015eampiyonlar Ligi\u2019nde\u2026","rel":"","context":"Benzer yaz\u0131","block_context":{"text":"Benzer yaz\u0131","link":""},"img":{"alt_text":"","src":"https:\/\/i0.wp.com\/sarimelekler.biz\/wp-content\/uploads\/2017\/02\/CkzPqtsB-150x150.jpg?resize=350%2C200&ssl=1","width":350,"height":200},"classes":[]},{"id":7498,"url":"https:\/\/sarimelekler.biz\/?page_id=7498","url_meta":{"origin":5166,"position":1},"title":"\u015eampiyonlar Ligi","author":"Edit\u00f6r","date":"21 Kas\u0131m 2018","format":false,"excerpt":"2019 Cev \u015eampiyonlar ligine Fenerbah\u00e7e Bayan Voleybol tak\u0131m\u0131m\u0131z 2017 \u2013 2018 sezonunu \u00fc\u00e7\u00fcnc\u00fc bitirdi\u011fi i\u00e7in \u00f6n eleme oynama hakk\u0131 kazanm\u0131\u015ft\u0131. Ancak CEV taraf\u0131ndan yap\u0131lan sistem de\u011fi\u015fikli\u011fi ile beraber tak\u0131m\u0131m\u0131z \u00f6n eleme oynamadan \u015eampiyonlar Ligine direk kat\u0131ld\u0131. Tak\u0131m\u0131m\u0131z \u015eampiyonlar liginde E Grubu\u2019nda Rusya\u2019dan Dinamo Moskova, Polonya'dan Chemik Police ve Romanya'dan CSM\u2026","rel":"","context":"Benzer yaz\u0131","block_context":{"text":"Benzer yaz\u0131","link":""},"img":{"alt_text":"","src":"https:\/\/i0.wp.com\/sarimelekler.biz\/wp-content\/uploads\/2017\/02\/CkzPqtsB-150x150.jpg?resize=350%2C200&ssl=1","width":350,"height":200},"classes":[]},{"id":13646,"url":"https:\/\/sarimelekler.biz\/?page_id=13646","url_meta":{"origin":5166,"position":2},"title":"\u015eampiyonlar Ligi","author":"Edit\u00f6r","date":"20 Temmuz 2020","format":false,"excerpt":"Fenerbah\u00e7e Kad\u0131n Voleybol tak\u0131m\u0131m\u0131z 2018 \u2013 2019 sezonunu \u00fc\u00e7\u00fcnc\u00fc bitirdi\u011fi i\u00e7in 2019-2020 Cev \u015eampiyonlar ligine kat\u0131l\u0131m hakk\u0131 kazand\u0131. Tak\u0131m\u0131m\u0131z \u015eampiyonlar ligi A Grubu\u2019nda Eczac\u0131ba\u015f\u0131 Vitra, Budowlani Lodz (Polonya) ve Salo (Finalndiya) ile e\u015fle\u015fti. CEV \u015eampiyonlar Ligi\u2019nde kad\u0131nlarda grup ma\u00e7lar\u0131, 19.11.2019 \u2013 18.02.2020, \u00e7eyrek finaller 03-12 Mart 2020, yar\u0131 finaller 24\u2026","rel":"","context":"Benzer yaz\u0131","block_context":{"text":"Benzer yaz\u0131","link":""},"img":{"alt_text":"","src":"https:\/\/i0.wp.com\/sarimelekler.biz\/wp-content\/uploads\/2017\/12\/Y%C4%B1ld%C4%B1z-150x150.png?resize=350%2C200&ssl=1","width":350,"height":200,"srcset":"https:\/\/i0.wp.com\/sarimelekler.biz\/wp-content\/uploads\/2017\/12\/Y%C4%B1ld%C4%B1z-150x150.png?resize=350%2C200&ssl=1 1x, https:\/\/i0.wp.com\/sarimelekler.biz\/wp-content\/uploads\/2017\/12\/Y%C4%B1ld%C4%B1z-150x150.png?resize=525%2C300&ssl=1 1.5x, https:\/\/i0.wp.com\/sarimelekler.biz\/wp-content\/uploads\/2017\/12\/Y%C4%B1ld%C4%B1z-150x150.png?resize=700%2C400&ssl=1 2x, https:\/\/i0.wp.com\/sarimelekler.biz\/wp-content\/uploads\/2017\/12\/Y%C4%B1ld%C4%B1z-150x150.png?resize=1050%2C600&ssl=1 3x, https:\/\/i0.wp.com\/sarimelekler.biz\/wp-content\/uploads\/2017\/12\/Y%C4%B1ld%C4%B1z-150x150.png?resize=1400%2C800&ssl=1 4x"},"classes":[]},{"id":50,"url":"https:\/\/sarimelekler.biz\/?page_id=50","url_meta":{"origin":5166,"position":3},"title":"2015-2016","author":"Edit\u00f6r","date":"4 \u015eubat 2017","format":false,"excerpt":"2014 \u2013 2015 sezonunu 2 kupayla kapatan tak\u0131m\u0131m\u0131z transfer sezonunda \u00a0Madelayne Montano Caicedo, Christina Bauer, Kristin Lynn Hildebrand, Eleonora Lo Bianco, Elif \u00d6ner ve G\u00f6k\u00e7en Denkel ile yollar\u0131n\u0131 ay\u0131rd\u0131. \u00c7i\u011fdem Can Rasna\u2019da kendi iste\u011fiyle tak\u0131m menajerli\u011fini b\u0131rakt\u0131. Transfer sezonunda tak\u0131m\u0131m\u0131z S\u0131rp sma\u00e7\u00f6r Brankica Mihajlovi\u0107, Amerikal\u0131 orta oyuncu Christa Harmotto Dietzen,\u2026","rel":"","context":"Benzer yaz\u0131","block_context":{"text":"Benzer yaz\u0131","link":""},"img":{"alt_text":"","src":"","width":0,"height":0},"classes":[]},{"id":18774,"url":"https:\/\/sarimelekler.biz\/?page_id=18774","url_meta":{"origin":5166,"position":4},"title":"\u015eampiyonlar Ligi","author":"Edit\u00f6r","date":"7 \u015eubat 2023","format":false,"excerpt":"\u00a0 Avrupa\u2019n\u0131n kul\u00fcpler d\u00fczeyindeki en prestijli organizasyonu olan CEV \u015eampiyonlar Ligi\u2019nde \u00fclkemizi kad\u0131nlarda temsil edecek olan Fenerbah\u00e7e Opet Kad\u0131n Voleybol Tak\u0131m\u0131m\u0131z, 20 tak\u0131m\u0131n m\u00fccadele edece\u011fi 2023 CEV \u015eampiyonlar Ligi\u2019nde D Grubunda yer ald\u0131. Tak\u0131m\u0131m\u0131z\u0131n grup a\u015famas\u0131ndaki rakipleri; Polonya\u2019dan LKS Commercecon Lodz, Almanya\u2019dan Allianz MTV Stuttgart ve Elemelerden gelen \u0130spanyol temsilcisi\u2026","rel":"","context":"Benzer yaz\u0131","block_context":{"text":"Benzer yaz\u0131","link":""},"img":{"alt_text":"","src":"https:\/\/i0.wp.com\/sarimelekler.biz\/wp-content\/uploads\/2023\/02\/Cev-2023-Logo-286x300.jpg?resize=350%2C200&ssl=1","width":350,"height":200,"srcset":"https:\/\/i0.wp.com\/sarimelekler.biz\/wp-content\/uploads\/2023\/02\/Cev-2023-Logo-286x300.jpg?resize=350%2C200&ssl=1 1x, https:\/\/i0.wp.com\/sarimelekler.biz\/wp-content\/uploads\/2023\/02\/Cev-2023-Logo-286x300.jpg?resize=525%2C300&ssl=1 1.5x, https:\/\/i0.wp.com\/sarimelekler.biz\/wp-content\/uploads\/2023\/02\/Cev-2023-Logo-286x300.jpg?resize=700%2C400&ssl=1 2x"},"classes":[]},{"id":8,"url":"https:\/\/sarimelekler.biz\/?page_id=8","url_meta":{"origin":5166,"position":5},"title":"2009-2010","author":"Edit\u00f6r","date":"3 \u015eubat 2017","format":false,"excerpt":"Fenerbah\u00e7e Bayan Voleybol tak\u0131m\u0131m\u0131z 2008 \u2013 2009 sezonunu T\u00fcrkiye liginde \u015eampiyon Cev Avrupa kupas\u0131n\u0131 ise 3. olarak tamamlad\u0131ktan sonra hedeflerini daha yukar\u0131 \u00e7ekerek Ac\u0131badem isim sponsorlu\u011funda kadro yap\u0131s\u0131nda de\u011fi\u015fikli\u011fe gitti. Kadromuzda bulunan Marina Tumas, Valeriya Korotenko, Oksana Parkhomenko, Anja Spasojevic, Vesna Tomasevic, Necla G\u00fc\u00e7l\u00fc Esepa\u015fa, Nisa Kuliyeva, Fatma Duygu Sipaho\u011flu\u2026","rel":"","context":"Benzer yaz\u0131","block_context":{"text":"Benzer yaz\u0131","link":""},"img":{"alt_text":"","src":"","width":0,"height":0},"classes":[]}],"_links":{"self":[{"href":"https:\/\/sarimelekler.biz\/index.php?rest_route=\/wp\/v2\/pages\/5166","targetHints":{"allow":["GET"]}}],"collection":[{"href":"https:\/\/sarimelekler.biz\/index.php?rest_route=\/wp\/v2\/pages"}],"about":[{"href":"https:\/\/sarimelekler.biz\/index.php?rest_route=\/wp\/v2\/types\/page"}],"author":[{"embeddable":true,"href":"https:\/\/sarimelekler.biz\/index.php?rest_route=\/wp\/v2\/users\/1"}],"replies":[{"embeddable":true,"href":"https:\/\/sarimelekler.biz\/index.php?rest_route=%2Fwp%2Fv2%2Fcomments&post=5166"}],"version-history":[{"count":16,"href":"https:\/\/sarimelekler.biz\/index.php?rest_route=\/wp\/v2\/pages\/5166\/revisions"}],"predecessor-version":[{"id":7509,"href":"https:\/\/sarimelekler.biz\/index.php?rest_route=\/wp\/v2\/pages\/5166\/revisions\/7509"}],"up":[{"embeddable":true,"href":"https:\/\/sarimelekler.biz\/index.php?rest_route=\/wp\/v2\/pages\/5102"}],"wp:attachment":[{"href":"https:\/\/sarimelekler.biz\/index.php?rest_route=%2Fwp%2Fv2%2Fmedia&parent=5166"}],"curies":[{"name":"wp","href":"https:\/\/api.w.org\/{rel}","templated":true}]}}