{"id":5236,"date":"2017-12-21T21:19:31","date_gmt":"2017-12-21T19:19:31","guid":{"rendered":"http:\/\/sarimelekler.biz\/?page_id=5236"},"modified":"2018-01-10T16:26:48","modified_gmt":"2018-01-10T14:26:48","slug":"turkiye-kupasi","status":"publish","type":"page","link":"https:\/\/sarimelekler.biz\/?page_id=5236","title":{"rendered":"T\u00fcrkiye Kupas\u0131 (Kupa Voley)"},"content":{"rendered":"<p style=\"text-align: justify;\">2017 \u2013 2018 sezonunda T\u00fcrkiye Kupas\u0131 \u201cKupa Voley\u201d ismiyle d\u00fczenlenmi\u015ftir. Vestel Venus Sultanlar Ligi\u2019nde 1. Yar\u0131 kar\u015f\u0131la\u015fmalar\u0131n\u0131n sona ermesinin ard\u0131ndan, s\u0131ralamada 5 ile 12\u2019nci s\u0131ra aras\u0131nda yer alan sekiz tak\u0131m 16.12.2017 ve 19.12.2017 tarihlerinde iki kar\u015f\u0131la\u015fma \u00fczerinden birbiriyle kendi sahalar\u0131nda kar\u015f\u0131la\u015fm\u0131\u015f buradan turu ge\u00e7en 4 tak\u0131mla lig s\u0131ralamas\u0131nda ilk 4 s\u0131rada olan tak\u0131mlar 22-23-24\/12\/2017 tarihlerinde Ankara Ba\u015fkent Spor Salonu\u2019nda kar\u015f\u0131la\u015ft\u0131. Sar\u0131 Melekler \u00c7eyrek Finalde Seramiksan tak\u0131m\u0131n\u0131 3-0 yenerken, Yar\u0131 Finalde Vak\u0131fbank&#8217;a 3-1 yenilerek turnuvadan elendi.<\/p>\n<p><a href=\"https:\/\/sarimelekler.biz\/?cat=13\" target=\"_blank\" rel=\"noopener\">Haber Kategorisi T\u00fcm Yaz\u0131lar<\/a><\/p>\n<p style=\"text-align: justify;\"><strong>1.Tur Ma\u00e7lar\u0131<\/strong><br \/>\n<strong>Nil\u00fcfer Bld.<\/strong> \u2013 Halkbank\u00a0\u00a0\u00a0 : 3-0, 3-0<br \/>\n\u00c7anakkale Bld. \u2013 <strong>Be\u015fikta\u015f<\/strong>: 3-1, 1-3 (Alt\u0131n Set Be\u015fikta\u015f)<br \/>\n\u0130lbank \u2013 <strong>Seramiksan<\/strong>\u00a0 \u00a0 \u00a0 \u00a0 \u00a0: 1-3, 0-3<br \/>\n<strong>Kamero\u011flu Beylikd\u00fcz\u00fc Vol. \u0130ht.<\/strong> \u2013 Bursa B.\u015eehir Bld.: 3-1, 0-3 (Alt\u0131n Set Beylikd\u00fcz\u00fc)<\/p>\n<p style=\"text-align: justify;\"><strong>\u00c7eyrek Final: 22\/12\/2017<\/strong><br \/>\n1-<strong>Galatasaray<\/strong>:3 \u2013 Be\u015fikta\u015f:0\u00a0 \u00a0 \u00a0 \u00a0 \u00a0 \u00a0 \u00a0 \u00a0 \u00a0 \u00a0 \u00a0 \u00a0 \u00a0 \u00a0 \u00a0 \u00a0 \u00a0 Saat:12:00<br \/>\n2-<strong>Vak\u0131fBank<\/strong>:3 \u2013 Kamero\u011flu Beylikd\u00fcz\u00fc Vol.: 0\u00a0 \u00a0 Saat:14:00<br \/>\n3-<strong>Eczac\u0131ba\u015f\u0131 VitrA<\/strong>:3\u2013 Nil\u00fcfer Bld.:0\u00a0 \u00a0 \u00a0 \u00a0 \u00a0 \u00a0 \u00a0 \u00a0 \u00a0 \u00a0 \u00a0Saat:16:30<br \/>\n4-<strong>Fenerbah\u00e7e<\/strong>:3 \u2013 Seramiksan:0\u00a0 \u00a0 \u00a0 \u00a0 \u00a0 \u00a0 \u00a0 \u00a0 \u00a0 \u00a0 \u00a0 \u00a0 \u00a0 \u00a0 \u00a0 Saat:18:30<br \/>\n<a href=\"https:\/\/sarimelekler.biz\/?p=5249\" target=\"_blank\" rel=\"noopener\">Sitemiz Ma\u00e7 Yaz\u0131s\u0131<\/a><br \/>\n<a href=\"http:\/\/fenerbahce.org\/detay.asp?ContentID=58518\" target=\"_blank\" rel=\"noopener\">FB SK<\/a><br \/>\n<a href=\"http:\/\/tvf-web.dataproject.com\/MatchStatistics.aspx?mID=3633&amp;ID=28&amp;CID=77&amp;PID=62&amp;type=LegList\" target=\"_blank\" rel=\"noopener\">TVF<\/a><br \/>\nVideo: Tv Yay\u0131n\u0131 Olmad\u0131.<\/p>\n<p><strong>Yar\u0131 Final: 23\/12\/2017<\/strong><br \/>\nGalatasaray:1 \u2013 <strong>Eczac\u0131ba\u015f\u0131 Vitra<\/strong>:3 Saat:14:00\u00a0 Yay\u0131n TRT Spor<br \/>\nFenerbah\u00e7e:1 \u2013 <strong>Vak\u0131fbank<\/strong>:3\u00a0 \u00a0 \u00a0 \u00a0 \u00a0 \u00a0 Saat:17:00\u00a0 Yay\u0131n TRT T\u00fcrk<br \/>\n<a href=\"https:\/\/sarimelekler.biz\/?p=5275\" target=\"_blank\" rel=\"noopener\">Sitemiz Ma\u00e7 Yaz\u0131s\u0131<\/a><br \/>\n<a href=\"http:\/\/fenerbahce.org\/detay.asp?ContentID=58531\" target=\"_blank\" rel=\"noopener\">FB SK<\/a><br \/>\n<a href=\"http:\/\/tvf-web.dataproject.com\/MatchStatistics.aspx?mID=3635&amp;ID=28&amp;CID=77&amp;PID=62&amp;type=LegList\" target=\"_blank\" rel=\"noopener\">TVF<\/a><br \/>\nVideo: <a href=\"https:\/\/www.youtube.com\/watch?v=Sg6OzazvOUo\" target=\"_blank\" rel=\"noopener\">1<\/a> &#8211; <a href=\"https:\/\/www.youtube.com\/watch?v=IiyjFLor6Eg\" target=\"_blank\" rel=\"noopener\">2<\/a><\/p>\n<p><strong>Final<\/strong> 24\/12\/2017 \u2013 Saat:16:30 TRT Spor<br \/>\nEczac\u0131ba\u015f\u0131 Vitra:0 &#8211; <strong>Vak\u0131fbank<\/strong>:3<\/p>\n","protected":false},"excerpt":{"rendered":"<p>2017 \u2013 2018 sezonunda T\u00fcrkiye Kupas\u0131 \u201cKupa Voley\u201d ismiyle d\u00fczenlenmi\u015ftir. \u2026 <a class=\"continue-reading-link\" href=\"https:\/\/sarimelekler.biz\/?page_id=5236\">Okumaya Devam Et.. <span class=\"meta-nav\">&rarr; <\/span><\/a><\/p>\n","protected":false},"author":1,"featured_media":0,"parent":5102,"menu_order":3,"comment_status":"closed","ping_status":"closed","template":"","meta":{"_mc_calendar":[],"footnotes":""},"class_list":["post-5236","page","type-page","status-publish","hentry"],"jetpack_sharing_enabled":true,"jetpack_shortlink":"https:\/\/wp.me\/P8npUZ-1ms","jetpack-related-posts":[{"id":7553,"url":"https:\/\/sarimelekler.biz\/?page_id=7553","url_meta":{"origin":5236,"position":0},"title":"T\u00fcrkiye Kupas\u0131 (Kupa Voley)","author":"Edit\u00f6r","date":"21 Kas\u0131m 2018","format":false,"excerpt":"2018 \u2013 2019 sezonunda T\u00fcrkiye Kupas\u0131 \u201cAXA Sigorta Kupa Voley\u201d ismiyle d\u00fczenlenmi\u015ftir. Vestel Venus Sultanlar Ligi\u2019nde 1. Yar\u0131 kar\u015f\u0131la\u015fmalar\u0131n\u0131n sona ermesinin ard\u0131ndan, s\u0131ralamada 5 ile 12\u2019nci s\u0131ra aras\u0131nda yer alan sekiz tak\u0131m Avrupa ma\u00e7lar\u0131 fikst\u00fcr\u00fc m\u00fcsaitli\u011fine g\u00f6re 2019 Ocak \u2013 \u015eubat ve Mart aylar\u0131nda iki kar\u015f\u0131la\u015fma \u00fczerinden birbiriyle kendi sahalar\u0131nda\u2026","rel":"","context":"Benzer yaz\u0131","block_context":{"text":"Benzer yaz\u0131","link":""},"img":{"alt_text":"","src":"","width":0,"height":0},"classes":[]},{"id":13727,"url":"https:\/\/sarimelekler.biz\/?page_id=13727","url_meta":{"origin":5236,"position":1},"title":"T\u00fcrkiye Kupas\u0131 (Kupa Voley)","author":"Edit\u00f6r","date":"23 A\u011fustos 2020","format":false,"excerpt":"2019 \u2013 2020 sezonunda T\u00fcrkiye Kupas\u0131 \u201cAXA Sigorta Kupa Voley\u201d ismiyle d\u00fczenlenmi\u015ftir. 2019 \u2013 2020 Voleybol Sezonu Vestel Venus Sultanlar Ligi\u2019nde 1. devre kar\u015f\u0131la\u015fmalar\u0131n\u0131n sona ermesinin ard\u0131ndan, s\u0131ralamada ilk d\u00f6rt s\u0131rada yer alan Eczac\u0131ba\u015f\u0131 VitrA, Vak\u0131fBank, Fenerbah\u00e7e Opet\u00a0ve\u00a0Galatasaray HDI Sigorta\u00a0tak\u0131mlar\u0131, 2019 \u2013 2020 Voleybol Sezonu AXA Sigorta Kupa Voley kad\u0131nlar\u2026","rel":"","context":"Benzer yaz\u0131","block_context":{"text":"Benzer yaz\u0131","link":""},"img":{"alt_text":"","src":"https:\/\/i0.wp.com\/sarimelekler.biz\/wp-content\/uploads\/2019\/05\/18-19-T%C3%BCrkiye-Kupas%C4%B1-1024x730.jpg?resize=350%2C200","width":350,"height":200,"srcset":"https:\/\/i0.wp.com\/sarimelekler.biz\/wp-content\/uploads\/2019\/05\/18-19-T%C3%BCrkiye-Kupas%C4%B1-1024x730.jpg?resize=350%2C200 1x, https:\/\/i0.wp.com\/sarimelekler.biz\/wp-content\/uploads\/2019\/05\/18-19-T%C3%BCrkiye-Kupas%C4%B1-1024x730.jpg?resize=525%2C300 1.5x, https:\/\/i0.wp.com\/sarimelekler.biz\/wp-content\/uploads\/2019\/05\/18-19-T%C3%BCrkiye-Kupas%C4%B1-1024x730.jpg?resize=700%2C400 2x"},"classes":[]},{"id":13761,"url":"https:\/\/sarimelekler.biz\/?page_id=13761","url_meta":{"origin":5236,"position":2},"title":"T\u00fcrkiye Kupas\u0131 (Kupa Voley)","author":"Edit\u00f6r","date":"24 A\u011fustos 2020","format":false,"excerpt":"2019-2020 sezonu 22 haftal\u0131k normal sezon s\u0131ralamas\u0131 ve 1.Lig Yar\u0131 Final gruplar\u0131 1 ve 2.\u2019leri 4\u2019erli 4 gruba ayr\u0131l\u0131r. Gruptaki tak\u0131mlar Federasyonca belirlenen illerde tek devreli lig usul\u00fc turnuva ma\u00e7lar\u0131 oynarlar, Grup ma\u00e7lar\u0131 sonunda Gruplar\u0131nda 1. ve 2. olanlar \u00c7eyrek Finale y\u00fckselir. Gruplar\u0131n 1.\u00a0 ve\u00a0 2.\u2019leri\u00a0 toplam\u00a0 8\u00a0 tak\u0131m e\u015fle\u015ferek\u2026","rel":"","context":"Benzer yaz\u0131","block_context":{"text":"Benzer yaz\u0131","link":""},"img":{"alt_text":"","src":"https:\/\/i0.wp.com\/sarimelekler.biz\/wp-content\/uploads\/2020\/08\/kupa-volley.png?resize=350%2C200&ssl=1","width":350,"height":200,"srcset":"https:\/\/i0.wp.com\/sarimelekler.biz\/wp-content\/uploads\/2020\/08\/kupa-volley.png?resize=350%2C200&ssl=1 1x, https:\/\/i0.wp.com\/sarimelekler.biz\/wp-content\/uploads\/2020\/08\/kupa-volley.png?resize=525%2C300&ssl=1 1.5x"},"classes":[]},{"id":16187,"url":"https:\/\/sarimelekler.biz\/?page_id=16187","url_meta":{"origin":5236,"position":3},"title":"T\u00fcrkiye Kupas\u0131 (Kupa Voley)","author":"Edit\u00f6r","date":"7 Ekim 2021","format":false,"excerpt":"\u00a0 2021 \u2013 2022 T\u00fcrkiye Kupas\u0131 \u201cAxa Sigorta Kupa Voley\u201d ismi alt\u0131nda d\u00fczenlenmi\u015ftir. Axa Sigorta Kupa Voley m\u00fcsabakalar\u0131 2021-2022 sezonunda Sultanlar liginde bulunan 14 tak\u0131mla oynanacakt\u0131r. 2020-2021 sezon s\u0131ralamas\u0131na g\u00f6re (1. Vak\u0131fbank, 2.Fenerbah\u00e7e Opet hari\u00e7) di\u011fer tak\u0131mlar serpantin usul\u00fcne g\u00f6re 4\u2019erli 3 gruba ayr\u0131l\u0131r. Gruptaki tak\u0131mlar Federasyonca belirlenen illerde tek\u2026","rel":"","context":"Benzer yaz\u0131","block_context":{"text":"Benzer yaz\u0131","link":""},"img":{"alt_text":"","src":"https:\/\/i0.wp.com\/sarimelekler.biz\/wp-content\/uploads\/2022\/04\/03-21-22-TK-9.jpg?resize=350%2C200&ssl=1","width":350,"height":200,"srcset":"https:\/\/i0.wp.com\/sarimelekler.biz\/wp-content\/uploads\/2022\/04\/03-21-22-TK-9.jpg?resize=350%2C200&ssl=1 1x, https:\/\/i0.wp.com\/sarimelekler.biz\/wp-content\/uploads\/2022\/04\/03-21-22-TK-9.jpg?resize=525%2C300&ssl=1 1.5x, https:\/\/i0.wp.com\/sarimelekler.biz\/wp-content\/uploads\/2022\/04\/03-21-22-TK-9.jpg?resize=700%2C400&ssl=1 2x, https:\/\/i0.wp.com\/sarimelekler.biz\/wp-content\/uploads\/2022\/04\/03-21-22-TK-9.jpg?resize=1050%2C600&ssl=1 3x, https:\/\/i0.wp.com\/sarimelekler.biz\/wp-content\/uploads\/2022\/04\/03-21-22-TK-9.jpg?resize=1400%2C800&ssl=1 4x"},"classes":[]},{"id":2282,"url":"https:\/\/sarimelekler.biz\/?page_id=2282","url_meta":{"origin":5236,"position":4},"title":"T\u00fcrkiye Kupas\u0131 \u015eampiyonlu\u011fu","author":"Edit\u00f6r","date":"12 \u015eubat 2017","format":false,"excerpt":"2016 \u2013 2017 sezonunda T\u00fcrkiye Kupas\u0131 \u201cKupa Voley\u201d ismiyle 15-16-17\/01\/2017 tarihlerinde Ankara Ba\u015fkent Spor Salonu\u2019nda d\u00fczenlenmi\u015ftir. 15.01.2017 g\u00fcn\u00fc Kupa Voley \u00c7eyrek Final Ma\u00e7\u0131nda Sar\u0131yer Belediyesi tak\u0131m\u0131yla kar\u015f\u0131la\u015fan Fenerbah\u00e7e Bayan Voleybol Tak\u0131m\u0131m\u0131z ma\u00e7tan 25-11, 25-17, 25-20\u2019lik set skorlar\u0131yla 3-0 galip ayr\u0131ld\u0131. Ma\u00e7\u0131n en skorer oyuncusu kaydetti\u011fi 16 say\u0131yla Polen Uslupehlivan oldu.\u2026","rel":"","context":"Benzer yaz\u0131","block_context":{"text":"Benzer yaz\u0131","link":""},"img":{"alt_text":"","src":"https:\/\/i0.wp.com\/sarimelekler.biz\/wp-content\/uploads\/2017\/02\/haber_1484503527_15-300x143.jpg?resize=350%2C200&ssl=1","width":350,"height":200,"srcset":"https:\/\/i0.wp.com\/sarimelekler.biz\/wp-content\/uploads\/2017\/02\/haber_1484503527_15-300x143.jpg?resize=350%2C200&ssl=1 1x, https:\/\/i0.wp.com\/sarimelekler.biz\/wp-content\/uploads\/2017\/02\/haber_1484503527_15-300x143.jpg?resize=525%2C300&ssl=1 1.5x, https:\/\/i0.wp.com\/sarimelekler.biz\/wp-content\/uploads\/2017\/02\/haber_1484503527_15-300x143.jpg?resize=700%2C400&ssl=1 2x, https:\/\/i0.wp.com\/sarimelekler.biz\/wp-content\/uploads\/2017\/02\/haber_1484503527_15-300x143.jpg?resize=1050%2C600&ssl=1 3x, https:\/\/i0.wp.com\/sarimelekler.biz\/wp-content\/uploads\/2017\/02\/haber_1484503527_15-300x143.jpg?resize=1400%2C800&ssl=1 4x"},"classes":[]},{"id":18829,"url":"https:\/\/sarimelekler.biz\/?page_id=18829","url_meta":{"origin":5236,"position":5},"title":"T\u00fcrkiye Kupas\u0131 (Kupa Voley)","author":"Edit\u00f6r","date":"11 \u015eubat 2023","format":false,"excerpt":"2022 \u2013 2023 T\u00fcrkiye Kupas\u0131 \u201cAXA Sigorta Kupa Voley D\u00fcnya Baltac\u0131o\u011flu \u00d6zel Sezonu\u201d ismi alt\u0131nda d\u00fczenlenmi\u015ftir. Axa Sigorta Kupa Voley m\u00fcsabakalar\u0131 2022-2023 sezonunda Sultanlar liginde bulunan 14 tak\u0131mla oynanacakt\u0131r. 2021-2022 sezon s\u0131ralamas\u0131na g\u00f6re (1. Vak\u0131fbank, 2.Fenerbah\u00e7e Opet hari\u00e7) di\u011fer tak\u0131mlar serpantin usul\u00fcne g\u00f6re 4\u2019erli 3 gruba ayr\u0131l\u0131r. Gruptaki tak\u0131mlar Federasyonca\u2026","rel":"","context":"Benzer yaz\u0131","block_context":{"text":"Benzer yaz\u0131","link":""},"img":{"alt_text":"","src":"https:\/\/i0.wp.com\/sarimelekler.biz\/wp-content\/uploads\/2023\/02\/Tr-Kupasi-2023-Logo-1024x663.jpg?resize=350%2C200&ssl=1","width":350,"height":200,"srcset":"https:\/\/i0.wp.com\/sarimelekler.biz\/wp-content\/uploads\/2023\/02\/Tr-Kupasi-2023-Logo-1024x663.jpg?resize=350%2C200&ssl=1 1x, https:\/\/i0.wp.com\/sarimelekler.biz\/wp-content\/uploads\/2023\/02\/Tr-Kupasi-2023-Logo-1024x663.jpg?resize=525%2C300&ssl=1 1.5x, https:\/\/i0.wp.com\/sarimelekler.biz\/wp-content\/uploads\/2023\/02\/Tr-Kupasi-2023-Logo-1024x663.jpg?resize=700%2C400&ssl=1 2x, https:\/\/i0.wp.com\/sarimelekler.biz\/wp-content\/uploads\/2023\/02\/Tr-Kupasi-2023-Logo-1024x663.jpg?resize=1050%2C600&ssl=1 3x"},"classes":[]}],"_links":{"self":[{"href":"https:\/\/sarimelekler.biz\/index.php?rest_route=\/wp\/v2\/pages\/5236","targetHints":{"allow":["GET"]}}],"collection":[{"href":"https:\/\/sarimelekler.biz\/index.php?rest_route=\/wp\/v2\/pages"}],"about":[{"href":"https:\/\/sarimelekler.biz\/index.php?rest_route=\/wp\/v2\/types\/page"}],"author":[{"embeddable":true,"href":"https:\/\/sarimelekler.biz\/index.php?rest_route=\/wp\/v2\/users\/1"}],"replies":[{"embeddable":true,"href":"https:\/\/sarimelekler.biz\/index.php?rest_route=%2Fwp%2Fv2%2Fcomments&post=5236"}],"version-history":[{"count":19,"href":"https:\/\/sarimelekler.biz\/index.php?rest_route=\/wp\/v2\/pages\/5236\/revisions"}],"predecessor-version":[{"id":5568,"href":"https:\/\/sarimelekler.biz\/index.php?rest_route=\/wp\/v2\/pages\/5236\/revisions\/5568"}],"up":[{"embeddable":true,"href":"https:\/\/sarimelekler.biz\/index.php?rest_route=\/wp\/v2\/pages\/5102"}],"wp:attachment":[{"href":"https:\/\/sarimelekler.biz\/index.php?rest_route=%2Fwp%2Fv2%2Fmedia&parent=5236"}],"curies":[{"name":"wp","href":"https:\/\/api.w.org\/{rel}","templated":true}]}}