{"id":60,"date":"2017-02-04T00:09:20","date_gmt":"2017-02-03T22:09:20","guid":{"rendered":"http:\/\/sarimelekler.biz\/?page_id=60"},"modified":"2017-02-22T15:29:12","modified_gmt":"2017-02-22T13:29:12","slug":"kupa-fotograflari","status":"publish","type":"page","link":"https:\/\/sarimelekler.biz\/?page_id=60","title":{"rendered":"Kupa Foto\u011fraflar\u0131"},"content":{"rendered":"<h1 class=\"entry-title\"><a href=\"https:\/\/sarimelekler.biz\/?page_id=624\" target=\"_blank\">S\u00fcper Kupa \u015eampiyonlu\u011fu<\/a><\/h1>\n<p>&nbsp;<\/p>\n<h1 class=\"entry-title\"><a href=\"https:\/\/sarimelekler.biz\/?page_id=622\" target=\"_blank\">\u015eampiyonlar Ligi Kupas\u0131 Bronz Madalya<\/a><\/h1>\n<p>&nbsp;<\/p>\n<h1 class=\"entry-title\"><a href=\"https:\/\/sarimelekler.biz\/?page_id=620\" target=\"_blank\">T\u00fcrkiye Ligi G\u00fcm\u00fc\u015f Madalya<\/a><\/h1>\n","protected":false},"excerpt":{"rendered":"<p>S\u00fcper Kupa \u015eampiyonlu\u011fu &nbsp; \u015eampiyonlar Ligi Kupas\u0131 Bronz Madalya &nbsp; \u2026 <a class=\"continue-reading-link\" href=\"https:\/\/sarimelekler.biz\/?page_id=60\">Okumaya Devam Et.. <span class=\"meta-nav\">&rarr; <\/span><\/a><\/p>\n","protected":false},"author":1,"featured_media":0,"parent":50,"menu_order":0,"comment_status":"closed","ping_status":"closed","template":"","meta":{"jetpack_post_was_ever_published":false,"_mc_calendar":[],"footnotes":""},"class_list":["post-60","page","type-page","status-publish","hentry"],"jetpack_sharing_enabled":true,"jetpack_shortlink":"https:\/\/wp.me\/P8npUZ-Y","jetpack-related-posts":[{"id":622,"url":"https:\/\/sarimelekler.biz\/?page_id=622","url_meta":{"origin":60,"position":0},"title":"\u015eampiyonlar Ligi Kupas\u0131 Bronz Madalya","author":"Edit\u00f6r","date":"6 \u015eubat 2017","format":false,"excerpt":"","rel":"","context":"Benzer yaz\u0131","block_context":{"text":"Benzer yaz\u0131","link":""},"img":{"alt_text":"","src":"","width":0,"height":0},"classes":[]},{"id":620,"url":"https:\/\/sarimelekler.biz\/?page_id=620","url_meta":{"origin":60,"position":1},"title":"T\u00fcrkiye Ligi G\u00fcm\u00fc\u015f Madalya","author":"Edit\u00f6r","date":"6 \u015eubat 2017","format":false,"excerpt":"","rel":"","context":"Benzer yaz\u0131","block_context":{"text":"Benzer yaz\u0131","link":""},"img":{"alt_text":"","src":"","width":0,"height":0},"classes":[]},{"id":1659,"url":"https:\/\/sarimelekler.biz\/?page_id=1659","url_meta":{"origin":60,"position":2},"title":"T\u00fcrkiye Ligi G\u00fcm\u00fc\u015f Madalya","author":"Edit\u00f6r","date":"8 \u015eubat 2017","format":false,"excerpt":"","rel":"","context":"Benzer yaz\u0131","block_context":{"text":"Benzer yaz\u0131","link":""},"img":{"alt_text":"","src":"","width":0,"height":0},"classes":[]},{"id":1973,"url":"https:\/\/sarimelekler.biz\/?page_id=1973","url_meta":{"origin":60,"position":3},"title":"T\u00fcrkiye Ligi \u015eampiyonlu\u011fu","author":"Edit\u00f6r","date":"9 \u015eubat 2017","format":false,"excerpt":"","rel":"","context":"Benzer yaz\u0131","block_context":{"text":"Benzer yaz\u0131","link":""},"img":{"alt_text":"","src":"","width":0,"height":0},"classes":[]},{"id":24,"url":"https:\/\/sarimelekler.biz\/?page_id=24","url_meta":{"origin":60,"position":4},"title":"2011-2012","author":"Edit\u00f6r","date":"4 \u015eubat 2017","format":false,"excerpt":"Fenerbah\u00e7e Bayan Voleybol tak\u0131m\u0131m\u0131z \u00f6nceki sezondan kadrosunda bulunan Kasia Skowronska, Song\u00fcl Dikmen, Erg\u00fcl Avc\u0131, Fafao, Christiane F\u00fcrst, Natasa Osmokrovic, Z\u00fclfiye G\u00fcndo\u011fdu yollar\u0131n\u0131 ay\u0131rd\u0131. Ayr\u0131ca Kaptan\u0131m\u0131z \u00c7i\u011fdem Can Rasna ise voleybol kariyerini sonland\u0131rd\u0131. Transfer sezonuna pozisyonunda bir \u00e7ok ki\u015fi taraf\u0131ndan d\u00fcnyan\u0131n en iyisi olarak kabul edilen G\u00fcney Koreli sma\u00e7\u00f6r Kim Yeon\u2026","rel":"","context":"Benzer yaz\u0131","block_context":{"text":"Benzer yaz\u0131","link":""},"img":{"alt_text":"","src":"https:\/\/i0.wp.com\/sarimelekler.biz\/wp-content\/uploads\/2017\/02\/62625F61665F636162635163626B63666B636272A2799D85-150x150.jpg?resize=350%2C200&ssl=1","width":350,"height":200,"srcset":"https:\/\/i0.wp.com\/sarimelekler.biz\/wp-content\/uploads\/2017\/02\/62625F61665F636162635163626B63666B636272A2799D85-150x150.jpg?resize=350%2C200&ssl=1 1x, https:\/\/i0.wp.com\/sarimelekler.biz\/wp-content\/uploads\/2017\/02\/62625F61665F636162635163626B63666B636272A2799D85-150x150.jpg?resize=525%2C300&ssl=1 1.5x"},"classes":[]},{"id":1961,"url":"https:\/\/sarimelekler.biz\/?page_id=1961","url_meta":{"origin":60,"position":5},"title":"T\u00fcrkiye Kupas\u0131 \u015eampiyonlu\u011fu","author":"Edit\u00f6r","date":"9 \u015eubat 2017","format":false,"excerpt":"","rel":"","context":"Benzer yaz\u0131","block_context":{"text":"Benzer yaz\u0131","link":""},"img":{"alt_text":"","src":"","width":0,"height":0},"classes":[]}],"_links":{"self":[{"href":"https:\/\/sarimelekler.biz\/index.php?rest_route=\/wp\/v2\/pages\/60","targetHints":{"allow":["GET"]}}],"collection":[{"href":"https:\/\/sarimelekler.biz\/index.php?rest_route=\/wp\/v2\/pages"}],"about":[{"href":"https:\/\/sarimelekler.biz\/index.php?rest_route=\/wp\/v2\/types\/page"}],"author":[{"embeddable":true,"href":"https:\/\/sarimelekler.biz\/index.php?rest_route=\/wp\/v2\/users\/1"}],"replies":[{"embeddable":true,"href":"https:\/\/sarimelekler.biz\/index.php?rest_route=%2Fwp%2Fv2%2Fcomments&post=60"}],"version-history":[{"count":3,"href":"https:\/\/sarimelekler.biz\/index.php?rest_route=\/wp\/v2\/pages\/60\/revisions"}],"predecessor-version":[{"id":3057,"href":"https:\/\/sarimelekler.biz\/index.php?rest_route=\/wp\/v2\/pages\/60\/revisions\/3057"}],"up":[{"embeddable":true,"href":"https:\/\/sarimelekler.biz\/index.php?rest_route=\/wp\/v2\/pages\/50"}],"wp:attachment":[{"href":"https:\/\/sarimelekler.biz\/index.php?rest_route=%2Fwp%2Fv2%2Fmedia&parent=60"}],"curies":[{"name":"wp","href":"https:\/\/api.w.org\/{rel}","templated":true}]}}