{"id":7498,"date":"2018-11-21T14:53:32","date_gmt":"2018-11-21T12:53:32","guid":{"rendered":"http:\/\/sarimelekler.biz\/?page_id=7498"},"modified":"2022-02-12T01:49:44","modified_gmt":"2022-02-11T22:49:44","slug":"sampiyonlar-ligi","status":"publish","type":"page","link":"https:\/\/sarimelekler.biz\/?page_id=7498","title":{"rendered":"\u015eampiyonlar Ligi"},"content":{"rendered":"<p style=\"text-align: justify;\"><span style=\"font-size: 18px;\">2019 Cev \u015eampiyonlar ligine Fenerbah\u00e7e Bayan Voleybol tak\u0131m\u0131m\u0131z 2017 \u2013 2018 sezonunu \u00fc\u00e7\u00fcnc\u00fc bitirdi\u011fi i\u00e7in \u00f6n eleme oynama hakk\u0131 kazanm\u0131\u015ft\u0131. Ancak CEV taraf\u0131ndan yap\u0131lan sistem de\u011fi\u015fikli\u011fi ile beraber tak\u0131m\u0131m\u0131z \u00f6n eleme oynamadan \u015eampiyonlar Ligine direk kat\u0131ld\u0131. Tak\u0131m\u0131m\u0131z \u015eampiyonlar liginde E Grubu\u2019nda Rusya\u2019dan Dinamo Moskova, Polonya&#8217;dan Chemik Police ve Romanya&#8217;dan CSM B\u00fckre\u015f tak\u0131mlari ile <a href=\"https:\/\/sarimelekler.biz\/?p=7261\" target=\"_blank\" rel=\"noopener noreferrer\">e\u015fle\u015fti<\/a>. CEV \u015eampiyonlar Ligi\u2019nde grup ma\u00e7lar\u0131 20 Kas\u0131m&#8217;da ba\u015flayacak ve 6 hafta s\u00fcrerek 26 \u015eubat&#8217;ta oynanacak ma\u00e7larla sona erecek. \u015eampiyonlar ligi ma\u00e7lar\u0131n\u0131n yay\u0131n haklar\u0131 \u00fclkemizde <a href=\"https:\/\/www.dsmart.com.tr\/\" target=\"_blank\" rel=\"noopener noreferrer\">D-Smart<\/a> dijital yay\u0131n platformlar\u0131 taraf\u0131ndan sat\u0131n al\u0131nm\u0131\u015f ve ma\u00e7 yay\u0131nlar\u0131 smart spor kanallar\u0131ndan yap\u0131lmaktad\u0131r. Ayr\u0131ca ge\u00e7mi\u015f y\u0131llarda ma\u00e7lar\u0131n uluslararas\u0131 internet yay\u0131n hakk\u0131 <a href=\"https:\/\/www.laola1.tv\/en-int\/channel\/volleyball-cev-champions-league-women-livestream-video-for-free\" target=\"_blank\" rel=\"noopener noreferrer\">laola1.tv<\/a> isimli internet sitesinde olmas\u0131na ra\u011fmen bu sene bu site yay\u0131n haklar\u0131n\u0131 sat\u0131n alamad\u0131\u011f\u0131 i\u00e7in ma\u00e7 yay\u0131n\u0131 yapmamaktad\u0131r.\u00a0 Ma\u00e7lar\u0131n oynand\u0131\u011f\u0131 topun renkleri Sar\u0131-Ye\u015fil renklerdedir. \u015eampiyonlar ligi logosu formam\u0131z\u0131n sol taraf\u0131nda bulunmakta olup, \u00fczerinde tek y\u0131ld\u0131z 1 \u015fampiyonlar ligi <a href=\"http:\/\/www.fbsk.org\/detay.asp?ContentID=28504\" target=\"_blank\" rel=\"noopener noreferrer\">\u015fampiyonlu\u011fumuzu<\/a> simgelemektedir. Tak\u0131m\u0131m\u0131z bu sene lig ve kupa ma\u00e7lar\u0131 gibi \u015eampiyonlar Ligi ma\u00e7lar\u0131n\u0131da\u00a0<a href=\"http:\/\/www.istanbulsporenvanteri.com\/tr\/tesisler\/tesisler-2\/burhan-felek-voleybol-salonu-593.html\" target=\"_blank\" rel=\"noopener noreferrer\">Burhan Felek Voleybol Salonunda<\/a> oynayacak. CEV yapt\u0131\u011f\u0131 de\u011fi\u015fiklikle bu sezon d\u00f6rtl\u00fc final yerine tek final oynanaca\u011f\u0131n\u0131 a\u00e7\u0131klad\u0131. Buna g\u00f6re yar\u0131 final ma\u00e7lar\u0131 deplasmanl\u0131 olarak oynanacak ve finale y\u00fckselen tak\u0131mlar 18\/05\/2019 g\u00fcn\u00fc Almanya&#8217;n\u0131n Berlin \u015fehrindeki\u00a0\u00a0<span id=\"Content_Right_MatchInfoBox1_L_Impianto\">Max Schmeling Spor Salonunda kar\u015f\u0131la\u015facaklar. Bu sistemin sa\u011flad\u0131\u011f\u0131 avantajlardan en \u00f6nemlisi ayn\u0131 \u00fclke tak\u0131mlar\u0131n\u0131n yar\u0131 finalde kar\u015f\u0131la\u015fma zorunlulu\u011funun ortadan kalkmas\u0131d\u0131r.\u00a0<\/span><\/span><\/p>\n<p style=\"text-align: justify;\">\n<p><span style=\"font-size: 18px;\"><a href=\"https:\/\/www.cev.eu\/Competition-Area\/CompetitionView.aspx?ID=1119\" target=\"_blank\" rel=\"noopener noreferrer\">\u015eampiyonlar Ligi Ma\u00e7 Takvimi ve Puan Durumu<\/a><\/span><\/p>\n\n\t\t<style type=\"text\/css\">\n\t\t\t#gallery-1 {\n\t\t\t\tmargin: auto;\n\t\t\t}\n\t\t\t#gallery-1 .gallery-item {\n\t\t\t\tfloat: left;\n\t\t\t\tmargin-top: 10px;\n\t\t\t\ttext-align: center;\n\t\t\t\twidth: 33%;\n\t\t\t}\n\t\t\t#gallery-1 img {\n\t\t\t\tborder: 2px solid #cfcfcf;\n\t\t\t}\n\t\t\t#gallery-1 .gallery-caption {\n\t\t\t\tmargin-left: 0;\n\t\t\t}\n\t\t\t\/* see gallery_shortcode() in wp-includes\/media.php *\/\n\t\t<\/style>\n\t\t<div data-carousel-extra='{&quot;blog_id&quot;:1,&quot;permalink&quot;:&quot;https:\/\/sarimelekler.biz\/?page_id=7498&quot;}' id='gallery-1' class='gallery galleryid-7498 gallery-columns-3 gallery-size-thumbnail'><dl class='gallery-item'>\n\t\t\t<dt class='gallery-icon landscape'>\n\t\t\t\t<a href='https:\/\/sarimelekler.biz\/?attachment_id=2603'><img loading=\"lazy\" decoding=\"async\" width=\"150\" height=\"150\" src=\"https:\/\/sarimelekler.biz\/wp-content\/uploads\/2017\/02\/CkzPqtsB-150x150.jpg\" class=\"attachment-thumbnail size-thumbnail\" alt=\"\" aria-describedby=\"gallery-1-2603\" srcset=\"https:\/\/sarimelekler.biz\/wp-content\/uploads\/2017\/02\/CkzPqtsB-150x150.jpg 150w, https:\/\/sarimelekler.biz\/wp-content\/uploads\/2017\/02\/CkzPqtsB-300x300.jpg 300w, https:\/\/sarimelekler.biz\/wp-content\/uploads\/2017\/02\/CkzPqtsB.jpg 512w\" sizes=\"auto, (max-width: 150px) 100vw, 150px\" data-attachment-id=\"2603\" data-permalink=\"https:\/\/sarimelekler.biz\/?attachment_id=2603\" data-orig-file=\"https:\/\/sarimelekler.biz\/wp-content\/uploads\/2017\/02\/CkzPqtsB.jpg\" data-orig-size=\"512,512\" data-comments-opened=\"0\" data-image-meta=\"{&quot;aperture&quot;:&quot;0&quot;,&quot;credit&quot;:&quot;&quot;,&quot;camera&quot;:&quot;&quot;,&quot;caption&quot;:&quot;&quot;,&quot;created_timestamp&quot;:&quot;0&quot;,&quot;copyright&quot;:&quot;&quot;,&quot;focal_length&quot;:&quot;0&quot;,&quot;iso&quot;:&quot;0&quot;,&quot;shutter_speed&quot;:&quot;0&quot;,&quot;title&quot;:&quot;&quot;,&quot;orientation&quot;:&quot;0&quot;}\" data-image-title=\"CEV logo\" data-image-description=\"\" data-image-caption=\"&lt;p&gt;CEV logo&lt;\/p&gt;\n\" data-large-file=\"https:\/\/sarimelekler.biz\/wp-content\/uploads\/2017\/02\/CkzPqtsB.jpg\" \/><\/a>\n\t\t\t<\/dt>\n\t\t\t\t<dd class='wp-caption-text gallery-caption' id='gallery-1-2603'>\n\t\t\t\tCEV logo\n\t\t\t\t<\/dd><\/dl><dl class='gallery-item'>\n\t\t\t<dt class='gallery-icon portrait'>\n\t\t\t\t<a href='https:\/\/sarimelekler.biz\/?attachment_id=2605'><img loading=\"lazy\" decoding=\"async\" width=\"150\" height=\"150\" src=\"https:\/\/sarimelekler.biz\/wp-content\/uploads\/2017\/02\/top-150x150.jpg\" class=\"attachment-thumbnail size-thumbnail\" alt=\"\" aria-describedby=\"gallery-1-2605\" data-attachment-id=\"2605\" data-permalink=\"https:\/\/sarimelekler.biz\/?attachment_id=2605\" data-orig-file=\"https:\/\/sarimelekler.biz\/wp-content\/uploads\/2017\/02\/top.jpg\" data-orig-size=\"621,677\" data-comments-opened=\"0\" data-image-meta=\"{&quot;aperture&quot;:&quot;0&quot;,&quot;credit&quot;:&quot;&quot;,&quot;camera&quot;:&quot;&quot;,&quot;caption&quot;:&quot;&quot;,&quot;created_timestamp&quot;:&quot;0&quot;,&quot;copyright&quot;:&quot;&quot;,&quot;focal_length&quot;:&quot;0&quot;,&quot;iso&quot;:&quot;0&quot;,&quot;shutter_speed&quot;:&quot;0&quot;,&quot;title&quot;:&quot;&quot;,&quot;orientation&quot;:&quot;0&quot;}\" data-image-title=\"\u015eampiyonlar Ligi Topu\" data-image-description=\"\" data-image-caption=\"&lt;p&gt;\u015eampiyonlar Ligi Topu&lt;\/p&gt;\n\" data-large-file=\"https:\/\/sarimelekler.biz\/wp-content\/uploads\/2017\/02\/top.jpg\" \/><\/a>\n\t\t\t<\/dt>\n\t\t\t\t<dd class='wp-caption-text gallery-caption' id='gallery-1-2605'>\n\t\t\t\t\u015eampiyonlar Ligi Topu\n\t\t\t\t<\/dd><\/dl><dl class='gallery-item'>\n\t\t\t<dt class='gallery-icon portrait'>\n\t\t\t\t<a href='https:\/\/sarimelekler.biz\/?attachment_id=5172'><img loading=\"lazy\" decoding=\"async\" width=\"150\" height=\"150\" src=\"https:\/\/sarimelekler.biz\/wp-content\/uploads\/2017\/12\/Y\u0131ld\u0131z-150x150.png\" class=\"attachment-thumbnail size-thumbnail\" alt=\"\" aria-describedby=\"gallery-1-5172\" data-attachment-id=\"5172\" data-permalink=\"https:\/\/sarimelekler.biz\/?attachment_id=5172\" data-orig-file=\"https:\/\/sarimelekler.biz\/wp-content\/uploads\/2017\/12\/Y\u0131ld\u0131z.png\" data-orig-size=\"2253,2445\" data-comments-opened=\"0\" data-image-meta=\"{&quot;aperture&quot;:&quot;0&quot;,&quot;credit&quot;:&quot;&quot;,&quot;camera&quot;:&quot;&quot;,&quot;caption&quot;:&quot;&quot;,&quot;created_timestamp&quot;:&quot;0&quot;,&quot;copyright&quot;:&quot;&quot;,&quot;focal_length&quot;:&quot;0&quot;,&quot;iso&quot;:&quot;0&quot;,&quot;shutter_speed&quot;:&quot;0&quot;,&quot;title&quot;:&quot;&quot;,&quot;orientation&quot;:&quot;0&quot;}\" data-image-title=\"Y\u0131ld\u0131z\" data-image-description=\"\" data-image-caption=\"&lt;p&gt;Eda Forma Y\u0131ld\u0131z &amp;#8211; Logo&lt;\/p&gt;\n\" data-large-file=\"https:\/\/sarimelekler.biz\/wp-content\/uploads\/2017\/12\/Y\u0131ld\u0131z-944x1024.png\" \/><\/a>\n\t\t\t<\/dt>\n\t\t\t\t<dd class='wp-caption-text gallery-caption' id='gallery-1-5172'>\n\t\t\t\tEda Forma Y\u0131ld\u0131z &#8211; Logo\n\t\t\t\t<\/dd><\/dl><br style=\"clear: both\" \/>\n\t\t<\/div>\n\n<p><span style=\"font-size: 18px;\"><a href=\"https:\/\/sarimelekler.biz\/?cat=1\" target=\"_blank\" rel=\"noopener noreferrer\">Haber Kategorisi T\u00fcm Yaz\u0131lar<\/a><\/span><\/p>\n<p><span style=\"font-size: 18px;\">1.Hafta 21.11.2018<\/span><br \/>\n<span style=\"font-size: 18px;\">Dinamo Moskova:1 \u2013 Fenerbah\u00e7e:3<\/span><br \/>\n<span style=\"font-size: 18px;\">17 \u2013 25, 25 \u2013 17, 18 \u2013 25, 11 \u2013 25<\/span><br \/>\n<span style=\"font-size: 18px;\"><a href=\"https:\/\/sarimelekler.biz\/?p=7520\" target=\"_blank\" rel=\"noopener noreferrer\">Sitemiz Ma\u00e7 Yaz\u0131s\u0131<\/a><\/span><br \/>\n<span style=\"font-size: 18px;\"><a href=\"https:\/\/www.cev.eu\/Competition-Area\/MatchStatistics.aspx?ID=31925\" target=\"_blank\" rel=\"noopener noreferrer\">CEV<\/a><\/span><br \/>\n<span style=\"font-size: 18px;\"><a href=\"https:\/\/www.fenerbahce.org\/detay.asp?ContentID=62520\" target=\"_blank\" rel=\"noopener noreferrer\">FB SK<\/a><\/span><\/p>\n<p><span style=\"font-size: 18px;\">2.Hafta 19.12.2018<\/span><br \/>\n<span style=\"font-size: 18px;\">Fenerbah\u00e7e:3 \u2013 Chemik Police:0<\/span><br \/>\n<span style=\"font-size: 18px;\">25 \u2013 12, 25 \u2013 16, 25 \u2013 22<\/span><br \/>\n<span style=\"font-size: 18px;\"><a href=\"https:\/\/sarimelekler.biz\/?p=9416\" target=\"_blank\" rel=\"noopener noreferrer\">Sitemiz Ma\u00e7 Yaz\u0131s\u0131<\/a><\/span><br \/>\n<span style=\"font-size: 18px;\"><a href=\"https:\/\/www.cev.eu\/Competition-Area\/MatchPage.aspx?mID=31928&amp;ID=1119&amp;CID=6097&amp;PID=1619\" target=\"_blank\" rel=\"noopener noreferrer\">CEV<\/a><\/span><br \/>\n<span style=\"font-size: 18px;\"><a href=\"https:\/\/www.fenerbahce.org\/detay.asp?ContentID=62869\" target=\"_blank\" rel=\"noopener noreferrer\">FB SK<\/a><\/span><\/p>\n<p><span style=\"font-size: 18px;\">3.Hafta 23.01.2019 &#8211; 18:30<\/span><br \/>\n<span style=\"font-size: 18px;\">Fenerbah\u00e7e Opet:3 \u2013 CSM B\u00fckre\u015f\u00a0:0<\/span><br \/>\n<span style=\"font-size: 18px;\">25 \u2013 18, 25 \u2013 19, 25 \u2013 22<\/span><br \/>\n<span style=\"font-size: 18px;\"><a href=\"https:\/\/sarimelekler.biz\/?p=9758\" target=\"_blank\" rel=\"noopener noreferrer\">Sitemiz Ma\u00e7 Yaz\u0131s\u0131<\/a><\/span><br \/>\n<span style=\"font-size: 18px;\"><a href=\"https:\/\/www.cev.eu\/Competition-Area\/MatchPage.aspx?mID=31930&amp;ID=1119&amp;CID=6097&amp;PID=1619\" target=\"_blank\" rel=\"noopener noreferrer\">CEV<\/a><\/span><br \/>\n<span style=\"font-size: 18px;\"><a href=\"https:\/\/www.fenerbahce.org\/detay.asp?ContentID=63273\" target=\"_blank\" rel=\"noopener noreferrer\">FB SK<\/a><\/span><\/p>\n<p><span style=\"font-size: 18px;\">4.Hafta 06.02.2019 &#8211; 20:00<\/span><br \/>\n<span style=\"font-size: 18px;\">Chemik Police:0 \u2013 Fenerbah\u00e7e Opet:3<\/span><br \/>\n<span style=\"font-size: 18px;\">24 \u2013 26, 20 \u2013 25, 15 \u2013 25<\/span><br \/>\n<span style=\"font-size: 18px;\"><a href=\"https:\/\/sarimelekler.biz\/?p=9946\" target=\"_blank\" rel=\"noopener noreferrer\">Sitemiz Ma\u00e7 Yaz\u0131s\u0131<\/a><\/span><br \/>\n<span style=\"font-size: 18px;\"><a href=\"https:\/\/www.cev.eu\/Competition-Area\/MatchPage.aspx?mID=31932&amp;ID=1119&amp;CID=6097&amp;PID=1619\" target=\"_blank\" rel=\"noopener noreferrer\">CEV<\/a><\/span><br \/>\n<span style=\"font-size: 18px;\"><a href=\"https:\/\/www.fenerbahce.org\/haberler\/voleybol-kadin\/2019\/2\/fenerbahce-opet-cev-sampiyonlar-ligi-nde-yoluna-kayipsiz-devam-ediyor\" target=\"_blank\" rel=\"noopener noreferrer\">FB SK<\/a><\/span><\/p>\n<p><span style=\"font-size: 18px;\">5.Hafta 20.02.2019 &#8211; 19:00<\/span><br \/>\n<span style=\"font-size: 18px;\">Fenerbah\u00e7e Opet:2 \u2013 Dinamo Moskova:3<\/span><br \/>\n<span style=\"font-size: 18px;\">25 \u2013 23, 12 \u2013 25, 25 \u2013 23, 24 \u2013 26, 15 \u2013 17<\/span><br \/>\n<span style=\"font-size: 18px;\"><a href=\"https:\/\/sarimelekler.biz\/?p=10077\" target=\"_blank\" rel=\"noopener noreferrer\">Sitemiz Ma\u00e7 Yaz\u0131s\u0131<\/a><\/span><br \/>\n<span style=\"font-size: 18px;\"><a href=\"https:\/\/www.cev.eu\/Competition-Area\/MatchPage.aspx?mID=31933&amp;ID=1119&amp;CID=6097&amp;PID=1619\" target=\"_blank\" rel=\"noopener noreferrer\">CEV<\/a><\/span><br \/>\n<span style=\"font-size: 18px;\"><a href=\"https:\/\/www.fenerbahce.org\/haberler\/voleybol-kadin\/2019\/2\/fenerbahce-opet-2-3-dinamo-moskova\" target=\"_blank\" rel=\"noopener noreferrer\">FB SK<\/a><\/span><\/p>\n<p><span style=\"font-size: 18px;\">6.Hafta 26.02.2019 &#8211; 20:00<\/span><br \/>\n<span style=\"font-size: 18px;\">CSM B\u00fckre\u015f:1 \u2013 Fenerbah\u00e7e Opet:3<\/span><br \/>\n<span style=\"font-size: 18px;\">11 \u2013 25, 25 \u2013 21, 19 \u2013 25, 14 \u2013 25<\/span><br \/>\n<span style=\"font-size: 18px;\"><a href=\"https:\/\/sarimelekler.biz\/?p=10181\" target=\"_blank\" rel=\"noopener noreferrer\">Sitemiz Ma\u00e7 Yaz\u0131s\u0131<\/a><\/span><br \/>\n<span style=\"font-size: 18px;\"><a href=\"https:\/\/www.cev.eu\/Competition-Area\/MatchPage.aspx?mID=31936&amp;ID=1119&amp;CID=6097&amp;PID=1619\" target=\"_blank\" rel=\"noopener noreferrer\">CEV<\/a><\/span><br \/>\n<span style=\"font-size: 18px;\"><a href=\"https:\/\/www.fenerbahce.org\/haberler\/voleybol-kadin\/2019\/2\/fenerbahce-opet-cev-kadinlar-sampiyonlar-ligi-nde-ceyrek-finalde\" target=\"_blank\" rel=\"noopener noreferrer\">FB SK<\/a><\/span><\/p>\n<p><span style=\"font-size: 18px;\">7.Hafta 13.03.2019 (\u00c7eyrek Final 1. Ma\u00e7)<\/span><br \/>\n<span style=\"font-size: 18px;\">Savino Del Bene Scandicci :1 \u2013 Fenerbah\u00e7e Opet:3<\/span><br \/>\n<span style=\"font-size: 18px;\">19 \u2013 25, 25 \u2013 23,19 \u2013 25, 21 \u2013 25<\/span><br \/>\n<span style=\"font-size: 18px;\"><a href=\"https:\/\/sarimelekler.biz\/?p=10462\" target=\"_blank\" rel=\"noopener noreferrer\">Sitemiz Ma\u00e7 Yaz\u0131s\u0131<\/a><\/span><br \/>\n<span style=\"font-size: 18px;\"><a href=\"https:\/\/www.cev.eu\/Competition-Area\/MatchPage.aspx?mID=32070&amp;ID=1119&amp;CID=6071&amp;PID=1620\" target=\"_blank\" rel=\"noopener noreferrer\">CEV<\/a><\/span><br \/>\n<span style=\"font-size: 18px;\"><a href=\"https:\/\/www.fenerbahce.org\/haberler\/voleybol-kadin\/2019\/3\/sari-melekler-italya-dan-buyuk-avantajla-donuyor\" target=\"_blank\" rel=\"noopener noreferrer\">FB SK<\/a><\/span><\/p>\n<p><span style=\"font-size: 18px;\">8.Hafta 19.03.2019\u00a0(\u00c7eyrek Final 2. Ma\u00e7)<\/span><br \/>\n<span style=\"font-size: 18px;\">Fenerbah\u00e7e Opet:3 \u2013\u00a0Savino Del Bene Scandicci :2<\/span><br \/>\n<span style=\"font-size: 18px;\">19 \u2013 25, 26 \u2013 28, 25 \u2013 22, 25 \u2013 17, 15 \u2013 8<\/span><br \/>\n<span style=\"font-size: 18px;\"><a href=\"https:\/\/sarimelekler.biz\/?p=10586\" target=\"_blank\" rel=\"noopener noreferrer\">Sitemiz Ma\u00e7 Yaz\u0131s\u0131<\/a><\/span><br \/>\n<span style=\"font-size: 18px;\"><a href=\"https:\/\/www.cev.eu\/Competition-Area\/MatchPage.aspx?mID=32074&amp;ID=1119&amp;CID=6071&amp;PID=1620\" target=\"_blank\" rel=\"noopener noreferrer\">CEV<\/a><\/span><br \/>\n<span style=\"font-size: 18px;\"><a href=\"https:\/\/www.fenerbahce.org\/haberler\/voleybol-kadin\/2019\/3\/fenerbahce-opet-cev-kadinlar-sampiyonlar-ligi-nde-yari-finalde\" target=\"_blank\" rel=\"noopener noreferrer\">FB SK<\/a><\/span><\/p>\n<p><span style=\"font-size: 18px;\">9.Hafta 02.04.2019 (Yar\u0131 Final 1. Ma\u00e7)<\/span><br \/>\n<span style=\"font-size: 18px;\">Imoco Volley Conegliano :3 \u2013 Fenerbah\u00e7e Opet:0<\/span><br \/>\n<span style=\"font-size: 18px;\">25 \u2013 21, 25 \u2013 23, 26 \u2013 24<\/span><br \/>\n<span style=\"font-size: 18px;\"><a href=\"https:\/\/sarimelekler.biz\/?p=10798\" target=\"_blank\" rel=\"noopener noreferrer\">Sitemiz Ma\u00e7 Yaz\u0131s\u0131<\/a><\/span><br \/>\n<span style=\"font-size: 18px;\"><a href=\"https:\/\/www.cev.eu\/Competition-Area\/MatchPage.aspx?mID=32636&amp;ID=1119&amp;CID=6091&amp;PID=1621\" target=\"_blank\" rel=\"noopener noreferrer\">CEV<\/a><\/span><br \/>\n<span style=\"font-size: 18px;\"><a href=\"https:\/\/www.fenerbahce.org\/haberler\/voleybol-kadin\/2019\/4\/imoco-volley-conegliano-3-0-fenerbahce-opet\" target=\"_blank\" rel=\"noopener noreferrer\">FB SK<\/a><\/span><\/p>\n<p><span style=\"font-size: 18px;\">10.Hafta 09.04.2019\u00a0(Yar\u0131 Final 2. Ma\u00e7)<\/span><br \/>\n<span style=\"font-size: 18px;\">Fenerbah\u00e7e Opet:0 \u2013 Imoco Volley Conegliano:3<\/span><br \/>\n<span style=\"font-size: 18px;\">18 \u2013 25, 22 \u2013 25, 26 \u2013 28<\/span><br \/>\n<span style=\"font-size: 18px;\"><a href=\"https:\/\/sarimelekler.biz\/?p=10896\" target=\"_blank\" rel=\"noopener noreferrer\">Sitemiz Ma\u00e7 Yaz\u0131s\u0131<\/a><\/span><br \/>\n<span style=\"font-size: 18px;\"><a href=\"https:\/\/www.cev.eu\/Competition-Area\/MatchPage.aspx?mID=32638&amp;ID=1119&amp;CID=6091&amp;PID=1621\" target=\"_blank\" rel=\"noopener noreferrer\">CEV<\/a><\/span><br \/>\n<span style=\"font-size: 18px;\"><a href=\"https:\/\/www.fenerbahce.org\/haberler\/voleybol-kadin\/2019\/4\/fenerbahce-opet-0-3-imoco-volley-conegliano\" target=\"_blank\" rel=\"noopener noreferrer\">FB SK<\/a><\/span><\/p>\n<p><span style=\"font-size: 18px;\"><strong>Kaynaklar<\/strong><\/span><br \/>\n<span style=\"font-size: 18px;\"><strong><a href=\"http:\/\/www.cev.lu\/\" target=\"_blank\" rel=\"noopener noreferrer\">CEV:<\/a>\u00a0<\/strong>Avrupa Voleybol Federasyonu \u015eampiyonlar Ligi \u0130statistik sayfalar\u0131d\u0131r.<\/span><br \/>\n<span style=\"font-size: 18px;\"><strong><a href=\"https:\/\/www.fenerbahce.org\/\" target=\"_blank\" rel=\"noopener noreferrer\">FB SK:<\/a><\/strong>\u00a0Fenerbah\u00e7e Spor Kul\u00fcb\u00fc Resmi \u0130nternet Sitesi Ma\u00e7 Yaz\u0131lar\u0131 Sayfalar\u0131d\u0131r.<\/span><\/p>\n","protected":false},"excerpt":{"rendered":"<p>2019 Cev \u015eampiyonlar ligine Fenerbah\u00e7e Bayan Voleybol tak\u0131m\u0131m\u0131z 2017 \u2013 \u2026 <a class=\"continue-reading-link\" href=\"https:\/\/sarimelekler.biz\/?page_id=7498\">Okumaya Devam Et.. <span class=\"meta-nav\">&rarr; <\/span><\/a><\/p>\n","protected":false},"author":1,"featured_media":0,"parent":7167,"menu_order":1,"comment_status":"closed","ping_status":"closed","template":"","meta":{"_mc_calendar":[],"footnotes":""},"class_list":["post-7498","page","type-page","status-publish","hentry"],"jetpack_sharing_enabled":true,"jetpack_shortlink":"https:\/\/wp.me\/P8npUZ-1WW","jetpack-related-posts":[{"id":5166,"url":"https:\/\/sarimelekler.biz\/?page_id=5166","url_meta":{"origin":7498,"position":0},"title":"\u015eampiyonlar Ligi","author":"Edit\u00f6r","date":"10 Aral\u0131k 2017","format":false,"excerpt":"2018 Cev \u015eampiyonlar ligine Fenerbah\u00e7e Bayan Voleybol tak\u0131m\u0131m\u0131z 2016 \u2013 2017 sezonunu \u015eampiyon bitirdi\u011fi i\u00e7in \u00f6n eleme oynamadan direk kat\u0131ld\u0131. Tak\u0131m\u0131m\u0131z \u015eampiyonlar liginde B Grubu\u2019nda \u0130talya\u2019n\u0131n Imoco Volley Conegliano, yine Italya\u2019nin, Igor Gorgonzola Novara ve \u00c7ekya\u2019n\u0131n Agel Prostejov tak\u0131mlari ile e\u015fle\u015fti. CEV \u015eampiyonlar Ligi\u2019nde grup ma\u00e7lar\u0131 12 Aral\u0131k'ta ba\u015flayacak ve\u2026","rel":"","context":"Benzer yaz\u0131","block_context":{"text":"Benzer yaz\u0131","link":""},"img":{"alt_text":"","src":"https:\/\/i0.wp.com\/sarimelekler.biz\/wp-content\/uploads\/2017\/02\/CkzPqtsB-150x150.jpg?resize=350%2C200&ssl=1","width":350,"height":200},"classes":[]},{"id":13646,"url":"https:\/\/sarimelekler.biz\/?page_id=13646","url_meta":{"origin":7498,"position":1},"title":"\u015eampiyonlar Ligi","author":"Edit\u00f6r","date":"20 Temmuz 2020","format":false,"excerpt":"Fenerbah\u00e7e Kad\u0131n Voleybol tak\u0131m\u0131m\u0131z 2018 \u2013 2019 sezonunu \u00fc\u00e7\u00fcnc\u00fc bitirdi\u011fi i\u00e7in 2019-2020 Cev \u015eampiyonlar ligine kat\u0131l\u0131m hakk\u0131 kazand\u0131. Tak\u0131m\u0131m\u0131z \u015eampiyonlar ligi A Grubu\u2019nda Eczac\u0131ba\u015f\u0131 Vitra, Budowlani Lodz (Polonya) ve Salo (Finalndiya) ile e\u015fle\u015fti. CEV \u015eampiyonlar Ligi\u2019nde kad\u0131nlarda grup ma\u00e7lar\u0131, 19.11.2019 \u2013 18.02.2020, \u00e7eyrek finaller 03-12 Mart 2020, yar\u0131 finaller 24\u2026","rel":"","context":"Benzer yaz\u0131","block_context":{"text":"Benzer yaz\u0131","link":""},"img":{"alt_text":"","src":"https:\/\/i0.wp.com\/sarimelekler.biz\/wp-content\/uploads\/2017\/12\/Y%C4%B1ld%C4%B1z-150x150.png?resize=350%2C200&ssl=1","width":350,"height":200,"srcset":"https:\/\/i0.wp.com\/sarimelekler.biz\/wp-content\/uploads\/2017\/12\/Y%C4%B1ld%C4%B1z-150x150.png?resize=350%2C200&ssl=1 1x, https:\/\/i0.wp.com\/sarimelekler.biz\/wp-content\/uploads\/2017\/12\/Y%C4%B1ld%C4%B1z-150x150.png?resize=525%2C300&ssl=1 1.5x, https:\/\/i0.wp.com\/sarimelekler.biz\/wp-content\/uploads\/2017\/12\/Y%C4%B1ld%C4%B1z-150x150.png?resize=700%2C400&ssl=1 2x, https:\/\/i0.wp.com\/sarimelekler.biz\/wp-content\/uploads\/2017\/12\/Y%C4%B1ld%C4%B1z-150x150.png?resize=1050%2C600&ssl=1 3x, https:\/\/i0.wp.com\/sarimelekler.biz\/wp-content\/uploads\/2017\/12\/Y%C4%B1ld%C4%B1z-150x150.png?resize=1400%2C800&ssl=1 4x"},"classes":[]},{"id":2561,"url":"https:\/\/sarimelekler.biz\/?page_id=2561","url_meta":{"origin":7498,"position":2},"title":"\u015eampiyonlar Ligi","author":"Edit\u00f6r","date":"15 \u015eubat 2017","format":false,"excerpt":"CEV \u015eAMP\u0130YONLAR L\u0130G\u0130 \u00a0 2017 Cev \u015eampiyonlar ligini Fenerbah\u00e7e Bayan Voleybol tak\u0131m\u0131m\u0131z 2015 \u2013 2016 sezonunu T\u00fcrkiye Ligini ikinci s\u0131rada bitirdi\u011fi i\u00e7in \u00f6n eleme oynamadan direk kat\u0131ld\u0131. \u015eampiyonlar liginde Fenerbah\u00e7emiz Azerbaycan\u2019\u0131n \u201cAzerrail BAK\u00dc\u201d, Fransa\u2019n\u0131n \u201cST-RAPHA\u00cbL Var VB\u201d ve Polonya\u2019n\u0131n \u201cTauron MKS D\u0104BROWA G\u00d3RNICZA\u201d tak\u0131lar\u0131yla C grubunda e\u015fle\u015fti. CEV \u015eampiyonlar Ligi\u2019nde\u2026","rel":"","context":"Benzer yaz\u0131","block_context":{"text":"Benzer yaz\u0131","link":""},"img":{"alt_text":"","src":"https:\/\/i0.wp.com\/sarimelekler.biz\/wp-content\/uploads\/2017\/02\/CkzPqtsB-150x150.jpg?resize=350%2C200&ssl=1","width":350,"height":200},"classes":[]},{"id":50,"url":"https:\/\/sarimelekler.biz\/?page_id=50","url_meta":{"origin":7498,"position":3},"title":"2015-2016","author":"Edit\u00f6r","date":"4 \u015eubat 2017","format":false,"excerpt":"2014 \u2013 2015 sezonunu 2 kupayla kapatan tak\u0131m\u0131m\u0131z transfer sezonunda \u00a0Madelayne Montano Caicedo, Christina Bauer, Kristin Lynn Hildebrand, Eleonora Lo Bianco, Elif \u00d6ner ve G\u00f6k\u00e7en Denkel ile yollar\u0131n\u0131 ay\u0131rd\u0131. \u00c7i\u011fdem Can Rasna\u2019da kendi iste\u011fiyle tak\u0131m menajerli\u011fini b\u0131rakt\u0131. Transfer sezonunda tak\u0131m\u0131m\u0131z S\u0131rp sma\u00e7\u00f6r Brankica Mihajlovi\u0107, Amerikal\u0131 orta oyuncu Christa Harmotto Dietzen,\u2026","rel":"","context":"Benzer yaz\u0131","block_context":{"text":"Benzer yaz\u0131","link":""},"img":{"alt_text":"","src":"","width":0,"height":0},"classes":[]},{"id":2238,"url":"https:\/\/sarimelekler.biz\/?page_id=2238","url_meta":{"origin":7498,"position":4},"title":"2016-2017","author":"Edit\u00f6r","date":"9 \u015eubat 2017","format":false,"excerpt":"Fenerbah\u00e7e Bayan Voleybol tak\u0131m\u0131m\u0131z 2015- 2016 sezonunu 2. S\u0131rada tamamlad\u0131ktan sonra kadrosunda bulunan Gizem Karaday\u0131, Brankica Mihajlovi\u0107, Christa Harmotto Dietzen, Lucia Bosetti ve Katarzyna Skorupa ile yollar\u0131n\u0131 ay\u0131rd\u0131. S\u00f6zle\u015fmeleri sona eren Kim Yeon Koung ve Polen Uslupehlivan ile s\u00f6zle\u015fme yenilerek transfer sezonuna ba\u015flayan tak\u0131m\u0131m\u0131z ilk olarak Brezilya Milli Tak\u0131m\u0131\u2019n\u0131n sma\u00e7\u00f6r\u00fc\u2026","rel":"","context":"Benzer yaz\u0131","block_context":{"text":"Benzer yaz\u0131","link":""},"img":{"alt_text":"","src":"","width":0,"height":0},"classes":[]},{"id":18774,"url":"https:\/\/sarimelekler.biz\/?page_id=18774","url_meta":{"origin":7498,"position":5},"title":"\u015eampiyonlar Ligi","author":"Edit\u00f6r","date":"7 \u015eubat 2023","format":false,"excerpt":"\u00a0 Avrupa\u2019n\u0131n kul\u00fcpler d\u00fczeyindeki en prestijli organizasyonu olan CEV \u015eampiyonlar Ligi\u2019nde \u00fclkemizi kad\u0131nlarda temsil edecek olan Fenerbah\u00e7e Opet Kad\u0131n Voleybol Tak\u0131m\u0131m\u0131z, 20 tak\u0131m\u0131n m\u00fccadele edece\u011fi 2023 CEV \u015eampiyonlar Ligi\u2019nde D Grubunda yer ald\u0131. Tak\u0131m\u0131m\u0131z\u0131n grup a\u015famas\u0131ndaki rakipleri; Polonya\u2019dan LKS Commercecon Lodz, Almanya\u2019dan Allianz MTV Stuttgart ve Elemelerden gelen \u0130spanyol temsilcisi\u2026","rel":"","context":"Benzer yaz\u0131","block_context":{"text":"Benzer yaz\u0131","link":""},"img":{"alt_text":"","src":"https:\/\/i0.wp.com\/sarimelekler.biz\/wp-content\/uploads\/2023\/02\/Cev-2023-Logo-286x300.jpg?resize=350%2C200&ssl=1","width":350,"height":200,"srcset":"https:\/\/i0.wp.com\/sarimelekler.biz\/wp-content\/uploads\/2023\/02\/Cev-2023-Logo-286x300.jpg?resize=350%2C200&ssl=1 1x, https:\/\/i0.wp.com\/sarimelekler.biz\/wp-content\/uploads\/2023\/02\/Cev-2023-Logo-286x300.jpg?resize=525%2C300&ssl=1 1.5x, https:\/\/i0.wp.com\/sarimelekler.biz\/wp-content\/uploads\/2023\/02\/Cev-2023-Logo-286x300.jpg?resize=700%2C400&ssl=1 2x"},"classes":[]}],"_links":{"self":[{"href":"https:\/\/sarimelekler.biz\/index.php?rest_route=\/wp\/v2\/pages\/7498","targetHints":{"allow":["GET"]}}],"collection":[{"href":"https:\/\/sarimelekler.biz\/index.php?rest_route=\/wp\/v2\/pages"}],"about":[{"href":"https:\/\/sarimelekler.biz\/index.php?rest_route=\/wp\/v2\/types\/page"}],"author":[{"embeddable":true,"href":"https:\/\/sarimelekler.biz\/index.php?rest_route=\/wp\/v2\/users\/1"}],"replies":[{"embeddable":true,"href":"https:\/\/sarimelekler.biz\/index.php?rest_route=%2Fwp%2Fv2%2Fcomments&post=7498"}],"version-history":[{"count":26,"href":"https:\/\/sarimelekler.biz\/index.php?rest_route=\/wp\/v2\/pages\/7498\/revisions"}],"predecessor-version":[{"id":17265,"href":"https:\/\/sarimelekler.biz\/index.php?rest_route=\/wp\/v2\/pages\/7498\/revisions\/17265"}],"up":[{"embeddable":true,"href":"https:\/\/sarimelekler.biz\/index.php?rest_route=\/wp\/v2\/pages\/7167"}],"wp:attachment":[{"href":"https:\/\/sarimelekler.biz\/index.php?rest_route=%2Fwp%2Fv2%2Fmedia&parent=7498"}],"curies":[{"name":"wp","href":"https:\/\/api.w.org\/{rel}","templated":true}]}}