{"id":7553,"date":"2018-11-21T21:03:41","date_gmt":"2018-11-21T19:03:41","guid":{"rendered":"http:\/\/sarimelekler.biz\/?page_id=7553"},"modified":"2020-08-24T23:39:12","modified_gmt":"2020-08-24T20:39:12","slug":"kupa-voley","status":"publish","type":"page","link":"https:\/\/sarimelekler.biz\/?page_id=7553","title":{"rendered":"T\u00fcrkiye Kupas\u0131 (Kupa Voley)"},"content":{"rendered":"<p style=\"text-align: justify;\">2018 \u2013 2019 sezonunda T\u00fcrkiye Kupas\u0131 \u201cAXA Sigorta Kupa Voley\u201d ismiyle d\u00fczenlenmi\u015ftir. Vestel Venus Sultanlar Ligi\u2019nde 1. Yar\u0131 kar\u015f\u0131la\u015fmalar\u0131n\u0131n sona ermesinin ard\u0131ndan, s\u0131ralamada 5 ile 12\u2019nci s\u0131ra aras\u0131nda yer alan sekiz tak\u0131m Avrupa ma\u00e7lar\u0131 fikst\u00fcr\u00fc m\u00fcsaitli\u011fine g\u00f6re 2019 Ocak \u2013 \u015eubat ve Mart aylar\u0131nda iki kar\u015f\u0131la\u015fma \u00fczerinden birbiriyle kendi sahalar\u0131nda kar\u015f\u0131la\u015ft\u0131. Buradan turu ge\u00e7en 4 tak\u0131mla lig s\u0131ralamas\u0131nda ilk 4 s\u0131rada olan tak\u0131mlar 22-23-24 Mart 2019 tarihlerinde \u0130zmir TVF Atat\u00fcrk Voleybol Salonu Vestel Venus Spor Kompleksi\u2018nde kar\u015f\u0131la\u015ft\u0131. Sar\u0131 Melekler \u00c7eyrek Finalde T\u00fcrk Hava Yollar\u0131 tak\u0131m\u0131n\u0131 3-0, Yar\u0131 Finalde ise Vak\u0131fbank tak\u0131m\u0131n\u0131 3-2 yenerken, Finalde Eczac\u0131 Vitra tak\u0131m\u0131na 3-1 yenilerek turnuvay\u0131 ikinci olarak bitirdi.<\/p>\n\n\t\t<style type=\"text\/css\">\n\t\t\t#gallery-1 {\n\t\t\t\tmargin: auto;\n\t\t\t}\n\t\t\t#gallery-1 .gallery-item {\n\t\t\t\tfloat: left;\n\t\t\t\tmargin-top: 10px;\n\t\t\t\ttext-align: center;\n\t\t\t\twidth: 100%;\n\t\t\t}\n\t\t\t#gallery-1 img {\n\t\t\t\tborder: 2px solid #cfcfcf;\n\t\t\t}\n\t\t\t#gallery-1 .gallery-caption {\n\t\t\t\tmargin-left: 0;\n\t\t\t}\n\t\t\t\/* see gallery_shortcode() in wp-includes\/media.php *\/\n\t\t<\/style>\n\t\t<div data-carousel-extra='{&quot;blog_id&quot;:1,&quot;permalink&quot;:&quot;https:\/\/sarimelekler.biz\/?page_id=7553&quot;}' id='gallery-1' class='gallery galleryid-7553 gallery-columns-1 gallery-size-medium'><dl class='gallery-item'>\n\t\t\t<dt class='gallery-icon landscape'>\n\t\t\t\t<a href='https:\/\/sarimelekler.biz\/?attachment_id=11250'><img loading=\"lazy\" decoding=\"async\" width=\"300\" height=\"214\" src=\"https:\/\/sarimelekler.biz\/wp-content\/uploads\/2019\/05\/18-19-T\u00fcrkiye-Kupas\u0131-300x214.jpg\" class=\"attachment-medium size-medium\" alt=\"\" srcset=\"https:\/\/sarimelekler.biz\/wp-content\/uploads\/2019\/05\/18-19-T\u00fcrkiye-Kupas\u0131-300x214.jpg 300w, https:\/\/sarimelekler.biz\/wp-content\/uploads\/2019\/05\/18-19-T\u00fcrkiye-Kupas\u0131-768x547.jpg 768w, https:\/\/sarimelekler.biz\/wp-content\/uploads\/2019\/05\/18-19-T\u00fcrkiye-Kupas\u0131-1024x730.jpg 1024w, https:\/\/sarimelekler.biz\/wp-content\/uploads\/2019\/05\/18-19-T\u00fcrkiye-Kupas\u0131-150x107.jpg 150w, https:\/\/sarimelekler.biz\/wp-content\/uploads\/2019\/05\/18-19-T\u00fcrkiye-Kupas\u0131.jpg 1200w\" sizes=\"auto, (max-width: 300px) 100vw, 300px\" data-attachment-id=\"11250\" data-permalink=\"https:\/\/sarimelekler.biz\/?attachment_id=11250\" data-orig-file=\"https:\/\/sarimelekler.biz\/wp-content\/uploads\/2019\/05\/18-19-T\u00fcrkiye-Kupas\u0131.jpg\" data-orig-size=\"1200,855\" data-comments-opened=\"0\" data-image-meta=\"{&quot;aperture&quot;:&quot;0&quot;,&quot;credit&quot;:&quot;&quot;,&quot;camera&quot;:&quot;&quot;,&quot;caption&quot;:&quot;&quot;,&quot;created_timestamp&quot;:&quot;0&quot;,&quot;copyright&quot;:&quot;&quot;,&quot;focal_length&quot;:&quot;0&quot;,&quot;iso&quot;:&quot;0&quot;,&quot;shutter_speed&quot;:&quot;0&quot;,&quot;title&quot;:&quot;&quot;,&quot;orientation&quot;:&quot;0&quot;}\" data-image-title=\"T\u00fcrkiye Kupas\u0131 Logo\" data-image-description=\"\" data-image-caption=\"\" data-large-file=\"https:\/\/sarimelekler.biz\/wp-content\/uploads\/2019\/05\/18-19-T\u00fcrkiye-Kupas\u0131-1024x730.jpg\" \/><\/a>\n\t\t\t<\/dt><\/dl><br style=\"clear: both\" \/>\n\t\t<\/div>\n\n<p><a href=\"https:\/\/sarimelekler.biz\/?cat=13\" target=\"_blank\" rel=\"noopener noreferrer\">Haber Kategorisi T\u00fcm Yaz\u0131lar<\/a><\/p>\n<p><strong>1.Tur Ma\u00e7lar\u0131<\/strong><br \/>\nHalkbank \u2013 <strong>THY<\/strong>: 0-3, 1-3<br \/>\nKamero\u011flu Beylikd\u00fcz\u00fc Vol. \u0130ht. \u2013<strong> Nil\u00fcfer Bld<\/strong>. : 0-3, 3-1 (Alt\u0131n Set Nil\u00fcfer Bld.)<br \/>\n\u00c7anakkale Bld. \u2013 <strong>Be\u015fikta\u015f<\/strong>: 1-3, 1-3<br \/>\n<strong>Ayd\u0131n B\u015eB.<\/strong> \u2013 Karayollar\u0131 : 2-3, 3-0<\/p>\n<p><strong>\u00c7eyrek Final Ma\u00e7lar\u0131:<\/strong><br \/>\n<strong>Galatasaray HDI Sigorta<\/strong> \u2013 Ayd\u0131n B\u015eB. : 3-2<br \/>\n<strong>Vak\u0131fbank<\/strong> \u2013 Be\u015fikta\u015f: 3-0<br \/>\n<strong>Eczac\u0131ba\u015f\u0131 Vitra<\/strong> \u2013 Nil\u00fcfer Bld. : 3-0<br \/>\n<strong>Fenerbah\u00e7e Opet<\/strong> \u2013 THY: 3-0<br \/>\n<a href=\"https:\/\/sarimelekler.biz\/?p=10692\" target=\"_blank\" rel=\"noopener noreferrer\">Sitemiz Ma\u00e7 Yaz\u0131s\u0131<\/a><br \/>\n<a href=\"https:\/\/www.fenerbahce.org\/haberler\/voleybol-kadin\/2019\/3\/fenerbahce-opet-axa-sigorta-kupa-voley-de-adini-yari-finale-yazdirdi\" target=\"_blank\" rel=\"noopener noreferrer\">FB SK<\/a><br \/>\n<a href=\"http:\/\/tvf-web.dataproject.com\/MatchStatistics.aspx?mID=4756&amp;ID=36&amp;CID=94&amp;PID=75&amp;type=LegList\" target=\"_blank\" rel=\"noopener noreferrer\">TVF<\/a><br \/>\nVideo: Tv Yay\u0131n\u0131 Olmad\u0131.<\/p>\n<p><strong>Yar\u0131 Final Ma\u00e7lar\u0131:<\/strong><br \/>\n<strong>Eczac\u0131ba\u015f\u0131 Vitra<\/strong> \u2013 Galatasaray HDI Sigorta: 3-2<br \/>\nVak\u0131fbank \u2013 <strong>Fenerbah\u00e7e Opet<\/strong>: 2-3<br \/>\n<a href=\"https:\/\/sarimelekler.biz\/?p=10733\" target=\"_blank\" rel=\"noopener noreferrer\">Sitemiz Ma\u00e7 Yaz\u0131s\u0131<\/a><br \/>\n<a href=\"https:\/\/www.fenerbahce.org\/haberler\/voleybol-kadin\/2019\/3\/fenerbahce-opet-kupada-finale-yukseldi\" target=\"_blank\" rel=\"noopener noreferrer\">FB SK<\/a><br \/>\n<a href=\"http:\/\/tvf-web.dataproject.com\/MatchStatistics.aspx?mID=4900&amp;ID=36&amp;CID=94&amp;PID=75&amp;type=LegList\" target=\"_blank\" rel=\"noopener noreferrer\">TVF<\/a><br \/>\nVideo: <a href=\"https:\/\/www.youtube.com\/watch?v=wEwloTq8YcU\" target=\"_blank\" rel=\"noopener noreferrer\">1<\/a><\/p>\n<p><strong>Final Ma\u00e7\u0131:<\/strong><br \/>\n<strong>Eczac\u0131ba\u015f\u0131 Vitra<\/strong> \u2013 Fenerbah\u00e7e Opet: 3-1<br \/>\n<a href=\"https:\/\/sarimelekler.biz\/?p=10738\" target=\"_blank\" rel=\"noopener noreferrer\">Sitemiz Ma\u00e7 Yaz\u0131s\u0131<\/a><br \/>\n<a href=\"https:\/\/www.fenerbahce.org\/haberler\/voleybol-kadin\/2019\/3\/eczacibasi-vitra-3-1-fenerbahce-opet\" target=\"_blank\" rel=\"noopener noreferrer\">FB SK<\/a><br \/>\n<a href=\"http:\/\/tvf-web.dataproject.com\/MatchStatistics.aspx?mID=4901&amp;ID=36&amp;CID=94&amp;PID=75&amp;type=LegList\" target=\"_blank\" rel=\"noopener noreferrer\">TVF<\/a><br \/>\nVideo: <a href=\"https:\/\/www.youtube.com\/watch?v=sTXWx7swPpU\" target=\"_blank\" rel=\"noopener noreferrer\">1<\/a><\/p>\n","protected":false},"excerpt":{"rendered":"<p>2018 \u2013 2019 sezonunda T\u00fcrkiye Kupas\u0131 \u201cAXA Sigorta Kupa Voley\u201d \u2026 <a class=\"continue-reading-link\" href=\"https:\/\/sarimelekler.biz\/?page_id=7553\">Okumaya Devam Et.. <span class=\"meta-nav\">&rarr; <\/span><\/a><\/p>\n","protected":false},"author":1,"featured_media":0,"parent":7167,"menu_order":2,"comment_status":"closed","ping_status":"closed","template":"","meta":{"jetpack_post_was_ever_published":false,"_mc_calendar":[],"footnotes":""},"class_list":["post-7553","page","type-page","status-publish","hentry"],"jetpack_sharing_enabled":true,"jetpack_shortlink":"https:\/\/wp.me\/P8npUZ-1XP","jetpack-related-posts":[{"id":5236,"url":"https:\/\/sarimelekler.biz\/?page_id=5236","url_meta":{"origin":7553,"position":0},"title":"T\u00fcrkiye Kupas\u0131 (Kupa Voley)","author":"Edit\u00f6r","date":"21 Aral\u0131k 2017","format":false,"excerpt":"2017 \u2013 2018 sezonunda T\u00fcrkiye Kupas\u0131 \u201cKupa Voley\u201d ismiyle d\u00fczenlenmi\u015ftir. Vestel Venus Sultanlar Ligi\u2019nde 1. Yar\u0131 kar\u015f\u0131la\u015fmalar\u0131n\u0131n sona ermesinin ard\u0131ndan, s\u0131ralamada 5 ile 12\u2019nci s\u0131ra aras\u0131nda yer alan sekiz tak\u0131m 16.12.2017 ve 19.12.2017 tarihlerinde iki kar\u015f\u0131la\u015fma \u00fczerinden birbiriyle kendi sahalar\u0131nda kar\u015f\u0131la\u015fm\u0131\u015f buradan turu ge\u00e7en 4 tak\u0131mla lig s\u0131ralamas\u0131nda ilk 4\u2026","rel":"","context":"Benzer yaz\u0131","block_context":{"text":"Benzer yaz\u0131","link":""},"img":{"alt_text":"","src":"","width":0,"height":0},"classes":[]},{"id":13761,"url":"https:\/\/sarimelekler.biz\/?page_id=13761","url_meta":{"origin":7553,"position":1},"title":"T\u00fcrkiye Kupas\u0131 (Kupa Voley)","author":"Edit\u00f6r","date":"24 A\u011fustos 2020","format":false,"excerpt":"2019-2020 sezonu 22 haftal\u0131k normal sezon s\u0131ralamas\u0131 ve 1.Lig Yar\u0131 Final gruplar\u0131 1 ve 2.\u2019leri 4\u2019erli 4 gruba ayr\u0131l\u0131r. Gruptaki tak\u0131mlar Federasyonca belirlenen illerde tek devreli lig usul\u00fc turnuva ma\u00e7lar\u0131 oynarlar, Grup ma\u00e7lar\u0131 sonunda Gruplar\u0131nda 1. ve 2. olanlar \u00c7eyrek Finale y\u00fckselir. Gruplar\u0131n 1.\u00a0 ve\u00a0 2.\u2019leri\u00a0 toplam\u00a0 8\u00a0 tak\u0131m e\u015fle\u015ferek\u2026","rel":"","context":"Benzer yaz\u0131","block_context":{"text":"Benzer yaz\u0131","link":""},"img":{"alt_text":"","src":"https:\/\/i0.wp.com\/sarimelekler.biz\/wp-content\/uploads\/2020\/08\/kupa-volley.png?resize=350%2C200&ssl=1","width":350,"height":200,"srcset":"https:\/\/i0.wp.com\/sarimelekler.biz\/wp-content\/uploads\/2020\/08\/kupa-volley.png?resize=350%2C200&ssl=1 1x, https:\/\/i0.wp.com\/sarimelekler.biz\/wp-content\/uploads\/2020\/08\/kupa-volley.png?resize=525%2C300&ssl=1 1.5x"},"classes":[]},{"id":16187,"url":"https:\/\/sarimelekler.biz\/?page_id=16187","url_meta":{"origin":7553,"position":2},"title":"T\u00fcrkiye Kupas\u0131 (Kupa Voley)","author":"Edit\u00f6r","date":"7 Ekim 2021","format":false,"excerpt":"\u00a0 2021 \u2013 2022 T\u00fcrkiye Kupas\u0131 \u201cAxa Sigorta Kupa Voley\u201d ismi alt\u0131nda d\u00fczenlenmi\u015ftir. Axa Sigorta Kupa Voley m\u00fcsabakalar\u0131 2021-2022 sezonunda Sultanlar liginde bulunan 14 tak\u0131mla oynanacakt\u0131r. 2020-2021 sezon s\u0131ralamas\u0131na g\u00f6re (1. Vak\u0131fbank, 2.Fenerbah\u00e7e Opet hari\u00e7) di\u011fer tak\u0131mlar serpantin usul\u00fcne g\u00f6re 4\u2019erli 3 gruba ayr\u0131l\u0131r. Gruptaki tak\u0131mlar Federasyonca belirlenen illerde tek\u2026","rel":"","context":"Benzer yaz\u0131","block_context":{"text":"Benzer yaz\u0131","link":""},"img":{"alt_text":"","src":"https:\/\/i0.wp.com\/sarimelekler.biz\/wp-content\/uploads\/2022\/04\/03-21-22-TK-9.jpg?resize=350%2C200&ssl=1","width":350,"height":200,"srcset":"https:\/\/i0.wp.com\/sarimelekler.biz\/wp-content\/uploads\/2022\/04\/03-21-22-TK-9.jpg?resize=350%2C200&ssl=1 1x, https:\/\/i0.wp.com\/sarimelekler.biz\/wp-content\/uploads\/2022\/04\/03-21-22-TK-9.jpg?resize=525%2C300&ssl=1 1.5x, https:\/\/i0.wp.com\/sarimelekler.biz\/wp-content\/uploads\/2022\/04\/03-21-22-TK-9.jpg?resize=700%2C400&ssl=1 2x, https:\/\/i0.wp.com\/sarimelekler.biz\/wp-content\/uploads\/2022\/04\/03-21-22-TK-9.jpg?resize=1050%2C600&ssl=1 3x, https:\/\/i0.wp.com\/sarimelekler.biz\/wp-content\/uploads\/2022\/04\/03-21-22-TK-9.jpg?resize=1400%2C800&ssl=1 4x"},"classes":[]},{"id":2282,"url":"https:\/\/sarimelekler.biz\/?page_id=2282","url_meta":{"origin":7553,"position":3},"title":"T\u00fcrkiye Kupas\u0131 \u015eampiyonlu\u011fu","author":"Edit\u00f6r","date":"12 \u015eubat 2017","format":false,"excerpt":"2016 \u2013 2017 sezonunda T\u00fcrkiye Kupas\u0131 \u201cKupa Voley\u201d ismiyle 15-16-17\/01\/2017 tarihlerinde Ankara Ba\u015fkent Spor Salonu\u2019nda d\u00fczenlenmi\u015ftir. 15.01.2017 g\u00fcn\u00fc Kupa Voley \u00c7eyrek Final Ma\u00e7\u0131nda Sar\u0131yer Belediyesi tak\u0131m\u0131yla kar\u015f\u0131la\u015fan Fenerbah\u00e7e Bayan Voleybol Tak\u0131m\u0131m\u0131z ma\u00e7tan 25-11, 25-17, 25-20\u2019lik set skorlar\u0131yla 3-0 galip ayr\u0131ld\u0131. Ma\u00e7\u0131n en skorer oyuncusu kaydetti\u011fi 16 say\u0131yla Polen Uslupehlivan oldu.\u2026","rel":"","context":"Benzer yaz\u0131","block_context":{"text":"Benzer yaz\u0131","link":""},"img":{"alt_text":"","src":"https:\/\/i0.wp.com\/sarimelekler.biz\/wp-content\/uploads\/2017\/02\/haber_1484503527_15-300x143.jpg?resize=350%2C200&ssl=1","width":350,"height":200,"srcset":"https:\/\/i0.wp.com\/sarimelekler.biz\/wp-content\/uploads\/2017\/02\/haber_1484503527_15-300x143.jpg?resize=350%2C200&ssl=1 1x, https:\/\/i0.wp.com\/sarimelekler.biz\/wp-content\/uploads\/2017\/02\/haber_1484503527_15-300x143.jpg?resize=525%2C300&ssl=1 1.5x, https:\/\/i0.wp.com\/sarimelekler.biz\/wp-content\/uploads\/2017\/02\/haber_1484503527_15-300x143.jpg?resize=700%2C400&ssl=1 2x, https:\/\/i0.wp.com\/sarimelekler.biz\/wp-content\/uploads\/2017\/02\/haber_1484503527_15-300x143.jpg?resize=1050%2C600&ssl=1 3x, https:\/\/i0.wp.com\/sarimelekler.biz\/wp-content\/uploads\/2017\/02\/haber_1484503527_15-300x143.jpg?resize=1400%2C800&ssl=1 4x"},"classes":[]},{"id":18829,"url":"https:\/\/sarimelekler.biz\/?page_id=18829","url_meta":{"origin":7553,"position":4},"title":"T\u00fcrkiye Kupas\u0131 (Kupa Voley)","author":"Edit\u00f6r","date":"11 \u015eubat 2023","format":false,"excerpt":"2022 \u2013 2023 T\u00fcrkiye Kupas\u0131 \u201cAXA Sigorta Kupa Voley D\u00fcnya Baltac\u0131o\u011flu \u00d6zel Sezonu\u201d ismi alt\u0131nda d\u00fczenlenmi\u015ftir. Axa Sigorta Kupa Voley m\u00fcsabakalar\u0131 2022-2023 sezonunda Sultanlar liginde bulunan 14 tak\u0131mla oynanacakt\u0131r. 2021-2022 sezon s\u0131ralamas\u0131na g\u00f6re (1. Vak\u0131fbank, 2.Fenerbah\u00e7e Opet hari\u00e7) di\u011fer tak\u0131mlar serpantin usul\u00fcne g\u00f6re 4\u2019erli 3 gruba ayr\u0131l\u0131r. Gruptaki tak\u0131mlar Federasyonca\u2026","rel":"","context":"Benzer yaz\u0131","block_context":{"text":"Benzer yaz\u0131","link":""},"img":{"alt_text":"","src":"https:\/\/i0.wp.com\/sarimelekler.biz\/wp-content\/uploads\/2023\/02\/Tr-Kupasi-2023-Logo-1024x663.jpg?resize=350%2C200&ssl=1","width":350,"height":200,"srcset":"https:\/\/i0.wp.com\/sarimelekler.biz\/wp-content\/uploads\/2023\/02\/Tr-Kupasi-2023-Logo-1024x663.jpg?resize=350%2C200&ssl=1 1x, https:\/\/i0.wp.com\/sarimelekler.biz\/wp-content\/uploads\/2023\/02\/Tr-Kupasi-2023-Logo-1024x663.jpg?resize=525%2C300&ssl=1 1.5x, https:\/\/i0.wp.com\/sarimelekler.biz\/wp-content\/uploads\/2023\/02\/Tr-Kupasi-2023-Logo-1024x663.jpg?resize=700%2C400&ssl=1 2x, https:\/\/i0.wp.com\/sarimelekler.biz\/wp-content\/uploads\/2023\/02\/Tr-Kupasi-2023-Logo-1024x663.jpg?resize=1050%2C600&ssl=1 3x"},"classes":[]},{"id":13727,"url":"https:\/\/sarimelekler.biz\/?page_id=13727","url_meta":{"origin":7553,"position":5},"title":"T\u00fcrkiye Kupas\u0131 (Kupa Voley)","author":"Edit\u00f6r","date":"23 A\u011fustos 2020","format":false,"excerpt":"2019 \u2013 2020 sezonunda T\u00fcrkiye Kupas\u0131 \u201cAXA Sigorta Kupa Voley\u201d ismiyle d\u00fczenlenmi\u015ftir. 2019 \u2013 2020 Voleybol Sezonu Vestel Venus Sultanlar Ligi\u2019nde 1. devre kar\u015f\u0131la\u015fmalar\u0131n\u0131n sona ermesinin ard\u0131ndan, s\u0131ralamada ilk d\u00f6rt s\u0131rada yer alan Eczac\u0131ba\u015f\u0131 VitrA, Vak\u0131fBank, Fenerbah\u00e7e Opet\u00a0ve\u00a0Galatasaray HDI Sigorta\u00a0tak\u0131mlar\u0131, 2019 \u2013 2020 Voleybol Sezonu AXA Sigorta Kupa Voley kad\u0131nlar\u2026","rel":"","context":"Benzer yaz\u0131","block_context":{"text":"Benzer yaz\u0131","link":""},"img":{"alt_text":"","src":"https:\/\/i0.wp.com\/sarimelekler.biz\/wp-content\/uploads\/2019\/05\/18-19-T%C3%BCrkiye-Kupas%C4%B1-1024x730.jpg?resize=350%2C200","width":350,"height":200,"srcset":"https:\/\/i0.wp.com\/sarimelekler.biz\/wp-content\/uploads\/2019\/05\/18-19-T%C3%BCrkiye-Kupas%C4%B1-1024x730.jpg?resize=350%2C200 1x, https:\/\/i0.wp.com\/sarimelekler.biz\/wp-content\/uploads\/2019\/05\/18-19-T%C3%BCrkiye-Kupas%C4%B1-1024x730.jpg?resize=525%2C300 1.5x, https:\/\/i0.wp.com\/sarimelekler.biz\/wp-content\/uploads\/2019\/05\/18-19-T%C3%BCrkiye-Kupas%C4%B1-1024x730.jpg?resize=700%2C400 2x"},"classes":[]}],"_links":{"self":[{"href":"https:\/\/sarimelekler.biz\/index.php?rest_route=\/wp\/v2\/pages\/7553","targetHints":{"allow":["GET"]}}],"collection":[{"href":"https:\/\/sarimelekler.biz\/index.php?rest_route=\/wp\/v2\/pages"}],"about":[{"href":"https:\/\/sarimelekler.biz\/index.php?rest_route=\/wp\/v2\/types\/page"}],"author":[{"embeddable":true,"href":"https:\/\/sarimelekler.biz\/index.php?rest_route=\/wp\/v2\/users\/1"}],"replies":[{"embeddable":true,"href":"https:\/\/sarimelekler.biz\/index.php?rest_route=%2Fwp%2Fv2%2Fcomments&post=7553"}],"version-history":[{"count":11,"href":"https:\/\/sarimelekler.biz\/index.php?rest_route=\/wp\/v2\/pages\/7553\/revisions"}],"predecessor-version":[{"id":13764,"href":"https:\/\/sarimelekler.biz\/index.php?rest_route=\/wp\/v2\/pages\/7553\/revisions\/13764"}],"up":[{"embeddable":true,"href":"https:\/\/sarimelekler.biz\/index.php?rest_route=\/wp\/v2\/pages\/7167"}],"wp:attachment":[{"href":"https:\/\/sarimelekler.biz\/index.php?rest_route=%2Fwp%2Fv2%2Fmedia&parent=7553"}],"curies":[{"name":"wp","href":"https:\/\/api.w.org\/{rel}","templated":true}]}}