{"id":8,"date":"2017-02-03T23:56:26","date_gmt":"2017-02-03T21:56:26","guid":{"rendered":"http:\/\/sarimelekler.biz\/?page_id=8"},"modified":"2017-02-21T22:12:48","modified_gmt":"2017-02-21T20:12:48","slug":"2009-2010","status":"publish","type":"page","link":"https:\/\/sarimelekler.biz\/?page_id=8","title":{"rendered":"2009-2010"},"content":{"rendered":"<p style=\"text-align: justify;\">Fenerbah\u00e7e Bayan Voleybol tak\u0131m\u0131m\u0131z 2008 \u2013 2009 sezonunu T\u00fcrkiye liginde \u015eampiyon Cev Avrupa kupas\u0131n\u0131 ise 3. olarak tamamlad\u0131ktan sonra hedeflerini daha yukar\u0131 \u00e7ekerek Ac\u0131badem isim sponsorlu\u011funda kadro yap\u0131s\u0131nda de\u011fi\u015fikli\u011fe gitti. Kadromuzda bulunan Marina Tumas, Valeriya Korotenko, Oksana Parkhomenko, Anja Spasojevic, Vesna Tomasevic, Necla G\u00fc\u00e7l\u00fc Esepa\u015fa, Nisa Kuliyeva, Fatma Duygu Sipaho\u011flu ve Elif G\u00fclbayrak ile yollar ayr\u0131ld\u0131. \u0130lk olarak 01.06.2009 tarihinde ileride kaptanl\u0131\u011f\u0131m\u0131z\u0131 da yapacak olan H\u0131rvat sma\u00e7\u00f6r <a href=\"http:\/\/www.fenerbahce.org\/detay.asp?ContentID=15938\" target=\"_blank\">Natasa Osmokrovic<\/a> ile s\u00f6zle\u015fme imzaland\u0131. 04.06.2009 tarihinde ise Rusya&#8217;n\u0131n voleybolda yeti\u015ftirdi\u011fi en \u00f6nemli isimlerinden biri olan ve kariyerinde bir \u00e7ok ba\u015far\u0131ya imza atm\u0131\u015f pas\u00f6r \u00e7apraz\u0131 Ekaterina Aleksandrovna <a href=\"http:\/\/www.fenerbahce.org\/detay.asp?ContentID=15974\" target=\"_blank\">Gamova&#8217;y\u0131 <\/a>renklerine katt\u0131. Ayr\u0131ca pas\u00f6r <a href=\"http:\/\/www.fenerbahce.org\/detay.asp?ContentID=15947\" target=\"_blank\">Naz Aydemir<\/a>, orta oyuncu \u0130pek Soro\u011flu, liberolar Song\u00fcl Dikmen ve Nihan Yeldan\u2019\u0131 <a href=\"http:\/\/www.fenerbahce.org\/detay.asp?ContentID=16007\" target=\"_blank\">transfer ederken<\/a> kadromuzda bulanan kaptan \u00c7i\u011fdem Rasna ve ikinci kaptan Seda Tokatl\u0131o\u011flu ile 2&#8217;\u015fer y\u0131ll\u0131k s\u00f6zle\u015fme imzaland\u0131.\u00a0 Transferde h\u0131z kesmeyen tak\u0131m\u0131m\u0131z 14.06.2009 tarihinde Bel\u00e7ikal\u0131 pas\u00f6r <a href=\"http:\/\/www.fenerbahce.org\/detay.asp?ContentID=16045\" target=\"_blank\">Frauke Dirickx<\/a>&#8216;le ve 18.06.2009 Hollandal\u0131 sma\u00e7\u00f6r <a href=\"http:\/\/www.fenerbahce.org\/detay.asp?ContentID=16077\" target=\"_blank\">Alice Blom<\/a> ile s\u00f6zle\u015fme imzalayarak transferi sonland\u0131rd\u0131. \u00a0T\u00fcrkiye&#8217;de ilk kez d\u00fczenlenen S\u00fcper Kupa finalinde 2008-2009 Bayanlar Birinci Ligi \u015eampiyonu Fenerbah\u00e7e Bayan Voleybol tak\u0131m\u0131m\u0131z, T\u00fcrkiye Kupas\u0131&#8217;n\u0131n sahibi Eczac\u0131ba\u015f\u0131 Zentiva&#8217;y\u0131 3-1 yenerek <a href=\"http:\/\/www.fenerbahce.org\/detay.asp?ContentID=17443\" target=\"_blank\">S\u00fcper Kupa<\/a>&#8216;n\u0131n sahibi oldu.<\/p>\n<p style=\"text-align: justify;\">\n03 \u2013 04 Nisan 2010\u2019da Fransa&#8217;n\u0131n Cannes \u015fehrinde d\u00fczenlenen \u015eampiyonlar Ligi D\u00f6rtl\u00fc Finaline Fransa\u2019n\u0131n Cannes ve \u0130talya\u2019n\u0131n Asystel Novara ile Volley Bergamo tak\u0131mlar\u0131yla katlmaya hak kazanan tak\u0131m\u0131m\u0131z yar\u0131 finalde \u00f6zellikle 5. Seti efsane olan ma\u00e7ta ev sahibi <a href=\"http:\/\/www.fenerbahce.org\/detay.asp?ContentID=19205\" target=\"_blank\">Cannes tak\u0131m\u0131n\u0131 3-2 yenerek<\/a> finale y\u00fckseldi. Finalde Volley Bergamo tak\u0131m\u0131 ile kar\u015f\u0131lan Sar\u0131 Meleklerimiz ma\u00e7ta 2-0 geriye d\u00fc\u015fmesine ra\u011fmen skoru 2-2 ye getirmi\u015f ancak ma\u00e7\u0131 3-2 kaybederek <a href=\"http:\/\/www.fenerbahce.org\/detay.asp?ContentID=19217\" target=\"_blank\">Avrupa 2.si olmu\u015ftur.<\/a> Ayr\u0131ca tak\u0131m\u0131m\u0131z \u015eampiyonlar Ligi kategorisinde final oynayan ilk &#8216;T\u00fcrk Kul\u00fcb\u00fc&#8217; olma unvan\u0131n\u0131 kazanm\u0131\u015ft\u0131r. Fenerbah\u00e7e 14.04.2010 tarihinde ise Vak\u0131fbank G\u00fcne\u015f Sigorta T\u00fcrk Telekom\u2019u yenerek <a href=\"http:\/\/www.fenerbahce.org\/detay.asp?ContentID=19326\" target=\"_blank\">T\u00fcrkiye Kupas\u0131 \u015eampiyonu<\/a> oldu.<\/p>\n<p style=\"text-align: justify;\">\n2009 \u2013 2010 sezonu Play-Off serisinde Vak\u0131fbank G\u00fcne\u015f Sigorta T\u00fcrk Telekom\u2019la kar\u015f\u0131la\u015fan tak\u0131m\u0131m\u0131z ilk ma\u00e7ta 2-0 geriye d\u00fc\u015fmesine ra\u011fmen ma\u00e7\u0131 <a href=\"http:\/\/www.fenerbahce.org\/detay.asp?ContentID=19546\" target=\"_blank\">3-2 kazanarak<\/a> seride 1-0 \u00f6ne ge\u00e7mi\u015ftir. \u0130kinci ma\u00e7\u0131 da <a href=\"http:\/\/www.fenerbahce.org\/detay.asp?ContentID=19588\" target=\"_blank\">3-2&#8217;lik galibiyetle<\/a> kapatan tak\u0131m\u0131m\u0131z son ma\u00e7\u0131 da <a href=\"http:\/\/www.fenerbahce.org\/detay.asp?ContentID=19607\" target=\"_blank\">3-0 kazarak<\/a> ligi nama\u011flup olarak \u015eampiyon tamamlam\u0131\u015ft\u0131r. Ekaterina Gamova En \u0130yi Sma\u00e7\u00f6r, En Skorer Oyuncu ve En De\u011ferli Oyuncu kategorilerindeki 3 \u00f6d\u00fcl\u00fc birden alm\u0131\u015ft\u0131r. Ayr\u0131ca kaptan\u0131m\u0131z \u00c7i\u011fdem Can Rasna En \u0130yi Blok\u00f6r, Nihan G\u00fcneyligil En \u0130yi Libero ve Naz Aydemir ise En \u0130yi Pas\u00f6r \u00f6d\u00fcllerini alm\u0131\u015flard\u0131r.<\/p>\n<p>&nbsp;<\/p>\n\n\t\t<style type=\"text\/css\">\n\t\t\t#gallery-1 {\n\t\t\t\tmargin: auto;\n\t\t\t}\n\t\t\t#gallery-1 .gallery-item {\n\t\t\t\tfloat: left;\n\t\t\t\tmargin-top: 10px;\n\t\t\t\ttext-align: center;\n\t\t\t\twidth: 20%;\n\t\t\t}\n\t\t\t#gallery-1 img {\n\t\t\t\tborder: 2px solid #cfcfcf;\n\t\t\t}\n\t\t\t#gallery-1 .gallery-caption {\n\t\t\t\tmargin-left: 0;\n\t\t\t}\n\t\t\t\/* see gallery_shortcode() in wp-includes\/media.php *\/\n\t\t<\/style>\n\t\t<div data-carousel-extra='{&quot;blog_id&quot;:1,&quot;permalink&quot;:&quot;https:\/\/sarimelekler.biz\/?page_id=8&quot;}' id='gallery-1' class='gallery galleryid-8 gallery-columns-5 gallery-size-thumbnail'><dl class='gallery-item'>\n\t\t\t<dt class='gallery-icon landscape'>\n\t\t\t\t<a href='https:\/\/sarimelekler.biz\/?attachment_id=2878'><img loading=\"lazy\" decoding=\"async\" width=\"150\" height=\"150\" src=\"https:\/\/sarimelekler.biz\/wp-content\/uploads\/2017\/02\/S\u00fcper-Kupa-2-2-150x150.jpg\" class=\"attachment-thumbnail size-thumbnail\" alt=\"\" aria-describedby=\"gallery-1-2878\" data-attachment-id=\"2878\" data-permalink=\"https:\/\/sarimelekler.biz\/?attachment_id=2878\" data-orig-file=\"https:\/\/sarimelekler.biz\/wp-content\/uploads\/2017\/02\/S\u00fcper-Kupa-2-2.jpg\" data-orig-size=\"800,531\" data-comments-opened=\"0\" data-image-meta=\"{&quot;aperture&quot;:&quot;3.3&quot;,&quot;credit&quot;:&quot;&quot;,&quot;camera&quot;:&quot;NIKON D300&quot;,&quot;caption&quot;:&quot;????????????????????????????????????&quot;,&quot;created_timestamp&quot;:&quot;1228739952&quot;,&quot;copyright&quot;:&quot;&quot;,&quot;focal_length&quot;:&quot;29&quot;,&quot;iso&quot;:&quot;2500&quot;,&quot;shutter_speed&quot;:&quot;0.004&quot;,&quot;title&quot;:&quot;&quot;,&quot;orientation&quot;:&quot;1&quot;}\" data-image-title=\"S\u00fcper Kupa \u015eampiyonlu\u011fu\" data-image-description=\"\" data-image-caption=\"&lt;p&gt;S\u00fcper Kupa&lt;\/p&gt;\n\" data-large-file=\"https:\/\/sarimelekler.biz\/wp-content\/uploads\/2017\/02\/S\u00fcper-Kupa-2-2.jpg\" \/><\/a>\n\t\t\t<\/dt>\n\t\t\t\t<dd class='wp-caption-text gallery-caption' id='gallery-1-2878'>\n\t\t\t\tS\u00fcper Kupa\n\t\t\t\t<\/dd><\/dl><dl class='gallery-item'>\n\t\t\t<dt class='gallery-icon portrait'>\n\t\t\t\t<a href='https:\/\/sarimelekler.biz\/?attachment_id=2879'><img loading=\"lazy\" decoding=\"async\" width=\"150\" height=\"150\" src=\"https:\/\/sarimelekler.biz\/wp-content\/uploads\/2017\/02\/\u015eampiyonlan-Ligi-2.-lik-Kupas\u0131-1-150x150.jpg\" class=\"attachment-thumbnail size-thumbnail\" alt=\"\" aria-describedby=\"gallery-1-2879\" data-attachment-id=\"2879\" data-permalink=\"https:\/\/sarimelekler.biz\/?attachment_id=2879\" data-orig-file=\"https:\/\/sarimelekler.biz\/wp-content\/uploads\/2017\/02\/\u015eampiyonlan-Ligi-2.-lik-Kupas\u0131-1.jpg\" data-orig-size=\"479,719\" data-comments-opened=\"0\" data-image-meta=\"{&quot;aperture&quot;:&quot;0&quot;,&quot;credit&quot;:&quot;&quot;,&quot;camera&quot;:&quot;&quot;,&quot;caption&quot;:&quot;&quot;,&quot;created_timestamp&quot;:&quot;0&quot;,&quot;copyright&quot;:&quot;&quot;,&quot;focal_length&quot;:&quot;0&quot;,&quot;iso&quot;:&quot;0&quot;,&quot;shutter_speed&quot;:&quot;0&quot;,&quot;title&quot;:&quot;&quot;,&quot;orientation&quot;:&quot;0&quot;}\" data-image-title=\"\u015eampiyonlan Ligi 2. lik Kupas\u0131\" data-image-description=\"\" data-image-caption=\"&lt;p&gt;\u015eampiyonlar Ligi 2. lik&lt;\/p&gt;\n\" data-large-file=\"https:\/\/sarimelekler.biz\/wp-content\/uploads\/2017\/02\/\u015eampiyonlan-Ligi-2.-lik-Kupas\u0131-1.jpg\" \/><\/a>\n\t\t\t<\/dt>\n\t\t\t\t<dd class='wp-caption-text gallery-caption' id='gallery-1-2879'>\n\t\t\t\t\u015eampiyonlar Ligi 2. lik\n\t\t\t\t<\/dd><\/dl><dl class='gallery-item'>\n\t\t\t<dt class='gallery-icon landscape'>\n\t\t\t\t<a href='https:\/\/sarimelekler.biz\/?attachment_id=2881'><img loading=\"lazy\" decoding=\"async\" width=\"150\" height=\"150\" src=\"https:\/\/sarimelekler.biz\/wp-content\/uploads\/2017\/02\/T\u00fcrkiye-Kupas\u0131-5-1-150x150.jpg\" class=\"attachment-thumbnail size-thumbnail\" alt=\"\" aria-describedby=\"gallery-1-2881\" data-attachment-id=\"2881\" data-permalink=\"https:\/\/sarimelekler.biz\/?attachment_id=2881\" data-orig-file=\"https:\/\/sarimelekler.biz\/wp-content\/uploads\/2017\/02\/T\u00fcrkiye-Kupas\u0131-5-1.jpg\" data-orig-size=\"720,540\" data-comments-opened=\"0\" data-image-meta=\"{&quot;aperture&quot;:&quot;0&quot;,&quot;credit&quot;:&quot;&quot;,&quot;camera&quot;:&quot;&quot;,&quot;caption&quot;:&quot;&quot;,&quot;created_timestamp&quot;:&quot;0&quot;,&quot;copyright&quot;:&quot;&quot;,&quot;focal_length&quot;:&quot;0&quot;,&quot;iso&quot;:&quot;0&quot;,&quot;shutter_speed&quot;:&quot;0&quot;,&quot;title&quot;:&quot;&quot;,&quot;orientation&quot;:&quot;0&quot;}\" data-image-title=\"T\u00fcrkiye Kupas\u0131 \u015eampiyonlu\u011fu\" data-image-description=\"\" data-image-caption=\"&lt;p&gt;T\u00fcrkiye Kupas\u0131 \u015eampiyonlu\u011fu&lt;\/p&gt;\n\" data-large-file=\"https:\/\/sarimelekler.biz\/wp-content\/uploads\/2017\/02\/T\u00fcrkiye-Kupas\u0131-5-1.jpg\" \/><\/a>\n\t\t\t<\/dt>\n\t\t\t\t<dd class='wp-caption-text gallery-caption' id='gallery-1-2881'>\n\t\t\t\tT\u00fcrkiye Kupas\u0131 \u015eampiyonlu\u011fu\n\t\t\t\t<\/dd><\/dl><dl class='gallery-item'>\n\t\t\t<dt class='gallery-icon landscape'>\n\t\t\t\t<a href='https:\/\/sarimelekler.biz\/?attachment_id=2882'><img loading=\"lazy\" decoding=\"async\" width=\"150\" height=\"150\" src=\"https:\/\/sarimelekler.biz\/wp-content\/uploads\/2017\/02\/T\u00fcrkiye-Ligi-\u015eampiyonlu\u011fu-2-3-150x150.jpg\" class=\"attachment-thumbnail size-thumbnail\" alt=\"\" aria-describedby=\"gallery-1-2882\" data-attachment-id=\"2882\" data-permalink=\"https:\/\/sarimelekler.biz\/?attachment_id=2882\" data-orig-file=\"https:\/\/sarimelekler.biz\/wp-content\/uploads\/2017\/02\/T\u00fcrkiye-Ligi-\u015eampiyonlu\u011fu-2-3.jpg\" data-orig-size=\"800,531\" data-comments-opened=\"0\" data-image-meta=\"{&quot;aperture&quot;:&quot;2.8&quot;,&quot;credit&quot;:&quot;&quot;,&quot;camera&quot;:&quot;NIKON D300&quot;,&quot;caption&quot;:&quot;????????????????????????????????????&quot;,&quot;created_timestamp&quot;:&quot;1245151859&quot;,&quot;copyright&quot;:&quot;&quot;,&quot;focal_length&quot;:&quot;17&quot;,&quot;iso&quot;:&quot;1600&quot;,&quot;shutter_speed&quot;:&quot;0.005&quot;,&quot;title&quot;:&quot;&quot;,&quot;orientation&quot;:&quot;1&quot;}\" data-image-title=\"T\u00fcrkiye Ligi \u015eampiyonlu\u011fu\" data-image-description=\"\" data-image-caption=\"&lt;p&gt;T\u00fcrkiye Ligi \u015eampiyonlu\u011fu&lt;\/p&gt;\n\" data-large-file=\"https:\/\/sarimelekler.biz\/wp-content\/uploads\/2017\/02\/T\u00fcrkiye-Ligi-\u015eampiyonlu\u011fu-2-3.jpg\" \/><\/a>\n\t\t\t<\/dt>\n\t\t\t\t<dd class='wp-caption-text gallery-caption' id='gallery-1-2882'>\n\t\t\t\tT\u00fcrkiye Ligi \u015eampiyonlu\u011fu\n\t\t\t\t<\/dd><\/dl><dl class='gallery-item'>\n\t\t\t<dt class='gallery-icon landscape'>\n\t\t\t\t<a href='https:\/\/sarimelekler.biz\/?attachment_id=2880'><img loading=\"lazy\" decoding=\"async\" width=\"150\" height=\"150\" src=\"https:\/\/sarimelekler.biz\/wp-content\/uploads\/2017\/02\/T\u00fcm-Kupalar-2-1-150x150.jpg\" class=\"attachment-thumbnail size-thumbnail\" alt=\"\" aria-describedby=\"gallery-1-2880\" data-attachment-id=\"2880\" data-permalink=\"https:\/\/sarimelekler.biz\/?attachment_id=2880\" data-orig-file=\"https:\/\/sarimelekler.biz\/wp-content\/uploads\/2017\/02\/T\u00fcm-Kupalar-2-1.jpg\" data-orig-size=\"446,309\" data-comments-opened=\"0\" data-image-meta=\"{&quot;aperture&quot;:&quot;0&quot;,&quot;credit&quot;:&quot;&quot;,&quot;camera&quot;:&quot;&quot;,&quot;caption&quot;:&quot;&quot;,&quot;created_timestamp&quot;:&quot;0&quot;,&quot;copyright&quot;:&quot;&quot;,&quot;focal_length&quot;:&quot;0&quot;,&quot;iso&quot;:&quot;0&quot;,&quot;shutter_speed&quot;:&quot;0&quot;,&quot;title&quot;:&quot;&quot;,&quot;orientation&quot;:&quot;0&quot;}\" data-image-title=\"T\u00fcm Kupalar\" data-image-description=\"\" data-image-caption=\"&lt;p&gt;T\u00fcm Kupalar&lt;\/p&gt;\n\" data-large-file=\"https:\/\/sarimelekler.biz\/wp-content\/uploads\/2017\/02\/T\u00fcm-Kupalar-2-1.jpg\" \/><\/a>\n\t\t\t<\/dt>\n\t\t\t\t<dd class='wp-caption-text gallery-caption' id='gallery-1-2880'>\n\t\t\t\tT\u00fcm Kupalar\n\t\t\t\t<\/dd><\/dl><br style=\"clear: both\" \/>\n\t\t<\/div>\n\n<p>&nbsp;<\/p>\n<p><strong>Sezon i\u00e7erisinden ilginizi \u00e7ekebilecek haberler:<\/strong><br \/>\n<a href=\"http:\/\/www.fenerbahce.org\/detay.asp?ContentID=16025\" target=\"_blank\">Osmokrovic sa\u011fl\u0131k kontrol\u00fcnden ge\u00e7ti<\/a><br \/>\n<a href=\"http:\/\/www.fenerbahce.org\/detay.asp?ContentID=17449\" target=\"_blank\">S\u00fcper Kupan\u0131n Hikayesi\u00a0<\/a><br \/>\n<a href=\"http:\/\/www.fenerbahce.org\/detay.asp?ContentID=17652\" target=\"_blank\">Gamova R\u00f6portaj\u0131<\/a><br \/>\n<a href=\"http:\/\/www.fenerbahce.org\/detay.asp?ContentID=18076\" target=\"_blank\">Gamova&#8217;n\u0131n Roberto Carlos R\u00f6portaj\u0131<\/a>\u00a0(Video <a href=\"https:\/\/www.youtube.com\/watch?v=foxDFZeH84A\" target=\"_blank\">1<\/a> &#8211; <a href=\"https:\/\/www.youtube.com\/watch?v=c8zO_LbZk3c\" target=\"_blank\">2<\/a>)<br \/>\n<a href=\"http:\/\/www.fenerbahce.org\/detay.asp?ContentID=18222\" target=\"_blank\">Eda Erdem R\u00f6portaj\u0131<\/a><br \/>\n<a href=\"http:\/\/www.fenerbahce.org\/detay.asp?ContentID=18715\" target=\"_blank\">Fuar Gezintisi<\/a><br \/>\n<a href=\"http:\/\/www.fenerbahce.org\/detay.asp?ContentID=19168\" target=\"_blank\">Final Four Bas\u0131n Toplant\u0131s\u0131<\/a><br \/>\n<a href=\"http:\/\/www.fenerbahce.org\/detay.asp?ContentID=19229\" target=\"_blank\">Sar\u0131 Melekler D\u0131\u015f Hatlar Kar\u015f\u0131lama<\/a><br \/>\n<a href=\"http:\/\/www.fenerbahce.org\/detay.asp?ContentID=19617\" target=\"_blank\">\u015eampiyonlu\u011fun Hikayesi<\/a><br \/>\n<a href=\"http:\/\/www.fenerbahce.org\/detay.asp?ContentID=19663\" target=\"_blank\">TSYD \u00d6d\u00fcl T\u00f6reni<\/a><br \/>\n<a href=\"http:\/\/www.fenerbahce.org\/detay.asp?ContentID=19664\" target=\"_blank\">\u015eampiyonluk Yeme\u011fi<\/a><\/p>\n<p><strong>Kaynak:<\/strong><br \/>\n<a href=\"http:\/\/www.fenerbahce.org\/\" target=\"_blank\">Fenerbah\u00e7e Spor Kul\u00fcb\u00fc \u0130nternet Sitesi<\/a><\/p>\n<p><strong>Bu sezon ile ilgili sitemizde bulabilece\u011finiz linkler:<\/strong><br \/>\n<a href=\"https:\/\/sarimelekler.biz\/?page_id=10\" target=\"_blank\">Kadro<\/a><br \/>\n<a href=\"https:\/\/sarimelekler.biz\/?page_id=12\" target=\"_blank\">Kupa Foto\u011fraflar\u0131<\/a><br \/>\n<a href=\"https:\/\/sarimelekler.biz\/?page_id=14\" target=\"_blank\">Se\u00e7me Foto\u011fraflar<\/a><\/p>\n","protected":false},"excerpt":{"rendered":"<p>Fenerbah\u00e7e Bayan Voleybol tak\u0131m\u0131m\u0131z 2008 \u2013 2009 sezonunu T\u00fcrkiye liginde \u2026 <a class=\"continue-reading-link\" href=\"https:\/\/sarimelekler.biz\/?page_id=8\">Okumaya Devam Et.. <span class=\"meta-nav\">&rarr; <\/span><\/a><\/p>\n","protected":false},"author":1,"featured_media":0,"parent":6,"menu_order":0,"comment_status":"closed","ping_status":"closed","template":"","meta":{"_mc_calendar":[],"footnotes":""},"class_list":["post-8","page","type-page","status-publish","hentry"],"jetpack_sharing_enabled":true,"jetpack_shortlink":"https:\/\/wp.me\/P8npUZ-8","jetpack-related-posts":[{"id":16,"url":"https:\/\/sarimelekler.biz\/?page_id=16","url_meta":{"origin":8,"position":0},"title":"2010-2011","author":"Edit\u00f6r","date":"4 \u015eubat 2017","format":false,"excerpt":"Fenerbah\u00e7e Bayan Voleybol tak\u0131m\u0131m\u0131z bir \u00f6nceki sezon ba\u015far\u0131lar\u0131 tekrarlamak ve Avrupa \u015eampiyonlu\u011funu kazanabilmek amac\u0131yla 2010 \u2013 2011 sezonuna ba\u015flayan tak\u0131m\u0131m\u0131z \u00f6nceki sezondan kadrosunda bulunan Frauke Dirickx, Alice Blom, Cemre Erol, Merve Tan\u0131l ve antren\u00f6r\u00fcm\u00fcz Jan De Brandt ile yollar ayr\u0131ld\u0131. Bir voleybol efsanesi olan ve \u00fclkesi d\u0131\u015f\u0131nda sadece Fenerbah\u00e7e\u2019de forma\u2026","rel":"","context":"Benzer yaz\u0131","block_context":{"text":"Benzer yaz\u0131","link":""},"img":{"alt_text":"","src":"","width":0,"height":0},"classes":[]},{"id":48,"url":"https:\/\/sarimelekler.biz\/?page_id=48","url_meta":{"origin":8,"position":1},"title":"2014-2015","author":"Edit\u00f6r","date":"4 \u015eubat 2017","format":false,"excerpt":"2014 \u2013 2015 sezonunda antren\u00f6r de\u011fi\u015fikli\u011fine gitmeyen tak\u0131m\u0131m\u0131z antren\u00f6r\u00fcm\u00fcz\u00fcn y\u00f6netimi sundu\u011fu rapor do\u011frultusunda Kim Yeon Koung\u2019la 2 y\u0131l, Eda Erdem D\u00fcndar\u2019la 3 y\u0131l, Christina Bauer\u2019le 1 y\u0131l ve Elif \u00d6ner\u2019le 1 y\u0131l s\u00f6zle\u015fme uzat\u0131rken, Seda Tokatl\u0131o\u011flu, \u0130pek Soro\u011flu, Derya \u00c7ay\u0131rgan, Nilay \u00d6zdemir, Elif Onur Ba\u015faran,\u00a0Fernanda Garay, Alisha Glass ve Aneta\u2026","rel":"","context":"Benzer yaz\u0131","block_context":{"text":"Benzer yaz\u0131","link":""},"img":{"alt_text":"","src":"https:\/\/i0.wp.com\/sarimelekler.biz\/wp-content\/uploads\/2017\/02\/Kupalar-14-1-150x150.jpg?resize=350%2C200&ssl=1","width":350,"height":200,"srcset":"https:\/\/i0.wp.com\/sarimelekler.biz\/wp-content\/uploads\/2017\/02\/Kupalar-14-1-150x150.jpg?resize=350%2C200&ssl=1 1x, https:\/\/i0.wp.com\/sarimelekler.biz\/wp-content\/uploads\/2017\/02\/Kupalar-14-1-150x150.jpg?resize=525%2C300&ssl=1 1.5x, https:\/\/i0.wp.com\/sarimelekler.biz\/wp-content\/uploads\/2017\/02\/Kupalar-14-1-150x150.jpg?resize=700%2C400&ssl=1 2x, https:\/\/i0.wp.com\/sarimelekler.biz\/wp-content\/uploads\/2017\/02\/Kupalar-14-1-150x150.jpg?resize=1050%2C600&ssl=1 3x, https:\/\/i0.wp.com\/sarimelekler.biz\/wp-content\/uploads\/2017\/02\/Kupalar-14-1-150x150.jpg?resize=1400%2C800&ssl=1 4x"},"classes":[]},{"id":2238,"url":"https:\/\/sarimelekler.biz\/?page_id=2238","url_meta":{"origin":8,"position":2},"title":"2016-2017","author":"Edit\u00f6r","date":"9 \u015eubat 2017","format":false,"excerpt":"Fenerbah\u00e7e Bayan Voleybol tak\u0131m\u0131m\u0131z 2015- 2016 sezonunu 2. S\u0131rada tamamlad\u0131ktan sonra kadrosunda bulunan Gizem Karaday\u0131, Brankica Mihajlovi\u0107, Christa Harmotto Dietzen, Lucia Bosetti ve Katarzyna Skorupa ile yollar\u0131n\u0131 ay\u0131rd\u0131. S\u00f6zle\u015fmeleri sona eren Kim Yeon Koung ve Polen Uslupehlivan ile s\u00f6zle\u015fme yenilerek transfer sezonuna ba\u015flayan tak\u0131m\u0131m\u0131z ilk olarak Brezilya Milli Tak\u0131m\u0131\u2019n\u0131n sma\u00e7\u00f6r\u00fc\u2026","rel":"","context":"Benzer yaz\u0131","block_context":{"text":"Benzer yaz\u0131","link":""},"img":{"alt_text":"","src":"","width":0,"height":0},"classes":[]},{"id":40,"url":"https:\/\/sarimelekler.biz\/?page_id=40","url_meta":{"origin":8,"position":3},"title":"2013-2014","author":"Edit\u00f6r","date":"4 \u015eubat 2017","format":false,"excerpt":"Sorunlu ve y\u0131pranm\u0131\u015f bir sezon ge\u00e7iren Fenerbah\u00e7e Bayan Voleybol tak\u0131m\u0131m\u0131z 2013 \u2013 2014 sezonu transferlerine Paula Pequeno, Marianne Steinbrecher, Lindsey Berg, Berenika Okuniewska, Meryem Boz, Nihan G\u00fcneyligil ve Duygu Bal ile yollar\u0131n\u0131 ay\u0131rarak ba\u015flad\u0131. \u00d6nce Brezilyal\u0131 sma\u00e7\u00f6r Fernanda Garay Rodrigues sonra ise Amerikal\u0131 pas\u00f6r Alisha Glass ve \u00c7ek pas\u00f6r \u00e7apraz\u0131\u2026","rel":"","context":"Benzer yaz\u0131","block_context":{"text":"Benzer yaz\u0131","link":""},"img":{"alt_text":"","src":"","width":0,"height":0},"classes":[]},{"id":32,"url":"https:\/\/sarimelekler.biz\/?page_id=32","url_meta":{"origin":8,"position":4},"title":"2012-2013","author":"Edit\u00f6r","date":"4 \u015eubat 2017","format":false,"excerpt":"Fenerbah\u00e7e Bayan Voleybol tak\u0131m\u0131m\u0131z 2011 \u2013 2012 sezonunda \u015eampiyonlar Ligi \u015eampiyonlu\u011fu kazanm\u0131\u015f olmas\u0131na ra\u011fmen T\u00fcrkiye Ligi Finalleri ve T\u00fcrkiye Kupas\u0131 Finallerinde T\u00fcrkiye Voleybol Federasyonun sa\u00e7ma uygulamalar\u0131 nedeniyle sezonu s\u0131k\u0131nt\u0131l\u0131 bir \u015fekilde kapatm\u0131\u015ft\u0131. Sezon sonu ise Kul\u00fcp olarak zaten s\u0131k\u0131nt\u0131l\u0131 bir s\u00fcre\u00e7te oldu\u011fumuz anda birde 2012 \u2013 2013 sezonunda \u015eampiyonlar Ligine\u2026","rel":"","context":"Benzer yaz\u0131","block_context":{"text":"Benzer yaz\u0131","link":""},"img":{"alt_text":"","src":"https:\/\/i0.wp.com\/sarimelekler.biz\/wp-content\/uploads\/2017\/02\/2012-10-19_katarbasin1-150x150.jpg?resize=350%2C200&ssl=1","width":350,"height":200,"srcset":"https:\/\/i0.wp.com\/sarimelekler.biz\/wp-content\/uploads\/2017\/02\/2012-10-19_katarbasin1-150x150.jpg?resize=350%2C200&ssl=1 1x, https:\/\/i0.wp.com\/sarimelekler.biz\/wp-content\/uploads\/2017\/02\/2012-10-19_katarbasin1-150x150.jpg?resize=525%2C300&ssl=1 1.5x, https:\/\/i0.wp.com\/sarimelekler.biz\/wp-content\/uploads\/2017\/02\/2012-10-19_katarbasin1-150x150.jpg?resize=700%2C400&ssl=1 2x, https:\/\/i0.wp.com\/sarimelekler.biz\/wp-content\/uploads\/2017\/02\/2012-10-19_katarbasin1-150x150.jpg?resize=1050%2C600&ssl=1 3x, https:\/\/i0.wp.com\/sarimelekler.biz\/wp-content\/uploads\/2017\/02\/2012-10-19_katarbasin1-150x150.jpg?resize=1400%2C800&ssl=1 4x"},"classes":[]},{"id":24,"url":"https:\/\/sarimelekler.biz\/?page_id=24","url_meta":{"origin":8,"position":5},"title":"2011-2012","author":"Edit\u00f6r","date":"4 \u015eubat 2017","format":false,"excerpt":"Fenerbah\u00e7e Bayan Voleybol tak\u0131m\u0131m\u0131z \u00f6nceki sezondan kadrosunda bulunan Kasia Skowronska, Song\u00fcl Dikmen, Erg\u00fcl Avc\u0131, Fafao, Christiane F\u00fcrst, Natasa Osmokrovic, Z\u00fclfiye G\u00fcndo\u011fdu yollar\u0131n\u0131 ay\u0131rd\u0131. Ayr\u0131ca Kaptan\u0131m\u0131z \u00c7i\u011fdem Can Rasna ise voleybol kariyerini sonland\u0131rd\u0131. Transfer sezonuna pozisyonunda bir \u00e7ok ki\u015fi taraf\u0131ndan d\u00fcnyan\u0131n en iyisi olarak kabul edilen G\u00fcney Koreli sma\u00e7\u00f6r Kim Yeon\u2026","rel":"","context":"Benzer yaz\u0131","block_context":{"text":"Benzer yaz\u0131","link":""},"img":{"alt_text":"","src":"https:\/\/i0.wp.com\/sarimelekler.biz\/wp-content\/uploads\/2017\/02\/62625F61665F636162635163626B63666B636272A2799D85-150x150.jpg?resize=350%2C200&ssl=1","width":350,"height":200,"srcset":"https:\/\/i0.wp.com\/sarimelekler.biz\/wp-content\/uploads\/2017\/02\/62625F61665F636162635163626B63666B636272A2799D85-150x150.jpg?resize=350%2C200&ssl=1 1x, https:\/\/i0.wp.com\/sarimelekler.biz\/wp-content\/uploads\/2017\/02\/62625F61665F636162635163626B63666B636272A2799D85-150x150.jpg?resize=525%2C300&ssl=1 1.5x"},"classes":[]}],"_links":{"self":[{"href":"https:\/\/sarimelekler.biz\/index.php?rest_route=\/wp\/v2\/pages\/8","targetHints":{"allow":["GET"]}}],"collection":[{"href":"https:\/\/sarimelekler.biz\/index.php?rest_route=\/wp\/v2\/pages"}],"about":[{"href":"https:\/\/sarimelekler.biz\/index.php?rest_route=\/wp\/v2\/types\/page"}],"author":[{"embeddable":true,"href":"https:\/\/sarimelekler.biz\/index.php?rest_route=\/wp\/v2\/users\/1"}],"replies":[{"embeddable":true,"href":"https:\/\/sarimelekler.biz\/index.php?rest_route=%2Fwp%2Fv2%2Fcomments&post=8"}],"version-history":[{"count":19,"href":"https:\/\/sarimelekler.biz\/index.php?rest_route=\/wp\/v2\/pages\/8\/revisions"}],"predecessor-version":[{"id":3022,"href":"https:\/\/sarimelekler.biz\/index.php?rest_route=\/wp\/v2\/pages\/8\/revisions\/3022"}],"up":[{"embeddable":true,"href":"https:\/\/sarimelekler.biz\/index.php?rest_route=\/wp\/v2\/pages\/6"}],"wp:attachment":[{"href":"https:\/\/sarimelekler.biz\/index.php?rest_route=%2Fwp%2Fv2%2Fmedia&parent=8"}],"curies":[{"name":"wp","href":"https:\/\/api.w.org\/{rel}","templated":true}]}}